{"id":4526,"date":"2020-11-10T10:14:31","date_gmt":"2020-11-10T10:14:31","guid":{"rendered":"https:\/\/tienda.hgabodegas.com\/politica-de-privacidad\/"},"modified":"2021-09-14T07:16:00","modified_gmt":"2021-09-14T07:16:00","slug":"politica-de-privacidad","status":"publish","type":"page","link":"https:\/\/hgabodegas.com\/en\/politica-de-privacidad\/","title":{"rendered":"Policy privacy"},"content":{"rendered":"<div class=\"wpb-content-wrapper\"><p>[vc_row wrap_container=&#8221;yes&#8221; is_sticky=&#8221;yes&#8221; sticky_min_width=&#8221;767&#8243; sticky_top=&#8221;110&#8243; sticky_bottom=&#8221;0&#8243; css=&#8221;.vc_custom_1605615468035{background-color: #ffffff !important;}&#8221;][vc_column css=&#8221;.vc_custom_1612175187052{padding: 81px !important;}&#8221;][vc_column_text]<strong>HGA BODEGAS Y VI\u00d1EDOS DE ALTURA, S.L.<\/strong>, recopila, trata y almacena informaci\u00f3n personal a trav\u00e9s de la web de su propiedad www.hgabodegas.com<br \/>\nEsta informaci\u00f3n ser\u00e1 relativa a los usuarios de la web. La informaci\u00f3n se recopilar\u00e1, tratar\u00e1 y almacenar\u00e1 conforme a la presente Pol\u00edtica de Privacidad, actualizada en febrero de 2019.<\/p>\n<p><strong>Responsable legal<\/strong><br \/>\nDenominaci\u00f3n comercial:\u00a0HGA BODEGAS Y VI\u00d1EDOS DE ALTURA<br \/>\nDenominaci\u00f3n social:\u00a0HGA BODEGAS Y VI\u00d1EDOS DE ALTURA, S.L..<br \/>\nIdentificador fiscal:\u00a0 B32131047<br \/>\nDomicilio:\u00a0Carretera Avda. De Peinador, 51 Tameiga \u2013 Mos 36416 Pontevedra<br \/>\nE-mail de contacto:\u00a0<a href=\"mailto:info@hgabodegas.com\" target=\"_blank\" rel=\"noopener noreferrer\">info@hgabodegas.com<\/a><\/p>\n<p><strong>Legislaci\u00f3n aplicable<\/strong><br \/>\nRGPD (Reglamento (UE) 2016\/679 del Parlamento Europeo y del Consejo de 27 de abril de 2016 relativo a la protecci\u00f3n de las personas f\u00edsicas)<br \/>\nLey Org\u00e1nica 3\/2018, de 5 de diciembre, de Protecci\u00f3n de Datos Personales y garant\u00eda de los derechos digitales.<br \/>\nLSSI (Ley 34\/2002, de 11 de julio, de Servicios de la Sociedad de la Informaci\u00f3n y Comercio Electr\u00f3nico)<\/p>\n<p><strong>Datos tratados, finalidades y plazo de conservaci\u00f3n.<\/strong><\/p>\n<p><em><strong>Datos tratados<\/strong><\/em><br \/>\nA los efectos de la solicitud de informaci\u00f3n, de contacto con el Titular, la suscripci\u00f3n a nuestros boletines o la compra de productos en nuestra tienda online, el usuario deber\u00e1 facilitar unos datos a trav\u00e9s de la cumplimentaci\u00f3n de los formularios dispuestos, en los que se indicar\u00e1n cu\u00e1les de ellos son de car\u00e1cter obligatorio.<br \/>\nDurante la navegaci\u00f3n, podr\u00e1n facilitarse datos como la direcci\u00f3n IP asignada por su proveedor u otra informaci\u00f3n recopilada por las cookies, podr\u00e1 obtener m\u00e1s informaci\u00f3n en la Pol\u00edtica de Cookies.<\/p>\n<p><em><strong>Finalidades<\/strong><\/em><br \/>\nContacto: efectiva contestaci\u00f3n a las cuestiones planteadas por el usuario a trav\u00e9s del tel\u00e9fono o correo electr\u00f3nico.<br \/>\nTienda Online <strong>HGA Bodegas y Vi\u00f1edos de Altura<\/strong>: Gesti\u00f3n y tramitaci\u00f3n de la compra de productos. La confirmaci\u00f3n e informaci\u00f3n de seguimiento del pedido ser\u00e1n enviados al email introducido por el usuario. En caso de que el usuario solicite recibir un servicio de asesoramiento telef\u00f3nico para efectuar un pedido, <strong>HGA Bodegas y Vi\u00f1edos de Altura, S.L.<\/strong> se pondr\u00e1 en contacto por esta v\u00eda para su gesti\u00f3n y asesoramiento. Los datos de pago son gestionados por el tercero encargado por la pasarela de pago, por lo que <strong>HGA Bodegas y Vi\u00f1edos de Altura, S.L.<\/strong> No tiene, en ning\u00fan momento, acceso a los mismos.<br \/>\nAcciones promocionales y de comunicaci\u00f3n: remisi\u00f3n a trav\u00e9s del correo electr\u00f3nico para la comunicaci\u00f3n de ofertas, promociones, novedades o eventos comunicados desde HGA Bodegas y Vi\u00f1edos de Altura, S.L. En caso de que el cliente lo solicite en el momento de la compra, <strong>HGA Bodegas y Vi\u00f1edos de Altura, S.L.<\/strong> Podr\u00e1 realizar esta comunicaci\u00f3n v\u00eda telef\u00f3nica.<\/p>\n<p><em><strong>Conservaci\u00f3n<\/strong><\/em><br \/>\nLos datos se conservar\u00e1n hasta que se cumpla el objetivo por el cual se recopilaron estos datos, como m\u00e1ximo durante 10 a\u00f1os o hasta que se ejerza el derecho a la supresi\u00f3n o modificaci\u00f3n de los mismos. Siempre y cuando esto no entre en conflicto con la necesidad por motivos legales o fiscales de almacenar los mismos.<\/p>\n<p><strong>\u00bfC\u00f3mo protegemos sus datos?<\/strong><br \/>\nSus datos se transfieren y almacenan de forma segura ya que disponemos de:<br \/>\nCifrado con protocolo SSL.<br \/>\nFirewall a nivel de servidor.<br \/>\nProtocolos de seguridad para prevenir accesos no autorizados.<br \/>\nControl de accesos.<br \/>\nAlmacenamiento encriptado.<br \/>\nAdem\u00e1s, <strong>HGA BODEGAS Y VI\u00d1EDOS DE ALTURA, S.L.<\/strong> se compromete a mantener la confidencialidad de los datos y no comunicar\u00e1 ni permitir\u00e1 el acceso a terceros no autorizados.<\/p>\n<p><strong>Tus derechos en cuanto a protecci\u00f3n de datos<\/strong><br \/>\nLa legislaci\u00f3n reconoce, como usuario que ha cedido sus datos personales, el derecho al acceso a los datos personales, a la rectificaci\u00f3n o supresi\u00f3n, a oponerse al tratamiento a la portabilidad de los datos y a la limitaci\u00f3n de su tratamiento.<br \/>\nEn el caso de que quieras ejercer alguno de estos derechos puedes hacerlo mediante un correo electr\u00f3nico dirigido a\u00a0<a href=\"mailto:info@hgabodegas.com\" target=\"_blank\" rel=\"noopener noreferrer\">info@hgabodegas.com\u00a0<\/a>o mediante carta dirigida a\u00a0 <strong>HGA BODEGAS Y VI\u00d1EDOS DE ALTURA, S.L.<\/strong> Avda. De Peinador 51 Tameiga \u2013 Mos\u00a0 36416\u00a0 (Pontevedra, Espa\u00f1a) indicando los derechos que quieres ejercer y una copia de tu documento de identidad.<br \/>\nNos comprometemos a responder a tu solicitud en un plazo m\u00e1ximo de 30 d\u00edas h\u00e1biles.<\/p>\n<p><strong>Legitimaci\u00f3n para el tratamiento de datos<\/strong><br \/>\nLa base legal para el tratamiento de los datos facilitados es el consentimiento otorgado por el usuario para el tratamiento de sus datos personales para uno o varios fines espec\u00edficos, es decir, cada fin descrito en la presente Pol\u00edtica de Privacidad ser\u00e1 aceptado expresamente por el Usuario, as\u00ed como para la ejecuci\u00f3n de un contrato de compra venta de productos en el cual el usuario es parte, o para la aplicaci\u00f3n de medidas precontractuales. El consentimiento ser\u00e1 siempre revocable y podr\u00e1 ejercerse en cualquier momento.<\/p>\n<p><strong>Consecuencias de no aceptar la pol\u00edtica de privacidad<\/strong><br \/>\nEn el caso de que no aceptes la gesti\u00f3n de tus datos seg\u00fan la presente pol\u00edtica de privacidad, no se proceder\u00e1 a la recopilaci\u00f3n de los mismos, lo que puede suponer que no se pueda llevar a cabo el servicio prestado por<strong>\u00a0HGA BODEGAS Y VI\u00d1EDOS DE ALTURA, S.L.<\/strong><br \/>\nAutoridad de protecci\u00f3n de datos en Espa\u00f1a<br \/>\nEn el caso de que quieras hacer valer tus derechos en cuanto a protecci\u00f3n de datos y consideras que no los estamos respetando puedes dirigirte a la Autoridad de control en materia de protecci\u00f3n de datos.<\/p>\n<p><strong>Cambios en la Pol\u00edtica de Privacidad<\/strong><br \/>\n<strong>HGA BODEGAS Y VI\u00d1EDOS DE ALTURA, S.L<\/strong>. \u00a0se reserva el derecho a modificar la presente Pol\u00edtica de Privacidad, estas modificaciones se har\u00e1n conforme a la legislaci\u00f3n y la jurisprudencia y quedar\u00e1n reflejadas en la presente Pol\u00edtica de Privacidad.[\/vc_column_text][\/vc_column][\/vc_row]<\/p>\n<\/div>","protected":false},"excerpt":{"rendered":"<p>[vc_row wrap_container=&#8221;yes&#8221; is_sticky=&#8221;yes&#8221; sticky_min_width=&#8221;767&#8243; sticky_top=&#8221;110&#8243; sticky_bottom=&#8221;0&#8243; css=&#8221;.vc_custom_1605615468035{background-color: #ffffff !important;}&#8221;][vc_column css=&#8221;.vc_custom_1612175187052{padding: 81px !important;}&#8221;][vc_column_text]HGA BODEGAS Y VI\u00d1EDOS DE ALTURA, S.L., recopila, trata y almacena informaci\u00f3n personal a trav\u00e9s de la web de su propiedad www.hgabodegas.com Esta informaci\u00f3n ser\u00e1 relativa a los usuarios de la web. La informaci\u00f3n se recopilar\u00e1, tratar\u00e1 y almacenar\u00e1 conforme a la presente Pol\u00edtica [&hellip;]<\/p>\n","protected":false},"author":485,"featured_media":0,"parent":0,"menu_order":0,"comment_status":"closed","ping_status":"closed","template":"","meta":{"footnotes":""},"yoast_head":"<!-- This site is optimized with the Yoast SEO plugin v23.4 - https:\/\/yoast.com\/wordpress\/plugins\/seo\/ -->\n<title>Policy privacy - Tienda de vinos HGA Bodegas<\/title>\n<meta name=\"robots\" content=\"index, follow, max-snippet:-1, max-image-preview:large, max-video-preview:-1\" \/>\n<link rel=\"canonical\" href=\"https:\/\/hgabodegas.com\/en\/politica-de-privacidad\/\" \/>\n<meta property=\"og:locale\" content=\"en_US\" \/>\n<meta property=\"og:type\" content=\"article\" \/>\n<meta property=\"og:title\" content=\"Policy privacy - Tienda de vinos HGA Bodegas\" \/>\n<meta property=\"og:description\" content=\"[vc_row wrap_container=&#8221;yes&#8221; is_sticky=&#8221;yes&#8221; sticky_min_width=&#8221;767&#8243; sticky_top=&#8221;110&#8243; sticky_bottom=&#8221;0&#8243; css=&#8221;.vc_custom_1605615468035{background-color: #ffffff !important;}&#8221;][vc_column css=&#8221;.vc_custom_1612175187052{padding: 81px !important;}&#8221;][vc_column_text]HGA BODEGAS Y VI\u00d1EDOS DE ALTURA, S.L., recopila, trata y almacena informaci\u00f3n personal a trav\u00e9s de la web de su propiedad www.hgabodegas.com Esta informaci\u00f3n ser\u00e1 relativa a los usuarios de la web. La informaci\u00f3n se recopilar\u00e1, tratar\u00e1 y almacenar\u00e1 conforme a la presente Pol\u00edtica [&hellip;]\" \/>\n<meta property=\"og:url\" content=\"https:\/\/hgabodegas.com\/en\/politica-de-privacidad\/\" \/>\n<meta property=\"og:site_name\" content=\"Tienda de vinos HGA Bodegas\" \/>\n<meta property=\"article:modified_time\" content=\"2021-09-14T07:16:00+00:00\" \/>\n<meta name=\"twitter:card\" content=\"summary_large_image\" \/>\n<meta name=\"twitter:label1\" content=\"Est. reading time\" \/>\n\t<meta name=\"twitter:data1\" content=\"4 minutes\" \/>\n<script type=\"application\/ld+json\" class=\"yoast-schema-graph\">{\"@context\":\"https:\/\/schema.org\",\"@graph\":[{\"@type\":\"WebPage\",\"@id\":\"https:\/\/hgabodegas.com\/en\/politica-de-privacidad\/\",\"url\":\"https:\/\/hgabodegas.com\/en\/politica-de-privacidad\/\",\"name\":\"Policy privacy - Tienda de vinos HGA Bodegas\",\"isPartOf\":{\"@id\":\"https:\/\/hgabodegas.com\/#website\"},\"datePublished\":\"2020-11-10T10:14:31+00:00\",\"dateModified\":\"2021-09-14T07:16:00+00:00\",\"breadcrumb\":{\"@id\":\"https:\/\/hgabodegas.com\/en\/politica-de-privacidad\/#breadcrumb\"},\"inLanguage\":\"en-US\",\"potentialAction\":[{\"@type\":\"ReadAction\",\"target\":[\"https:\/\/hgabodegas.com\/en\/politica-de-privacidad\/\"]}]},{\"@type\":\"BreadcrumbList\",\"@id\":\"https:\/\/hgabodegas.com\/en\/politica-de-privacidad\/#breadcrumb\",\"itemListElement\":[{\"@type\":\"ListItem\",\"position\":1,\"name\":\"Portada\",\"item\":\"https:\/\/hgabodegas.com\/en\/inicio\/\"},{\"@type\":\"ListItem\",\"position\":2,\"name\":\"Policy privacy\"}]},{\"@type\":\"WebSite\",\"@id\":\"https:\/\/hgabodegas.com\/#website\",\"url\":\"https:\/\/hgabodegas.com\/\",\"name\":\"Tienda de vinos HGA Bodegas\",\"description\":\"Descubre la gran variedad de vinos de nuestras bodegas\",\"potentialAction\":[{\"@type\":\"SearchAction\",\"target\":{\"@type\":\"EntryPoint\",\"urlTemplate\":\"https:\/\/hgabodegas.com\/?s={search_term_string}\"},\"query-input\":{\"@type\":\"PropertyValueSpecification\",\"valueRequired\":true,\"valueName\":\"search_term_string\"}}],\"inLanguage\":\"en-US\"}]}<\/script>\n<!-- \/ Yoast SEO plugin. -->","yoast_head_json":{"title":"Policy privacy - Tienda de vinos HGA Bodegas","robots":{"index":"index","follow":"follow","max-snippet":"max-snippet:-1","max-image-preview":"max-image-preview:large","max-video-preview":"max-video-preview:-1"},"canonical":"https:\/\/hgabodegas.com\/en\/politica-de-privacidad\/","og_locale":"en_US","og_type":"article","og_title":"Policy privacy - Tienda de vinos HGA Bodegas","og_description":"[vc_row wrap_container=&#8221;yes&#8221; is_sticky=&#8221;yes&#8221; sticky_min_width=&#8221;767&#8243; sticky_top=&#8221;110&#8243; sticky_bottom=&#8221;0&#8243; css=&#8221;.vc_custom_1605615468035{background-color: #ffffff !important;}&#8221;][vc_column css=&#8221;.vc_custom_1612175187052{padding: 81px !important;}&#8221;][vc_column_text]HGA BODEGAS Y VI\u00d1EDOS DE ALTURA, S.L., recopila, trata y almacena informaci\u00f3n personal a trav\u00e9s de la web de su propiedad www.hgabodegas.com Esta informaci\u00f3n ser\u00e1 relativa a los usuarios de la web. La informaci\u00f3n se recopilar\u00e1, tratar\u00e1 y almacenar\u00e1 conforme a la presente Pol\u00edtica [&hellip;]","og_url":"https:\/\/hgabodegas.com\/en\/politica-de-privacidad\/","og_site_name":"Tienda de vinos HGA Bodegas","article_modified_time":"2021-09-14T07:16:00+00:00","twitter_card":"summary_large_image","twitter_misc":{"Est. reading time":"4 minutes"},"schema":{"@context":"https:\/\/schema.org","@graph":[{"@type":"WebPage","@id":"https:\/\/hgabodegas.com\/en\/politica-de-privacidad\/","url":"https:\/\/hgabodegas.com\/en\/politica-de-privacidad\/","name":"Policy privacy - Tienda de vinos HGA Bodegas","isPartOf":{"@id":"https:\/\/hgabodegas.com\/#website"},"datePublished":"2020-11-10T10:14:31+00:00","dateModified":"2021-09-14T07:16:00+00:00","breadcrumb":{"@id":"https:\/\/hgabodegas.com\/en\/politica-de-privacidad\/#breadcrumb"},"inLanguage":"en-US","potentialAction":[{"@type":"ReadAction","target":["https:\/\/hgabodegas.com\/en\/politica-de-privacidad\/"]}]},{"@type":"BreadcrumbList","@id":"https:\/\/hgabodegas.com\/en\/politica-de-privacidad\/#breadcrumb","itemListElement":[{"@type":"ListItem","position":1,"name":"Portada","item":"https:\/\/hgabodegas.com\/en\/inicio\/"},{"@type":"ListItem","position":2,"name":"Policy privacy"}]},{"@type":"WebSite","@id":"https:\/\/hgabodegas.com\/#website","url":"https:\/\/hgabodegas.com\/","name":"Tienda de vinos HGA Bodegas","description":"Descubre la gran variedad de vinos de nuestras bodegas","potentialAction":[{"@type":"SearchAction","target":{"@type":"EntryPoint","urlTemplate":"https:\/\/hgabodegas.com\/?s={search_term_string}"},"query-input":{"@type":"PropertyValueSpecification","valueRequired":true,"valueName":"search_term_string"}}],"inLanguage":"en-US"}]}},"_links":{"self":[{"href":"https:\/\/hgabodegas.com\/en\/wp-json\/wp\/v2\/pages\/4526"}],"collection":[{"href":"https:\/\/hgabodegas.com\/en\/wp-json\/wp\/v2\/pages"}],"about":[{"href":"https:\/\/hgabodegas.com\/en\/wp-json\/wp\/v2\/types\/page"}],"author":[{"embeddable":true,"href":"https:\/\/hgabodegas.com\/en\/wp-json\/wp\/v2\/users\/485"}],"replies":[{"embeddable":true,"href":"https:\/\/hgabodegas.com\/en\/wp-json\/wp\/v2\/comments?post=4526"}],"version-history":[{"count":3,"href":"https:\/\/hgabodegas.com\/en\/wp-json\/wp\/v2\/pages\/4526\/revisions"}],"predecessor-version":[{"id":4529,"href":"https:\/\/hgabodegas.com\/en\/wp-json\/wp\/v2\/pages\/4526\/revisions\/4529"}],"wp:attachment":[{"href":"https:\/\/hgabodegas.com\/en\/wp-json\/wp\/v2\/media?parent=4526"}],"curies":[{"name":"wp","href":"https:\/\/api.w.org\/{rel}","templated":true}]}}