{"id":103,"date":"2020-11-10T09:27:35","date_gmt":"2020-11-10T09:27:35","guid":{"rendered":"https:\/\/ywz.es\/?product=import-placeholder-for-2096"},"modified":"2024-03-13T09:26:31","modified_gmt":"2024-03-13T09:26:31","slug":"licor-de-hierbas-pazo-de-villarei","status":"publish","type":"product","link":"https:\/\/hgabodegas.com\/en\/producto\/licor-de-hierbas-pazo-de-villarei\/","title":{"rendered":"LICOR DE HIERBAS"},"content":{"rendered":"","protected":false},"excerpt":{"rendered":"<p>70 cl<br \/>\n30 % Vol.<\/p>\n<p><strong>BODEGA:<\/strong> Pazo de Villarei<\/p>\n<div class=\"element-short-top element-short-bottom os-animation animated fadeInRight\" data-os-animation=\"fadeInRight\" data-os-animation-delay=\"0.2s\">\n<p class=\"p1\">Abrir una botella del Elixir de Hierbas de Pazo de Villarei implica un enorme riesgo: el de dejar estallar en tu paladar miles de gotas de burbujeante felicidad. El orujo m\u00e1s amado por los gallegos, el de hierbas, encierra en 30\u00ba de poder\u00edo todos los colores del arco iris.<\/p>\n<p class=\"p1\">Nuestro Elixir de Hierbas, destilado en menos de 24 horas, mantiene intactos los tonos \u00fanicos de nuestra variedad de uva albari\u00f1o del Saln\u00e9s.<\/p>\n<\/div>\n","protected":false},"featured_media":2833,"template":"","meta":[],"product_cat":[24,180],"product_tag":[],"yoast_head":"<!-- This site is optimized with the Yoast SEO plugin v23.4 - https:\/\/yoast.com\/wordpress\/plugins\/seo\/ -->\n<title>LICOR DE HIERBAS - Tienda de vinos HGA Bodegas<\/title>\n<meta name=\"description\" content=\"El Licor de Hierbas de Bodegas Pazo de Villarei est\u00e1 elaborada con variedad de uva de albari\u00f1o aut\u00f3ctona de la Suzona de O Saln\u00e9s de las R\u00edas Baixas.\" \/>\n<meta name=\"robots\" content=\"index, follow, max-snippet:-1, max-image-preview:large, max-video-preview:-1\" \/>\n<link rel=\"canonical\" href=\"https:\/\/hgabodegas.com\/producto\/licor-de-hierbas-pazo-de-villarei\/\" \/>\n<meta property=\"og:locale\" content=\"en_US\" \/>\n<meta property=\"og:type\" content=\"article\" \/>\n<meta property=\"og:title\" content=\"LICOR DE HIERBAS - Tienda de vinos HGA Bodegas\" \/>\n<meta property=\"og:description\" content=\"El Licor de Hierbas de Bodegas Pazo de Villarei est\u00e1 elaborada con variedad de uva de albari\u00f1o aut\u00f3ctona de la Suzona de O Saln\u00e9s de las R\u00edas Baixas.\" \/>\n<meta property=\"og:url\" content=\"https:\/\/hgabodegas.com\/producto\/licor-de-hierbas-pazo-de-villarei\/\" \/>\n<meta property=\"og:site_name\" content=\"Tienda de vinos HGA Bodegas\" \/>\n<meta property=\"article:modified_time\" content=\"2024-03-13T09:26:31+00:00\" \/>\n<meta property=\"og:image\" content=\"https:\/\/hgabodegas.com\/wp-content\/uploads\/2020\/11\/V_Licor_de_Hierbas_PAZO_DE_VILLAREI-1.jpg\" \/>\n\t<meta property=\"og:image:width\" content=\"481\" \/>\n\t<meta property=\"og:image:height\" content=\"480\" \/>\n\t<meta property=\"og:image:type\" content=\"image\/jpeg\" \/>\n<meta name=\"twitter:card\" content=\"summary_large_image\" \/>\n<meta name=\"twitter:label1\" content=\"Est. reading time\" \/>\n\t<meta name=\"twitter:data1\" content=\"1 minute\" \/>\n<script type=\"application\/ld+json\" class=\"yoast-schema-graph\">{\"@context\":\"https:\/\/schema.org\",\"@graph\":[{\"@type\":\"WebPage\",\"@id\":\"https:\/\/hgabodegas.com\/producto\/licor-de-hierbas-pazo-de-villarei\/\",\"url\":\"https:\/\/hgabodegas.com\/producto\/licor-de-hierbas-pazo-de-villarei\/\",\"name\":\"LICOR DE HIERBAS - Tienda de vinos HGA Bodegas\",\"isPartOf\":{\"@id\":\"https:\/\/hgabodegas.com\/#website\"},\"primaryImageOfPage\":{\"@id\":\"https:\/\/hgabodegas.com\/producto\/licor-de-hierbas-pazo-de-villarei\/#primaryimage\"},\"image\":{\"@id\":\"https:\/\/hgabodegas.com\/producto\/licor-de-hierbas-pazo-de-villarei\/#primaryimage\"},\"thumbnailUrl\":\"https:\/\/hgabodegas.com\/wp-content\/uploads\/2020\/11\/V_Licor_de_Hierbas_PAZO_DE_VILLAREI-1.jpg\",\"datePublished\":\"2020-11-10T09:27:35+00:00\",\"dateModified\":\"2024-03-13T09:26:31+00:00\",\"description\":\"El Licor de Hierbas de Bodegas Pazo de Villarei est\u00e1 elaborada con variedad de uva de albari\u00f1o aut\u00f3ctona de la Suzona de O Saln\u00e9s de las R\u00edas Baixas.\",\"breadcrumb\":{\"@id\":\"https:\/\/hgabodegas.com\/producto\/licor-de-hierbas-pazo-de-villarei\/#breadcrumb\"},\"inLanguage\":\"en-US\",\"potentialAction\":[{\"@type\":\"ReadAction\",\"target\":[\"https:\/\/hgabodegas.com\/producto\/licor-de-hierbas-pazo-de-villarei\/\"]}]},{\"@type\":\"ImageObject\",\"inLanguage\":\"en-US\",\"@id\":\"https:\/\/hgabodegas.com\/producto\/licor-de-hierbas-pazo-de-villarei\/#primaryimage\",\"url\":\"https:\/\/hgabodegas.com\/wp-content\/uploads\/2020\/11\/V_Licor_de_Hierbas_PAZO_DE_VILLAREI-1.jpg\",\"contentUrl\":\"https:\/\/hgabodegas.com\/wp-content\/uploads\/2020\/11\/V_Licor_de_Hierbas_PAZO_DE_VILLAREI-1.jpg\",\"width\":481,\"height\":480,\"caption\":\"Licor de Hierbas Pazo de Villarei\"},{\"@type\":\"BreadcrumbList\",\"@id\":\"https:\/\/hgabodegas.com\/producto\/licor-de-hierbas-pazo-de-villarei\/#breadcrumb\",\"itemListElement\":[{\"@type\":\"ListItem\",\"position\":1,\"name\":\"Portada\",\"item\":\"https:\/\/hgabodegas.com\/en\/inicio\/\"},{\"@type\":\"ListItem\",\"position\":2,\"name\":\"Productos\",\"item\":\"https:\/\/hgabodegas.com\/pagina-de-inicio\/\"},{\"@type\":\"ListItem\",\"position\":3,\"name\":\"LICOR DE HIERBAS\"}]},{\"@type\":\"WebSite\",\"@id\":\"https:\/\/hgabodegas.com\/#website\",\"url\":\"https:\/\/hgabodegas.com\/\",\"name\":\"Tienda de vinos HGA Bodegas\",\"description\":\"Descubre la gran variedad de vinos de nuestras bodegas\",\"potentialAction\":[{\"@type\":\"SearchAction\",\"target\":{\"@type\":\"EntryPoint\",\"urlTemplate\":\"https:\/\/hgabodegas.com\/?s={search_term_string}\"},\"query-input\":{\"@type\":\"PropertyValueSpecification\",\"valueRequired\":true,\"valueName\":\"search_term_string\"}}],\"inLanguage\":\"en-US\"}]}<\/script>\n<!-- \/ Yoast SEO plugin. -->","yoast_head_json":{"title":"LICOR DE HIERBAS - Tienda de vinos HGA Bodegas","description":"El Licor de Hierbas de Bodegas Pazo de Villarei est\u00e1 elaborada con variedad de uva de albari\u00f1o aut\u00f3ctona de la Suzona de O Saln\u00e9s de las R\u00edas Baixas.","robots":{"index":"index","follow":"follow","max-snippet":"max-snippet:-1","max-image-preview":"max-image-preview:large","max-video-preview":"max-video-preview:-1"},"canonical":"https:\/\/hgabodegas.com\/producto\/licor-de-hierbas-pazo-de-villarei\/","og_locale":"en_US","og_type":"article","og_title":"LICOR DE HIERBAS - Tienda de vinos HGA Bodegas","og_description":"El Licor de Hierbas de Bodegas Pazo de Villarei est\u00e1 elaborada con variedad de uva de albari\u00f1o aut\u00f3ctona de la Suzona de O Saln\u00e9s de las R\u00edas Baixas.","og_url":"https:\/\/hgabodegas.com\/producto\/licor-de-hierbas-pazo-de-villarei\/","og_site_name":"Tienda de vinos HGA Bodegas","article_modified_time":"2024-03-13T09:26:31+00:00","og_image":[{"width":481,"height":480,"url":"https:\/\/hgabodegas.com\/wp-content\/uploads\/2020\/11\/V_Licor_de_Hierbas_PAZO_DE_VILLAREI-1.jpg","type":"image\/jpeg"}],"twitter_card":"summary_large_image","twitter_misc":{"Est. reading time":"1 minute"},"schema":{"@context":"https:\/\/schema.org","@graph":[{"@type":"WebPage","@id":"https:\/\/hgabodegas.com\/producto\/licor-de-hierbas-pazo-de-villarei\/","url":"https:\/\/hgabodegas.com\/producto\/licor-de-hierbas-pazo-de-villarei\/","name":"LICOR DE HIERBAS - Tienda de vinos HGA Bodegas","isPartOf":{"@id":"https:\/\/hgabodegas.com\/#website"},"primaryImageOfPage":{"@id":"https:\/\/hgabodegas.com\/producto\/licor-de-hierbas-pazo-de-villarei\/#primaryimage"},"image":{"@id":"https:\/\/hgabodegas.com\/producto\/licor-de-hierbas-pazo-de-villarei\/#primaryimage"},"thumbnailUrl":"https:\/\/hgabodegas.com\/wp-content\/uploads\/2020\/11\/V_Licor_de_Hierbas_PAZO_DE_VILLAREI-1.jpg","datePublished":"2020-11-10T09:27:35+00:00","dateModified":"2024-03-13T09:26:31+00:00","description":"El Licor de Hierbas de Bodegas Pazo de Villarei est\u00e1 elaborada con variedad de uva de albari\u00f1o aut\u00f3ctona de la Suzona de O Saln\u00e9s de las R\u00edas Baixas.","breadcrumb":{"@id":"https:\/\/hgabodegas.com\/producto\/licor-de-hierbas-pazo-de-villarei\/#breadcrumb"},"inLanguage":"en-US","potentialAction":[{"@type":"ReadAction","target":["https:\/\/hgabodegas.com\/producto\/licor-de-hierbas-pazo-de-villarei\/"]}]},{"@type":"ImageObject","inLanguage":"en-US","@id":"https:\/\/hgabodegas.com\/producto\/licor-de-hierbas-pazo-de-villarei\/#primaryimage","url":"https:\/\/hgabodegas.com\/wp-content\/uploads\/2020\/11\/V_Licor_de_Hierbas_PAZO_DE_VILLAREI-1.jpg","contentUrl":"https:\/\/hgabodegas.com\/wp-content\/uploads\/2020\/11\/V_Licor_de_Hierbas_PAZO_DE_VILLAREI-1.jpg","width":481,"height":480,"caption":"Licor de Hierbas Pazo de Villarei"},{"@type":"BreadcrumbList","@id":"https:\/\/hgabodegas.com\/producto\/licor-de-hierbas-pazo-de-villarei\/#breadcrumb","itemListElement":[{"@type":"ListItem","position":1,"name":"Portada","item":"https:\/\/hgabodegas.com\/en\/inicio\/"},{"@type":"ListItem","position":2,"name":"Productos","item":"https:\/\/hgabodegas.com\/pagina-de-inicio\/"},{"@type":"ListItem","position":3,"name":"LICOR DE HIERBAS"}]},{"@type":"WebSite","@id":"https:\/\/hgabodegas.com\/#website","url":"https:\/\/hgabodegas.com\/","name":"Tienda de vinos HGA Bodegas","description":"Descubre la gran variedad de vinos de nuestras bodegas","potentialAction":[{"@type":"SearchAction","target":{"@type":"EntryPoint","urlTemplate":"https:\/\/hgabodegas.com\/?s={search_term_string}"},"query-input":{"@type":"PropertyValueSpecification","valueRequired":true,"valueName":"search_term_string"}}],"inLanguage":"en-US"}]}},"_links":{"self":[{"href":"https:\/\/hgabodegas.com\/en\/wp-json\/wp\/v2\/product\/103"}],"collection":[{"href":"https:\/\/hgabodegas.com\/en\/wp-json\/wp\/v2\/product"}],"about":[{"href":"https:\/\/hgabodegas.com\/en\/wp-json\/wp\/v2\/types\/product"}],"wp:featuredmedia":[{"embeddable":true,"href":"https:\/\/hgabodegas.com\/en\/wp-json\/wp\/v2\/media\/2833"}],"wp:attachment":[{"href":"https:\/\/hgabodegas.com\/en\/wp-json\/wp\/v2\/media?parent=103"}],"wp:term":[{"taxonomy":"product_cat","embeddable":true,"href":"https:\/\/hgabodegas.com\/en\/wp-json\/wp\/v2\/product_cat?post=103"},{"taxonomy":"product_tag","embeddable":true,"href":"https:\/\/hgabodegas.com\/en\/wp-json\/wp\/v2\/product_tag?post=103"}],"curies":[{"name":"wp","href":"https:\/\/api.w.org\/{rel}","templated":true}]}}