{"id":104,"date":"2020-11-10T09:27:35","date_gmt":"2020-11-10T09:27:35","guid":{"rendered":"https:\/\/ywz.es\/?product=import-placeholder-for-2097"},"modified":"2026-02-09T10:15:51","modified_gmt":"2026-02-09T10:15:51","slug":"aguardiente-pazo-de-villarei","status":"publish","type":"product","link":"https:\/\/hgabodegas.com\/en\/producto\/aguardiente-pazo-de-villarei\/","title":{"rendered":"AGUARDIENTE"},"content":{"rendered":"","protected":false},"excerpt":{"rendered":"<p>70 cl<br \/>\n40 % Vol.<\/p>\n<p><strong>BODEGA:<\/strong> Pazo de Villarei<\/p>\n<p>En O Saln\u00e9s, Pazo de Villarei mantiene viva la tradici\u00f3n celta cultivando la uva monovarietal de albari\u00f1o, que da fuerza a los 40\u00ba, el licor m\u00e1s potente, m\u00e1s poderoso y m\u00e1s contundente de la bodega.<\/p>\n","protected":false},"featured_media":2830,"template":"","meta":[],"product_cat":[24,180],"product_tag":[],"yoast_head":"<!-- This site is optimized with the Yoast SEO plugin v23.4 - https:\/\/yoast.com\/wordpress\/plugins\/seo\/ -->\n<title>Aguardiente Pazo de Villarei<\/title>\n<meta name=\"robots\" content=\"index, follow, max-snippet:-1, max-image-preview:large, max-video-preview:-1\" \/>\n<link rel=\"canonical\" href=\"https:\/\/hgabodegas.com\/producto\/aguardiente-pazo-de-villarei\/\" \/>\n<meta property=\"og:locale\" content=\"en_US\" \/>\n<meta property=\"og:type\" content=\"article\" \/>\n<meta property=\"og:title\" content=\"Aguardiente Pazo de Villarei\" \/>\n<meta property=\"og:description\" content=\"70 cl 40 % Vol.  BODEGA: Pazo de Villarei  En O Saln\u00e9s, Pazo de Villarei mantiene viva la tradici\u00f3n celta cultivando la uva monovarietal de albari\u00f1o, que da fuerza a los 40\u00ba, el licor m\u00e1s potente, m\u00e1s poderoso y m\u00e1s contundente de la bodega.\" \/>\n<meta property=\"og:url\" content=\"https:\/\/hgabodegas.com\/producto\/aguardiente-pazo-de-villarei\/\" \/>\n<meta property=\"og:site_name\" content=\"Tienda de vinos HGA Bodegas\" \/>\n<meta property=\"article:modified_time\" content=\"2026-02-09T10:15:51+00:00\" \/>\n<meta property=\"og:image\" content=\"https:\/\/hgabodegas.com\/wp-content\/uploads\/2020\/11\/V_Aguardiente_PAZO_DE_VILLAREI-2.jpg\" \/>\n\t<meta property=\"og:image:width\" content=\"481\" \/>\n\t<meta property=\"og:image:height\" content=\"480\" \/>\n\t<meta property=\"og:image:type\" content=\"image\/jpeg\" \/>\n<meta name=\"twitter:card\" content=\"summary_large_image\" \/>\n<meta name=\"twitter:label1\" content=\"Est. reading time\" \/>\n\t<meta name=\"twitter:data1\" content=\"1 minute\" \/>\n<script type=\"application\/ld+json\" class=\"yoast-schema-graph\">{\"@context\":\"https:\/\/schema.org\",\"@graph\":[{\"@type\":\"WebPage\",\"@id\":\"https:\/\/hgabodegas.com\/producto\/aguardiente-pazo-de-villarei\/\",\"url\":\"https:\/\/hgabodegas.com\/producto\/aguardiente-pazo-de-villarei\/\",\"name\":\"Aguardiente Pazo de Villarei\",\"isPartOf\":{\"@id\":\"https:\/\/hgabodegas.com\/#website\"},\"primaryImageOfPage\":{\"@id\":\"https:\/\/hgabodegas.com\/producto\/aguardiente-pazo-de-villarei\/#primaryimage\"},\"image\":{\"@id\":\"https:\/\/hgabodegas.com\/producto\/aguardiente-pazo-de-villarei\/#primaryimage\"},\"thumbnailUrl\":\"https:\/\/hgabodegas.com\/wp-content\/uploads\/2020\/11\/V_Aguardiente_PAZO_DE_VILLAREI-2.jpg\",\"datePublished\":\"2020-11-10T09:27:35+00:00\",\"dateModified\":\"2026-02-09T10:15:51+00:00\",\"breadcrumb\":{\"@id\":\"https:\/\/hgabodegas.com\/producto\/aguardiente-pazo-de-villarei\/#breadcrumb\"},\"inLanguage\":\"en-US\",\"potentialAction\":[{\"@type\":\"ReadAction\",\"target\":[\"https:\/\/hgabodegas.com\/producto\/aguardiente-pazo-de-villarei\/\"]}]},{\"@type\":\"ImageObject\",\"inLanguage\":\"en-US\",\"@id\":\"https:\/\/hgabodegas.com\/producto\/aguardiente-pazo-de-villarei\/#primaryimage\",\"url\":\"https:\/\/hgabodegas.com\/wp-content\/uploads\/2020\/11\/V_Aguardiente_PAZO_DE_VILLAREI-2.jpg\",\"contentUrl\":\"https:\/\/hgabodegas.com\/wp-content\/uploads\/2020\/11\/V_Aguardiente_PAZO_DE_VILLAREI-2.jpg\",\"width\":481,\"height\":480,\"caption\":\"Aguardiente Pazo de Villarei\"},{\"@type\":\"BreadcrumbList\",\"@id\":\"https:\/\/hgabodegas.com\/producto\/aguardiente-pazo-de-villarei\/#breadcrumb\",\"itemListElement\":[{\"@type\":\"ListItem\",\"position\":1,\"name\":\"Portada\",\"item\":\"https:\/\/hgabodegas.com\/en\/inicio\/\"},{\"@type\":\"ListItem\",\"position\":2,\"name\":\"Productos\",\"item\":\"https:\/\/hgabodegas.com\/pagina-de-inicio\/\"},{\"@type\":\"ListItem\",\"position\":3,\"name\":\"AGUARDIENTE\"}]},{\"@type\":\"WebSite\",\"@id\":\"https:\/\/hgabodegas.com\/#website\",\"url\":\"https:\/\/hgabodegas.com\/\",\"name\":\"Tienda de vinos HGA Bodegas\",\"description\":\"Descubre la gran variedad de vinos de nuestras bodegas\",\"potentialAction\":[{\"@type\":\"SearchAction\",\"target\":{\"@type\":\"EntryPoint\",\"urlTemplate\":\"https:\/\/hgabodegas.com\/?s={search_term_string}\"},\"query-input\":{\"@type\":\"PropertyValueSpecification\",\"valueRequired\":true,\"valueName\":\"search_term_string\"}}],\"inLanguage\":\"en-US\"}]}<\/script>\n<!-- \/ Yoast SEO plugin. -->","yoast_head_json":{"title":"Aguardiente Pazo de Villarei","robots":{"index":"index","follow":"follow","max-snippet":"max-snippet:-1","max-image-preview":"max-image-preview:large","max-video-preview":"max-video-preview:-1"},"canonical":"https:\/\/hgabodegas.com\/producto\/aguardiente-pazo-de-villarei\/","og_locale":"en_US","og_type":"article","og_title":"Aguardiente Pazo de Villarei","og_description":"70 cl 40 % Vol.  BODEGA: Pazo de Villarei  En O Saln\u00e9s, Pazo de Villarei mantiene viva la tradici\u00f3n celta cultivando la uva monovarietal de albari\u00f1o, que da fuerza a los 40\u00ba, el licor m\u00e1s potente, m\u00e1s poderoso y m\u00e1s contundente de la bodega.","og_url":"https:\/\/hgabodegas.com\/producto\/aguardiente-pazo-de-villarei\/","og_site_name":"Tienda de vinos HGA Bodegas","article_modified_time":"2026-02-09T10:15:51+00:00","og_image":[{"width":481,"height":480,"url":"https:\/\/hgabodegas.com\/wp-content\/uploads\/2020\/11\/V_Aguardiente_PAZO_DE_VILLAREI-2.jpg","type":"image\/jpeg"}],"twitter_card":"summary_large_image","twitter_misc":{"Est. reading time":"1 minute"},"schema":{"@context":"https:\/\/schema.org","@graph":[{"@type":"WebPage","@id":"https:\/\/hgabodegas.com\/producto\/aguardiente-pazo-de-villarei\/","url":"https:\/\/hgabodegas.com\/producto\/aguardiente-pazo-de-villarei\/","name":"Aguardiente Pazo de Villarei","isPartOf":{"@id":"https:\/\/hgabodegas.com\/#website"},"primaryImageOfPage":{"@id":"https:\/\/hgabodegas.com\/producto\/aguardiente-pazo-de-villarei\/#primaryimage"},"image":{"@id":"https:\/\/hgabodegas.com\/producto\/aguardiente-pazo-de-villarei\/#primaryimage"},"thumbnailUrl":"https:\/\/hgabodegas.com\/wp-content\/uploads\/2020\/11\/V_Aguardiente_PAZO_DE_VILLAREI-2.jpg","datePublished":"2020-11-10T09:27:35+00:00","dateModified":"2026-02-09T10:15:51+00:00","breadcrumb":{"@id":"https:\/\/hgabodegas.com\/producto\/aguardiente-pazo-de-villarei\/#breadcrumb"},"inLanguage":"en-US","potentialAction":[{"@type":"ReadAction","target":["https:\/\/hgabodegas.com\/producto\/aguardiente-pazo-de-villarei\/"]}]},{"@type":"ImageObject","inLanguage":"en-US","@id":"https:\/\/hgabodegas.com\/producto\/aguardiente-pazo-de-villarei\/#primaryimage","url":"https:\/\/hgabodegas.com\/wp-content\/uploads\/2020\/11\/V_Aguardiente_PAZO_DE_VILLAREI-2.jpg","contentUrl":"https:\/\/hgabodegas.com\/wp-content\/uploads\/2020\/11\/V_Aguardiente_PAZO_DE_VILLAREI-2.jpg","width":481,"height":480,"caption":"Aguardiente Pazo de Villarei"},{"@type":"BreadcrumbList","@id":"https:\/\/hgabodegas.com\/producto\/aguardiente-pazo-de-villarei\/#breadcrumb","itemListElement":[{"@type":"ListItem","position":1,"name":"Portada","item":"https:\/\/hgabodegas.com\/en\/inicio\/"},{"@type":"ListItem","position":2,"name":"Productos","item":"https:\/\/hgabodegas.com\/pagina-de-inicio\/"},{"@type":"ListItem","position":3,"name":"AGUARDIENTE"}]},{"@type":"WebSite","@id":"https:\/\/hgabodegas.com\/#website","url":"https:\/\/hgabodegas.com\/","name":"Tienda de vinos HGA Bodegas","description":"Descubre la gran variedad de vinos de nuestras bodegas","potentialAction":[{"@type":"SearchAction","target":{"@type":"EntryPoint","urlTemplate":"https:\/\/hgabodegas.com\/?s={search_term_string}"},"query-input":{"@type":"PropertyValueSpecification","valueRequired":true,"valueName":"search_term_string"}}],"inLanguage":"en-US"}]}},"_links":{"self":[{"href":"https:\/\/hgabodegas.com\/en\/wp-json\/wp\/v2\/product\/104"}],"collection":[{"href":"https:\/\/hgabodegas.com\/en\/wp-json\/wp\/v2\/product"}],"about":[{"href":"https:\/\/hgabodegas.com\/en\/wp-json\/wp\/v2\/types\/product"}],"wp:featuredmedia":[{"embeddable":true,"href":"https:\/\/hgabodegas.com\/en\/wp-json\/wp\/v2\/media\/2830"}],"wp:attachment":[{"href":"https:\/\/hgabodegas.com\/en\/wp-json\/wp\/v2\/media?parent=104"}],"wp:term":[{"taxonomy":"product_cat","embeddable":true,"href":"https:\/\/hgabodegas.com\/en\/wp-json\/wp\/v2\/product_cat?post=104"},{"taxonomy":"product_tag","embeddable":true,"href":"https:\/\/hgabodegas.com\/en\/wp-json\/wp\/v2\/product_tag?post=104"}],"curies":[{"name":"wp","href":"https:\/\/api.w.org\/{rel}","templated":true}]}}