{"id":139,"date":"2020-11-10T09:27:49","date_gmt":"2020-11-10T09:27:49","guid":{"rendered":"https:\/\/ywz.es\/?product=import-placeholder-for-2128"},"modified":"2023-05-22T15:43:45","modified_gmt":"2023-05-22T15:43:45","slug":"sacrima","status":"publish","type":"product","link":"https:\/\/hgabodegas.com\/en\/producto\/sacrima\/","title":{"rendered":"S\u00c1CRIMA"},"content":{"rendered":"<p><strong>Vista:<\/strong> Rojo picota con reflejos viol\u00e1ceos.<\/p>\n<p><strong>Nariz:<\/strong>Frutas rojas maduras, cereza picota y recuerdos de especias como la pimienta negra.<\/p>\n<p><strong>Boca:<\/strong> Fluido, de paso f\u00e1cil, tanino suave y final afrutado.<\/p>\n<p><strong>Gastronom\u00eda:<\/strong> Pulpo \u00e1 feira, carne \u00f3 caldeiro, guisos de carne y pescado, quesos semicurados.<\/p>\n<p><a href=\"https:\/\/hgabodegas.com\/PDF\/ficha_tecnica\/Sacrima_ES_b.pdf\" target=\"_blank\" rel=\"noopener noreferrer\">DESCARGAR FICHA DE CATA<\/a><\/p>\n","protected":false},"excerpt":{"rendered":"<p><span style=\"color: #000000;\">75 cl<\/span><strong><br \/>\nD.O.:<\/strong> Ribeira Sacra<br \/>\n<strong>BODEGA:<\/strong> Regina Viarum<br \/>\n<strong>VARIEDADES:<\/strong> Menc\u00eda<\/p>\n<p>Fermentaci\u00f3n en dep\u00f3sitos de acero inoxidable a una temperatura entre 19\u00ba y 21\u00ba y descube temprano sin terminar totalmente la fermentaci\u00f3n.<\/p>\n","protected":false},"featured_media":5801,"template":"","meta":[],"product_cat":[140,137,155,26,25,129],"product_tag":[],"yoast_head":"<!-- This site is optimized with the Yoast SEO plugin v23.4 - https:\/\/yoast.com\/wordpress\/plugins\/seo\/ -->\n<title>S\u00c1CRIMA - Tienda de vinos HGA Bodegas<\/title>\n<meta name=\"description\" content=\"S\u00e1crima es un vino tinto de uva menc\u00eda elaborado por Bodegas Regina Viarum perteneciente a la denominaci\u00f3n de Origen Ribeira Sacra\" \/>\n<meta name=\"robots\" content=\"index, follow, max-snippet:-1, max-image-preview:large, max-video-preview:-1\" \/>\n<link rel=\"canonical\" href=\"https:\/\/hgabodegas.com\/producto\/sacrima\/\" \/>\n<meta property=\"og:locale\" content=\"en_US\" \/>\n<meta property=\"og:type\" content=\"article\" \/>\n<meta property=\"og:title\" content=\"S\u00c1CRIMA - Tienda de vinos HGA Bodegas\" \/>\n<meta property=\"og:description\" content=\"S\u00e1crima es un vino tinto de uva menc\u00eda elaborado por Bodegas Regina Viarum perteneciente a la denominaci\u00f3n de Origen Ribeira Sacra\" \/>\n<meta property=\"og:url\" content=\"https:\/\/hgabodegas.com\/producto\/sacrima\/\" \/>\n<meta property=\"og:site_name\" content=\"Tienda de vinos HGA Bodegas\" \/>\n<meta property=\"article:modified_time\" content=\"2023-05-22T15:43:45+00:00\" \/>\n<meta property=\"og:image\" content=\"https:\/\/hgabodegas.com\/wp-content\/uploads\/2020\/11\/V_SACRIMA-1.jpg\" \/>\n\t<meta property=\"og:image:width\" content=\"481\" \/>\n\t<meta property=\"og:image:height\" content=\"480\" \/>\n\t<meta property=\"og:image:type\" content=\"image\/jpeg\" \/>\n<meta name=\"twitter:card\" content=\"summary_large_image\" \/>\n<meta name=\"twitter:label1\" content=\"Est. reading time\" \/>\n\t<meta name=\"twitter:data1\" content=\"1 minute\" \/>\n<script type=\"application\/ld+json\" class=\"yoast-schema-graph\">{\"@context\":\"https:\/\/schema.org\",\"@graph\":[{\"@type\":\"WebPage\",\"@id\":\"https:\/\/hgabodegas.com\/producto\/sacrima\/\",\"url\":\"https:\/\/hgabodegas.com\/producto\/sacrima\/\",\"name\":\"S\u00c1CRIMA - Tienda de vinos HGA Bodegas\",\"isPartOf\":{\"@id\":\"https:\/\/hgabodegas.com\/#website\"},\"primaryImageOfPage\":{\"@id\":\"https:\/\/hgabodegas.com\/producto\/sacrima\/#primaryimage\"},\"image\":{\"@id\":\"https:\/\/hgabodegas.com\/producto\/sacrima\/#primaryimage\"},\"thumbnailUrl\":\"https:\/\/hgabodegas.com\/wp-content\/uploads\/2020\/11\/V_SACRIMA-1.jpg\",\"datePublished\":\"2020-11-10T09:27:49+00:00\",\"dateModified\":\"2023-05-22T15:43:45+00:00\",\"description\":\"S\u00e1crima es un vino tinto de uva menc\u00eda elaborado por Bodegas Regina Viarum perteneciente a la denominaci\u00f3n de Origen Ribeira Sacra\",\"breadcrumb\":{\"@id\":\"https:\/\/hgabodegas.com\/producto\/sacrima\/#breadcrumb\"},\"inLanguage\":\"en-US\",\"potentialAction\":[{\"@type\":\"ReadAction\",\"target\":[\"https:\/\/hgabodegas.com\/producto\/sacrima\/\"]}]},{\"@type\":\"ImageObject\",\"inLanguage\":\"en-US\",\"@id\":\"https:\/\/hgabodegas.com\/producto\/sacrima\/#primaryimage\",\"url\":\"https:\/\/hgabodegas.com\/wp-content\/uploads\/2020\/11\/V_SACRIMA-1.jpg\",\"contentUrl\":\"https:\/\/hgabodegas.com\/wp-content\/uploads\/2020\/11\/V_SACRIMA-1.jpg\",\"width\":481,\"height\":480,\"caption\":\"Sacrima. D.O. Ribeira Sacra\"},{\"@type\":\"BreadcrumbList\",\"@id\":\"https:\/\/hgabodegas.com\/producto\/sacrima\/#breadcrumb\",\"itemListElement\":[{\"@type\":\"ListItem\",\"position\":1,\"name\":\"Portada\",\"item\":\"https:\/\/hgabodegas.com\/en\/inicio\/\"},{\"@type\":\"ListItem\",\"position\":2,\"name\":\"Productos\",\"item\":\"https:\/\/hgabodegas.com\/pagina-de-inicio\/\"},{\"@type\":\"ListItem\",\"position\":3,\"name\":\"S\u00c1CRIMA\"}]},{\"@type\":\"WebSite\",\"@id\":\"https:\/\/hgabodegas.com\/#website\",\"url\":\"https:\/\/hgabodegas.com\/\",\"name\":\"Tienda de vinos HGA Bodegas\",\"description\":\"Descubre la gran variedad de vinos de nuestras bodegas\",\"potentialAction\":[{\"@type\":\"SearchAction\",\"target\":{\"@type\":\"EntryPoint\",\"urlTemplate\":\"https:\/\/hgabodegas.com\/?s={search_term_string}\"},\"query-input\":{\"@type\":\"PropertyValueSpecification\",\"valueRequired\":true,\"valueName\":\"search_term_string\"}}],\"inLanguage\":\"en-US\"}]}<\/script>\n<!-- \/ Yoast SEO plugin. -->","yoast_head_json":{"title":"S\u00c1CRIMA - Tienda de vinos HGA Bodegas","description":"S\u00e1crima es un vino tinto de uva menc\u00eda elaborado por Bodegas Regina Viarum perteneciente a la denominaci\u00f3n de Origen Ribeira Sacra","robots":{"index":"index","follow":"follow","max-snippet":"max-snippet:-1","max-image-preview":"max-image-preview:large","max-video-preview":"max-video-preview:-1"},"canonical":"https:\/\/hgabodegas.com\/producto\/sacrima\/","og_locale":"en_US","og_type":"article","og_title":"S\u00c1CRIMA - Tienda de vinos HGA Bodegas","og_description":"S\u00e1crima es un vino tinto de uva menc\u00eda elaborado por Bodegas Regina Viarum perteneciente a la denominaci\u00f3n de Origen Ribeira Sacra","og_url":"https:\/\/hgabodegas.com\/producto\/sacrima\/","og_site_name":"Tienda de vinos HGA Bodegas","article_modified_time":"2023-05-22T15:43:45+00:00","og_image":[{"width":481,"height":480,"url":"https:\/\/hgabodegas.com\/wp-content\/uploads\/2020\/11\/V_SACRIMA-1.jpg","type":"image\/jpeg"}],"twitter_card":"summary_large_image","twitter_misc":{"Est. reading time":"1 minute"},"schema":{"@context":"https:\/\/schema.org","@graph":[{"@type":"WebPage","@id":"https:\/\/hgabodegas.com\/producto\/sacrima\/","url":"https:\/\/hgabodegas.com\/producto\/sacrima\/","name":"S\u00c1CRIMA - Tienda de vinos HGA Bodegas","isPartOf":{"@id":"https:\/\/hgabodegas.com\/#website"},"primaryImageOfPage":{"@id":"https:\/\/hgabodegas.com\/producto\/sacrima\/#primaryimage"},"image":{"@id":"https:\/\/hgabodegas.com\/producto\/sacrima\/#primaryimage"},"thumbnailUrl":"https:\/\/hgabodegas.com\/wp-content\/uploads\/2020\/11\/V_SACRIMA-1.jpg","datePublished":"2020-11-10T09:27:49+00:00","dateModified":"2023-05-22T15:43:45+00:00","description":"S\u00e1crima es un vino tinto de uva menc\u00eda elaborado por Bodegas Regina Viarum perteneciente a la denominaci\u00f3n de Origen Ribeira Sacra","breadcrumb":{"@id":"https:\/\/hgabodegas.com\/producto\/sacrima\/#breadcrumb"},"inLanguage":"en-US","potentialAction":[{"@type":"ReadAction","target":["https:\/\/hgabodegas.com\/producto\/sacrima\/"]}]},{"@type":"ImageObject","inLanguage":"en-US","@id":"https:\/\/hgabodegas.com\/producto\/sacrima\/#primaryimage","url":"https:\/\/hgabodegas.com\/wp-content\/uploads\/2020\/11\/V_SACRIMA-1.jpg","contentUrl":"https:\/\/hgabodegas.com\/wp-content\/uploads\/2020\/11\/V_SACRIMA-1.jpg","width":481,"height":480,"caption":"Sacrima. D.O. Ribeira Sacra"},{"@type":"BreadcrumbList","@id":"https:\/\/hgabodegas.com\/producto\/sacrima\/#breadcrumb","itemListElement":[{"@type":"ListItem","position":1,"name":"Portada","item":"https:\/\/hgabodegas.com\/en\/inicio\/"},{"@type":"ListItem","position":2,"name":"Productos","item":"https:\/\/hgabodegas.com\/pagina-de-inicio\/"},{"@type":"ListItem","position":3,"name":"S\u00c1CRIMA"}]},{"@type":"WebSite","@id":"https:\/\/hgabodegas.com\/#website","url":"https:\/\/hgabodegas.com\/","name":"Tienda de vinos HGA Bodegas","description":"Descubre la gran variedad de vinos de nuestras bodegas","potentialAction":[{"@type":"SearchAction","target":{"@type":"EntryPoint","urlTemplate":"https:\/\/hgabodegas.com\/?s={search_term_string}"},"query-input":{"@type":"PropertyValueSpecification","valueRequired":true,"valueName":"search_term_string"}}],"inLanguage":"en-US"}]}},"_links":{"self":[{"href":"https:\/\/hgabodegas.com\/en\/wp-json\/wp\/v2\/product\/139"}],"collection":[{"href":"https:\/\/hgabodegas.com\/en\/wp-json\/wp\/v2\/product"}],"about":[{"href":"https:\/\/hgabodegas.com\/en\/wp-json\/wp\/v2\/types\/product"}],"wp:featuredmedia":[{"embeddable":true,"href":"https:\/\/hgabodegas.com\/en\/wp-json\/wp\/v2\/media\/5801"}],"wp:attachment":[{"href":"https:\/\/hgabodegas.com\/en\/wp-json\/wp\/v2\/media?parent=139"}],"wp:term":[{"taxonomy":"product_cat","embeddable":true,"href":"https:\/\/hgabodegas.com\/en\/wp-json\/wp\/v2\/product_cat?post=139"},{"taxonomy":"product_tag","embeddable":true,"href":"https:\/\/hgabodegas.com\/en\/wp-json\/wp\/v2\/product_tag?post=139"}],"curies":[{"name":"wp","href":"https:\/\/api.w.org\/{rel}","templated":true}]}}