{"id":147,"date":"2020-11-10T09:27:49","date_gmt":"2020-11-10T09:27:49","guid":{"rendered":"https:\/\/ywz.es\/?product=import-placeholder-for-2300"},"modified":"2025-05-09T13:40:15","modified_gmt":"2025-05-09T13:40:15","slug":"aceite-olivo-de-altos","status":"publish","type":"product","link":"https:\/\/hgabodegas.com\/en\/producto\/aceite-olivo-de-altos\/","title":{"rendered":"ACEITE OLIVO DE ALTOS"},"content":{"rendered":"<p>El equilibrio entre el amargo, picante y afrutado de este aceite, confluye en una armon\u00eda de sabores, en donde destacan los aromas a hierba reci\u00e9n cortada y las notas de tomatera que le confiere la Arbequina, en combinaci\u00f3n con los matices de hoja de higuera de la variedad Picual.<\/p>\n","protected":false},"excerpt":{"rendered":"<p class=\"p4\"><span style=\"color: #000000;\">50 cl<\/span><br \/>\n<strong>D.O.:<\/strong> R\u00edas Baixas<br \/>\n<strong>BODEGA:<\/strong> Altos de Torona<br \/>\n<strong>VARIEDADES:<\/strong> Arbequina, picual y hojiblanca<\/p>\n","protected":false},"featured_media":7132,"template":"","meta":[],"product_cat":[121,111,35,36],"product_tag":[],"yoast_head":"<!-- This site is optimized with the Yoast SEO plugin v23.4 - https:\/\/yoast.com\/wordpress\/plugins\/seo\/ -->\n<title>Aceite Olivo de Altos<\/title>\n<meta name=\"robots\" content=\"index, follow, max-snippet:-1, max-image-preview:large, max-video-preview:-1\" \/>\n<link rel=\"canonical\" href=\"https:\/\/hgabodegas.com\/producto\/aceite-olivo-de-altos\/\" \/>\n<meta property=\"og:locale\" content=\"en_US\" \/>\n<meta property=\"og:type\" content=\"article\" \/>\n<meta property=\"og:title\" content=\"Aceite Olivo de Altos\" \/>\n<meta property=\"og:description\" content=\"50 cl D.O.: R\u00edas Baixas BODEGA: Altos de Torona VARIEDADES: Arbequina, picual y hojiblanca\" \/>\n<meta property=\"og:url\" content=\"https:\/\/hgabodegas.com\/producto\/aceite-olivo-de-altos\/\" \/>\n<meta property=\"og:site_name\" content=\"Tienda de vinos HGA Bodegas\" \/>\n<meta property=\"article:modified_time\" content=\"2025-05-09T13:40:15+00:00\" \/>\n<meta property=\"og:image\" content=\"https:\/\/hgabodegas.com\/wp-content\/uploads\/2020\/11\/Olivo_altos_01-2.jpg\" \/>\n\t<meta property=\"og:image:width\" content=\"480\" \/>\n\t<meta property=\"og:image:height\" content=\"480\" \/>\n\t<meta property=\"og:image:type\" content=\"image\/jpeg\" \/>\n<meta name=\"twitter:card\" content=\"summary_large_image\" \/>\n<meta name=\"twitter:label1\" content=\"Est. reading time\" \/>\n\t<meta name=\"twitter:data1\" content=\"1 minute\" \/>\n<script type=\"application\/ld+json\" class=\"yoast-schema-graph\">{\"@context\":\"https:\/\/schema.org\",\"@graph\":[{\"@type\":\"WebPage\",\"@id\":\"https:\/\/hgabodegas.com\/producto\/aceite-olivo-de-altos\/\",\"url\":\"https:\/\/hgabodegas.com\/producto\/aceite-olivo-de-altos\/\",\"name\":\"Aceite Olivo de Altos\",\"isPartOf\":{\"@id\":\"https:\/\/hgabodegas.com\/#website\"},\"primaryImageOfPage\":{\"@id\":\"https:\/\/hgabodegas.com\/producto\/aceite-olivo-de-altos\/#primaryimage\"},\"image\":{\"@id\":\"https:\/\/hgabodegas.com\/producto\/aceite-olivo-de-altos\/#primaryimage\"},\"thumbnailUrl\":\"https:\/\/hgabodegas.com\/wp-content\/uploads\/2020\/11\/Olivo_altos_01-2.jpg\",\"datePublished\":\"2020-11-10T09:27:49+00:00\",\"dateModified\":\"2025-05-09T13:40:15+00:00\",\"breadcrumb\":{\"@id\":\"https:\/\/hgabodegas.com\/producto\/aceite-olivo-de-altos\/#breadcrumb\"},\"inLanguage\":\"en-US\",\"potentialAction\":[{\"@type\":\"ReadAction\",\"target\":[\"https:\/\/hgabodegas.com\/producto\/aceite-olivo-de-altos\/\"]}]},{\"@type\":\"ImageObject\",\"inLanguage\":\"en-US\",\"@id\":\"https:\/\/hgabodegas.com\/producto\/aceite-olivo-de-altos\/#primaryimage\",\"url\":\"https:\/\/hgabodegas.com\/wp-content\/uploads\/2020\/11\/Olivo_altos_01-2.jpg\",\"contentUrl\":\"https:\/\/hgabodegas.com\/wp-content\/uploads\/2020\/11\/Olivo_altos_01-2.jpg\",\"width\":480,\"height\":480,\"caption\":\"Aceite Olivo de Altos\"},{\"@type\":\"BreadcrumbList\",\"@id\":\"https:\/\/hgabodegas.com\/producto\/aceite-olivo-de-altos\/#breadcrumb\",\"itemListElement\":[{\"@type\":\"ListItem\",\"position\":1,\"name\":\"Portada\",\"item\":\"https:\/\/hgabodegas.com\/en\/inicio\/\"},{\"@type\":\"ListItem\",\"position\":2,\"name\":\"Productos\",\"item\":\"https:\/\/hgabodegas.com\/pagina-de-inicio\/\"},{\"@type\":\"ListItem\",\"position\":3,\"name\":\"ACEITE OLIVO DE ALTOS\"}]},{\"@type\":\"WebSite\",\"@id\":\"https:\/\/hgabodegas.com\/#website\",\"url\":\"https:\/\/hgabodegas.com\/\",\"name\":\"Tienda de vinos HGA Bodegas\",\"description\":\"Descubre la gran variedad de vinos de nuestras bodegas\",\"potentialAction\":[{\"@type\":\"SearchAction\",\"target\":{\"@type\":\"EntryPoint\",\"urlTemplate\":\"https:\/\/hgabodegas.com\/?s={search_term_string}\"},\"query-input\":{\"@type\":\"PropertyValueSpecification\",\"valueRequired\":true,\"valueName\":\"search_term_string\"}}],\"inLanguage\":\"en-US\"}]}<\/script>\n<!-- \/ Yoast SEO plugin. -->","yoast_head_json":{"title":"Aceite Olivo de Altos","robots":{"index":"index","follow":"follow","max-snippet":"max-snippet:-1","max-image-preview":"max-image-preview:large","max-video-preview":"max-video-preview:-1"},"canonical":"https:\/\/hgabodegas.com\/producto\/aceite-olivo-de-altos\/","og_locale":"en_US","og_type":"article","og_title":"Aceite Olivo de Altos","og_description":"50 cl D.O.: R\u00edas Baixas BODEGA: Altos de Torona VARIEDADES: Arbequina, picual y hojiblanca","og_url":"https:\/\/hgabodegas.com\/producto\/aceite-olivo-de-altos\/","og_site_name":"Tienda de vinos HGA Bodegas","article_modified_time":"2025-05-09T13:40:15+00:00","og_image":[{"width":480,"height":480,"url":"https:\/\/hgabodegas.com\/wp-content\/uploads\/2020\/11\/Olivo_altos_01-2.jpg","type":"image\/jpeg"}],"twitter_card":"summary_large_image","twitter_misc":{"Est. reading time":"1 minute"},"schema":{"@context":"https:\/\/schema.org","@graph":[{"@type":"WebPage","@id":"https:\/\/hgabodegas.com\/producto\/aceite-olivo-de-altos\/","url":"https:\/\/hgabodegas.com\/producto\/aceite-olivo-de-altos\/","name":"Aceite Olivo de Altos","isPartOf":{"@id":"https:\/\/hgabodegas.com\/#website"},"primaryImageOfPage":{"@id":"https:\/\/hgabodegas.com\/producto\/aceite-olivo-de-altos\/#primaryimage"},"image":{"@id":"https:\/\/hgabodegas.com\/producto\/aceite-olivo-de-altos\/#primaryimage"},"thumbnailUrl":"https:\/\/hgabodegas.com\/wp-content\/uploads\/2020\/11\/Olivo_altos_01-2.jpg","datePublished":"2020-11-10T09:27:49+00:00","dateModified":"2025-05-09T13:40:15+00:00","breadcrumb":{"@id":"https:\/\/hgabodegas.com\/producto\/aceite-olivo-de-altos\/#breadcrumb"},"inLanguage":"en-US","potentialAction":[{"@type":"ReadAction","target":["https:\/\/hgabodegas.com\/producto\/aceite-olivo-de-altos\/"]}]},{"@type":"ImageObject","inLanguage":"en-US","@id":"https:\/\/hgabodegas.com\/producto\/aceite-olivo-de-altos\/#primaryimage","url":"https:\/\/hgabodegas.com\/wp-content\/uploads\/2020\/11\/Olivo_altos_01-2.jpg","contentUrl":"https:\/\/hgabodegas.com\/wp-content\/uploads\/2020\/11\/Olivo_altos_01-2.jpg","width":480,"height":480,"caption":"Aceite Olivo de Altos"},{"@type":"BreadcrumbList","@id":"https:\/\/hgabodegas.com\/producto\/aceite-olivo-de-altos\/#breadcrumb","itemListElement":[{"@type":"ListItem","position":1,"name":"Portada","item":"https:\/\/hgabodegas.com\/en\/inicio\/"},{"@type":"ListItem","position":2,"name":"Productos","item":"https:\/\/hgabodegas.com\/pagina-de-inicio\/"},{"@type":"ListItem","position":3,"name":"ACEITE OLIVO DE ALTOS"}]},{"@type":"WebSite","@id":"https:\/\/hgabodegas.com\/#website","url":"https:\/\/hgabodegas.com\/","name":"Tienda de vinos HGA Bodegas","description":"Descubre la gran variedad de vinos de nuestras bodegas","potentialAction":[{"@type":"SearchAction","target":{"@type":"EntryPoint","urlTemplate":"https:\/\/hgabodegas.com\/?s={search_term_string}"},"query-input":{"@type":"PropertyValueSpecification","valueRequired":true,"valueName":"search_term_string"}}],"inLanguage":"en-US"}]}},"_links":{"self":[{"href":"https:\/\/hgabodegas.com\/en\/wp-json\/wp\/v2\/product\/147"}],"collection":[{"href":"https:\/\/hgabodegas.com\/en\/wp-json\/wp\/v2\/product"}],"about":[{"href":"https:\/\/hgabodegas.com\/en\/wp-json\/wp\/v2\/types\/product"}],"wp:featuredmedia":[{"embeddable":true,"href":"https:\/\/hgabodegas.com\/en\/wp-json\/wp\/v2\/media\/7132"}],"wp:attachment":[{"href":"https:\/\/hgabodegas.com\/en\/wp-json\/wp\/v2\/media?parent=147"}],"wp:term":[{"taxonomy":"product_cat","embeddable":true,"href":"https:\/\/hgabodegas.com\/en\/wp-json\/wp\/v2\/product_cat?post=147"},{"taxonomy":"product_tag","embeddable":true,"href":"https:\/\/hgabodegas.com\/en\/wp-json\/wp\/v2\/product_tag?post=147"}],"curies":[{"name":"wp","href":"https:\/\/api.w.org\/{rel}","templated":true}]}}