{"id":148,"date":"2020-11-10T09:27:49","date_gmt":"2020-11-10T09:27:49","guid":{"rendered":"https:\/\/ywz.es\/?product=import-placeholder-for-2845"},"modified":"2026-01-27T10:09:11","modified_gmt":"2026-01-27T10:09:11","slug":"regina-viarum-rosae","status":"publish","type":"product","link":"https:\/\/hgabodegas.com\/en\/producto\/regina-viarum-rosae\/","title":{"rendered":"REGINA VIARUM ROSAE"},"content":{"rendered":"<p><strong>Vista: <\/strong>Color rosa frambuesa, atractivo y cristalino.<\/p>\n<p><strong>Nariz: <\/strong>Fino y fresco. De intensidad media, con aromas dominados por fresa \u00e1cida, cereza y frambuesa.<\/p>\n<p><strong>Boca: <\/strong>Elegante, buena acidez y cuerpo equilibrado. Con recuerdos a frutas rojas y envolvente frescura.<\/p>\n<p><strong>Gastronom\u00eda: <\/strong>Ideal como aperitivo o con verduras a la plancha, salpic\u00f3n de marisco o risottos.<\/p>\n<p><a href=\"https:\/\/hgabodegas.com\/PDF\/ficha_tecnica\/Regina_Viarum_Rosae_ES_b.pdf\" target=\"_blank\" rel=\"noopener noreferrer\">DESCARGAR FICHA DE CATA<\/a><\/p>\n","protected":false},"excerpt":{"rendered":"<div class=\"woocommerce-product-details__short-description\">\n<p>75 cl<strong><br \/>\nD.O.:<\/strong>\u00a0Ribeira Sacra<br \/>\n<strong>BODEGA:<\/strong>\u00a0Regina Viarum<br \/>\n<strong>VARIEDADES:\u00a0<\/strong>Menc\u00eda<\/p>\n<p>La uva tinta menc\u00eda macera durante una hora a muy baja temperatura y se recoge el mosto mediante sangrado tradicional por gravedad, con prensado manual. La corta maceraci\u00f3n sintetiza este mosto en aromas y sabores primarios, que recuerdan a la variedad menc\u00eda con sus matices afrutados. Le sigue una fermentaci\u00f3n a una temperatura controlada de 15\u00baC\/ 18\u00baC durante 15 d\u00edas.<\/p>\n<p><span style=\"font-size: 14px; color: #bfa356;\"><strong>FEIRA DO VI\u00d1O DE AMANDI 2023<\/strong> &#8211; Mejor vino rosado.<\/span><\/p>\n<\/div>\n","protected":false},"featured_media":1770,"template":"","meta":[],"product_cat":[140,137,155,26,37,36],"product_tag":[],"yoast_head":"<!-- This site is optimized with the Yoast SEO plugin v23.4 - https:\/\/yoast.com\/wordpress\/plugins\/seo\/ -->\n<title>REGINA VIARUM ROSAE - Tienda de vinos HGA Bodegas<\/title>\n<meta name=\"description\" content=\"Regina Viarum Rosae es un vino rosado de uva menc\u00eda elaborado por Bodegas Regina Viarum pertenece a la denominaci\u00f3n de Origen Ribeira Sacra\" \/>\n<meta name=\"robots\" content=\"index, follow, max-snippet:-1, max-image-preview:large, max-video-preview:-1\" \/>\n<link rel=\"canonical\" href=\"https:\/\/hgabodegas.com\/producto\/regina-viarum-rosae\/\" \/>\n<meta property=\"og:locale\" content=\"en_US\" \/>\n<meta property=\"og:type\" content=\"article\" \/>\n<meta property=\"og:title\" content=\"REGINA VIARUM ROSAE - Tienda de vinos HGA Bodegas\" \/>\n<meta property=\"og:description\" content=\"Regina Viarum Rosae es un vino rosado de uva menc\u00eda elaborado por Bodegas Regina Viarum pertenece a la denominaci\u00f3n de Origen Ribeira Sacra\" \/>\n<meta property=\"og:url\" content=\"https:\/\/hgabodegas.com\/producto\/regina-viarum-rosae\/\" \/>\n<meta property=\"og:site_name\" content=\"Tienda de vinos HGA Bodegas\" \/>\n<meta property=\"article:modified_time\" content=\"2026-01-27T10:09:11+00:00\" \/>\n<meta property=\"og:image\" content=\"https:\/\/hgabodegas.com\/wp-content\/uploads\/2020\/11\/V_REGINA_VIARUM_ROSAE.jpg\" \/>\n\t<meta property=\"og:image:width\" content=\"481\" \/>\n\t<meta property=\"og:image:height\" content=\"480\" \/>\n\t<meta property=\"og:image:type\" content=\"image\/jpeg\" \/>\n<meta name=\"twitter:card\" content=\"summary_large_image\" \/>\n<meta name=\"twitter:label1\" content=\"Est. reading time\" \/>\n\t<meta name=\"twitter:data1\" content=\"1 minute\" \/>\n<script type=\"application\/ld+json\" class=\"yoast-schema-graph\">{\"@context\":\"https:\/\/schema.org\",\"@graph\":[{\"@type\":\"WebPage\",\"@id\":\"https:\/\/hgabodegas.com\/producto\/regina-viarum-rosae\/\",\"url\":\"https:\/\/hgabodegas.com\/producto\/regina-viarum-rosae\/\",\"name\":\"REGINA VIARUM ROSAE - Tienda de vinos HGA Bodegas\",\"isPartOf\":{\"@id\":\"https:\/\/hgabodegas.com\/#website\"},\"primaryImageOfPage\":{\"@id\":\"https:\/\/hgabodegas.com\/producto\/regina-viarum-rosae\/#primaryimage\"},\"image\":{\"@id\":\"https:\/\/hgabodegas.com\/producto\/regina-viarum-rosae\/#primaryimage\"},\"thumbnailUrl\":\"https:\/\/hgabodegas.com\/wp-content\/uploads\/2020\/11\/V_REGINA_VIARUM_ROSAE.jpg\",\"datePublished\":\"2020-11-10T09:27:49+00:00\",\"dateModified\":\"2026-01-27T10:09:11+00:00\",\"description\":\"Regina Viarum Rosae es un vino rosado de uva menc\u00eda elaborado por Bodegas Regina Viarum pertenece a la denominaci\u00f3n de Origen Ribeira Sacra\",\"breadcrumb\":{\"@id\":\"https:\/\/hgabodegas.com\/producto\/regina-viarum-rosae\/#breadcrumb\"},\"inLanguage\":\"en-US\",\"potentialAction\":[{\"@type\":\"ReadAction\",\"target\":[\"https:\/\/hgabodegas.com\/producto\/regina-viarum-rosae\/\"]}]},{\"@type\":\"ImageObject\",\"inLanguage\":\"en-US\",\"@id\":\"https:\/\/hgabodegas.com\/producto\/regina-viarum-rosae\/#primaryimage\",\"url\":\"https:\/\/hgabodegas.com\/wp-content\/uploads\/2020\/11\/V_REGINA_VIARUM_ROSAE.jpg\",\"contentUrl\":\"https:\/\/hgabodegas.com\/wp-content\/uploads\/2020\/11\/V_REGINA_VIARUM_ROSAE.jpg\",\"width\":481,\"height\":480,\"caption\":\"Regina Viarum Rosae\"},{\"@type\":\"BreadcrumbList\",\"@id\":\"https:\/\/hgabodegas.com\/producto\/regina-viarum-rosae\/#breadcrumb\",\"itemListElement\":[{\"@type\":\"ListItem\",\"position\":1,\"name\":\"Portada\",\"item\":\"https:\/\/hgabodegas.com\/en\/inicio\/\"},{\"@type\":\"ListItem\",\"position\":2,\"name\":\"Productos\",\"item\":\"https:\/\/hgabodegas.com\/pagina-de-inicio\/\"},{\"@type\":\"ListItem\",\"position\":3,\"name\":\"REGINA VIARUM ROSAE\"}]},{\"@type\":\"WebSite\",\"@id\":\"https:\/\/hgabodegas.com\/#website\",\"url\":\"https:\/\/hgabodegas.com\/\",\"name\":\"Tienda de vinos HGA Bodegas\",\"description\":\"Descubre la gran variedad de vinos de nuestras bodegas\",\"potentialAction\":[{\"@type\":\"SearchAction\",\"target\":{\"@type\":\"EntryPoint\",\"urlTemplate\":\"https:\/\/hgabodegas.com\/?s={search_term_string}\"},\"query-input\":{\"@type\":\"PropertyValueSpecification\",\"valueRequired\":true,\"valueName\":\"search_term_string\"}}],\"inLanguage\":\"en-US\"}]}<\/script>\n<!-- \/ Yoast SEO plugin. -->","yoast_head_json":{"title":"REGINA VIARUM ROSAE - Tienda de vinos HGA Bodegas","description":"Regina Viarum Rosae es un vino rosado de uva menc\u00eda elaborado por Bodegas Regina Viarum pertenece a la denominaci\u00f3n de Origen Ribeira Sacra","robots":{"index":"index","follow":"follow","max-snippet":"max-snippet:-1","max-image-preview":"max-image-preview:large","max-video-preview":"max-video-preview:-1"},"canonical":"https:\/\/hgabodegas.com\/producto\/regina-viarum-rosae\/","og_locale":"en_US","og_type":"article","og_title":"REGINA VIARUM ROSAE - Tienda de vinos HGA Bodegas","og_description":"Regina Viarum Rosae es un vino rosado de uva menc\u00eda elaborado por Bodegas Regina Viarum pertenece a la denominaci\u00f3n de Origen Ribeira Sacra","og_url":"https:\/\/hgabodegas.com\/producto\/regina-viarum-rosae\/","og_site_name":"Tienda de vinos HGA Bodegas","article_modified_time":"2026-01-27T10:09:11+00:00","og_image":[{"width":481,"height":480,"url":"https:\/\/hgabodegas.com\/wp-content\/uploads\/2020\/11\/V_REGINA_VIARUM_ROSAE.jpg","type":"image\/jpeg"}],"twitter_card":"summary_large_image","twitter_misc":{"Est. reading time":"1 minute"},"schema":{"@context":"https:\/\/schema.org","@graph":[{"@type":"WebPage","@id":"https:\/\/hgabodegas.com\/producto\/regina-viarum-rosae\/","url":"https:\/\/hgabodegas.com\/producto\/regina-viarum-rosae\/","name":"REGINA VIARUM ROSAE - Tienda de vinos HGA Bodegas","isPartOf":{"@id":"https:\/\/hgabodegas.com\/#website"},"primaryImageOfPage":{"@id":"https:\/\/hgabodegas.com\/producto\/regina-viarum-rosae\/#primaryimage"},"image":{"@id":"https:\/\/hgabodegas.com\/producto\/regina-viarum-rosae\/#primaryimage"},"thumbnailUrl":"https:\/\/hgabodegas.com\/wp-content\/uploads\/2020\/11\/V_REGINA_VIARUM_ROSAE.jpg","datePublished":"2020-11-10T09:27:49+00:00","dateModified":"2026-01-27T10:09:11+00:00","description":"Regina Viarum Rosae es un vino rosado de uva menc\u00eda elaborado por Bodegas Regina Viarum pertenece a la denominaci\u00f3n de Origen Ribeira Sacra","breadcrumb":{"@id":"https:\/\/hgabodegas.com\/producto\/regina-viarum-rosae\/#breadcrumb"},"inLanguage":"en-US","potentialAction":[{"@type":"ReadAction","target":["https:\/\/hgabodegas.com\/producto\/regina-viarum-rosae\/"]}]},{"@type":"ImageObject","inLanguage":"en-US","@id":"https:\/\/hgabodegas.com\/producto\/regina-viarum-rosae\/#primaryimage","url":"https:\/\/hgabodegas.com\/wp-content\/uploads\/2020\/11\/V_REGINA_VIARUM_ROSAE.jpg","contentUrl":"https:\/\/hgabodegas.com\/wp-content\/uploads\/2020\/11\/V_REGINA_VIARUM_ROSAE.jpg","width":481,"height":480,"caption":"Regina Viarum Rosae"},{"@type":"BreadcrumbList","@id":"https:\/\/hgabodegas.com\/producto\/regina-viarum-rosae\/#breadcrumb","itemListElement":[{"@type":"ListItem","position":1,"name":"Portada","item":"https:\/\/hgabodegas.com\/en\/inicio\/"},{"@type":"ListItem","position":2,"name":"Productos","item":"https:\/\/hgabodegas.com\/pagina-de-inicio\/"},{"@type":"ListItem","position":3,"name":"REGINA VIARUM ROSAE"}]},{"@type":"WebSite","@id":"https:\/\/hgabodegas.com\/#website","url":"https:\/\/hgabodegas.com\/","name":"Tienda de vinos HGA Bodegas","description":"Descubre la gran variedad de vinos de nuestras bodegas","potentialAction":[{"@type":"SearchAction","target":{"@type":"EntryPoint","urlTemplate":"https:\/\/hgabodegas.com\/?s={search_term_string}"},"query-input":{"@type":"PropertyValueSpecification","valueRequired":true,"valueName":"search_term_string"}}],"inLanguage":"en-US"}]}},"_links":{"self":[{"href":"https:\/\/hgabodegas.com\/en\/wp-json\/wp\/v2\/product\/148"}],"collection":[{"href":"https:\/\/hgabodegas.com\/en\/wp-json\/wp\/v2\/product"}],"about":[{"href":"https:\/\/hgabodegas.com\/en\/wp-json\/wp\/v2\/types\/product"}],"wp:featuredmedia":[{"embeddable":true,"href":"https:\/\/hgabodegas.com\/en\/wp-json\/wp\/v2\/media\/1770"}],"wp:attachment":[{"href":"https:\/\/hgabodegas.com\/en\/wp-json\/wp\/v2\/media?parent=148"}],"wp:term":[{"taxonomy":"product_cat","embeddable":true,"href":"https:\/\/hgabodegas.com\/en\/wp-json\/wp\/v2\/product_cat?post=148"},{"taxonomy":"product_tag","embeddable":true,"href":"https:\/\/hgabodegas.com\/en\/wp-json\/wp\/v2\/product_tag?post=148"}],"curies":[{"name":"wp","href":"https:\/\/api.w.org\/{rel}","templated":true}]}}