{"id":155,"date":"2020-11-10T09:27:49","date_gmt":"2020-11-10T09:27:49","guid":{"rendered":"https:\/\/ywz.es\/?product=import-placeholder-for-3463"},"modified":"2022-12-20T16:34:37","modified_gmt":"2022-12-20T16:34:37","slug":"altos-de-torona-brut-y-turron-de-albarino","status":"publish","type":"product","link":"https:\/\/hgabodegas.com\/en\/producto\/altos-de-torona-brut-y-turron-de-albarino\/","title":{"rendered":"ALTOS DE TORONA BRUT Y TURR\u00d3N DE ALBARI\u00d1O"},"content":{"rendered":"","protected":false},"excerpt":{"rendered":"<div class=\"page\" title=\"Page 1\">\n<div class=\"layoutArea\">\n<div class=\"column\">\n<p><span style=\"color: #000000;\">Pack ESPECIAL<br \/>\n<\/span><span style=\"color: #000000;\">Botella 75 cl + Turr\u00f3n de albari\u00f1o<\/span><strong><br \/>\nD.O.:<\/strong>\u00a0R\u00edas Baixas<br \/>\n<strong>BODEGA:<\/strong> Altos de Torona<br \/>\n<strong>VARIEDADES:<\/strong> Albari\u00f1o<\/p>\n<p>Elaborado con uva 100% Albari\u00f1o a trav\u00e9s del m\u00e9todo tradicional Champenoise, con 15 meses de crianza y 6 meses en botella.<\/p>\n<\/div>\n<\/div>\n<\/div>\n","protected":false},"featured_media":1687,"template":"","meta":[],"product_cat":[140,131,154,23,21],"product_tag":[],"yoast_head":"<!-- This site is optimized with the Yoast SEO plugin v23.4 - https:\/\/yoast.com\/wordpress\/plugins\/seo\/ -->\n<title>Altos de Torona Brut y Turr\u00f3n de Albari\u00f1o<\/title>\n<meta name=\"robots\" content=\"index, follow, max-snippet:-1, max-image-preview:large, max-video-preview:-1\" \/>\n<link rel=\"canonical\" href=\"https:\/\/hgabodegas.com\/producto\/altos-de-torona-brut-y-turron-de-albarino\/\" \/>\n<meta property=\"og:locale\" content=\"en_US\" \/>\n<meta property=\"og:type\" content=\"article\" \/>\n<meta property=\"og:title\" content=\"Altos de Torona Brut y Turr\u00f3n de Albari\u00f1o\" \/>\n<meta property=\"og:description\" content=\"Pack ESPECIAL Botella 75 cl + Turr\u00f3n de albari\u00f1o D.O.:\u00a0R\u00edas Baixas BODEGA: Altos de Torona VARIEDADES: Albari\u00f1o  Elaborado con uva 100% Albari\u00f1o a trav\u00e9s del m\u00e9todo tradicional Champenoise, con 15 meses de crianza y 6 meses en botella.\" \/>\n<meta property=\"og:url\" content=\"https:\/\/hgabodegas.com\/producto\/altos-de-torona-brut-y-turron-de-albarino\/\" \/>\n<meta property=\"og:site_name\" content=\"Tienda de vinos HGA Bodegas\" \/>\n<meta property=\"article:modified_time\" content=\"2022-12-20T16:34:37+00:00\" \/>\n<meta property=\"og:image\" content=\"https:\/\/hgabodegas.com\/wp-content\/uploads\/2020\/11\/EE_Altos_de_Torona_Brut-Turron2.jpg\" \/>\n\t<meta property=\"og:image:width\" content=\"481\" \/>\n\t<meta property=\"og:image:height\" content=\"481\" \/>\n\t<meta property=\"og:image:type\" content=\"image\/jpeg\" \/>\n<meta name=\"twitter:card\" content=\"summary_large_image\" \/>\n<script type=\"application\/ld+json\" class=\"yoast-schema-graph\">{\"@context\":\"https:\/\/schema.org\",\"@graph\":[{\"@type\":\"WebPage\",\"@id\":\"https:\/\/hgabodegas.com\/producto\/altos-de-torona-brut-y-turron-de-albarino\/\",\"url\":\"https:\/\/hgabodegas.com\/producto\/altos-de-torona-brut-y-turron-de-albarino\/\",\"name\":\"Altos de Torona Brut y Turr\u00f3n de Albari\u00f1o\",\"isPartOf\":{\"@id\":\"https:\/\/hgabodegas.com\/#website\"},\"primaryImageOfPage\":{\"@id\":\"https:\/\/hgabodegas.com\/producto\/altos-de-torona-brut-y-turron-de-albarino\/#primaryimage\"},\"image\":{\"@id\":\"https:\/\/hgabodegas.com\/producto\/altos-de-torona-brut-y-turron-de-albarino\/#primaryimage\"},\"thumbnailUrl\":\"https:\/\/hgabodegas.com\/wp-content\/uploads\/2020\/11\/EE_Altos_de_Torona_Brut-Turron2.jpg\",\"datePublished\":\"2020-11-10T09:27:49+00:00\",\"dateModified\":\"2022-12-20T16:34:37+00:00\",\"breadcrumb\":{\"@id\":\"https:\/\/hgabodegas.com\/producto\/altos-de-torona-brut-y-turron-de-albarino\/#breadcrumb\"},\"inLanguage\":\"en-US\",\"potentialAction\":[{\"@type\":\"ReadAction\",\"target\":[\"https:\/\/hgabodegas.com\/producto\/altos-de-torona-brut-y-turron-de-albarino\/\"]}]},{\"@type\":\"ImageObject\",\"inLanguage\":\"en-US\",\"@id\":\"https:\/\/hgabodegas.com\/producto\/altos-de-torona-brut-y-turron-de-albarino\/#primaryimage\",\"url\":\"https:\/\/hgabodegas.com\/wp-content\/uploads\/2020\/11\/EE_Altos_de_Torona_Brut-Turron2.jpg\",\"contentUrl\":\"https:\/\/hgabodegas.com\/wp-content\/uploads\/2020\/11\/EE_Altos_de_Torona_Brut-Turron2.jpg\",\"width\":481,\"height\":481,\"caption\":\"Caja Altos de Torona Espumoso con turr\u00f3n de albari\u00f1o\"},{\"@type\":\"BreadcrumbList\",\"@id\":\"https:\/\/hgabodegas.com\/producto\/altos-de-torona-brut-y-turron-de-albarino\/#breadcrumb\",\"itemListElement\":[{\"@type\":\"ListItem\",\"position\":1,\"name\":\"Portada\",\"item\":\"https:\/\/hgabodegas.com\/en\/inicio\/\"},{\"@type\":\"ListItem\",\"position\":2,\"name\":\"Productos\",\"item\":\"https:\/\/hgabodegas.com\/pagina-de-inicio\/\"},{\"@type\":\"ListItem\",\"position\":3,\"name\":\"ALTOS DE TORONA BRUT Y TURR\u00d3N DE ALBARI\u00d1O\"}]},{\"@type\":\"WebSite\",\"@id\":\"https:\/\/hgabodegas.com\/#website\",\"url\":\"https:\/\/hgabodegas.com\/\",\"name\":\"Tienda de vinos HGA Bodegas\",\"description\":\"Descubre la gran variedad de vinos de nuestras bodegas\",\"potentialAction\":[{\"@type\":\"SearchAction\",\"target\":{\"@type\":\"EntryPoint\",\"urlTemplate\":\"https:\/\/hgabodegas.com\/?s={search_term_string}\"},\"query-input\":{\"@type\":\"PropertyValueSpecification\",\"valueRequired\":true,\"valueName\":\"search_term_string\"}}],\"inLanguage\":\"en-US\"}]}<\/script>\n<!-- \/ Yoast SEO plugin. -->","yoast_head_json":{"title":"Altos de Torona Brut y Turr\u00f3n de Albari\u00f1o","robots":{"index":"index","follow":"follow","max-snippet":"max-snippet:-1","max-image-preview":"max-image-preview:large","max-video-preview":"max-video-preview:-1"},"canonical":"https:\/\/hgabodegas.com\/producto\/altos-de-torona-brut-y-turron-de-albarino\/","og_locale":"en_US","og_type":"article","og_title":"Altos de Torona Brut y Turr\u00f3n de Albari\u00f1o","og_description":"Pack ESPECIAL Botella 75 cl + Turr\u00f3n de albari\u00f1o D.O.:\u00a0R\u00edas Baixas BODEGA: Altos de Torona VARIEDADES: Albari\u00f1o  Elaborado con uva 100% Albari\u00f1o a trav\u00e9s del m\u00e9todo tradicional Champenoise, con 15 meses de crianza y 6 meses en botella.","og_url":"https:\/\/hgabodegas.com\/producto\/altos-de-torona-brut-y-turron-de-albarino\/","og_site_name":"Tienda de vinos HGA Bodegas","article_modified_time":"2022-12-20T16:34:37+00:00","og_image":[{"width":481,"height":481,"url":"https:\/\/hgabodegas.com\/wp-content\/uploads\/2020\/11\/EE_Altos_de_Torona_Brut-Turron2.jpg","type":"image\/jpeg"}],"twitter_card":"summary_large_image","schema":{"@context":"https:\/\/schema.org","@graph":[{"@type":"WebPage","@id":"https:\/\/hgabodegas.com\/producto\/altos-de-torona-brut-y-turron-de-albarino\/","url":"https:\/\/hgabodegas.com\/producto\/altos-de-torona-brut-y-turron-de-albarino\/","name":"Altos de Torona Brut y Turr\u00f3n de Albari\u00f1o","isPartOf":{"@id":"https:\/\/hgabodegas.com\/#website"},"primaryImageOfPage":{"@id":"https:\/\/hgabodegas.com\/producto\/altos-de-torona-brut-y-turron-de-albarino\/#primaryimage"},"image":{"@id":"https:\/\/hgabodegas.com\/producto\/altos-de-torona-brut-y-turron-de-albarino\/#primaryimage"},"thumbnailUrl":"https:\/\/hgabodegas.com\/wp-content\/uploads\/2020\/11\/EE_Altos_de_Torona_Brut-Turron2.jpg","datePublished":"2020-11-10T09:27:49+00:00","dateModified":"2022-12-20T16:34:37+00:00","breadcrumb":{"@id":"https:\/\/hgabodegas.com\/producto\/altos-de-torona-brut-y-turron-de-albarino\/#breadcrumb"},"inLanguage":"en-US","potentialAction":[{"@type":"ReadAction","target":["https:\/\/hgabodegas.com\/producto\/altos-de-torona-brut-y-turron-de-albarino\/"]}]},{"@type":"ImageObject","inLanguage":"en-US","@id":"https:\/\/hgabodegas.com\/producto\/altos-de-torona-brut-y-turron-de-albarino\/#primaryimage","url":"https:\/\/hgabodegas.com\/wp-content\/uploads\/2020\/11\/EE_Altos_de_Torona_Brut-Turron2.jpg","contentUrl":"https:\/\/hgabodegas.com\/wp-content\/uploads\/2020\/11\/EE_Altos_de_Torona_Brut-Turron2.jpg","width":481,"height":481,"caption":"Caja Altos de Torona Espumoso con turr\u00f3n de albari\u00f1o"},{"@type":"BreadcrumbList","@id":"https:\/\/hgabodegas.com\/producto\/altos-de-torona-brut-y-turron-de-albarino\/#breadcrumb","itemListElement":[{"@type":"ListItem","position":1,"name":"Portada","item":"https:\/\/hgabodegas.com\/en\/inicio\/"},{"@type":"ListItem","position":2,"name":"Productos","item":"https:\/\/hgabodegas.com\/pagina-de-inicio\/"},{"@type":"ListItem","position":3,"name":"ALTOS DE TORONA BRUT Y TURR\u00d3N DE ALBARI\u00d1O"}]},{"@type":"WebSite","@id":"https:\/\/hgabodegas.com\/#website","url":"https:\/\/hgabodegas.com\/","name":"Tienda de vinos HGA Bodegas","description":"Descubre la gran variedad de vinos de nuestras bodegas","potentialAction":[{"@type":"SearchAction","target":{"@type":"EntryPoint","urlTemplate":"https:\/\/hgabodegas.com\/?s={search_term_string}"},"query-input":{"@type":"PropertyValueSpecification","valueRequired":true,"valueName":"search_term_string"}}],"inLanguage":"en-US"}]}},"_links":{"self":[{"href":"https:\/\/hgabodegas.com\/en\/wp-json\/wp\/v2\/product\/155"}],"collection":[{"href":"https:\/\/hgabodegas.com\/en\/wp-json\/wp\/v2\/product"}],"about":[{"href":"https:\/\/hgabodegas.com\/en\/wp-json\/wp\/v2\/types\/product"}],"wp:featuredmedia":[{"embeddable":true,"href":"https:\/\/hgabodegas.com\/en\/wp-json\/wp\/v2\/media\/1687"}],"wp:attachment":[{"href":"https:\/\/hgabodegas.com\/en\/wp-json\/wp\/v2\/media?parent=155"}],"wp:term":[{"taxonomy":"product_cat","embeddable":true,"href":"https:\/\/hgabodegas.com\/en\/wp-json\/wp\/v2\/product_cat?post=155"},{"taxonomy":"product_tag","embeddable":true,"href":"https:\/\/hgabodegas.com\/en\/wp-json\/wp\/v2\/product_tag?post=155"}],"curies":[{"name":"wp","href":"https:\/\/api.w.org\/{rel}","templated":true}]}}