{"id":2377,"date":"2021-01-24T19:33:59","date_gmt":"2021-01-24T19:33:59","guid":{"rendered":"https:\/\/ywz.es\/?post_type=product&#038;p=2377"},"modified":"2022-11-09T17:53:14","modified_gmt":"2022-11-09T17:53:14","slug":"ron-platu","status":"publish","type":"product","link":"https:\/\/hgabodegas.com\/en\/producto\/ron-platu\/","title":{"rendered":"RON PLATU"},"content":{"rendered":"<p><strong>VISTA:<\/strong> Color oro envejecido con tonalidades amarillo \u00e1mbar, brillante en copa y con intensidad alta.<\/p>\n<p><strong>NARIZ:<\/strong> Complejo pero equilibrado, con notas dulces de fruta pasificada ensamblados con los matices tostados, especiados y de vainilla aportados por su arduo coupage de rones de distintos or\u00edgenes que pasan por barricas de roble franc\u00e9s y americano de bourbon, cognac y jerez. En nariz nos muestra frescura y suavidad. Notas de frutas blancas, c\u00edtricas y caramelizadas.<\/p>\n<p><strong>BOCA:<\/strong> En boca nos muestra una entrada aterciopelada y dulzona con notas de madera tostada, pasas de corinto, caramelo, leche de almendras dulces y vainilla. Largo recorrido y muy goloso.<\/p>\n<p><a href=\"http:\/\/hgabodegas.com\/PDF\/ficha_tecnica\/Ron_PLATU_ES_b.pdf\" target=\"_blank\" rel=\"noopener noreferrer\">DESCARGAR NOTA DE CATA<\/a><\/p>\n","protected":false},"excerpt":{"rendered":"<p>Destilado de ca\u00f1a de az\u00facar procedente del tri\u00e1ngulo formado por los 3 mejores Or\u00edgenes Caribe\u00f1os: La Martinica, Cuba y Panam\u00e1.<\/p>\n<p>A\u00f1ejado en barricas de bourbon, cognac y jerez. Coupage de rones envejecidos (entre 5 y 20 a\u00f1os).<\/p>\n<p>Filtraci\u00f3n m\u00faltiple que elimina cualquier impureza natural.<\/p>\n","protected":false},"featured_media":1775,"template":"","meta":[],"product_cat":[24,179],"product_tag":[],"yoast_head":"<!-- This site is optimized with the Yoast SEO plugin v23.4 - https:\/\/yoast.com\/wordpress\/plugins\/seo\/ -->\n<title>RON PLATU - Tienda de vinos HGA Bodegas<\/title>\n<meta name=\"description\" content=\"Ron Plat\u00fa es un destilado de ca\u00f1a de az\u00facar caribe\u00f1a. A\u00f1ejado en barricas de bourbon, cognac y jerez. Coupage de rones envejecidos entre 5 y 20 a\u00f1os.\" \/>\n<meta name=\"robots\" content=\"index, follow, max-snippet:-1, max-image-preview:large, max-video-preview:-1\" \/>\n<link rel=\"canonical\" href=\"https:\/\/hgabodegas.com\/producto\/ron-platu\/\" \/>\n<meta property=\"og:locale\" content=\"en_US\" \/>\n<meta property=\"og:type\" content=\"article\" \/>\n<meta property=\"og:title\" content=\"RON PLATU - Tienda de vinos HGA Bodegas\" \/>\n<meta property=\"og:description\" content=\"Ron Plat\u00fa es un destilado de ca\u00f1a de az\u00facar caribe\u00f1a. A\u00f1ejado en barricas de bourbon, cognac y jerez. Coupage de rones envejecidos entre 5 y 20 a\u00f1os.\" \/>\n<meta property=\"og:url\" content=\"https:\/\/hgabodegas.com\/producto\/ron-platu\/\" \/>\n<meta property=\"og:site_name\" content=\"Tienda de vinos HGA Bodegas\" \/>\n<meta property=\"article:modified_time\" content=\"2022-11-09T17:53:14+00:00\" \/>\n<meta property=\"og:image\" content=\"https:\/\/hgabodegas.com\/wp-content\/uploads\/2020\/11\/V_Ron_PLATU.jpg\" \/>\n\t<meta property=\"og:image:width\" content=\"481\" \/>\n\t<meta property=\"og:image:height\" content=\"480\" \/>\n\t<meta property=\"og:image:type\" content=\"image\/jpeg\" \/>\n<meta name=\"twitter:card\" content=\"summary_large_image\" \/>\n<meta name=\"twitter:label1\" content=\"Est. reading time\" \/>\n\t<meta name=\"twitter:data1\" content=\"1 minute\" \/>\n<script type=\"application\/ld+json\" class=\"yoast-schema-graph\">{\"@context\":\"https:\/\/schema.org\",\"@graph\":[{\"@type\":\"WebPage\",\"@id\":\"https:\/\/hgabodegas.com\/producto\/ron-platu\/\",\"url\":\"https:\/\/hgabodegas.com\/producto\/ron-platu\/\",\"name\":\"RON PLATU - Tienda de vinos HGA Bodegas\",\"isPartOf\":{\"@id\":\"https:\/\/hgabodegas.com\/#website\"},\"primaryImageOfPage\":{\"@id\":\"https:\/\/hgabodegas.com\/producto\/ron-platu\/#primaryimage\"},\"image\":{\"@id\":\"https:\/\/hgabodegas.com\/producto\/ron-platu\/#primaryimage\"},\"thumbnailUrl\":\"https:\/\/hgabodegas.com\/wp-content\/uploads\/2020\/11\/V_Ron_PLATU.jpg\",\"datePublished\":\"2021-01-24T19:33:59+00:00\",\"dateModified\":\"2022-11-09T17:53:14+00:00\",\"description\":\"Ron Plat\u00fa es un destilado de ca\u00f1a de az\u00facar caribe\u00f1a. A\u00f1ejado en barricas de bourbon, cognac y jerez. Coupage de rones envejecidos entre 5 y 20 a\u00f1os.\",\"breadcrumb\":{\"@id\":\"https:\/\/hgabodegas.com\/producto\/ron-platu\/#breadcrumb\"},\"inLanguage\":\"en-US\",\"potentialAction\":[{\"@type\":\"ReadAction\",\"target\":[\"https:\/\/hgabodegas.com\/producto\/ron-platu\/\"]}]},{\"@type\":\"ImageObject\",\"inLanguage\":\"en-US\",\"@id\":\"https:\/\/hgabodegas.com\/producto\/ron-platu\/#primaryimage\",\"url\":\"https:\/\/hgabodegas.com\/wp-content\/uploads\/2020\/11\/V_Ron_PLATU.jpg\",\"contentUrl\":\"https:\/\/hgabodegas.com\/wp-content\/uploads\/2020\/11\/V_Ron_PLATU.jpg\",\"width\":481,\"height\":480,\"caption\":\"Ron Plat\u00fa\"},{\"@type\":\"BreadcrumbList\",\"@id\":\"https:\/\/hgabodegas.com\/producto\/ron-platu\/#breadcrumb\",\"itemListElement\":[{\"@type\":\"ListItem\",\"position\":1,\"name\":\"Portada\",\"item\":\"https:\/\/hgabodegas.com\/en\/inicio\/\"},{\"@type\":\"ListItem\",\"position\":2,\"name\":\"Productos\",\"item\":\"https:\/\/hgabodegas.com\/pagina-de-inicio\/\"},{\"@type\":\"ListItem\",\"position\":3,\"name\":\"RON PLATU\"}]},{\"@type\":\"WebSite\",\"@id\":\"https:\/\/hgabodegas.com\/#website\",\"url\":\"https:\/\/hgabodegas.com\/\",\"name\":\"Tienda de vinos HGA Bodegas\",\"description\":\"Descubre la gran variedad de vinos de nuestras bodegas\",\"potentialAction\":[{\"@type\":\"SearchAction\",\"target\":{\"@type\":\"EntryPoint\",\"urlTemplate\":\"https:\/\/hgabodegas.com\/?s={search_term_string}\"},\"query-input\":{\"@type\":\"PropertyValueSpecification\",\"valueRequired\":true,\"valueName\":\"search_term_string\"}}],\"inLanguage\":\"en-US\"}]}<\/script>\n<!-- \/ Yoast SEO plugin. -->","yoast_head_json":{"title":"RON PLATU - Tienda de vinos HGA Bodegas","description":"Ron Plat\u00fa es un destilado de ca\u00f1a de az\u00facar caribe\u00f1a. A\u00f1ejado en barricas de bourbon, cognac y jerez. Coupage de rones envejecidos entre 5 y 20 a\u00f1os.","robots":{"index":"index","follow":"follow","max-snippet":"max-snippet:-1","max-image-preview":"max-image-preview:large","max-video-preview":"max-video-preview:-1"},"canonical":"https:\/\/hgabodegas.com\/producto\/ron-platu\/","og_locale":"en_US","og_type":"article","og_title":"RON PLATU - Tienda de vinos HGA Bodegas","og_description":"Ron Plat\u00fa es un destilado de ca\u00f1a de az\u00facar caribe\u00f1a. A\u00f1ejado en barricas de bourbon, cognac y jerez. Coupage de rones envejecidos entre 5 y 20 a\u00f1os.","og_url":"https:\/\/hgabodegas.com\/producto\/ron-platu\/","og_site_name":"Tienda de vinos HGA Bodegas","article_modified_time":"2022-11-09T17:53:14+00:00","og_image":[{"width":481,"height":480,"url":"https:\/\/hgabodegas.com\/wp-content\/uploads\/2020\/11\/V_Ron_PLATU.jpg","type":"image\/jpeg"}],"twitter_card":"summary_large_image","twitter_misc":{"Est. reading time":"1 minute"},"schema":{"@context":"https:\/\/schema.org","@graph":[{"@type":"WebPage","@id":"https:\/\/hgabodegas.com\/producto\/ron-platu\/","url":"https:\/\/hgabodegas.com\/producto\/ron-platu\/","name":"RON PLATU - Tienda de vinos HGA Bodegas","isPartOf":{"@id":"https:\/\/hgabodegas.com\/#website"},"primaryImageOfPage":{"@id":"https:\/\/hgabodegas.com\/producto\/ron-platu\/#primaryimage"},"image":{"@id":"https:\/\/hgabodegas.com\/producto\/ron-platu\/#primaryimage"},"thumbnailUrl":"https:\/\/hgabodegas.com\/wp-content\/uploads\/2020\/11\/V_Ron_PLATU.jpg","datePublished":"2021-01-24T19:33:59+00:00","dateModified":"2022-11-09T17:53:14+00:00","description":"Ron Plat\u00fa es un destilado de ca\u00f1a de az\u00facar caribe\u00f1a. A\u00f1ejado en barricas de bourbon, cognac y jerez. Coupage de rones envejecidos entre 5 y 20 a\u00f1os.","breadcrumb":{"@id":"https:\/\/hgabodegas.com\/producto\/ron-platu\/#breadcrumb"},"inLanguage":"en-US","potentialAction":[{"@type":"ReadAction","target":["https:\/\/hgabodegas.com\/producto\/ron-platu\/"]}]},{"@type":"ImageObject","inLanguage":"en-US","@id":"https:\/\/hgabodegas.com\/producto\/ron-platu\/#primaryimage","url":"https:\/\/hgabodegas.com\/wp-content\/uploads\/2020\/11\/V_Ron_PLATU.jpg","contentUrl":"https:\/\/hgabodegas.com\/wp-content\/uploads\/2020\/11\/V_Ron_PLATU.jpg","width":481,"height":480,"caption":"Ron Plat\u00fa"},{"@type":"BreadcrumbList","@id":"https:\/\/hgabodegas.com\/producto\/ron-platu\/#breadcrumb","itemListElement":[{"@type":"ListItem","position":1,"name":"Portada","item":"https:\/\/hgabodegas.com\/en\/inicio\/"},{"@type":"ListItem","position":2,"name":"Productos","item":"https:\/\/hgabodegas.com\/pagina-de-inicio\/"},{"@type":"ListItem","position":3,"name":"RON PLATU"}]},{"@type":"WebSite","@id":"https:\/\/hgabodegas.com\/#website","url":"https:\/\/hgabodegas.com\/","name":"Tienda de vinos HGA Bodegas","description":"Descubre la gran variedad de vinos de nuestras bodegas","potentialAction":[{"@type":"SearchAction","target":{"@type":"EntryPoint","urlTemplate":"https:\/\/hgabodegas.com\/?s={search_term_string}"},"query-input":{"@type":"PropertyValueSpecification","valueRequired":true,"valueName":"search_term_string"}}],"inLanguage":"en-US"}]}},"_links":{"self":[{"href":"https:\/\/hgabodegas.com\/en\/wp-json\/wp\/v2\/product\/2377"}],"collection":[{"href":"https:\/\/hgabodegas.com\/en\/wp-json\/wp\/v2\/product"}],"about":[{"href":"https:\/\/hgabodegas.com\/en\/wp-json\/wp\/v2\/types\/product"}],"wp:featuredmedia":[{"embeddable":true,"href":"https:\/\/hgabodegas.com\/en\/wp-json\/wp\/v2\/media\/1775"}],"wp:attachment":[{"href":"https:\/\/hgabodegas.com\/en\/wp-json\/wp\/v2\/media?parent=2377"}],"wp:term":[{"taxonomy":"product_cat","embeddable":true,"href":"https:\/\/hgabodegas.com\/en\/wp-json\/wp\/v2\/product_cat?post=2377"},{"taxonomy":"product_tag","embeddable":true,"href":"https:\/\/hgabodegas.com\/en\/wp-json\/wp\/v2\/product_tag?post=2377"}],"curies":[{"name":"wp","href":"https:\/\/api.w.org\/{rel}","templated":true}]}}