{"id":24,"date":"2020-11-10T09:27:18","date_gmt":"2020-11-10T09:27:18","guid":{"rendered":"https:\/\/ywz.es\/?product=import-placeholder-for-1936"},"modified":"2026-04-01T10:06:50","modified_gmt":"2026-04-01T10:06:50","slug":"altos-de-torona-albarino","status":"publish","type":"product","link":"https:\/\/hgabodegas.com\/en\/producto\/altos-de-torona-albarino\/","title":{"rendered":"ALTOS DE TORONA ALBARIN\u0303O"},"content":{"rendered":"<p><strong>VISTA:<\/strong> Amarillo pajizo con re\ufb02ejos verdosos.<\/p>\n<p><strong>NARIZ:<\/strong> Amarillo pajizo con re\ufb02ejos verdosos.<\/p>\n<p><strong>BOCA:<\/strong> Con marcado volumen en boca, untuoso, salino, de acidez contenida y \ufb01nal sutil.<\/p>\n<p><strong>GASTRONOM\u00cdA:<\/strong> Aperitivos, berberechos al vapor, pasta con mariscos, quesos poco curados, guiso de merluza.<\/p>\n<p class=\"p1\"><span class=\"s1\"><a href=\"https:\/\/hgabodegas.com\/PDF\/ficha_tecnica\/Altos_de_Torona_Albarino_ES_b.pdf\" target=\"_blank\" rel=\"noopener noreferrer\">DESCARGAR FICHA DE CATA<\/a><\/span><\/p>\n","protected":false},"excerpt":{"rendered":"<div class=\"page\" title=\"Page 1\">\n<div class=\"layoutArea\">\n<div class=\"column\">\n<p>37,5 cl \/ 75 cl\/ 150 cl<strong><br \/>\nD.O.:<\/strong> R\u00edas Baixas<br \/>\n<strong>BODEGA:<\/strong> Altos de Torona<br \/>\n<strong>VARIEDADES:<\/strong>\u00a0100% Albari\u00f1o<\/p>\n<p>Selecci\u00f3n y vendimia manual. Estrujado, despalillado y macerado en fr\u00edo. Fermentaci\u00f3n lenta y controlada en dep\u00f3sitos de acero inoxidable. Crianza sobre l\u00edas.<\/p>\n<p><span style=\"font-size: 14px; color: #bfa356;\"><strong>PREMIOS BACCHUS 2026 &#8211; <\/strong>Medalla de ORO<strong><br \/>\n<\/strong><\/span><span style=\"font-size: 14px; color: #bfa356;\"><strong>PREMIOS BACO 2025 <\/strong>&#8211; Baco de ORO<br \/>\n<strong>JAMES SUCKLING 2025 <\/strong>&#8211; 91 Ptos.<br \/>\n<strong>TIM ATKIN<\/strong> <strong>2025<\/strong> &#8211; 92 Ptos.\u00a0<\/span><span style=\"font-size: 14px; color: #bfa356;\"><br \/>\n<\/span><\/p>\n<\/div>\n<\/div>\n<\/div>\n","protected":false},"featured_media":8949,"template":"","meta":[],"product_cat":[143,140,131,154,19,21,166],"product_tag":[],"yoast_head":"<!-- This site is optimized with the Yoast SEO plugin v23.4 - https:\/\/yoast.com\/wordpress\/plugins\/seo\/ -->\n<title>Altos de Torona Albari\u00f1o - Tienda de vinos HGA Bodegas<\/title>\n<meta name=\"description\" content=\"Altos de Torona Albari\u00f1o es un vino blanco elaborado por Bodegas Altos de Torona bajo la Denominaci\u00f3n de Origen R\u00edas Baixas.\" \/>\n<meta name=\"robots\" content=\"index, follow, max-snippet:-1, max-image-preview:large, max-video-preview:-1\" \/>\n<link rel=\"canonical\" href=\"https:\/\/hgabodegas.com\/producto\/altos-de-torona-albarino\/\" \/>\n<meta property=\"og:locale\" content=\"en_US\" \/>\n<meta property=\"og:type\" content=\"article\" \/>\n<meta property=\"og:title\" content=\"Altos de Torona Albari\u00f1o - Tienda de vinos HGA Bodegas\" \/>\n<meta property=\"og:description\" content=\"Altos de Torona Albari\u00f1o es un vino blanco elaborado por Bodegas Altos de Torona bajo la Denominaci\u00f3n de Origen R\u00edas Baixas.\" \/>\n<meta property=\"og:url\" content=\"https:\/\/hgabodegas.com\/producto\/altos-de-torona-albarino\/\" \/>\n<meta property=\"og:site_name\" content=\"Tienda de vinos HGA Bodegas\" \/>\n<meta property=\"article:modified_time\" content=\"2026-04-01T10:06:50+00:00\" \/>\n<meta property=\"og:image\" content=\"https:\/\/hgabodegas.com\/wp-content\/uploads\/2026\/03\/Altos_de_Torona_Alb_800.webp\" \/>\n\t<meta property=\"og:image:width\" content=\"800\" \/>\n\t<meta property=\"og:image:height\" content=\"800\" \/>\n\t<meta property=\"og:image:type\" content=\"image\/webp\" \/>\n<meta name=\"twitter:card\" content=\"summary_large_image\" \/>\n<meta name=\"twitter:label1\" content=\"Est. reading time\" \/>\n\t<meta name=\"twitter:data1\" content=\"1 minute\" \/>\n<script type=\"application\/ld+json\" class=\"yoast-schema-graph\">{\"@context\":\"https:\/\/schema.org\",\"@graph\":[{\"@type\":\"WebPage\",\"@id\":\"https:\/\/hgabodegas.com\/producto\/altos-de-torona-albarino\/\",\"url\":\"https:\/\/hgabodegas.com\/producto\/altos-de-torona-albarino\/\",\"name\":\"Altos de Torona Albari\u00f1o - Tienda de vinos HGA Bodegas\",\"isPartOf\":{\"@id\":\"https:\/\/hgabodegas.com\/#website\"},\"primaryImageOfPage\":{\"@id\":\"https:\/\/hgabodegas.com\/producto\/altos-de-torona-albarino\/#primaryimage\"},\"image\":{\"@id\":\"https:\/\/hgabodegas.com\/producto\/altos-de-torona-albarino\/#primaryimage\"},\"thumbnailUrl\":\"https:\/\/hgabodegas.com\/wp-content\/uploads\/2026\/03\/Altos_de_Torona_Alb_800.webp\",\"datePublished\":\"2020-11-10T09:27:18+00:00\",\"dateModified\":\"2026-04-01T10:06:50+00:00\",\"description\":\"Altos de Torona Albari\u00f1o es un vino blanco elaborado por Bodegas Altos de Torona bajo la Denominaci\u00f3n de Origen R\u00edas Baixas.\",\"breadcrumb\":{\"@id\":\"https:\/\/hgabodegas.com\/producto\/altos-de-torona-albarino\/#breadcrumb\"},\"inLanguage\":\"en-US\",\"potentialAction\":[{\"@type\":\"ReadAction\",\"target\":[\"https:\/\/hgabodegas.com\/producto\/altos-de-torona-albarino\/\"]}]},{\"@type\":\"ImageObject\",\"inLanguage\":\"en-US\",\"@id\":\"https:\/\/hgabodegas.com\/producto\/altos-de-torona-albarino\/#primaryimage\",\"url\":\"https:\/\/hgabodegas.com\/wp-content\/uploads\/2026\/03\/Altos_de_Torona_Alb_800.webp\",\"contentUrl\":\"https:\/\/hgabodegas.com\/wp-content\/uploads\/2026\/03\/Altos_de_Torona_Alb_800.webp\",\"width\":800,\"height\":800,\"caption\":\"Botella Altos de Torona Albari\u00f1o\"},{\"@type\":\"BreadcrumbList\",\"@id\":\"https:\/\/hgabodegas.com\/producto\/altos-de-torona-albarino\/#breadcrumb\",\"itemListElement\":[{\"@type\":\"ListItem\",\"position\":1,\"name\":\"Portada\",\"item\":\"https:\/\/hgabodegas.com\/en\/inicio\/\"},{\"@type\":\"ListItem\",\"position\":2,\"name\":\"Productos\",\"item\":\"https:\/\/hgabodegas.com\/pagina-de-inicio\/\"},{\"@type\":\"ListItem\",\"position\":3,\"name\":\"ALTOS DE TORONA ALBARIN\u0303O\"}]},{\"@type\":\"WebSite\",\"@id\":\"https:\/\/hgabodegas.com\/#website\",\"url\":\"https:\/\/hgabodegas.com\/\",\"name\":\"Tienda de vinos HGA Bodegas\",\"description\":\"Descubre la gran variedad de vinos de nuestras bodegas\",\"potentialAction\":[{\"@type\":\"SearchAction\",\"target\":{\"@type\":\"EntryPoint\",\"urlTemplate\":\"https:\/\/hgabodegas.com\/?s={search_term_string}\"},\"query-input\":{\"@type\":\"PropertyValueSpecification\",\"valueRequired\":true,\"valueName\":\"search_term_string\"}}],\"inLanguage\":\"en-US\"}]}<\/script>\n<!-- \/ Yoast SEO plugin. -->","yoast_head_json":{"title":"Altos de Torona Albari\u00f1o - Tienda de vinos HGA Bodegas","description":"Altos de Torona Albari\u00f1o es un vino blanco elaborado por Bodegas Altos de Torona bajo la Denominaci\u00f3n de Origen R\u00edas Baixas.","robots":{"index":"index","follow":"follow","max-snippet":"max-snippet:-1","max-image-preview":"max-image-preview:large","max-video-preview":"max-video-preview:-1"},"canonical":"https:\/\/hgabodegas.com\/producto\/altos-de-torona-albarino\/","og_locale":"en_US","og_type":"article","og_title":"Altos de Torona Albari\u00f1o - Tienda de vinos HGA Bodegas","og_description":"Altos de Torona Albari\u00f1o es un vino blanco elaborado por Bodegas Altos de Torona bajo la Denominaci\u00f3n de Origen R\u00edas Baixas.","og_url":"https:\/\/hgabodegas.com\/producto\/altos-de-torona-albarino\/","og_site_name":"Tienda de vinos HGA Bodegas","article_modified_time":"2026-04-01T10:06:50+00:00","og_image":[{"width":800,"height":800,"url":"https:\/\/hgabodegas.com\/wp-content\/uploads\/2026\/03\/Altos_de_Torona_Alb_800.webp","type":"image\/webp"}],"twitter_card":"summary_large_image","twitter_misc":{"Est. reading time":"1 minute"},"schema":{"@context":"https:\/\/schema.org","@graph":[{"@type":"WebPage","@id":"https:\/\/hgabodegas.com\/producto\/altos-de-torona-albarino\/","url":"https:\/\/hgabodegas.com\/producto\/altos-de-torona-albarino\/","name":"Altos de Torona Albari\u00f1o - Tienda de vinos HGA Bodegas","isPartOf":{"@id":"https:\/\/hgabodegas.com\/#website"},"primaryImageOfPage":{"@id":"https:\/\/hgabodegas.com\/producto\/altos-de-torona-albarino\/#primaryimage"},"image":{"@id":"https:\/\/hgabodegas.com\/producto\/altos-de-torona-albarino\/#primaryimage"},"thumbnailUrl":"https:\/\/hgabodegas.com\/wp-content\/uploads\/2026\/03\/Altos_de_Torona_Alb_800.webp","datePublished":"2020-11-10T09:27:18+00:00","dateModified":"2026-04-01T10:06:50+00:00","description":"Altos de Torona Albari\u00f1o es un vino blanco elaborado por Bodegas Altos de Torona bajo la Denominaci\u00f3n de Origen R\u00edas Baixas.","breadcrumb":{"@id":"https:\/\/hgabodegas.com\/producto\/altos-de-torona-albarino\/#breadcrumb"},"inLanguage":"en-US","potentialAction":[{"@type":"ReadAction","target":["https:\/\/hgabodegas.com\/producto\/altos-de-torona-albarino\/"]}]},{"@type":"ImageObject","inLanguage":"en-US","@id":"https:\/\/hgabodegas.com\/producto\/altos-de-torona-albarino\/#primaryimage","url":"https:\/\/hgabodegas.com\/wp-content\/uploads\/2026\/03\/Altos_de_Torona_Alb_800.webp","contentUrl":"https:\/\/hgabodegas.com\/wp-content\/uploads\/2026\/03\/Altos_de_Torona_Alb_800.webp","width":800,"height":800,"caption":"Botella Altos de Torona Albari\u00f1o"},{"@type":"BreadcrumbList","@id":"https:\/\/hgabodegas.com\/producto\/altos-de-torona-albarino\/#breadcrumb","itemListElement":[{"@type":"ListItem","position":1,"name":"Portada","item":"https:\/\/hgabodegas.com\/en\/inicio\/"},{"@type":"ListItem","position":2,"name":"Productos","item":"https:\/\/hgabodegas.com\/pagina-de-inicio\/"},{"@type":"ListItem","position":3,"name":"ALTOS DE TORONA ALBARIN\u0303O"}]},{"@type":"WebSite","@id":"https:\/\/hgabodegas.com\/#website","url":"https:\/\/hgabodegas.com\/","name":"Tienda de vinos HGA Bodegas","description":"Descubre la gran variedad de vinos de nuestras bodegas","potentialAction":[{"@type":"SearchAction","target":{"@type":"EntryPoint","urlTemplate":"https:\/\/hgabodegas.com\/?s={search_term_string}"},"query-input":{"@type":"PropertyValueSpecification","valueRequired":true,"valueName":"search_term_string"}}],"inLanguage":"en-US"}]}},"_links":{"self":[{"href":"https:\/\/hgabodegas.com\/en\/wp-json\/wp\/v2\/product\/24"}],"collection":[{"href":"https:\/\/hgabodegas.com\/en\/wp-json\/wp\/v2\/product"}],"about":[{"href":"https:\/\/hgabodegas.com\/en\/wp-json\/wp\/v2\/types\/product"}],"wp:featuredmedia":[{"embeddable":true,"href":"https:\/\/hgabodegas.com\/en\/wp-json\/wp\/v2\/media\/8949"}],"wp:attachment":[{"href":"https:\/\/hgabodegas.com\/en\/wp-json\/wp\/v2\/media?parent=24"}],"wp:term":[{"taxonomy":"product_cat","embeddable":true,"href":"https:\/\/hgabodegas.com\/en\/wp-json\/wp\/v2\/product_cat?post=24"},{"taxonomy":"product_tag","embeddable":true,"href":"https:\/\/hgabodegas.com\/en\/wp-json\/wp\/v2\/product_tag?post=24"}],"curies":[{"name":"wp","href":"https:\/\/api.w.org\/{rel}","templated":true}]}}