{"id":2465,"date":"2021-01-26T05:45:32","date_gmt":"2021-01-26T05:45:32","guid":{"rendered":"https:\/\/ywz.es\/?post_type=product&#038;p=2465"},"modified":"2023-07-27T11:33:01","modified_gmt":"2023-07-27T11:33:01","slug":"bolsa-de-tela","status":"publish","type":"product","link":"https:\/\/hgabodegas.com\/en\/producto\/bolsa-de-tela\/","title":{"rendered":"BOLSA DE TELA"},"content":{"rendered":"","protected":false},"excerpt":{"rendered":"<p>Bolsas de algod\u00f3n 100% con asas largas.<br \/>\nEcol\u00f3gicas y reutilizables. Sensible con el medioambiente.<\/p>\n<p><strong>Dimensiones:<\/strong> 36\u00d740 cm<br \/>\n<strong>Color:<\/strong> Blanco y Negro<\/p>\n","protected":false},"featured_media":2444,"template":"","meta":[],"product_cat":[114],"product_tag":[],"yoast_head":"<!-- This site is optimized with the Yoast SEO plugin v23.4 - https:\/\/yoast.com\/wordpress\/plugins\/seo\/ -->\n<title>Bolsas de tela Regina Viarum<\/title>\n<meta name=\"robots\" content=\"index, follow, max-snippet:-1, max-image-preview:large, max-video-preview:-1\" \/>\n<link rel=\"canonical\" href=\"https:\/\/hgabodegas.com\/producto\/bolsa-de-tela\/\" \/>\n<meta property=\"og:locale\" content=\"en_US\" \/>\n<meta property=\"og:type\" content=\"article\" \/>\n<meta property=\"og:title\" content=\"Bolsas de tela Regina Viarum\" \/>\n<meta property=\"og:description\" content=\"Bolsas de algod\u00f3n 100% con asas largas. Ecol\u00f3gicas y reutilizables. Sensible con el medioambiente.  Dimensiones: 36\u00d740 cm Color: Blanco y Negro\" \/>\n<meta property=\"og:url\" content=\"https:\/\/hgabodegas.com\/producto\/bolsa-de-tela\/\" \/>\n<meta property=\"og:site_name\" content=\"Tienda de vinos HGA Bodegas\" \/>\n<meta property=\"article:modified_time\" content=\"2023-07-27T11:33:01+00:00\" \/>\n<meta property=\"og:image\" content=\"https:\/\/hgabodegas.com\/wp-content\/uploads\/2021\/01\/M_bolsas-tela-rv.jpg\" \/>\n\t<meta property=\"og:image:width\" content=\"480\" \/>\n\t<meta property=\"og:image:height\" content=\"480\" \/>\n\t<meta property=\"og:image:type\" content=\"image\/jpeg\" \/>\n<meta name=\"twitter:card\" content=\"summary_large_image\" \/>\n<script type=\"application\/ld+json\" class=\"yoast-schema-graph\">{\"@context\":\"https:\/\/schema.org\",\"@graph\":[{\"@type\":\"WebPage\",\"@id\":\"https:\/\/hgabodegas.com\/producto\/bolsa-de-tela\/\",\"url\":\"https:\/\/hgabodegas.com\/producto\/bolsa-de-tela\/\",\"name\":\"Bolsas de tela Regina Viarum\",\"isPartOf\":{\"@id\":\"https:\/\/hgabodegas.com\/#website\"},\"primaryImageOfPage\":{\"@id\":\"https:\/\/hgabodegas.com\/producto\/bolsa-de-tela\/#primaryimage\"},\"image\":{\"@id\":\"https:\/\/hgabodegas.com\/producto\/bolsa-de-tela\/#primaryimage\"},\"thumbnailUrl\":\"https:\/\/hgabodegas.com\/wp-content\/uploads\/2021\/01\/M_bolsas-tela-rv.jpg\",\"datePublished\":\"2021-01-26T05:45:32+00:00\",\"dateModified\":\"2023-07-27T11:33:01+00:00\",\"breadcrumb\":{\"@id\":\"https:\/\/hgabodegas.com\/producto\/bolsa-de-tela\/#breadcrumb\"},\"inLanguage\":\"en-US\",\"potentialAction\":[{\"@type\":\"ReadAction\",\"target\":[\"https:\/\/hgabodegas.com\/producto\/bolsa-de-tela\/\"]}]},{\"@type\":\"ImageObject\",\"inLanguage\":\"en-US\",\"@id\":\"https:\/\/hgabodegas.com\/producto\/bolsa-de-tela\/#primaryimage\",\"url\":\"https:\/\/hgabodegas.com\/wp-content\/uploads\/2021\/01\/M_bolsas-tela-rv.jpg\",\"contentUrl\":\"https:\/\/hgabodegas.com\/wp-content\/uploads\/2021\/01\/M_bolsas-tela-rv.jpg\",\"width\":480,\"height\":480,\"caption\":\"Bolsas de Tela Regina Viarum\"},{\"@type\":\"BreadcrumbList\",\"@id\":\"https:\/\/hgabodegas.com\/producto\/bolsa-de-tela\/#breadcrumb\",\"itemListElement\":[{\"@type\":\"ListItem\",\"position\":1,\"name\":\"Portada\",\"item\":\"https:\/\/hgabodegas.com\/en\/inicio\/\"},{\"@type\":\"ListItem\",\"position\":2,\"name\":\"Productos\",\"item\":\"https:\/\/hgabodegas.com\/pagina-de-inicio\/\"},{\"@type\":\"ListItem\",\"position\":3,\"name\":\"BOLSA DE TELA\"}]},{\"@type\":\"WebSite\",\"@id\":\"https:\/\/hgabodegas.com\/#website\",\"url\":\"https:\/\/hgabodegas.com\/\",\"name\":\"Tienda de vinos HGA Bodegas\",\"description\":\"Descubre la gran variedad de vinos de nuestras bodegas\",\"potentialAction\":[{\"@type\":\"SearchAction\",\"target\":{\"@type\":\"EntryPoint\",\"urlTemplate\":\"https:\/\/hgabodegas.com\/?s={search_term_string}\"},\"query-input\":{\"@type\":\"PropertyValueSpecification\",\"valueRequired\":true,\"valueName\":\"search_term_string\"}}],\"inLanguage\":\"en-US\"}]}<\/script>\n<!-- \/ Yoast SEO plugin. -->","yoast_head_json":{"title":"Bolsas de tela Regina Viarum","robots":{"index":"index","follow":"follow","max-snippet":"max-snippet:-1","max-image-preview":"max-image-preview:large","max-video-preview":"max-video-preview:-1"},"canonical":"https:\/\/hgabodegas.com\/producto\/bolsa-de-tela\/","og_locale":"en_US","og_type":"article","og_title":"Bolsas de tela Regina Viarum","og_description":"Bolsas de algod\u00f3n 100% con asas largas. Ecol\u00f3gicas y reutilizables. Sensible con el medioambiente.  Dimensiones: 36\u00d740 cm Color: Blanco y Negro","og_url":"https:\/\/hgabodegas.com\/producto\/bolsa-de-tela\/","og_site_name":"Tienda de vinos HGA Bodegas","article_modified_time":"2023-07-27T11:33:01+00:00","og_image":[{"width":480,"height":480,"url":"https:\/\/hgabodegas.com\/wp-content\/uploads\/2021\/01\/M_bolsas-tela-rv.jpg","type":"image\/jpeg"}],"twitter_card":"summary_large_image","schema":{"@context":"https:\/\/schema.org","@graph":[{"@type":"WebPage","@id":"https:\/\/hgabodegas.com\/producto\/bolsa-de-tela\/","url":"https:\/\/hgabodegas.com\/producto\/bolsa-de-tela\/","name":"Bolsas de tela Regina Viarum","isPartOf":{"@id":"https:\/\/hgabodegas.com\/#website"},"primaryImageOfPage":{"@id":"https:\/\/hgabodegas.com\/producto\/bolsa-de-tela\/#primaryimage"},"image":{"@id":"https:\/\/hgabodegas.com\/producto\/bolsa-de-tela\/#primaryimage"},"thumbnailUrl":"https:\/\/hgabodegas.com\/wp-content\/uploads\/2021\/01\/M_bolsas-tela-rv.jpg","datePublished":"2021-01-26T05:45:32+00:00","dateModified":"2023-07-27T11:33:01+00:00","breadcrumb":{"@id":"https:\/\/hgabodegas.com\/producto\/bolsa-de-tela\/#breadcrumb"},"inLanguage":"en-US","potentialAction":[{"@type":"ReadAction","target":["https:\/\/hgabodegas.com\/producto\/bolsa-de-tela\/"]}]},{"@type":"ImageObject","inLanguage":"en-US","@id":"https:\/\/hgabodegas.com\/producto\/bolsa-de-tela\/#primaryimage","url":"https:\/\/hgabodegas.com\/wp-content\/uploads\/2021\/01\/M_bolsas-tela-rv.jpg","contentUrl":"https:\/\/hgabodegas.com\/wp-content\/uploads\/2021\/01\/M_bolsas-tela-rv.jpg","width":480,"height":480,"caption":"Bolsas de Tela Regina Viarum"},{"@type":"BreadcrumbList","@id":"https:\/\/hgabodegas.com\/producto\/bolsa-de-tela\/#breadcrumb","itemListElement":[{"@type":"ListItem","position":1,"name":"Portada","item":"https:\/\/hgabodegas.com\/en\/inicio\/"},{"@type":"ListItem","position":2,"name":"Productos","item":"https:\/\/hgabodegas.com\/pagina-de-inicio\/"},{"@type":"ListItem","position":3,"name":"BOLSA DE TELA"}]},{"@type":"WebSite","@id":"https:\/\/hgabodegas.com\/#website","url":"https:\/\/hgabodegas.com\/","name":"Tienda de vinos HGA Bodegas","description":"Descubre la gran variedad de vinos de nuestras bodegas","potentialAction":[{"@type":"SearchAction","target":{"@type":"EntryPoint","urlTemplate":"https:\/\/hgabodegas.com\/?s={search_term_string}"},"query-input":{"@type":"PropertyValueSpecification","valueRequired":true,"valueName":"search_term_string"}}],"inLanguage":"en-US"}]}},"_links":{"self":[{"href":"https:\/\/hgabodegas.com\/en\/wp-json\/wp\/v2\/product\/2465"}],"collection":[{"href":"https:\/\/hgabodegas.com\/en\/wp-json\/wp\/v2\/product"}],"about":[{"href":"https:\/\/hgabodegas.com\/en\/wp-json\/wp\/v2\/types\/product"}],"wp:featuredmedia":[{"embeddable":true,"href":"https:\/\/hgabodegas.com\/en\/wp-json\/wp\/v2\/media\/2444"}],"wp:attachment":[{"href":"https:\/\/hgabodegas.com\/en\/wp-json\/wp\/v2\/media?parent=2465"}],"wp:term":[{"taxonomy":"product_cat","embeddable":true,"href":"https:\/\/hgabodegas.com\/en\/wp-json\/wp\/v2\/product_cat?post=2465"},{"taxonomy":"product_tag","embeddable":true,"href":"https:\/\/hgabodegas.com\/en\/wp-json\/wp\/v2\/product_tag?post=2465"}],"curies":[{"name":"wp","href":"https:\/\/api.w.org\/{rel}","templated":true}]}}