{"id":2468,"date":"2021-01-26T05:47:30","date_gmt":"2021-01-26T05:47:30","guid":{"rendered":"https:\/\/ywz.es\/?post_type=product&#038;p=2468"},"modified":"2023-07-27T11:31:10","modified_gmt":"2023-07-27T11:31:10","slug":"manga-enfriadora","status":"publish","type":"product","link":"https:\/\/hgabodegas.com\/en\/producto\/manga-enfriadora\/","title":{"rendered":"MANGA ENFRIADORA"},"content":{"rendered":"","protected":false},"excerpt":{"rendered":"<p>Funda enfriadora de vino de r\u00e1pido enfriamiento, de\u00a0Tela textil con doble gel enfriador extra\u00edble en su interior. Su Gel enfriador dispone de 12 compartimentos individuales que mantiene m\u00e1s tiempo el fr\u00edo de su botella.<br \/>\nDispone de una cinta el\u00e1stica en su base para evitar el deslizamiento y ca\u00edda de la botella.<\/p>\n<p><strong>Material<\/strong>: poli\u00e9ster y gel enfriador<br \/>\n<strong><span class=\"\">Medidas<\/span><\/strong><span class=\"\"><strong>:<\/strong> 44*20 cm.<br \/>\n<\/span><strong><span class=\"\">Peso<\/span><\/strong><span class=\"\"><strong>:<\/strong> 324 gr<\/span><\/p>\n","protected":false},"featured_media":2451,"template":"","meta":[],"product_cat":[114],"product_tag":[],"yoast_head":"<!-- This site is optimized with the Yoast SEO plugin v23.4 - https:\/\/yoast.com\/wordpress\/plugins\/seo\/ -->\n<title>MANGA ENFRIADORA - Tienda de vinos HGA Bodegas<\/title>\n<meta name=\"robots\" content=\"index, follow, max-snippet:-1, max-image-preview:large, max-video-preview:-1\" \/>\n<link rel=\"canonical\" href=\"https:\/\/hgabodegas.com\/producto\/manga-enfriadora\/\" \/>\n<meta property=\"og:locale\" content=\"en_US\" \/>\n<meta property=\"og:type\" content=\"article\" \/>\n<meta property=\"og:title\" content=\"MANGA ENFRIADORA - Tienda de vinos HGA Bodegas\" \/>\n<meta property=\"og:description\" content=\"Funda enfriadora de vino de r\u00e1pido enfriamiento, de\u00a0Tela textil con doble gel enfriador extra\u00edble en su interior. Su Gel enfriador dispone de 12 compartimentos individuales que mantiene m\u00e1s tiempo el fr\u00edo de su botella. Dispone de una cinta el\u00e1stica en su base para evitar el deslizamiento y ca\u00edda de la botella.  Material: poli\u00e9ster y gel enfriador Medidas: 44*20 cm. Peso: 324 gr\" \/>\n<meta property=\"og:url\" content=\"https:\/\/hgabodegas.com\/producto\/manga-enfriadora\/\" \/>\n<meta property=\"og:site_name\" content=\"Tienda de vinos HGA Bodegas\" \/>\n<meta property=\"article:modified_time\" content=\"2023-07-27T11:31:10+00:00\" \/>\n<meta property=\"og:image\" content=\"https:\/\/hgabodegas.com\/wp-content\/uploads\/2021\/01\/M_manga-enfriadora-at.jpg\" \/>\n\t<meta property=\"og:image:width\" content=\"480\" \/>\n\t<meta property=\"og:image:height\" content=\"480\" \/>\n\t<meta property=\"og:image:type\" content=\"image\/jpeg\" \/>\n<meta name=\"twitter:card\" content=\"summary_large_image\" \/>\n<script type=\"application\/ld+json\" class=\"yoast-schema-graph\">{\"@context\":\"https:\/\/schema.org\",\"@graph\":[{\"@type\":\"WebPage\",\"@id\":\"https:\/\/hgabodegas.com\/producto\/manga-enfriadora\/\",\"url\":\"https:\/\/hgabodegas.com\/producto\/manga-enfriadora\/\",\"name\":\"MANGA ENFRIADORA - Tienda de vinos HGA Bodegas\",\"isPartOf\":{\"@id\":\"https:\/\/hgabodegas.com\/#website\"},\"primaryImageOfPage\":{\"@id\":\"https:\/\/hgabodegas.com\/producto\/manga-enfriadora\/#primaryimage\"},\"image\":{\"@id\":\"https:\/\/hgabodegas.com\/producto\/manga-enfriadora\/#primaryimage\"},\"thumbnailUrl\":\"https:\/\/hgabodegas.com\/wp-content\/uploads\/2021\/01\/M_manga-enfriadora-at.jpg\",\"datePublished\":\"2021-01-26T05:47:30+00:00\",\"dateModified\":\"2023-07-27T11:31:10+00:00\",\"breadcrumb\":{\"@id\":\"https:\/\/hgabodegas.com\/producto\/manga-enfriadora\/#breadcrumb\"},\"inLanguage\":\"en-US\",\"potentialAction\":[{\"@type\":\"ReadAction\",\"target\":[\"https:\/\/hgabodegas.com\/producto\/manga-enfriadora\/\"]}]},{\"@type\":\"ImageObject\",\"inLanguage\":\"en-US\",\"@id\":\"https:\/\/hgabodegas.com\/producto\/manga-enfriadora\/#primaryimage\",\"url\":\"https:\/\/hgabodegas.com\/wp-content\/uploads\/2021\/01\/M_manga-enfriadora-at.jpg\",\"contentUrl\":\"https:\/\/hgabodegas.com\/wp-content\/uploads\/2021\/01\/M_manga-enfriadora-at.jpg\",\"width\":480,\"height\":480,\"caption\":\"Manga enfriadora Regina Viarum\"},{\"@type\":\"BreadcrumbList\",\"@id\":\"https:\/\/hgabodegas.com\/producto\/manga-enfriadora\/#breadcrumb\",\"itemListElement\":[{\"@type\":\"ListItem\",\"position\":1,\"name\":\"Portada\",\"item\":\"https:\/\/hgabodegas.com\/en\/inicio\/\"},{\"@type\":\"ListItem\",\"position\":2,\"name\":\"Productos\",\"item\":\"https:\/\/hgabodegas.com\/pagina-de-inicio\/\"},{\"@type\":\"ListItem\",\"position\":3,\"name\":\"MANGA ENFRIADORA\"}]},{\"@type\":\"WebSite\",\"@id\":\"https:\/\/hgabodegas.com\/#website\",\"url\":\"https:\/\/hgabodegas.com\/\",\"name\":\"Tienda de vinos HGA Bodegas\",\"description\":\"Descubre la gran variedad de vinos de nuestras bodegas\",\"potentialAction\":[{\"@type\":\"SearchAction\",\"target\":{\"@type\":\"EntryPoint\",\"urlTemplate\":\"https:\/\/hgabodegas.com\/?s={search_term_string}\"},\"query-input\":{\"@type\":\"PropertyValueSpecification\",\"valueRequired\":true,\"valueName\":\"search_term_string\"}}],\"inLanguage\":\"en-US\"}]}<\/script>\n<!-- \/ Yoast SEO plugin. -->","yoast_head_json":{"title":"MANGA ENFRIADORA - Tienda de vinos HGA Bodegas","robots":{"index":"index","follow":"follow","max-snippet":"max-snippet:-1","max-image-preview":"max-image-preview:large","max-video-preview":"max-video-preview:-1"},"canonical":"https:\/\/hgabodegas.com\/producto\/manga-enfriadora\/","og_locale":"en_US","og_type":"article","og_title":"MANGA ENFRIADORA - Tienda de vinos HGA Bodegas","og_description":"Funda enfriadora de vino de r\u00e1pido enfriamiento, de\u00a0Tela textil con doble gel enfriador extra\u00edble en su interior. Su Gel enfriador dispone de 12 compartimentos individuales que mantiene m\u00e1s tiempo el fr\u00edo de su botella. Dispone de una cinta el\u00e1stica en su base para evitar el deslizamiento y ca\u00edda de la botella.  Material: poli\u00e9ster y gel enfriador Medidas: 44*20 cm. Peso: 324 gr","og_url":"https:\/\/hgabodegas.com\/producto\/manga-enfriadora\/","og_site_name":"Tienda de vinos HGA Bodegas","article_modified_time":"2023-07-27T11:31:10+00:00","og_image":[{"width":480,"height":480,"url":"https:\/\/hgabodegas.com\/wp-content\/uploads\/2021\/01\/M_manga-enfriadora-at.jpg","type":"image\/jpeg"}],"twitter_card":"summary_large_image","schema":{"@context":"https:\/\/schema.org","@graph":[{"@type":"WebPage","@id":"https:\/\/hgabodegas.com\/producto\/manga-enfriadora\/","url":"https:\/\/hgabodegas.com\/producto\/manga-enfriadora\/","name":"MANGA ENFRIADORA - Tienda de vinos HGA Bodegas","isPartOf":{"@id":"https:\/\/hgabodegas.com\/#website"},"primaryImageOfPage":{"@id":"https:\/\/hgabodegas.com\/producto\/manga-enfriadora\/#primaryimage"},"image":{"@id":"https:\/\/hgabodegas.com\/producto\/manga-enfriadora\/#primaryimage"},"thumbnailUrl":"https:\/\/hgabodegas.com\/wp-content\/uploads\/2021\/01\/M_manga-enfriadora-at.jpg","datePublished":"2021-01-26T05:47:30+00:00","dateModified":"2023-07-27T11:31:10+00:00","breadcrumb":{"@id":"https:\/\/hgabodegas.com\/producto\/manga-enfriadora\/#breadcrumb"},"inLanguage":"en-US","potentialAction":[{"@type":"ReadAction","target":["https:\/\/hgabodegas.com\/producto\/manga-enfriadora\/"]}]},{"@type":"ImageObject","inLanguage":"en-US","@id":"https:\/\/hgabodegas.com\/producto\/manga-enfriadora\/#primaryimage","url":"https:\/\/hgabodegas.com\/wp-content\/uploads\/2021\/01\/M_manga-enfriadora-at.jpg","contentUrl":"https:\/\/hgabodegas.com\/wp-content\/uploads\/2021\/01\/M_manga-enfriadora-at.jpg","width":480,"height":480,"caption":"Manga enfriadora Regina Viarum"},{"@type":"BreadcrumbList","@id":"https:\/\/hgabodegas.com\/producto\/manga-enfriadora\/#breadcrumb","itemListElement":[{"@type":"ListItem","position":1,"name":"Portada","item":"https:\/\/hgabodegas.com\/en\/inicio\/"},{"@type":"ListItem","position":2,"name":"Productos","item":"https:\/\/hgabodegas.com\/pagina-de-inicio\/"},{"@type":"ListItem","position":3,"name":"MANGA ENFRIADORA"}]},{"@type":"WebSite","@id":"https:\/\/hgabodegas.com\/#website","url":"https:\/\/hgabodegas.com\/","name":"Tienda de vinos HGA Bodegas","description":"Descubre la gran variedad de vinos de nuestras bodegas","potentialAction":[{"@type":"SearchAction","target":{"@type":"EntryPoint","urlTemplate":"https:\/\/hgabodegas.com\/?s={search_term_string}"},"query-input":{"@type":"PropertyValueSpecification","valueRequired":true,"valueName":"search_term_string"}}],"inLanguage":"en-US"}]}},"_links":{"self":[{"href":"https:\/\/hgabodegas.com\/en\/wp-json\/wp\/v2\/product\/2468"}],"collection":[{"href":"https:\/\/hgabodegas.com\/en\/wp-json\/wp\/v2\/product"}],"about":[{"href":"https:\/\/hgabodegas.com\/en\/wp-json\/wp\/v2\/types\/product"}],"wp:featuredmedia":[{"embeddable":true,"href":"https:\/\/hgabodegas.com\/en\/wp-json\/wp\/v2\/media\/2451"}],"wp:attachment":[{"href":"https:\/\/hgabodegas.com\/en\/wp-json\/wp\/v2\/media?parent=2468"}],"wp:term":[{"taxonomy":"product_cat","embeddable":true,"href":"https:\/\/hgabodegas.com\/en\/wp-json\/wp\/v2\/product_cat?post=2468"},{"taxonomy":"product_tag","embeddable":true,"href":"https:\/\/hgabodegas.com\/en\/wp-json\/wp\/v2\/product_tag?post=2468"}],"curies":[{"name":"wp","href":"https:\/\/api.w.org\/{rel}","templated":true}]}}