{"id":2469,"date":"2021-01-26T05:49:38","date_gmt":"2021-01-26T05:49:38","guid":{"rendered":"https:\/\/ywz.es\/?post_type=product&#038;p=2469"},"modified":"2025-05-12T09:31:42","modified_gmt":"2025-05-12T09:31:42","slug":"sacacorchos","status":"publish","type":"product","link":"https:\/\/hgabodegas.com\/en\/producto\/sacacorchos\/","title":{"rendered":"SACACORCHOS"},"content":{"rendered":"","protected":false},"excerpt":{"rendered":"<p>Sacacorchos profesional con Sistema de doble apoyo con 7 posiciones y con resorte autom\u00e1tico entre los dos apoyos que hace m\u00e1s f\u00e1cil su uso.<br \/>\nAbrebotellas y navaja corta-c\u00e1psulas integrados.<\/p>\n<p><strong>Material:<\/strong> acero de alta calidad y durabilidad con espiral de tefl\u00f3n.<br \/>\n<strong>Medidas:<\/strong> 12*1.5*2.4 cm.<br \/>\n<strong>Peso:<\/strong> 69 gr.<\/p>\n","protected":false},"featured_media":8345,"template":"","meta":[],"product_cat":[114],"product_tag":[],"yoast_head":"<!-- This site is optimized with the Yoast SEO plugin v23.4 - https:\/\/yoast.com\/wordpress\/plugins\/seo\/ -->\n<title>SACACORCHOS - Tienda de vinos HGA Bodegas<\/title>\n<meta name=\"robots\" content=\"index, follow, max-snippet:-1, max-image-preview:large, max-video-preview:-1\" \/>\n<link rel=\"canonical\" href=\"https:\/\/hgabodegas.com\/producto\/sacacorchos\/\" \/>\n<meta property=\"og:locale\" content=\"en_US\" \/>\n<meta property=\"og:type\" content=\"article\" \/>\n<meta property=\"og:title\" content=\"SACACORCHOS - Tienda de vinos HGA Bodegas\" \/>\n<meta property=\"og:description\" content=\"Sacacorchos profesional con Sistema de doble apoyo con 7 posiciones y con resorte autom\u00e1tico entre los dos apoyos que hace m\u00e1s f\u00e1cil su uso. Abrebotellas y navaja corta-c\u00e1psulas integrados.  Material: acero de alta calidad y durabilidad con espiral de tefl\u00f3n. Medidas: 12*1.5*2.4 cm. Peso: 69 gr.\" \/>\n<meta property=\"og:url\" content=\"https:\/\/hgabodegas.com\/producto\/sacacorchos\/\" \/>\n<meta property=\"og:site_name\" content=\"Tienda de vinos HGA Bodegas\" \/>\n<meta property=\"article:modified_time\" content=\"2025-05-12T09:31:42+00:00\" \/>\n<meta property=\"og:image\" content=\"https:\/\/hgabodegas.com\/wp-content\/uploads\/2021\/01\/SACACORCHOS-REGINA.jpg\" \/>\n\t<meta property=\"og:image:width\" content=\"480\" \/>\n\t<meta property=\"og:image:height\" content=\"480\" \/>\n\t<meta property=\"og:image:type\" content=\"image\/jpeg\" \/>\n<meta name=\"twitter:card\" content=\"summary_large_image\" \/>\n<meta name=\"twitter:label1\" content=\"Est. reading time\" \/>\n\t<meta name=\"twitter:data1\" content=\"1 minute\" \/>\n<script type=\"application\/ld+json\" class=\"yoast-schema-graph\">{\"@context\":\"https:\/\/schema.org\",\"@graph\":[{\"@type\":\"WebPage\",\"@id\":\"https:\/\/hgabodegas.com\/producto\/sacacorchos\/\",\"url\":\"https:\/\/hgabodegas.com\/producto\/sacacorchos\/\",\"name\":\"SACACORCHOS - Tienda de vinos HGA Bodegas\",\"isPartOf\":{\"@id\":\"https:\/\/hgabodegas.com\/#website\"},\"primaryImageOfPage\":{\"@id\":\"https:\/\/hgabodegas.com\/producto\/sacacorchos\/#primaryimage\"},\"image\":{\"@id\":\"https:\/\/hgabodegas.com\/producto\/sacacorchos\/#primaryimage\"},\"thumbnailUrl\":\"https:\/\/hgabodegas.com\/wp-content\/uploads\/2021\/01\/SACACORCHOS-REGINA.jpg\",\"datePublished\":\"2021-01-26T05:49:38+00:00\",\"dateModified\":\"2025-05-12T09:31:42+00:00\",\"breadcrumb\":{\"@id\":\"https:\/\/hgabodegas.com\/producto\/sacacorchos\/#breadcrumb\"},\"inLanguage\":\"en-US\",\"potentialAction\":[{\"@type\":\"ReadAction\",\"target\":[\"https:\/\/hgabodegas.com\/producto\/sacacorchos\/\"]}]},{\"@type\":\"ImageObject\",\"inLanguage\":\"en-US\",\"@id\":\"https:\/\/hgabodegas.com\/producto\/sacacorchos\/#primaryimage\",\"url\":\"https:\/\/hgabodegas.com\/wp-content\/uploads\/2021\/01\/SACACORCHOS-REGINA.jpg\",\"contentUrl\":\"https:\/\/hgabodegas.com\/wp-content\/uploads\/2021\/01\/SACACORCHOS-REGINA.jpg\",\"width\":480,\"height\":480,\"caption\":\"Sacaccorchos Regina Viarum\"},{\"@type\":\"BreadcrumbList\",\"@id\":\"https:\/\/hgabodegas.com\/producto\/sacacorchos\/#breadcrumb\",\"itemListElement\":[{\"@type\":\"ListItem\",\"position\":1,\"name\":\"Portada\",\"item\":\"https:\/\/hgabodegas.com\/en\/inicio\/\"},{\"@type\":\"ListItem\",\"position\":2,\"name\":\"Productos\",\"item\":\"https:\/\/hgabodegas.com\/pagina-de-inicio\/\"},{\"@type\":\"ListItem\",\"position\":3,\"name\":\"SACACORCHOS\"}]},{\"@type\":\"WebSite\",\"@id\":\"https:\/\/hgabodegas.com\/#website\",\"url\":\"https:\/\/hgabodegas.com\/\",\"name\":\"Tienda de vinos HGA Bodegas\",\"description\":\"Descubre la gran variedad de vinos de nuestras bodegas\",\"potentialAction\":[{\"@type\":\"SearchAction\",\"target\":{\"@type\":\"EntryPoint\",\"urlTemplate\":\"https:\/\/hgabodegas.com\/?s={search_term_string}\"},\"query-input\":{\"@type\":\"PropertyValueSpecification\",\"valueRequired\":true,\"valueName\":\"search_term_string\"}}],\"inLanguage\":\"en-US\"}]}<\/script>\n<!-- \/ Yoast SEO plugin. -->","yoast_head_json":{"title":"SACACORCHOS - Tienda de vinos HGA Bodegas","robots":{"index":"index","follow":"follow","max-snippet":"max-snippet:-1","max-image-preview":"max-image-preview:large","max-video-preview":"max-video-preview:-1"},"canonical":"https:\/\/hgabodegas.com\/producto\/sacacorchos\/","og_locale":"en_US","og_type":"article","og_title":"SACACORCHOS - Tienda de vinos HGA Bodegas","og_description":"Sacacorchos profesional con Sistema de doble apoyo con 7 posiciones y con resorte autom\u00e1tico entre los dos apoyos que hace m\u00e1s f\u00e1cil su uso. Abrebotellas y navaja corta-c\u00e1psulas integrados.  Material: acero de alta calidad y durabilidad con espiral de tefl\u00f3n. Medidas: 12*1.5*2.4 cm. Peso: 69 gr.","og_url":"https:\/\/hgabodegas.com\/producto\/sacacorchos\/","og_site_name":"Tienda de vinos HGA Bodegas","article_modified_time":"2025-05-12T09:31:42+00:00","og_image":[{"width":480,"height":480,"url":"https:\/\/hgabodegas.com\/wp-content\/uploads\/2021\/01\/SACACORCHOS-REGINA.jpg","type":"image\/jpeg"}],"twitter_card":"summary_large_image","twitter_misc":{"Est. reading time":"1 minute"},"schema":{"@context":"https:\/\/schema.org","@graph":[{"@type":"WebPage","@id":"https:\/\/hgabodegas.com\/producto\/sacacorchos\/","url":"https:\/\/hgabodegas.com\/producto\/sacacorchos\/","name":"SACACORCHOS - Tienda de vinos HGA Bodegas","isPartOf":{"@id":"https:\/\/hgabodegas.com\/#website"},"primaryImageOfPage":{"@id":"https:\/\/hgabodegas.com\/producto\/sacacorchos\/#primaryimage"},"image":{"@id":"https:\/\/hgabodegas.com\/producto\/sacacorchos\/#primaryimage"},"thumbnailUrl":"https:\/\/hgabodegas.com\/wp-content\/uploads\/2021\/01\/SACACORCHOS-REGINA.jpg","datePublished":"2021-01-26T05:49:38+00:00","dateModified":"2025-05-12T09:31:42+00:00","breadcrumb":{"@id":"https:\/\/hgabodegas.com\/producto\/sacacorchos\/#breadcrumb"},"inLanguage":"en-US","potentialAction":[{"@type":"ReadAction","target":["https:\/\/hgabodegas.com\/producto\/sacacorchos\/"]}]},{"@type":"ImageObject","inLanguage":"en-US","@id":"https:\/\/hgabodegas.com\/producto\/sacacorchos\/#primaryimage","url":"https:\/\/hgabodegas.com\/wp-content\/uploads\/2021\/01\/SACACORCHOS-REGINA.jpg","contentUrl":"https:\/\/hgabodegas.com\/wp-content\/uploads\/2021\/01\/SACACORCHOS-REGINA.jpg","width":480,"height":480,"caption":"Sacaccorchos Regina Viarum"},{"@type":"BreadcrumbList","@id":"https:\/\/hgabodegas.com\/producto\/sacacorchos\/#breadcrumb","itemListElement":[{"@type":"ListItem","position":1,"name":"Portada","item":"https:\/\/hgabodegas.com\/en\/inicio\/"},{"@type":"ListItem","position":2,"name":"Productos","item":"https:\/\/hgabodegas.com\/pagina-de-inicio\/"},{"@type":"ListItem","position":3,"name":"SACACORCHOS"}]},{"@type":"WebSite","@id":"https:\/\/hgabodegas.com\/#website","url":"https:\/\/hgabodegas.com\/","name":"Tienda de vinos HGA Bodegas","description":"Descubre la gran variedad de vinos de nuestras bodegas","potentialAction":[{"@type":"SearchAction","target":{"@type":"EntryPoint","urlTemplate":"https:\/\/hgabodegas.com\/?s={search_term_string}"},"query-input":{"@type":"PropertyValueSpecification","valueRequired":true,"valueName":"search_term_string"}}],"inLanguage":"en-US"}]}},"_links":{"self":[{"href":"https:\/\/hgabodegas.com\/en\/wp-json\/wp\/v2\/product\/2469"}],"collection":[{"href":"https:\/\/hgabodegas.com\/en\/wp-json\/wp\/v2\/product"}],"about":[{"href":"https:\/\/hgabodegas.com\/en\/wp-json\/wp\/v2\/types\/product"}],"wp:featuredmedia":[{"embeddable":true,"href":"https:\/\/hgabodegas.com\/en\/wp-json\/wp\/v2\/media\/8345"}],"wp:attachment":[{"href":"https:\/\/hgabodegas.com\/en\/wp-json\/wp\/v2\/media?parent=2469"}],"wp:term":[{"taxonomy":"product_cat","embeddable":true,"href":"https:\/\/hgabodegas.com\/en\/wp-json\/wp\/v2\/product_cat?post=2469"},{"taxonomy":"product_tag","embeddable":true,"href":"https:\/\/hgabodegas.com\/en\/wp-json\/wp\/v2\/product_tag?post=2469"}],"curies":[{"name":"wp","href":"https:\/\/api.w.org\/{rel}","templated":true}]}}