{"id":27,"date":"2020-11-10T09:27:18","date_gmt":"2020-11-10T09:27:18","guid":{"rendered":"https:\/\/ywz.es\/?product=import-placeholder-for-1939"},"modified":"2026-03-30T16:41:11","modified_gmt":"2026-03-30T16:41:11","slug":"altos-de-torona-brut-nature","status":"publish","type":"product","link":"https:\/\/hgabodegas.com\/en\/producto\/altos-de-torona-brut-nature\/","title":{"rendered":"ALTOS DE TORONA BRUT NATURE"},"content":{"rendered":"<p><strong>VISTA:<\/strong> Amarillo con reflejos dorados y fina burbuja.<\/p>\n<p><strong>NARIZ:<\/strong> Frutas blancas y c\u00edtricos, pera, lima, junto con notas de levadura, tostadas y panader\u00eda aportadas por la crianza en rima.<\/p>\n<p><strong>GUSTO:<\/strong> Acidez equilibrada, burbuja fina y bien integrada. Paso en boca sedoso y final afrutado con elegante amargor.<\/p>\n<p><strong>GASTRONOM\u00cdA:<\/strong> Aperitivo de jam\u00f3n, cigalas cocidas, bacalao al horno, pechuga de pollo a la plancha.<\/p>\n<p class=\"p1\"><span class=\"s1\"><a href=\"https:\/\/hgabodegas.com\/PDF\/ficha_tecnica\/Altos_de_Torona_Brut_Nature_ES_b.pdf\" target=\"_blank\" rel=\"noopener noreferrer\">DESCARGAR FICHA DE CATA<\/a><\/span><\/p>\n","protected":false},"excerpt":{"rendered":"<div class=\"page\" title=\"Page 1\">\n<div class=\"layoutArea\">\n<div class=\"column\">\n<p><span style=\"color: #000000;\">75 cl<\/span><strong><br \/>\nD.O.:<\/strong>\u00a0R\u00edas Baixas<br \/>\n<strong>BODEGA:<\/strong> Altos de Torona<br \/>\n<strong>VARIEDADES:<\/strong> Albari\u00f1o<\/p>\n<p>Elaborado con uva 100% Albari\u00f1o a trav\u00e9s del m\u00e9todo tradicional Champenoise, con 24 meses de crianza en rima y 12 meses en botella.<strong><br \/>\n<\/strong><\/p>\n<p><span style=\"font-size: 14px; color: #bfa356;\"><strong>GU\u00cdA PAAD\u00cdN<\/strong> <strong>2022 <\/strong>&#8211; Medalla de ORO<br \/>\n<\/span><\/p>\n<\/div>\n<\/div>\n<\/div>\n","protected":false},"featured_media":8980,"template":"","meta":[],"product_cat":[140,131,154,23,21,166],"product_tag":[],"yoast_head":"<!-- This site is optimized with the Yoast SEO plugin v23.4 - https:\/\/yoast.com\/wordpress\/plugins\/seo\/ -->\n<title>Altos de Torona Brut Nature - Tienda de vinos HGA Bodegas<\/title>\n<meta name=\"description\" content=\"Altos de Torona Brut Nature es un vino espumoso de uva albari\u00f1o, elaborado por Bodegas Altos de Torona bajo la Denominaci\u00f3n de Origen R\u00edas Baixas.\" \/>\n<meta name=\"robots\" content=\"index, follow, max-snippet:-1, max-image-preview:large, max-video-preview:-1\" \/>\n<link rel=\"canonical\" href=\"https:\/\/hgabodegas.com\/producto\/altos-de-torona-brut-nature\/\" \/>\n<meta property=\"og:locale\" content=\"en_US\" \/>\n<meta property=\"og:type\" content=\"article\" \/>\n<meta property=\"og:title\" content=\"Altos de Torona Brut Nature - Tienda de vinos HGA Bodegas\" \/>\n<meta property=\"og:description\" content=\"Altos de Torona Brut Nature es un vino espumoso de uva albari\u00f1o, elaborado por Bodegas Altos de Torona bajo la Denominaci\u00f3n de Origen R\u00edas Baixas.\" \/>\n<meta property=\"og:url\" content=\"https:\/\/hgabodegas.com\/producto\/altos-de-torona-brut-nature\/\" \/>\n<meta property=\"og:site_name\" content=\"Tienda de vinos HGA Bodegas\" \/>\n<meta property=\"article:modified_time\" content=\"2026-03-30T16:41:11+00:00\" \/>\n<meta property=\"og:image\" content=\"https:\/\/hgabodegas.com\/wp-content\/uploads\/2026\/03\/Altos_de_Torona_Brut_Nature_800.webp\" \/>\n\t<meta property=\"og:image:width\" content=\"800\" \/>\n\t<meta property=\"og:image:height\" content=\"800\" \/>\n\t<meta property=\"og:image:type\" content=\"image\/webp\" \/>\n<meta name=\"twitter:card\" content=\"summary_large_image\" \/>\n<meta name=\"twitter:label1\" content=\"Est. reading time\" \/>\n\t<meta name=\"twitter:data1\" content=\"1 minute\" \/>\n<script type=\"application\/ld+json\" class=\"yoast-schema-graph\">{\"@context\":\"https:\/\/schema.org\",\"@graph\":[{\"@type\":\"WebPage\",\"@id\":\"https:\/\/hgabodegas.com\/producto\/altos-de-torona-brut-nature\/\",\"url\":\"https:\/\/hgabodegas.com\/producto\/altos-de-torona-brut-nature\/\",\"name\":\"Altos de Torona Brut Nature - Tienda de vinos HGA Bodegas\",\"isPartOf\":{\"@id\":\"https:\/\/hgabodegas.com\/#website\"},\"primaryImageOfPage\":{\"@id\":\"https:\/\/hgabodegas.com\/producto\/altos-de-torona-brut-nature\/#primaryimage\"},\"image\":{\"@id\":\"https:\/\/hgabodegas.com\/producto\/altos-de-torona-brut-nature\/#primaryimage\"},\"thumbnailUrl\":\"https:\/\/hgabodegas.com\/wp-content\/uploads\/2026\/03\/Altos_de_Torona_Brut_Nature_800.webp\",\"datePublished\":\"2020-11-10T09:27:18+00:00\",\"dateModified\":\"2026-03-30T16:41:11+00:00\",\"description\":\"Altos de Torona Brut Nature es un vino espumoso de uva albari\u00f1o, elaborado por Bodegas Altos de Torona bajo la Denominaci\u00f3n de Origen R\u00edas Baixas.\",\"breadcrumb\":{\"@id\":\"https:\/\/hgabodegas.com\/producto\/altos-de-torona-brut-nature\/#breadcrumb\"},\"inLanguage\":\"en-US\",\"potentialAction\":[{\"@type\":\"ReadAction\",\"target\":[\"https:\/\/hgabodegas.com\/producto\/altos-de-torona-brut-nature\/\"]}]},{\"@type\":\"ImageObject\",\"inLanguage\":\"en-US\",\"@id\":\"https:\/\/hgabodegas.com\/producto\/altos-de-torona-brut-nature\/#primaryimage\",\"url\":\"https:\/\/hgabodegas.com\/wp-content\/uploads\/2026\/03\/Altos_de_Torona_Brut_Nature_800.webp\",\"contentUrl\":\"https:\/\/hgabodegas.com\/wp-content\/uploads\/2026\/03\/Altos_de_Torona_Brut_Nature_800.webp\",\"width\":800,\"height\":800,\"caption\":\"Botella de Espumoso Altos de Torona Brut Nature\"},{\"@type\":\"BreadcrumbList\",\"@id\":\"https:\/\/hgabodegas.com\/producto\/altos-de-torona-brut-nature\/#breadcrumb\",\"itemListElement\":[{\"@type\":\"ListItem\",\"position\":1,\"name\":\"Portada\",\"item\":\"https:\/\/hgabodegas.com\/en\/inicio\/\"},{\"@type\":\"ListItem\",\"position\":2,\"name\":\"Productos\",\"item\":\"https:\/\/hgabodegas.com\/pagina-de-inicio\/\"},{\"@type\":\"ListItem\",\"position\":3,\"name\":\"ALTOS DE TORONA BRUT NATURE\"}]},{\"@type\":\"WebSite\",\"@id\":\"https:\/\/hgabodegas.com\/#website\",\"url\":\"https:\/\/hgabodegas.com\/\",\"name\":\"Tienda de vinos HGA Bodegas\",\"description\":\"Descubre la gran variedad de vinos de nuestras bodegas\",\"potentialAction\":[{\"@type\":\"SearchAction\",\"target\":{\"@type\":\"EntryPoint\",\"urlTemplate\":\"https:\/\/hgabodegas.com\/?s={search_term_string}\"},\"query-input\":{\"@type\":\"PropertyValueSpecification\",\"valueRequired\":true,\"valueName\":\"search_term_string\"}}],\"inLanguage\":\"en-US\"}]}<\/script>\n<!-- \/ Yoast SEO plugin. -->","yoast_head_json":{"title":"Altos de Torona Brut Nature - Tienda de vinos HGA Bodegas","description":"Altos de Torona Brut Nature es un vino espumoso de uva albari\u00f1o, elaborado por Bodegas Altos de Torona bajo la Denominaci\u00f3n de Origen R\u00edas Baixas.","robots":{"index":"index","follow":"follow","max-snippet":"max-snippet:-1","max-image-preview":"max-image-preview:large","max-video-preview":"max-video-preview:-1"},"canonical":"https:\/\/hgabodegas.com\/producto\/altos-de-torona-brut-nature\/","og_locale":"en_US","og_type":"article","og_title":"Altos de Torona Brut Nature - Tienda de vinos HGA Bodegas","og_description":"Altos de Torona Brut Nature es un vino espumoso de uva albari\u00f1o, elaborado por Bodegas Altos de Torona bajo la Denominaci\u00f3n de Origen R\u00edas Baixas.","og_url":"https:\/\/hgabodegas.com\/producto\/altos-de-torona-brut-nature\/","og_site_name":"Tienda de vinos HGA Bodegas","article_modified_time":"2026-03-30T16:41:11+00:00","og_image":[{"width":800,"height":800,"url":"https:\/\/hgabodegas.com\/wp-content\/uploads\/2026\/03\/Altos_de_Torona_Brut_Nature_800.webp","type":"image\/webp"}],"twitter_card":"summary_large_image","twitter_misc":{"Est. reading time":"1 minute"},"schema":{"@context":"https:\/\/schema.org","@graph":[{"@type":"WebPage","@id":"https:\/\/hgabodegas.com\/producto\/altos-de-torona-brut-nature\/","url":"https:\/\/hgabodegas.com\/producto\/altos-de-torona-brut-nature\/","name":"Altos de Torona Brut Nature - Tienda de vinos HGA Bodegas","isPartOf":{"@id":"https:\/\/hgabodegas.com\/#website"},"primaryImageOfPage":{"@id":"https:\/\/hgabodegas.com\/producto\/altos-de-torona-brut-nature\/#primaryimage"},"image":{"@id":"https:\/\/hgabodegas.com\/producto\/altos-de-torona-brut-nature\/#primaryimage"},"thumbnailUrl":"https:\/\/hgabodegas.com\/wp-content\/uploads\/2026\/03\/Altos_de_Torona_Brut_Nature_800.webp","datePublished":"2020-11-10T09:27:18+00:00","dateModified":"2026-03-30T16:41:11+00:00","description":"Altos de Torona Brut Nature es un vino espumoso de uva albari\u00f1o, elaborado por Bodegas Altos de Torona bajo la Denominaci\u00f3n de Origen R\u00edas Baixas.","breadcrumb":{"@id":"https:\/\/hgabodegas.com\/producto\/altos-de-torona-brut-nature\/#breadcrumb"},"inLanguage":"en-US","potentialAction":[{"@type":"ReadAction","target":["https:\/\/hgabodegas.com\/producto\/altos-de-torona-brut-nature\/"]}]},{"@type":"ImageObject","inLanguage":"en-US","@id":"https:\/\/hgabodegas.com\/producto\/altos-de-torona-brut-nature\/#primaryimage","url":"https:\/\/hgabodegas.com\/wp-content\/uploads\/2026\/03\/Altos_de_Torona_Brut_Nature_800.webp","contentUrl":"https:\/\/hgabodegas.com\/wp-content\/uploads\/2026\/03\/Altos_de_Torona_Brut_Nature_800.webp","width":800,"height":800,"caption":"Botella de Espumoso Altos de Torona Brut Nature"},{"@type":"BreadcrumbList","@id":"https:\/\/hgabodegas.com\/producto\/altos-de-torona-brut-nature\/#breadcrumb","itemListElement":[{"@type":"ListItem","position":1,"name":"Portada","item":"https:\/\/hgabodegas.com\/en\/inicio\/"},{"@type":"ListItem","position":2,"name":"Productos","item":"https:\/\/hgabodegas.com\/pagina-de-inicio\/"},{"@type":"ListItem","position":3,"name":"ALTOS DE TORONA BRUT NATURE"}]},{"@type":"WebSite","@id":"https:\/\/hgabodegas.com\/#website","url":"https:\/\/hgabodegas.com\/","name":"Tienda de vinos HGA Bodegas","description":"Descubre la gran variedad de vinos de nuestras bodegas","potentialAction":[{"@type":"SearchAction","target":{"@type":"EntryPoint","urlTemplate":"https:\/\/hgabodegas.com\/?s={search_term_string}"},"query-input":{"@type":"PropertyValueSpecification","valueRequired":true,"valueName":"search_term_string"}}],"inLanguage":"en-US"}]}},"_links":{"self":[{"href":"https:\/\/hgabodegas.com\/en\/wp-json\/wp\/v2\/product\/27"}],"collection":[{"href":"https:\/\/hgabodegas.com\/en\/wp-json\/wp\/v2\/product"}],"about":[{"href":"https:\/\/hgabodegas.com\/en\/wp-json\/wp\/v2\/types\/product"}],"wp:featuredmedia":[{"embeddable":true,"href":"https:\/\/hgabodegas.com\/en\/wp-json\/wp\/v2\/media\/8980"}],"wp:attachment":[{"href":"https:\/\/hgabodegas.com\/en\/wp-json\/wp\/v2\/media?parent=27"}],"wp:term":[{"taxonomy":"product_cat","embeddable":true,"href":"https:\/\/hgabodegas.com\/en\/wp-json\/wp\/v2\/product_cat?post=27"},{"taxonomy":"product_tag","embeddable":true,"href":"https:\/\/hgabodegas.com\/en\/wp-json\/wp\/v2\/product_tag?post=27"}],"curies":[{"name":"wp","href":"https:\/\/api.w.org\/{rel}","templated":true}]}}