{"id":2796,"date":"2021-02-04T11:11:24","date_gmt":"2021-02-04T11:11:24","guid":{"rendered":"https:\/\/ywz.es\/?post_type=product&#038;p=2796"},"modified":"2024-11-27T13:29:12","modified_gmt":"2024-11-27T13:29:12","slug":"gin-platu-estuche","status":"publish","type":"product","link":"https:\/\/hgabodegas.com\/en\/producto\/gin-platu-estuche\/","title":{"rendered":"ESTUCHE GIN PLATU + COPA"},"content":{"rendered":"<p><strong>VISTA:<\/strong> Transparente, brillante y cristalina.<\/p>\n<p><strong>NARIZ:<\/strong> Elegantes aromas a bayas de enebro natural con notas c\u00edtricas, coriandro, canela y regaliz, lo que le confiere una mayor frescura.<\/p>\n<p><strong>BOCA:<\/strong> La entrada en boca es suave y fresca, con un equilibrio perfecto entre las notas c\u00edtricas y el enebro y la sutil complejidad que aportan las plantas bot\u00e1nicas.<\/p>\n<p><a href=\"http:\/\/hgabodegas.com\/PDF\/ficha_tecnica\/Gin_PLATU_ES_b.pdf\" target=\"_blank\" rel=\"noopener noreferrer\">DESCARGAR NOTA DE CATA<\/a><\/p>\n","protected":false},"excerpt":{"rendered":"<p>London Dry Gin<\/p>\n<p class=\"p1\">Proceso de doble destilaci\u00f3n de puro grano ingl\u00e9s. Macerado de 10 bot\u00e1nicos de alta calidad seleccionados manualmente.<\/p>\n<p class=\"p1\">Tercera destilaci\u00f3n. Es en esta fase donde se obtienen las principales caracter\u00edsticas diferenciales de nuestro LONDON DRY GIN: Elegancia, Suavidad, Frescura y Equilibrio en el Grado de Alcohol \u00d3ptimo.<\/p>\n<p class=\"p1\">Tras un proceso de filtrado m\u00faltiple se obtiene la transparencia y brillantez que hace de Plat\u00fa London Dry Gin una Ginebra \u00danica.<\/p>\n","protected":false},"featured_media":1746,"template":"","meta":[],"product_cat":[35],"product_tag":[],"yoast_head":"<!-- This site is optimized with the Yoast SEO plugin v23.4 - https:\/\/yoast.com\/wordpress\/plugins\/seo\/ -->\n<title>ESTUCHE GIN PLATU + COPA - Tienda de vinos HGA Bodegas<\/title>\n<meta name=\"robots\" content=\"index, follow, max-snippet:-1, max-image-preview:large, max-video-preview:-1\" \/>\n<link rel=\"canonical\" href=\"https:\/\/hgabodegas.com\/producto\/gin-platu-estuche\/\" \/>\n<meta property=\"og:locale\" content=\"en_US\" \/>\n<meta property=\"og:type\" content=\"article\" \/>\n<meta property=\"og:title\" content=\"ESTUCHE GIN PLATU + COPA - Tienda de vinos HGA Bodegas\" \/>\n<meta property=\"og:description\" content=\"London Dry Gin Proceso de doble destilaci\u00f3n de puro grano ingl\u00e9s. Macerado de 10 bot\u00e1nicos de alta calidad seleccionados manualmente. Tercera destilaci\u00f3n. Es en esta fase donde se obtienen las principales caracter\u00edsticas diferenciales de nuestro LONDON DRY GIN: Elegancia, Suavidad, Frescura y Equilibrio en el Grado de Alcohol \u00d3ptimo. Tras un proceso de filtrado m\u00faltiple se obtiene la transparencia y brillantez que hace de Plat\u00fa London Dry Gin una Ginebra \u00danica.\" \/>\n<meta property=\"og:url\" content=\"https:\/\/hgabodegas.com\/producto\/gin-platu-estuche\/\" \/>\n<meta property=\"og:site_name\" content=\"Tienda de vinos HGA Bodegas\" \/>\n<meta property=\"article:modified_time\" content=\"2024-11-27T13:29:12+00:00\" \/>\n<meta property=\"og:image\" content=\"https:\/\/hgabodegas.com\/wp-content\/uploads\/2020\/11\/V_gin_PLATU_caja2.jpg\" \/>\n\t<meta property=\"og:image:width\" content=\"481\" \/>\n\t<meta property=\"og:image:height\" content=\"480\" \/>\n\t<meta property=\"og:image:type\" content=\"image\/jpeg\" \/>\n<meta name=\"twitter:card\" content=\"summary_large_image\" \/>\n<meta name=\"twitter:label1\" content=\"Est. reading time\" \/>\n\t<meta name=\"twitter:data1\" content=\"1 minute\" \/>\n<script type=\"application\/ld+json\" class=\"yoast-schema-graph\">{\"@context\":\"https:\/\/schema.org\",\"@graph\":[{\"@type\":\"WebPage\",\"@id\":\"https:\/\/hgabodegas.com\/producto\/gin-platu-estuche\/\",\"url\":\"https:\/\/hgabodegas.com\/producto\/gin-platu-estuche\/\",\"name\":\"ESTUCHE GIN PLATU + COPA - Tienda de vinos HGA Bodegas\",\"isPartOf\":{\"@id\":\"https:\/\/hgabodegas.com\/#website\"},\"primaryImageOfPage\":{\"@id\":\"https:\/\/hgabodegas.com\/producto\/gin-platu-estuche\/#primaryimage\"},\"image\":{\"@id\":\"https:\/\/hgabodegas.com\/producto\/gin-platu-estuche\/#primaryimage\"},\"thumbnailUrl\":\"https:\/\/hgabodegas.com\/wp-content\/uploads\/2020\/11\/V_gin_PLATU_caja2.jpg\",\"datePublished\":\"2021-02-04T11:11:24+00:00\",\"dateModified\":\"2024-11-27T13:29:12+00:00\",\"breadcrumb\":{\"@id\":\"https:\/\/hgabodegas.com\/producto\/gin-platu-estuche\/#breadcrumb\"},\"inLanguage\":\"en-US\",\"potentialAction\":[{\"@type\":\"ReadAction\",\"target\":[\"https:\/\/hgabodegas.com\/producto\/gin-platu-estuche\/\"]}]},{\"@type\":\"ImageObject\",\"inLanguage\":\"en-US\",\"@id\":\"https:\/\/hgabodegas.com\/producto\/gin-platu-estuche\/#primaryimage\",\"url\":\"https:\/\/hgabodegas.com\/wp-content\/uploads\/2020\/11\/V_gin_PLATU_caja2.jpg\",\"contentUrl\":\"https:\/\/hgabodegas.com\/wp-content\/uploads\/2020\/11\/V_gin_PLATU_caja2.jpg\",\"width\":481,\"height\":480,\"caption\":\"Estuche Gin plat\u00fa con copa\"},{\"@type\":\"BreadcrumbList\",\"@id\":\"https:\/\/hgabodegas.com\/producto\/gin-platu-estuche\/#breadcrumb\",\"itemListElement\":[{\"@type\":\"ListItem\",\"position\":1,\"name\":\"Portada\",\"item\":\"https:\/\/hgabodegas.com\/en\/inicio\/\"},{\"@type\":\"ListItem\",\"position\":2,\"name\":\"Productos\",\"item\":\"https:\/\/hgabodegas.com\/pagina-de-inicio\/\"},{\"@type\":\"ListItem\",\"position\":3,\"name\":\"ESTUCHE GIN PLATU + COPA\"}]},{\"@type\":\"WebSite\",\"@id\":\"https:\/\/hgabodegas.com\/#website\",\"url\":\"https:\/\/hgabodegas.com\/\",\"name\":\"Tienda de vinos HGA Bodegas\",\"description\":\"Descubre la gran variedad de vinos de nuestras bodegas\",\"potentialAction\":[{\"@type\":\"SearchAction\",\"target\":{\"@type\":\"EntryPoint\",\"urlTemplate\":\"https:\/\/hgabodegas.com\/?s={search_term_string}\"},\"query-input\":{\"@type\":\"PropertyValueSpecification\",\"valueRequired\":true,\"valueName\":\"search_term_string\"}}],\"inLanguage\":\"en-US\"}]}<\/script>\n<!-- \/ Yoast SEO plugin. -->","yoast_head_json":{"title":"ESTUCHE GIN PLATU + COPA - Tienda de vinos HGA Bodegas","robots":{"index":"index","follow":"follow","max-snippet":"max-snippet:-1","max-image-preview":"max-image-preview:large","max-video-preview":"max-video-preview:-1"},"canonical":"https:\/\/hgabodegas.com\/producto\/gin-platu-estuche\/","og_locale":"en_US","og_type":"article","og_title":"ESTUCHE GIN PLATU + COPA - Tienda de vinos HGA Bodegas","og_description":"London Dry Gin Proceso de doble destilaci\u00f3n de puro grano ingl\u00e9s. Macerado de 10 bot\u00e1nicos de alta calidad seleccionados manualmente. Tercera destilaci\u00f3n. Es en esta fase donde se obtienen las principales caracter\u00edsticas diferenciales de nuestro LONDON DRY GIN: Elegancia, Suavidad, Frescura y Equilibrio en el Grado de Alcohol \u00d3ptimo. Tras un proceso de filtrado m\u00faltiple se obtiene la transparencia y brillantez que hace de Plat\u00fa London Dry Gin una Ginebra \u00danica.","og_url":"https:\/\/hgabodegas.com\/producto\/gin-platu-estuche\/","og_site_name":"Tienda de vinos HGA Bodegas","article_modified_time":"2024-11-27T13:29:12+00:00","og_image":[{"width":481,"height":480,"url":"https:\/\/hgabodegas.com\/wp-content\/uploads\/2020\/11\/V_gin_PLATU_caja2.jpg","type":"image\/jpeg"}],"twitter_card":"summary_large_image","twitter_misc":{"Est. reading time":"1 minute"},"schema":{"@context":"https:\/\/schema.org","@graph":[{"@type":"WebPage","@id":"https:\/\/hgabodegas.com\/producto\/gin-platu-estuche\/","url":"https:\/\/hgabodegas.com\/producto\/gin-platu-estuche\/","name":"ESTUCHE GIN PLATU + COPA - Tienda de vinos HGA Bodegas","isPartOf":{"@id":"https:\/\/hgabodegas.com\/#website"},"primaryImageOfPage":{"@id":"https:\/\/hgabodegas.com\/producto\/gin-platu-estuche\/#primaryimage"},"image":{"@id":"https:\/\/hgabodegas.com\/producto\/gin-platu-estuche\/#primaryimage"},"thumbnailUrl":"https:\/\/hgabodegas.com\/wp-content\/uploads\/2020\/11\/V_gin_PLATU_caja2.jpg","datePublished":"2021-02-04T11:11:24+00:00","dateModified":"2024-11-27T13:29:12+00:00","breadcrumb":{"@id":"https:\/\/hgabodegas.com\/producto\/gin-platu-estuche\/#breadcrumb"},"inLanguage":"en-US","potentialAction":[{"@type":"ReadAction","target":["https:\/\/hgabodegas.com\/producto\/gin-platu-estuche\/"]}]},{"@type":"ImageObject","inLanguage":"en-US","@id":"https:\/\/hgabodegas.com\/producto\/gin-platu-estuche\/#primaryimage","url":"https:\/\/hgabodegas.com\/wp-content\/uploads\/2020\/11\/V_gin_PLATU_caja2.jpg","contentUrl":"https:\/\/hgabodegas.com\/wp-content\/uploads\/2020\/11\/V_gin_PLATU_caja2.jpg","width":481,"height":480,"caption":"Estuche Gin plat\u00fa con copa"},{"@type":"BreadcrumbList","@id":"https:\/\/hgabodegas.com\/producto\/gin-platu-estuche\/#breadcrumb","itemListElement":[{"@type":"ListItem","position":1,"name":"Portada","item":"https:\/\/hgabodegas.com\/en\/inicio\/"},{"@type":"ListItem","position":2,"name":"Productos","item":"https:\/\/hgabodegas.com\/pagina-de-inicio\/"},{"@type":"ListItem","position":3,"name":"ESTUCHE GIN PLATU + COPA"}]},{"@type":"WebSite","@id":"https:\/\/hgabodegas.com\/#website","url":"https:\/\/hgabodegas.com\/","name":"Tienda de vinos HGA Bodegas","description":"Descubre la gran variedad de vinos de nuestras bodegas","potentialAction":[{"@type":"SearchAction","target":{"@type":"EntryPoint","urlTemplate":"https:\/\/hgabodegas.com\/?s={search_term_string}"},"query-input":{"@type":"PropertyValueSpecification","valueRequired":true,"valueName":"search_term_string"}}],"inLanguage":"en-US"}]}},"_links":{"self":[{"href":"https:\/\/hgabodegas.com\/en\/wp-json\/wp\/v2\/product\/2796"}],"collection":[{"href":"https:\/\/hgabodegas.com\/en\/wp-json\/wp\/v2\/product"}],"about":[{"href":"https:\/\/hgabodegas.com\/en\/wp-json\/wp\/v2\/types\/product"}],"wp:featuredmedia":[{"embeddable":true,"href":"https:\/\/hgabodegas.com\/en\/wp-json\/wp\/v2\/media\/1746"}],"wp:attachment":[{"href":"https:\/\/hgabodegas.com\/en\/wp-json\/wp\/v2\/media?parent=2796"}],"wp:term":[{"taxonomy":"product_cat","embeddable":true,"href":"https:\/\/hgabodegas.com\/en\/wp-json\/wp\/v2\/product_cat?post=2796"},{"taxonomy":"product_tag","embeddable":true,"href":"https:\/\/hgabodegas.com\/en\/wp-json\/wp\/v2\/product_tag?post=2796"}],"curies":[{"name":"wp","href":"https:\/\/api.w.org\/{rel}","templated":true}]}}