{"id":28,"date":"2020-11-10T09:27:19","date_gmt":"2020-11-10T09:27:19","guid":{"rendered":"https:\/\/ywz.es\/?product=import-placeholder-for-1940"},"modified":"2026-03-30T17:06:55","modified_gmt":"2026-03-30T17:06:55","slug":"altos-de-torona-brut","status":"publish","type":"product","link":"https:\/\/hgabodegas.com\/en\/producto\/altos-de-torona-brut\/","title":{"rendered":"ALTOS DE TORONA BRUT"},"content":{"rendered":"<p><strong>VISTA:<\/strong> Amarillo con reflejos dorados y fina burbuja.<\/p>\n<p><strong>NARIZ:<\/strong> Frutas blancas como pera, c\u00edtricos y notas con un fondo fresco y de levadura, aportadas por la crianza en rima.<\/p>\n<p><strong>BOCA:<\/strong> Acidez equilibrada, burbuja fina y no muy persistente, paso en boca sedoso y final de frutas frescas con un elegante amargor.<\/p>\n<p><strong>GASTRONOM\u00cdA:<\/strong> Aperitivos, ostras, sashimi, jurel marinado, salm\u00f3n ahumado y quesos frescos.<\/p>\n<p class=\"p1\"><span class=\"s1\"><a href=\"https:\/\/hgabodegas.com\/PDF\/ficha_tecnica\/Altos_de_Torona_Brut_ES_b.pdf\" target=\"_blank\" rel=\"noopener noreferrer\">DESCARGAR FICHA DE CATA<\/a><\/span><\/p>\n","protected":false},"excerpt":{"rendered":"<div class=\"page\" title=\"Page 1\">\n<div class=\"layoutArea\">\n<div class=\"column\">\n<p><span style=\"color: #000000;\">75 cl<\/span><strong><br \/>\nD.O.:<\/strong>\u00a0R\u00edas Baixas<br \/>\n<strong>BODEGA:<\/strong> Altos de Torona<br \/>\n<strong>VARIEDADES:<\/strong> Albari\u00f1o<\/p>\n<p>Elaborado con uva 100% Albari\u00f1o a trav\u00e9s del m\u00e9todo tradicional Champenoise, con 15 meses de crianza y 6 meses en botella.<strong><br \/>\n<\/strong><\/p>\n<p><span style=\"font-size: 14px; color: #bfa356;\"><strong>ANTONIO GALLONI VINOUS 2024<\/strong> &#8211; 91 Ptos.<\/span><\/p>\n<\/div>\n<\/div>\n<\/div>\n","protected":false},"featured_media":5108,"template":"","meta":[],"product_cat":[140,131,154,23,21,166],"product_tag":[],"yoast_head":"<!-- This site is optimized with the Yoast SEO plugin v23.4 - https:\/\/yoast.com\/wordpress\/plugins\/seo\/ -->\n<title>Altos de Torona Brut - Tienda de vinos HGA Bodegas<\/title>\n<meta name=\"description\" content=\"Altos de Torona Brut es un vino espumoso de uva albari\u00f1o, elaborado por Bodegas Altos de Torona bajo la Denominaci\u00f3n de Origen R\u00edas Baixas.\" \/>\n<meta name=\"robots\" content=\"index, follow, max-snippet:-1, max-image-preview:large, max-video-preview:-1\" \/>\n<link rel=\"canonical\" href=\"https:\/\/hgabodegas.com\/producto\/altos-de-torona-brut\/\" \/>\n<meta property=\"og:locale\" content=\"en_US\" \/>\n<meta property=\"og:type\" content=\"article\" \/>\n<meta property=\"og:title\" content=\"Altos de Torona Brut - Tienda de vinos HGA Bodegas\" \/>\n<meta property=\"og:description\" content=\"Altos de Torona Brut es un vino espumoso de uva albari\u00f1o, elaborado por Bodegas Altos de Torona bajo la Denominaci\u00f3n de Origen R\u00edas Baixas.\" \/>\n<meta property=\"og:url\" content=\"https:\/\/hgabodegas.com\/producto\/altos-de-torona-brut\/\" \/>\n<meta property=\"og:site_name\" content=\"Tienda de vinos HGA Bodegas\" \/>\n<meta property=\"article:modified_time\" content=\"2026-03-30T17:06:55+00:00\" \/>\n<meta property=\"og:image\" content=\"https:\/\/hgabodegas.com\/wp-content\/uploads\/2020\/11\/V_ALTOS_DE_TORONA_ESPUMOSO_BRUT-1.jpg\" \/>\n\t<meta property=\"og:image:width\" content=\"481\" \/>\n\t<meta property=\"og:image:height\" content=\"480\" \/>\n\t<meta property=\"og:image:type\" content=\"image\/jpeg\" \/>\n<meta name=\"twitter:card\" content=\"summary_large_image\" \/>\n<meta name=\"twitter:label1\" content=\"Est. reading time\" \/>\n\t<meta name=\"twitter:data1\" content=\"1 minute\" \/>\n<script type=\"application\/ld+json\" class=\"yoast-schema-graph\">{\"@context\":\"https:\/\/schema.org\",\"@graph\":[{\"@type\":\"WebPage\",\"@id\":\"https:\/\/hgabodegas.com\/producto\/altos-de-torona-brut\/\",\"url\":\"https:\/\/hgabodegas.com\/producto\/altos-de-torona-brut\/\",\"name\":\"Altos de Torona Brut - Tienda de vinos HGA Bodegas\",\"isPartOf\":{\"@id\":\"https:\/\/hgabodegas.com\/#website\"},\"primaryImageOfPage\":{\"@id\":\"https:\/\/hgabodegas.com\/producto\/altos-de-torona-brut\/#primaryimage\"},\"image\":{\"@id\":\"https:\/\/hgabodegas.com\/producto\/altos-de-torona-brut\/#primaryimage\"},\"thumbnailUrl\":\"https:\/\/hgabodegas.com\/wp-content\/uploads\/2020\/11\/V_ALTOS_DE_TORONA_ESPUMOSO_BRUT-1.jpg\",\"datePublished\":\"2020-11-10T09:27:19+00:00\",\"dateModified\":\"2026-03-30T17:06:55+00:00\",\"description\":\"Altos de Torona Brut es un vino espumoso de uva albari\u00f1o, elaborado por Bodegas Altos de Torona bajo la Denominaci\u00f3n de Origen R\u00edas Baixas.\",\"breadcrumb\":{\"@id\":\"https:\/\/hgabodegas.com\/producto\/altos-de-torona-brut\/#breadcrumb\"},\"inLanguage\":\"en-US\",\"potentialAction\":[{\"@type\":\"ReadAction\",\"target\":[\"https:\/\/hgabodegas.com\/producto\/altos-de-torona-brut\/\"]}]},{\"@type\":\"ImageObject\",\"inLanguage\":\"en-US\",\"@id\":\"https:\/\/hgabodegas.com\/producto\/altos-de-torona-brut\/#primaryimage\",\"url\":\"https:\/\/hgabodegas.com\/wp-content\/uploads\/2020\/11\/V_ALTOS_DE_TORONA_ESPUMOSO_BRUT-1.jpg\",\"contentUrl\":\"https:\/\/hgabodegas.com\/wp-content\/uploads\/2020\/11\/V_ALTOS_DE_TORONA_ESPUMOSO_BRUT-1.jpg\",\"width\":481,\"height\":480,\"caption\":\"Altos de Torona Brut\"},{\"@type\":\"BreadcrumbList\",\"@id\":\"https:\/\/hgabodegas.com\/producto\/altos-de-torona-brut\/#breadcrumb\",\"itemListElement\":[{\"@type\":\"ListItem\",\"position\":1,\"name\":\"Portada\",\"item\":\"https:\/\/hgabodegas.com\/en\/inicio\/\"},{\"@type\":\"ListItem\",\"position\":2,\"name\":\"Productos\",\"item\":\"https:\/\/hgabodegas.com\/pagina-de-inicio\/\"},{\"@type\":\"ListItem\",\"position\":3,\"name\":\"ALTOS DE TORONA BRUT\"}]},{\"@type\":\"WebSite\",\"@id\":\"https:\/\/hgabodegas.com\/#website\",\"url\":\"https:\/\/hgabodegas.com\/\",\"name\":\"Tienda de vinos HGA Bodegas\",\"description\":\"Descubre la gran variedad de vinos de nuestras bodegas\",\"potentialAction\":[{\"@type\":\"SearchAction\",\"target\":{\"@type\":\"EntryPoint\",\"urlTemplate\":\"https:\/\/hgabodegas.com\/?s={search_term_string}\"},\"query-input\":{\"@type\":\"PropertyValueSpecification\",\"valueRequired\":true,\"valueName\":\"search_term_string\"}}],\"inLanguage\":\"en-US\"}]}<\/script>\n<!-- \/ Yoast SEO plugin. -->","yoast_head_json":{"title":"Altos de Torona Brut - Tienda de vinos HGA Bodegas","description":"Altos de Torona Brut es un vino espumoso de uva albari\u00f1o, elaborado por Bodegas Altos de Torona bajo la Denominaci\u00f3n de Origen R\u00edas Baixas.","robots":{"index":"index","follow":"follow","max-snippet":"max-snippet:-1","max-image-preview":"max-image-preview:large","max-video-preview":"max-video-preview:-1"},"canonical":"https:\/\/hgabodegas.com\/producto\/altos-de-torona-brut\/","og_locale":"en_US","og_type":"article","og_title":"Altos de Torona Brut - Tienda de vinos HGA Bodegas","og_description":"Altos de Torona Brut es un vino espumoso de uva albari\u00f1o, elaborado por Bodegas Altos de Torona bajo la Denominaci\u00f3n de Origen R\u00edas Baixas.","og_url":"https:\/\/hgabodegas.com\/producto\/altos-de-torona-brut\/","og_site_name":"Tienda de vinos HGA Bodegas","article_modified_time":"2026-03-30T17:06:55+00:00","og_image":[{"width":481,"height":480,"url":"https:\/\/hgabodegas.com\/wp-content\/uploads\/2020\/11\/V_ALTOS_DE_TORONA_ESPUMOSO_BRUT-1.jpg","type":"image\/jpeg"}],"twitter_card":"summary_large_image","twitter_misc":{"Est. reading time":"1 minute"},"schema":{"@context":"https:\/\/schema.org","@graph":[{"@type":"WebPage","@id":"https:\/\/hgabodegas.com\/producto\/altos-de-torona-brut\/","url":"https:\/\/hgabodegas.com\/producto\/altos-de-torona-brut\/","name":"Altos de Torona Brut - Tienda de vinos HGA Bodegas","isPartOf":{"@id":"https:\/\/hgabodegas.com\/#website"},"primaryImageOfPage":{"@id":"https:\/\/hgabodegas.com\/producto\/altos-de-torona-brut\/#primaryimage"},"image":{"@id":"https:\/\/hgabodegas.com\/producto\/altos-de-torona-brut\/#primaryimage"},"thumbnailUrl":"https:\/\/hgabodegas.com\/wp-content\/uploads\/2020\/11\/V_ALTOS_DE_TORONA_ESPUMOSO_BRUT-1.jpg","datePublished":"2020-11-10T09:27:19+00:00","dateModified":"2026-03-30T17:06:55+00:00","description":"Altos de Torona Brut es un vino espumoso de uva albari\u00f1o, elaborado por Bodegas Altos de Torona bajo la Denominaci\u00f3n de Origen R\u00edas Baixas.","breadcrumb":{"@id":"https:\/\/hgabodegas.com\/producto\/altos-de-torona-brut\/#breadcrumb"},"inLanguage":"en-US","potentialAction":[{"@type":"ReadAction","target":["https:\/\/hgabodegas.com\/producto\/altos-de-torona-brut\/"]}]},{"@type":"ImageObject","inLanguage":"en-US","@id":"https:\/\/hgabodegas.com\/producto\/altos-de-torona-brut\/#primaryimage","url":"https:\/\/hgabodegas.com\/wp-content\/uploads\/2020\/11\/V_ALTOS_DE_TORONA_ESPUMOSO_BRUT-1.jpg","contentUrl":"https:\/\/hgabodegas.com\/wp-content\/uploads\/2020\/11\/V_ALTOS_DE_TORONA_ESPUMOSO_BRUT-1.jpg","width":481,"height":480,"caption":"Altos de Torona Brut"},{"@type":"BreadcrumbList","@id":"https:\/\/hgabodegas.com\/producto\/altos-de-torona-brut\/#breadcrumb","itemListElement":[{"@type":"ListItem","position":1,"name":"Portada","item":"https:\/\/hgabodegas.com\/en\/inicio\/"},{"@type":"ListItem","position":2,"name":"Productos","item":"https:\/\/hgabodegas.com\/pagina-de-inicio\/"},{"@type":"ListItem","position":3,"name":"ALTOS DE TORONA BRUT"}]},{"@type":"WebSite","@id":"https:\/\/hgabodegas.com\/#website","url":"https:\/\/hgabodegas.com\/","name":"Tienda de vinos HGA Bodegas","description":"Descubre la gran variedad de vinos de nuestras bodegas","potentialAction":[{"@type":"SearchAction","target":{"@type":"EntryPoint","urlTemplate":"https:\/\/hgabodegas.com\/?s={search_term_string}"},"query-input":{"@type":"PropertyValueSpecification","valueRequired":true,"valueName":"search_term_string"}}],"inLanguage":"en-US"}]}},"_links":{"self":[{"href":"https:\/\/hgabodegas.com\/en\/wp-json\/wp\/v2\/product\/28"}],"collection":[{"href":"https:\/\/hgabodegas.com\/en\/wp-json\/wp\/v2\/product"}],"about":[{"href":"https:\/\/hgabodegas.com\/en\/wp-json\/wp\/v2\/types\/product"}],"wp:featuredmedia":[{"embeddable":true,"href":"https:\/\/hgabodegas.com\/en\/wp-json\/wp\/v2\/media\/5108"}],"wp:attachment":[{"href":"https:\/\/hgabodegas.com\/en\/wp-json\/wp\/v2\/media?parent=28"}],"wp:term":[{"taxonomy":"product_cat","embeddable":true,"href":"https:\/\/hgabodegas.com\/en\/wp-json\/wp\/v2\/product_cat?post=28"},{"taxonomy":"product_tag","embeddable":true,"href":"https:\/\/hgabodegas.com\/en\/wp-json\/wp\/v2\/product_tag?post=28"}],"curies":[{"name":"wp","href":"https:\/\/api.w.org\/{rel}","templated":true}]}}