{"id":2805,"date":"2021-02-04T11:40:26","date_gmt":"2021-02-04T11:40:26","guid":{"rendered":"https:\/\/ywz.es\/?post_type=product&#038;p=2805"},"modified":"2025-11-12T16:15:03","modified_gmt":"2025-11-12T16:15:03","slug":"gin-number-zero","status":"publish","type":"product","link":"https:\/\/hgabodegas.com\/en\/producto\/gin-number-zero\/","title":{"rendered":"GIN NUMBER ZERO"},"content":{"rendered":"<p><strong>VISTA:<\/strong> Limpia, brillante, reejo acerado debido a la infusi\u00f3n de quinina.<br \/>\nL\u00e1grima marcada. Glic\u00e9rica.<\/p>\n<p><strong>NARIZ:<\/strong> Totalmente herb\u00e1cea. Muy marcada la lavanda, toque de pomelo rojo, camomila (manzanilla), t\u00e9 verde, lima kafr, violetas y jazm\u00edn.<\/p>\n<p><strong>BOCA:<\/strong> Buen paso de boca. Toque dulce inicial debido a las coladas. Alcohol marcado de encabezamiento, muy sutil, larga, agradable, con recuerdos amargos de la quinina infusionada. Acidez regulada.<\/p>\n<p><a href=\"http:\/\/hgabodegas.com\/PDF\/ficha_tecnica\/Gin_N0_ES-EN_b.pdf\" target=\"_blank\" rel=\"noopener noreferrer\">DESCARGAR NOTAS DE CATA<\/a><\/p>\n","protected":false},"excerpt":{"rendered":"<p><strong>London Dry Gin<\/strong><\/p>\n<p>Tridestilada en Francia, proviene de una receta recuperada de 1705 en la que se emplea corteza de Quina. Respeta al 100% la elaboraci\u00f3n de las mejores Ginebras y el uso de sus ingredientes Originales.<\/p>\n","protected":false},"featured_media":1743,"template":"","meta":[],"product_cat":[24,178],"product_tag":[],"yoast_head":"<!-- This site is optimized with the Yoast SEO plugin v23.4 - https:\/\/yoast.com\/wordpress\/plugins\/seo\/ -->\n<title>GIN NUMBER ZERO - Tienda de vinos HGA Bodegas<\/title>\n<meta name=\"description\" content=\"Number Zero London Dry Gin es una ginebra con bot\u00e1nicos y una Infusi\u00f3n de Quinina.\" \/>\n<meta name=\"robots\" content=\"index, follow, max-snippet:-1, max-image-preview:large, max-video-preview:-1\" \/>\n<link rel=\"canonical\" href=\"https:\/\/hgabodegas.com\/producto\/gin-number-zero\/\" \/>\n<meta property=\"og:locale\" content=\"en_US\" \/>\n<meta property=\"og:type\" content=\"article\" \/>\n<meta property=\"og:title\" content=\"GIN NUMBER ZERO - Tienda de vinos HGA Bodegas\" \/>\n<meta property=\"og:description\" content=\"Number Zero London Dry Gin es una ginebra con bot\u00e1nicos y una Infusi\u00f3n de Quinina.\" \/>\n<meta property=\"og:url\" content=\"https:\/\/hgabodegas.com\/producto\/gin-number-zero\/\" \/>\n<meta property=\"og:site_name\" content=\"Tienda de vinos HGA Bodegas\" \/>\n<meta property=\"article:modified_time\" content=\"2025-11-12T16:15:03+00:00\" \/>\n<meta property=\"og:image\" content=\"https:\/\/hgabodegas.com\/wp-content\/uploads\/2020\/11\/V_Gin_N0_2.jpg\" \/>\n\t<meta property=\"og:image:width\" content=\"481\" \/>\n\t<meta property=\"og:image:height\" content=\"480\" \/>\n\t<meta property=\"og:image:type\" content=\"image\/jpeg\" \/>\n<meta name=\"twitter:card\" content=\"summary_large_image\" \/>\n<meta name=\"twitter:label1\" content=\"Est. reading time\" \/>\n\t<meta name=\"twitter:data1\" content=\"1 minute\" \/>\n<script type=\"application\/ld+json\" class=\"yoast-schema-graph\">{\"@context\":\"https:\/\/schema.org\",\"@graph\":[{\"@type\":\"WebPage\",\"@id\":\"https:\/\/hgabodegas.com\/producto\/gin-number-zero\/\",\"url\":\"https:\/\/hgabodegas.com\/producto\/gin-number-zero\/\",\"name\":\"GIN NUMBER ZERO - Tienda de vinos HGA Bodegas\",\"isPartOf\":{\"@id\":\"https:\/\/hgabodegas.com\/#website\"},\"primaryImageOfPage\":{\"@id\":\"https:\/\/hgabodegas.com\/producto\/gin-number-zero\/#primaryimage\"},\"image\":{\"@id\":\"https:\/\/hgabodegas.com\/producto\/gin-number-zero\/#primaryimage\"},\"thumbnailUrl\":\"https:\/\/hgabodegas.com\/wp-content\/uploads\/2020\/11\/V_Gin_N0_2.jpg\",\"datePublished\":\"2021-02-04T11:40:26+00:00\",\"dateModified\":\"2025-11-12T16:15:03+00:00\",\"description\":\"Number Zero London Dry Gin es una ginebra con bot\u00e1nicos y una Infusi\u00f3n de Quinina.\",\"breadcrumb\":{\"@id\":\"https:\/\/hgabodegas.com\/producto\/gin-number-zero\/#breadcrumb\"},\"inLanguage\":\"en-US\",\"potentialAction\":[{\"@type\":\"ReadAction\",\"target\":[\"https:\/\/hgabodegas.com\/producto\/gin-number-zero\/\"]}]},{\"@type\":\"ImageObject\",\"inLanguage\":\"en-US\",\"@id\":\"https:\/\/hgabodegas.com\/producto\/gin-number-zero\/#primaryimage\",\"url\":\"https:\/\/hgabodegas.com\/wp-content\/uploads\/2020\/11\/V_Gin_N0_2.jpg\",\"contentUrl\":\"https:\/\/hgabodegas.com\/wp-content\/uploads\/2020\/11\/V_Gin_N0_2.jpg\",\"width\":481,\"height\":480,\"caption\":\"Gin Number Zero\"},{\"@type\":\"BreadcrumbList\",\"@id\":\"https:\/\/hgabodegas.com\/producto\/gin-number-zero\/#breadcrumb\",\"itemListElement\":[{\"@type\":\"ListItem\",\"position\":1,\"name\":\"Portada\",\"item\":\"https:\/\/hgabodegas.com\/en\/inicio\/\"},{\"@type\":\"ListItem\",\"position\":2,\"name\":\"Productos\",\"item\":\"https:\/\/hgabodegas.com\/pagina-de-inicio\/\"},{\"@type\":\"ListItem\",\"position\":3,\"name\":\"GIN NUMBER ZERO\"}]},{\"@type\":\"WebSite\",\"@id\":\"https:\/\/hgabodegas.com\/#website\",\"url\":\"https:\/\/hgabodegas.com\/\",\"name\":\"Tienda de vinos HGA Bodegas\",\"description\":\"Descubre la gran variedad de vinos de nuestras bodegas\",\"potentialAction\":[{\"@type\":\"SearchAction\",\"target\":{\"@type\":\"EntryPoint\",\"urlTemplate\":\"https:\/\/hgabodegas.com\/?s={search_term_string}\"},\"query-input\":{\"@type\":\"PropertyValueSpecification\",\"valueRequired\":true,\"valueName\":\"search_term_string\"}}],\"inLanguage\":\"en-US\"}]}<\/script>\n<!-- \/ Yoast SEO plugin. -->","yoast_head_json":{"title":"GIN NUMBER ZERO - Tienda de vinos HGA Bodegas","description":"Number Zero London Dry Gin es una ginebra con bot\u00e1nicos y una Infusi\u00f3n de Quinina.","robots":{"index":"index","follow":"follow","max-snippet":"max-snippet:-1","max-image-preview":"max-image-preview:large","max-video-preview":"max-video-preview:-1"},"canonical":"https:\/\/hgabodegas.com\/producto\/gin-number-zero\/","og_locale":"en_US","og_type":"article","og_title":"GIN NUMBER ZERO - Tienda de vinos HGA Bodegas","og_description":"Number Zero London Dry Gin es una ginebra con bot\u00e1nicos y una Infusi\u00f3n de Quinina.","og_url":"https:\/\/hgabodegas.com\/producto\/gin-number-zero\/","og_site_name":"Tienda de vinos HGA Bodegas","article_modified_time":"2025-11-12T16:15:03+00:00","og_image":[{"width":481,"height":480,"url":"https:\/\/hgabodegas.com\/wp-content\/uploads\/2020\/11\/V_Gin_N0_2.jpg","type":"image\/jpeg"}],"twitter_card":"summary_large_image","twitter_misc":{"Est. reading time":"1 minute"},"schema":{"@context":"https:\/\/schema.org","@graph":[{"@type":"WebPage","@id":"https:\/\/hgabodegas.com\/producto\/gin-number-zero\/","url":"https:\/\/hgabodegas.com\/producto\/gin-number-zero\/","name":"GIN NUMBER ZERO - Tienda de vinos HGA Bodegas","isPartOf":{"@id":"https:\/\/hgabodegas.com\/#website"},"primaryImageOfPage":{"@id":"https:\/\/hgabodegas.com\/producto\/gin-number-zero\/#primaryimage"},"image":{"@id":"https:\/\/hgabodegas.com\/producto\/gin-number-zero\/#primaryimage"},"thumbnailUrl":"https:\/\/hgabodegas.com\/wp-content\/uploads\/2020\/11\/V_Gin_N0_2.jpg","datePublished":"2021-02-04T11:40:26+00:00","dateModified":"2025-11-12T16:15:03+00:00","description":"Number Zero London Dry Gin es una ginebra con bot\u00e1nicos y una Infusi\u00f3n de Quinina.","breadcrumb":{"@id":"https:\/\/hgabodegas.com\/producto\/gin-number-zero\/#breadcrumb"},"inLanguage":"en-US","potentialAction":[{"@type":"ReadAction","target":["https:\/\/hgabodegas.com\/producto\/gin-number-zero\/"]}]},{"@type":"ImageObject","inLanguage":"en-US","@id":"https:\/\/hgabodegas.com\/producto\/gin-number-zero\/#primaryimage","url":"https:\/\/hgabodegas.com\/wp-content\/uploads\/2020\/11\/V_Gin_N0_2.jpg","contentUrl":"https:\/\/hgabodegas.com\/wp-content\/uploads\/2020\/11\/V_Gin_N0_2.jpg","width":481,"height":480,"caption":"Gin Number Zero"},{"@type":"BreadcrumbList","@id":"https:\/\/hgabodegas.com\/producto\/gin-number-zero\/#breadcrumb","itemListElement":[{"@type":"ListItem","position":1,"name":"Portada","item":"https:\/\/hgabodegas.com\/en\/inicio\/"},{"@type":"ListItem","position":2,"name":"Productos","item":"https:\/\/hgabodegas.com\/pagina-de-inicio\/"},{"@type":"ListItem","position":3,"name":"GIN NUMBER ZERO"}]},{"@type":"WebSite","@id":"https:\/\/hgabodegas.com\/#website","url":"https:\/\/hgabodegas.com\/","name":"Tienda de vinos HGA Bodegas","description":"Descubre la gran variedad de vinos de nuestras bodegas","potentialAction":[{"@type":"SearchAction","target":{"@type":"EntryPoint","urlTemplate":"https:\/\/hgabodegas.com\/?s={search_term_string}"},"query-input":{"@type":"PropertyValueSpecification","valueRequired":true,"valueName":"search_term_string"}}],"inLanguage":"en-US"}]}},"_links":{"self":[{"href":"https:\/\/hgabodegas.com\/en\/wp-json\/wp\/v2\/product\/2805"}],"collection":[{"href":"https:\/\/hgabodegas.com\/en\/wp-json\/wp\/v2\/product"}],"about":[{"href":"https:\/\/hgabodegas.com\/en\/wp-json\/wp\/v2\/types\/product"}],"wp:featuredmedia":[{"embeddable":true,"href":"https:\/\/hgabodegas.com\/en\/wp-json\/wp\/v2\/media\/1743"}],"wp:attachment":[{"href":"https:\/\/hgabodegas.com\/en\/wp-json\/wp\/v2\/media?parent=2805"}],"wp:term":[{"taxonomy":"product_cat","embeddable":true,"href":"https:\/\/hgabodegas.com\/en\/wp-json\/wp\/v2\/product_cat?post=2805"},{"taxonomy":"product_tag","embeddable":true,"href":"https:\/\/hgabodegas.com\/en\/wp-json\/wp\/v2\/product_tag?post=2805"}],"curies":[{"name":"wp","href":"https:\/\/api.w.org\/{rel}","templated":true}]}}