{"id":33,"date":"2020-11-10T09:27:19","date_gmt":"2020-11-10T09:27:19","guid":{"rendered":"https:\/\/ywz.es\/?product=import-placeholder-for-2039"},"modified":"2026-03-27T13:49:53","modified_gmt":"2026-03-27T13:49:53","slug":"albanta","status":"publish","type":"product","link":"https:\/\/hgabodegas.com\/en\/producto\/albanta\/","title":{"rendered":"ALBANTA"},"content":{"rendered":"<p><strong>VISTA:<\/strong> Amarillo pajizo con reflejos dorados verdosos, limpios y muy brillantes.<\/p>\n<p><strong>NARIZ:<\/strong> N\u00edtidos aromas de frutas carnosas (pi\u00f1a \u00e1cida, albaricoques y melocot\u00f3n) con un ligero fondo vegetal.Con marcado volumen en boca, untuoso, salino, de acidez contenida y final sutil.<\/p>\n<p><strong>GUSTO:<\/strong> Melosidad en el primer ataque, quedando ligado al paladar. En boca resalta la tipicidad del varietal y su armon\u00eda.<\/p>\n<p><strong>GASTRONOM\u00cdA:<\/strong> Mariscos, pescados, aves, arroz, queso fresco.<\/p>\n<p class=\"p1\"><span class=\"s1\"><a href=\"https:\/\/hgabodegas.com\/PDF\/ficha_tecnica\/Albanta_ES_b.pdf\" target=\"_blank\" rel=\"noopener noreferrer\">DESCARGAR FICHA DE CATA<\/a><\/span><\/p>\n","protected":false},"excerpt":{"rendered":"<p><span style=\"color: #000000;\">75 cl<\/span><strong><br \/>\nD.O.:<\/strong>\u00a0R\u00edas Baixas<br \/>\n<strong>BODEGA:<\/strong> Altos de Torona<br \/>\n<strong>VARIEDADES:<\/strong> Albari\u00f1o<\/p>\n<p>Crianza sobre finas l\u00edas en dep\u00f3sito de acero inoxidable.<strong><br \/>\n<\/strong><\/p>\n<p><span style=\"font-size: 14px; color: #bfa356;\"><strong>DECANTER WORLD WINE AWARDS 2025 <\/strong>&#8211; Medalla de PLATA. 90 Ptos.<strong><br \/>\nINTERNATIONAL WINE CHALLENGE 2024 &#8211; <\/strong>Medalla de PLATA<strong>. <\/strong>92 Ptos.<br \/>\n<strong>ANTONIO GALLONI VINOUS 2024 &#8211; <\/strong>91 Ptos.<br \/>\n<strong>CONCURSO INTERNACIONAL MUNDUS VINI 2023. <\/strong>Medalla de PLATA.<br \/>\n<\/span><\/p>\n","protected":false},"featured_media":8965,"template":"","meta":[],"product_cat":[140,131,154,19,21,166],"product_tag":[],"yoast_head":"<!-- This site is optimized with the Yoast SEO plugin v23.4 - https:\/\/yoast.com\/wordpress\/plugins\/seo\/ -->\n<title>Albanta - Tienda de vinos HGA Bodegas<\/title>\n<meta name=\"description\" content=\"Albanta es un vino blanco de uva albari\u00f1o elaborado por Bodegas Altos de Torona bajo la Denominaci\u00f3n de Origen R\u00edas Baixas.\" \/>\n<meta name=\"robots\" content=\"index, follow, max-snippet:-1, max-image-preview:large, max-video-preview:-1\" \/>\n<link rel=\"canonical\" href=\"https:\/\/hgabodegas.com\/producto\/albanta\/\" \/>\n<meta property=\"og:locale\" content=\"en_US\" \/>\n<meta property=\"og:type\" content=\"article\" \/>\n<meta property=\"og:title\" content=\"Albanta - Tienda de vinos HGA Bodegas\" \/>\n<meta property=\"og:description\" content=\"Albanta es un vino blanco de uva albari\u00f1o elaborado por Bodegas Altos de Torona bajo la Denominaci\u00f3n de Origen R\u00edas Baixas.\" \/>\n<meta property=\"og:url\" content=\"https:\/\/hgabodegas.com\/producto\/albanta\/\" \/>\n<meta property=\"og:site_name\" content=\"Tienda de vinos HGA Bodegas\" \/>\n<meta property=\"article:modified_time\" content=\"2026-03-27T13:49:53+00:00\" \/>\n<meta property=\"og:image\" content=\"https:\/\/hgabodegas.com\/wp-content\/uploads\/2020\/11\/Albanta_800.webp\" \/>\n\t<meta property=\"og:image:width\" content=\"800\" \/>\n\t<meta property=\"og:image:height\" content=\"800\" \/>\n\t<meta property=\"og:image:type\" content=\"image\/webp\" \/>\n<meta name=\"twitter:card\" content=\"summary_large_image\" \/>\n<meta name=\"twitter:label1\" content=\"Est. reading time\" \/>\n\t<meta name=\"twitter:data1\" content=\"1 minute\" \/>\n<script type=\"application\/ld+json\" class=\"yoast-schema-graph\">{\"@context\":\"https:\/\/schema.org\",\"@graph\":[{\"@type\":\"WebPage\",\"@id\":\"https:\/\/hgabodegas.com\/producto\/albanta\/\",\"url\":\"https:\/\/hgabodegas.com\/producto\/albanta\/\",\"name\":\"Albanta - Tienda de vinos HGA Bodegas\",\"isPartOf\":{\"@id\":\"https:\/\/hgabodegas.com\/#website\"},\"primaryImageOfPage\":{\"@id\":\"https:\/\/hgabodegas.com\/producto\/albanta\/#primaryimage\"},\"image\":{\"@id\":\"https:\/\/hgabodegas.com\/producto\/albanta\/#primaryimage\"},\"thumbnailUrl\":\"https:\/\/hgabodegas.com\/wp-content\/uploads\/2020\/11\/Albanta_800.webp\",\"datePublished\":\"2020-11-10T09:27:19+00:00\",\"dateModified\":\"2026-03-27T13:49:53+00:00\",\"description\":\"Albanta es un vino blanco de uva albari\u00f1o elaborado por Bodegas Altos de Torona bajo la Denominaci\u00f3n de Origen R\u00edas Baixas.\",\"breadcrumb\":{\"@id\":\"https:\/\/hgabodegas.com\/producto\/albanta\/#breadcrumb\"},\"inLanguage\":\"en-US\",\"potentialAction\":[{\"@type\":\"ReadAction\",\"target\":[\"https:\/\/hgabodegas.com\/producto\/albanta\/\"]}]},{\"@type\":\"ImageObject\",\"inLanguage\":\"en-US\",\"@id\":\"https:\/\/hgabodegas.com\/producto\/albanta\/#primaryimage\",\"url\":\"https:\/\/hgabodegas.com\/wp-content\/uploads\/2020\/11\/Albanta_800.webp\",\"contentUrl\":\"https:\/\/hgabodegas.com\/wp-content\/uploads\/2020\/11\/Albanta_800.webp\",\"width\":800,\"height\":800,\"caption\":\"Botella de Albanta\"},{\"@type\":\"BreadcrumbList\",\"@id\":\"https:\/\/hgabodegas.com\/producto\/albanta\/#breadcrumb\",\"itemListElement\":[{\"@type\":\"ListItem\",\"position\":1,\"name\":\"Portada\",\"item\":\"https:\/\/hgabodegas.com\/en\/inicio\/\"},{\"@type\":\"ListItem\",\"position\":2,\"name\":\"Productos\",\"item\":\"https:\/\/hgabodegas.com\/pagina-de-inicio\/\"},{\"@type\":\"ListItem\",\"position\":3,\"name\":\"ALBANTA\"}]},{\"@type\":\"WebSite\",\"@id\":\"https:\/\/hgabodegas.com\/#website\",\"url\":\"https:\/\/hgabodegas.com\/\",\"name\":\"Tienda de vinos HGA Bodegas\",\"description\":\"Descubre la gran variedad de vinos de nuestras bodegas\",\"potentialAction\":[{\"@type\":\"SearchAction\",\"target\":{\"@type\":\"EntryPoint\",\"urlTemplate\":\"https:\/\/hgabodegas.com\/?s={search_term_string}\"},\"query-input\":{\"@type\":\"PropertyValueSpecification\",\"valueRequired\":true,\"valueName\":\"search_term_string\"}}],\"inLanguage\":\"en-US\"}]}<\/script>\n<!-- \/ Yoast SEO plugin. -->","yoast_head_json":{"title":"Albanta - Tienda de vinos HGA Bodegas","description":"Albanta es un vino blanco de uva albari\u00f1o elaborado por Bodegas Altos de Torona bajo la Denominaci\u00f3n de Origen R\u00edas Baixas.","robots":{"index":"index","follow":"follow","max-snippet":"max-snippet:-1","max-image-preview":"max-image-preview:large","max-video-preview":"max-video-preview:-1"},"canonical":"https:\/\/hgabodegas.com\/producto\/albanta\/","og_locale":"en_US","og_type":"article","og_title":"Albanta - Tienda de vinos HGA Bodegas","og_description":"Albanta es un vino blanco de uva albari\u00f1o elaborado por Bodegas Altos de Torona bajo la Denominaci\u00f3n de Origen R\u00edas Baixas.","og_url":"https:\/\/hgabodegas.com\/producto\/albanta\/","og_site_name":"Tienda de vinos HGA Bodegas","article_modified_time":"2026-03-27T13:49:53+00:00","og_image":[{"width":800,"height":800,"url":"https:\/\/hgabodegas.com\/wp-content\/uploads\/2020\/11\/Albanta_800.webp","type":"image\/webp"}],"twitter_card":"summary_large_image","twitter_misc":{"Est. reading time":"1 minute"},"schema":{"@context":"https:\/\/schema.org","@graph":[{"@type":"WebPage","@id":"https:\/\/hgabodegas.com\/producto\/albanta\/","url":"https:\/\/hgabodegas.com\/producto\/albanta\/","name":"Albanta - Tienda de vinos HGA Bodegas","isPartOf":{"@id":"https:\/\/hgabodegas.com\/#website"},"primaryImageOfPage":{"@id":"https:\/\/hgabodegas.com\/producto\/albanta\/#primaryimage"},"image":{"@id":"https:\/\/hgabodegas.com\/producto\/albanta\/#primaryimage"},"thumbnailUrl":"https:\/\/hgabodegas.com\/wp-content\/uploads\/2020\/11\/Albanta_800.webp","datePublished":"2020-11-10T09:27:19+00:00","dateModified":"2026-03-27T13:49:53+00:00","description":"Albanta es un vino blanco de uva albari\u00f1o elaborado por Bodegas Altos de Torona bajo la Denominaci\u00f3n de Origen R\u00edas Baixas.","breadcrumb":{"@id":"https:\/\/hgabodegas.com\/producto\/albanta\/#breadcrumb"},"inLanguage":"en-US","potentialAction":[{"@type":"ReadAction","target":["https:\/\/hgabodegas.com\/producto\/albanta\/"]}]},{"@type":"ImageObject","inLanguage":"en-US","@id":"https:\/\/hgabodegas.com\/producto\/albanta\/#primaryimage","url":"https:\/\/hgabodegas.com\/wp-content\/uploads\/2020\/11\/Albanta_800.webp","contentUrl":"https:\/\/hgabodegas.com\/wp-content\/uploads\/2020\/11\/Albanta_800.webp","width":800,"height":800,"caption":"Botella de Albanta"},{"@type":"BreadcrumbList","@id":"https:\/\/hgabodegas.com\/producto\/albanta\/#breadcrumb","itemListElement":[{"@type":"ListItem","position":1,"name":"Portada","item":"https:\/\/hgabodegas.com\/en\/inicio\/"},{"@type":"ListItem","position":2,"name":"Productos","item":"https:\/\/hgabodegas.com\/pagina-de-inicio\/"},{"@type":"ListItem","position":3,"name":"ALBANTA"}]},{"@type":"WebSite","@id":"https:\/\/hgabodegas.com\/#website","url":"https:\/\/hgabodegas.com\/","name":"Tienda de vinos HGA Bodegas","description":"Descubre la gran variedad de vinos de nuestras bodegas","potentialAction":[{"@type":"SearchAction","target":{"@type":"EntryPoint","urlTemplate":"https:\/\/hgabodegas.com\/?s={search_term_string}"},"query-input":{"@type":"PropertyValueSpecification","valueRequired":true,"valueName":"search_term_string"}}],"inLanguage":"en-US"}]}},"_links":{"self":[{"href":"https:\/\/hgabodegas.com\/en\/wp-json\/wp\/v2\/product\/33"}],"collection":[{"href":"https:\/\/hgabodegas.com\/en\/wp-json\/wp\/v2\/product"}],"about":[{"href":"https:\/\/hgabodegas.com\/en\/wp-json\/wp\/v2\/types\/product"}],"wp:featuredmedia":[{"embeddable":true,"href":"https:\/\/hgabodegas.com\/en\/wp-json\/wp\/v2\/media\/8965"}],"wp:attachment":[{"href":"https:\/\/hgabodegas.com\/en\/wp-json\/wp\/v2\/media?parent=33"}],"wp:term":[{"taxonomy":"product_cat","embeddable":true,"href":"https:\/\/hgabodegas.com\/en\/wp-json\/wp\/v2\/product_cat?post=33"},{"taxonomy":"product_tag","embeddable":true,"href":"https:\/\/hgabodegas.com\/en\/wp-json\/wp\/v2\/product_tag?post=33"}],"curies":[{"name":"wp","href":"https:\/\/api.w.org\/{rel}","templated":true}]}}