{"id":34,"date":"2020-11-10T09:27:19","date_gmt":"2020-11-10T09:27:19","guid":{"rendered":"https:\/\/ywz.es\/?product=import-placeholder-for-2040"},"modified":"2026-03-30T16:58:56","modified_gmt":"2026-03-30T16:58:56","slug":"maremel","status":"publish","type":"product","link":"https:\/\/hgabodegas.com\/en\/producto\/maremel\/","title":{"rendered":"MAREMEL"},"content":{"rendered":"<p><strong>VISTA:<\/strong> Amarillo con reflejos verde lim\u00f3n.<\/p>\n<p><strong>NARIZ:<\/strong> Nariz intensa con notas de pi\u00f1a, flores amarillas y recuerdos a miel.<\/p>\n<p><strong>GUSTO:<\/strong> Vino goloso, con cuerpo sedoso, acidez equilibrada y agradable final de frutas maduras.<\/p>\n<p><strong>GASTRONOM\u00cdA:<\/strong> Verduras en tempura, mejillones al vapor, pescaditos fritos, cocina asi\u00e1tica.<\/p>\n<p><a href=\"https:\/\/hgabodegas.com\/PDF\/ficha_tecnica\/Maremel_ES_b.pdf\" target=\"_blank\" rel=\"noopener noreferrer\">DESCARGAR FICHA DE CATA<\/a><\/p>\n","protected":false},"excerpt":{"rendered":"<p><span style=\"color: #000000;\">75 cl<\/span><strong><br \/>\nD.O.:<\/strong>\u00a0R\u00edas Baixas<br \/>\n<strong>BODEGA:<\/strong> Altos de Torona<br \/>\n<strong>VARIEDADES:\u00a0<\/strong><span class=\"s1\">Albari\u00f1o<br \/>\n<\/span><\/p>\n<p>Vendimia manual de la variedad Albari\u00f1o. Fermentaci\u00f3n en dep\u00f3sitos de acero inoxidable a 13 grados durante 13 d\u00edas, interrumpida med\u00edante fr\u00edo de modo que contiene 10 g\/L de az\u00facar residual<strong>.<\/strong><\/p>\n<p><span style=\"font-size: 14px; color: #bfa356;\"><strong>BERLINER WINE TROPHY 2020<\/strong> &#8211; Medalla de ORO<\/span><\/p>\n","protected":false},"featured_media":8990,"template":"","meta":[],"product_cat":[140,131,154,19,133,134,21,166],"product_tag":[],"yoast_head":"<!-- This site is optimized with the Yoast SEO plugin v23.4 - https:\/\/yoast.com\/wordpress\/plugins\/seo\/ -->\n<title>MAREMEL - Tienda de vinos HGA Bodegas<\/title>\n<meta name=\"description\" content=\"Maremael es un vino blanco de uva albari\u00f1o elaborado por Bodegas Altos de Torona bajo la Denominaci\u00f3n de Origen R\u00edas Baixas.\" \/>\n<meta name=\"robots\" content=\"index, follow, max-snippet:-1, max-image-preview:large, max-video-preview:-1\" \/>\n<link rel=\"canonical\" href=\"https:\/\/hgabodegas.com\/producto\/maremel\/\" \/>\n<meta property=\"og:locale\" content=\"en_US\" \/>\n<meta property=\"og:type\" content=\"article\" \/>\n<meta property=\"og:title\" content=\"MAREMEL - Tienda de vinos HGA Bodegas\" \/>\n<meta property=\"og:description\" content=\"Maremael es un vino blanco de uva albari\u00f1o elaborado por Bodegas Altos de Torona bajo la Denominaci\u00f3n de Origen R\u00edas Baixas.\" \/>\n<meta property=\"og:url\" content=\"https:\/\/hgabodegas.com\/producto\/maremel\/\" \/>\n<meta property=\"og:site_name\" content=\"Tienda de vinos HGA Bodegas\" \/>\n<meta property=\"article:modified_time\" content=\"2026-03-30T16:58:56+00:00\" \/>\n<meta property=\"og:image\" content=\"https:\/\/hgabodegas.com\/wp-content\/uploads\/2020\/11\/Maremel_800.webp\" \/>\n\t<meta property=\"og:image:width\" content=\"800\" \/>\n\t<meta property=\"og:image:height\" content=\"800\" \/>\n\t<meta property=\"og:image:type\" content=\"image\/webp\" \/>\n<meta name=\"twitter:card\" content=\"summary_large_image\" \/>\n<meta name=\"twitter:label1\" content=\"Est. reading time\" \/>\n\t<meta name=\"twitter:data1\" content=\"1 minute\" \/>\n<script type=\"application\/ld+json\" class=\"yoast-schema-graph\">{\"@context\":\"https:\/\/schema.org\",\"@graph\":[{\"@type\":\"WebPage\",\"@id\":\"https:\/\/hgabodegas.com\/producto\/maremel\/\",\"url\":\"https:\/\/hgabodegas.com\/producto\/maremel\/\",\"name\":\"MAREMEL - Tienda de vinos HGA Bodegas\",\"isPartOf\":{\"@id\":\"https:\/\/hgabodegas.com\/#website\"},\"primaryImageOfPage\":{\"@id\":\"https:\/\/hgabodegas.com\/producto\/maremel\/#primaryimage\"},\"image\":{\"@id\":\"https:\/\/hgabodegas.com\/producto\/maremel\/#primaryimage\"},\"thumbnailUrl\":\"https:\/\/hgabodegas.com\/wp-content\/uploads\/2020\/11\/Maremel_800.webp\",\"datePublished\":\"2020-11-10T09:27:19+00:00\",\"dateModified\":\"2026-03-30T16:58:56+00:00\",\"description\":\"Maremael es un vino blanco de uva albari\u00f1o elaborado por Bodegas Altos de Torona bajo la Denominaci\u00f3n de Origen R\u00edas Baixas.\",\"breadcrumb\":{\"@id\":\"https:\/\/hgabodegas.com\/producto\/maremel\/#breadcrumb\"},\"inLanguage\":\"en-US\",\"potentialAction\":[{\"@type\":\"ReadAction\",\"target\":[\"https:\/\/hgabodegas.com\/producto\/maremel\/\"]}]},{\"@type\":\"ImageObject\",\"inLanguage\":\"en-US\",\"@id\":\"https:\/\/hgabodegas.com\/producto\/maremel\/#primaryimage\",\"url\":\"https:\/\/hgabodegas.com\/wp-content\/uploads\/2020\/11\/Maremel_800.webp\",\"contentUrl\":\"https:\/\/hgabodegas.com\/wp-content\/uploads\/2020\/11\/Maremel_800.webp\",\"width\":800,\"height\":800,\"caption\":\"Botella Maremel\"},{\"@type\":\"BreadcrumbList\",\"@id\":\"https:\/\/hgabodegas.com\/producto\/maremel\/#breadcrumb\",\"itemListElement\":[{\"@type\":\"ListItem\",\"position\":1,\"name\":\"Portada\",\"item\":\"https:\/\/hgabodegas.com\/en\/inicio\/\"},{\"@type\":\"ListItem\",\"position\":2,\"name\":\"Productos\",\"item\":\"https:\/\/hgabodegas.com\/pagina-de-inicio\/\"},{\"@type\":\"ListItem\",\"position\":3,\"name\":\"MAREMEL\"}]},{\"@type\":\"WebSite\",\"@id\":\"https:\/\/hgabodegas.com\/#website\",\"url\":\"https:\/\/hgabodegas.com\/\",\"name\":\"Tienda de vinos HGA Bodegas\",\"description\":\"Descubre la gran variedad de vinos de nuestras bodegas\",\"potentialAction\":[{\"@type\":\"SearchAction\",\"target\":{\"@type\":\"EntryPoint\",\"urlTemplate\":\"https:\/\/hgabodegas.com\/?s={search_term_string}\"},\"query-input\":{\"@type\":\"PropertyValueSpecification\",\"valueRequired\":true,\"valueName\":\"search_term_string\"}}],\"inLanguage\":\"en-US\"}]}<\/script>\n<!-- \/ Yoast SEO plugin. -->","yoast_head_json":{"title":"MAREMEL - Tienda de vinos HGA Bodegas","description":"Maremael es un vino blanco de uva albari\u00f1o elaborado por Bodegas Altos de Torona bajo la Denominaci\u00f3n de Origen R\u00edas Baixas.","robots":{"index":"index","follow":"follow","max-snippet":"max-snippet:-1","max-image-preview":"max-image-preview:large","max-video-preview":"max-video-preview:-1"},"canonical":"https:\/\/hgabodegas.com\/producto\/maremel\/","og_locale":"en_US","og_type":"article","og_title":"MAREMEL - Tienda de vinos HGA Bodegas","og_description":"Maremael es un vino blanco de uva albari\u00f1o elaborado por Bodegas Altos de Torona bajo la Denominaci\u00f3n de Origen R\u00edas Baixas.","og_url":"https:\/\/hgabodegas.com\/producto\/maremel\/","og_site_name":"Tienda de vinos HGA Bodegas","article_modified_time":"2026-03-30T16:58:56+00:00","og_image":[{"width":800,"height":800,"url":"https:\/\/hgabodegas.com\/wp-content\/uploads\/2020\/11\/Maremel_800.webp","type":"image\/webp"}],"twitter_card":"summary_large_image","twitter_misc":{"Est. reading time":"1 minute"},"schema":{"@context":"https:\/\/schema.org","@graph":[{"@type":"WebPage","@id":"https:\/\/hgabodegas.com\/producto\/maremel\/","url":"https:\/\/hgabodegas.com\/producto\/maremel\/","name":"MAREMEL - Tienda de vinos HGA Bodegas","isPartOf":{"@id":"https:\/\/hgabodegas.com\/#website"},"primaryImageOfPage":{"@id":"https:\/\/hgabodegas.com\/producto\/maremel\/#primaryimage"},"image":{"@id":"https:\/\/hgabodegas.com\/producto\/maremel\/#primaryimage"},"thumbnailUrl":"https:\/\/hgabodegas.com\/wp-content\/uploads\/2020\/11\/Maremel_800.webp","datePublished":"2020-11-10T09:27:19+00:00","dateModified":"2026-03-30T16:58:56+00:00","description":"Maremael es un vino blanco de uva albari\u00f1o elaborado por Bodegas Altos de Torona bajo la Denominaci\u00f3n de Origen R\u00edas Baixas.","breadcrumb":{"@id":"https:\/\/hgabodegas.com\/producto\/maremel\/#breadcrumb"},"inLanguage":"en-US","potentialAction":[{"@type":"ReadAction","target":["https:\/\/hgabodegas.com\/producto\/maremel\/"]}]},{"@type":"ImageObject","inLanguage":"en-US","@id":"https:\/\/hgabodegas.com\/producto\/maremel\/#primaryimage","url":"https:\/\/hgabodegas.com\/wp-content\/uploads\/2020\/11\/Maremel_800.webp","contentUrl":"https:\/\/hgabodegas.com\/wp-content\/uploads\/2020\/11\/Maremel_800.webp","width":800,"height":800,"caption":"Botella Maremel"},{"@type":"BreadcrumbList","@id":"https:\/\/hgabodegas.com\/producto\/maremel\/#breadcrumb","itemListElement":[{"@type":"ListItem","position":1,"name":"Portada","item":"https:\/\/hgabodegas.com\/en\/inicio\/"},{"@type":"ListItem","position":2,"name":"Productos","item":"https:\/\/hgabodegas.com\/pagina-de-inicio\/"},{"@type":"ListItem","position":3,"name":"MAREMEL"}]},{"@type":"WebSite","@id":"https:\/\/hgabodegas.com\/#website","url":"https:\/\/hgabodegas.com\/","name":"Tienda de vinos HGA Bodegas","description":"Descubre la gran variedad de vinos de nuestras bodegas","potentialAction":[{"@type":"SearchAction","target":{"@type":"EntryPoint","urlTemplate":"https:\/\/hgabodegas.com\/?s={search_term_string}"},"query-input":{"@type":"PropertyValueSpecification","valueRequired":true,"valueName":"search_term_string"}}],"inLanguage":"en-US"}]}},"_links":{"self":[{"href":"https:\/\/hgabodegas.com\/en\/wp-json\/wp\/v2\/product\/34"}],"collection":[{"href":"https:\/\/hgabodegas.com\/en\/wp-json\/wp\/v2\/product"}],"about":[{"href":"https:\/\/hgabodegas.com\/en\/wp-json\/wp\/v2\/types\/product"}],"wp:featuredmedia":[{"embeddable":true,"href":"https:\/\/hgabodegas.com\/en\/wp-json\/wp\/v2\/media\/8990"}],"wp:attachment":[{"href":"https:\/\/hgabodegas.com\/en\/wp-json\/wp\/v2\/media?parent=34"}],"wp:term":[{"taxonomy":"product_cat","embeddable":true,"href":"https:\/\/hgabodegas.com\/en\/wp-json\/wp\/v2\/product_cat?post=34"},{"taxonomy":"product_tag","embeddable":true,"href":"https:\/\/hgabodegas.com\/en\/wp-json\/wp\/v2\/product_tag?post=34"}],"curies":[{"name":"wp","href":"https:\/\/api.w.org\/{rel}","templated":true}]}}