{"id":40,"date":"2020-11-10T09:27:19","date_gmt":"2020-11-10T09:27:19","guid":{"rendered":"https:\/\/ywz.es\/?product=import-placeholder-for-2049"},"modified":"2025-06-25T12:21:26","modified_gmt":"2025-06-25T12:21:26","slug":"pontellon","status":"publish","type":"product","link":"https:\/\/hgabodegas.com\/en\/producto\/pontellon\/","title":{"rendered":"PONTELL\u00d3N"},"content":{"rendered":"<p><strong>VISTA:<\/strong> Amarillo pajizo con reflejos verdosos.<\/p>\n<p><strong>NARIZ:<\/strong> C\u00edtricos maduros, pomelo y frutas de hueso como melocot\u00f3n.<\/p>\n<p><strong>BOCA:<\/strong> Acidez equilibrada, paso en boca \u00e1gil, notas salinas. De final largo, con recuerdo a c\u00edtricos maduros.<\/p>\n<p><strong>GASTRONOM\u00cdA:<\/strong> Ensalada de c\u00edtricos, navajas a la plancha, merluza a la gallega, queso Tetilla.<\/p>\n<p class=\"p1\"><span class=\"s1\"><a href=\"https:\/\/hgabodegas.com\/PDF\/ficha_tecnica\/Pontellon_ES_b.pdf\" target=\"_blank\" rel=\"noopener noreferrer\">DESCARGAR FICHA DE CATA<\/a><\/span><\/p>\n","protected":false},"excerpt":{"rendered":"<p class=\"p1\"><span style=\"color: #000000;\">75 cl<\/span><strong><br \/>\nD.O.:<\/strong> R\u00edas Baixas<br \/>\n<strong>BODEGA:<\/strong> Tollodouro<br \/>\n<strong>VARIEDADES:\u00a0<\/strong><span class=\"s1\">Albari\u00f1o<\/span><\/p>\n<p>Fermentaci\u00f3n de larga duraci\u00f3n en tanques de acero inoxidable a muy baja temperatura para preservar todo el potencial arom\u00e1tico de la variedad.<\/p>\n<p><span style=\"font-size: 14px; color: #bfa356;\"><strong>BERLINER WINE TROPHY 2023<\/strong> &#8211; Medalla de ORO<br \/>\n<strong>INTERNATIONAL WINE CHALLENGE 2023<\/strong> &#8211; Medalla de PLATA<br \/>\n<strong>JAMES SUCKLING <\/strong><strong>2023 <\/strong>&#8211; 90 Ptos.<br \/>\n<strong>MUNDUS VINI 2020<\/strong> &#8211; Medalla de PLATA<\/p>\n<p><\/span><\/p>\n","protected":false},"featured_media":1758,"template":"","meta":[],"product_cat":[140,157,131,19,21,129],"product_tag":[],"yoast_head":"<!-- This site is optimized with the Yoast SEO plugin v23.4 - https:\/\/yoast.com\/wordpress\/plugins\/seo\/ -->\n<title>PONTELL\u00d3N - Tienda de vinos HGA Bodegas<\/title>\n<meta name=\"description\" content=\"Pontell\u00f3n es un vino blanco de la D.O. R\u00edas Baixas elaborado con uva albari\u00f1o 100% por Adegas Tollodouro, ubicada en la subzona de O Rosal.\" \/>\n<meta name=\"robots\" content=\"index, follow, max-snippet:-1, max-image-preview:large, max-video-preview:-1\" \/>\n<link rel=\"canonical\" href=\"https:\/\/hgabodegas.com\/producto\/pontellon\/\" \/>\n<meta property=\"og:locale\" content=\"en_US\" \/>\n<meta property=\"og:type\" content=\"article\" \/>\n<meta property=\"og:title\" content=\"PONTELL\u00d3N - Tienda de vinos HGA Bodegas\" \/>\n<meta property=\"og:description\" content=\"Pontell\u00f3n es un vino blanco de la D.O. R\u00edas Baixas elaborado con uva albari\u00f1o 100% por Adegas Tollodouro, ubicada en la subzona de O Rosal.\" \/>\n<meta property=\"og:url\" content=\"https:\/\/hgabodegas.com\/producto\/pontellon\/\" \/>\n<meta property=\"og:site_name\" content=\"Tienda de vinos HGA Bodegas\" \/>\n<meta property=\"article:modified_time\" content=\"2025-06-25T12:21:26+00:00\" \/>\n<meta property=\"og:image\" content=\"https:\/\/hgabodegas.com\/wp-content\/uploads\/2020\/11\/V_PONTELLON.jpg\" \/>\n\t<meta property=\"og:image:width\" content=\"481\" \/>\n\t<meta property=\"og:image:height\" content=\"480\" \/>\n\t<meta property=\"og:image:type\" content=\"image\/jpeg\" \/>\n<meta name=\"twitter:card\" content=\"summary_large_image\" \/>\n<meta name=\"twitter:label1\" content=\"Est. reading time\" \/>\n\t<meta name=\"twitter:data1\" content=\"1 minute\" \/>\n<script type=\"application\/ld+json\" class=\"yoast-schema-graph\">{\"@context\":\"https:\/\/schema.org\",\"@graph\":[{\"@type\":\"WebPage\",\"@id\":\"https:\/\/hgabodegas.com\/producto\/pontellon\/\",\"url\":\"https:\/\/hgabodegas.com\/producto\/pontellon\/\",\"name\":\"PONTELL\u00d3N - Tienda de vinos HGA Bodegas\",\"isPartOf\":{\"@id\":\"https:\/\/hgabodegas.com\/#website\"},\"primaryImageOfPage\":{\"@id\":\"https:\/\/hgabodegas.com\/producto\/pontellon\/#primaryimage\"},\"image\":{\"@id\":\"https:\/\/hgabodegas.com\/producto\/pontellon\/#primaryimage\"},\"thumbnailUrl\":\"https:\/\/hgabodegas.com\/wp-content\/uploads\/2020\/11\/V_PONTELLON.jpg\",\"datePublished\":\"2020-11-10T09:27:19+00:00\",\"dateModified\":\"2025-06-25T12:21:26+00:00\",\"description\":\"Pontell\u00f3n es un vino blanco de la D.O. R\u00edas Baixas elaborado con uva albari\u00f1o 100% por Adegas Tollodouro, ubicada en la subzona de O Rosal.\",\"breadcrumb\":{\"@id\":\"https:\/\/hgabodegas.com\/producto\/pontellon\/#breadcrumb\"},\"inLanguage\":\"en-US\",\"potentialAction\":[{\"@type\":\"ReadAction\",\"target\":[\"https:\/\/hgabodegas.com\/producto\/pontellon\/\"]}]},{\"@type\":\"ImageObject\",\"inLanguage\":\"en-US\",\"@id\":\"https:\/\/hgabodegas.com\/producto\/pontellon\/#primaryimage\",\"url\":\"https:\/\/hgabodegas.com\/wp-content\/uploads\/2020\/11\/V_PONTELLON.jpg\",\"contentUrl\":\"https:\/\/hgabodegas.com\/wp-content\/uploads\/2020\/11\/V_PONTELLON.jpg\",\"width\":481,\"height\":480,\"caption\":\"Pontell\u00f3n\"},{\"@type\":\"BreadcrumbList\",\"@id\":\"https:\/\/hgabodegas.com\/producto\/pontellon\/#breadcrumb\",\"itemListElement\":[{\"@type\":\"ListItem\",\"position\":1,\"name\":\"Portada\",\"item\":\"https:\/\/hgabodegas.com\/en\/inicio\/\"},{\"@type\":\"ListItem\",\"position\":2,\"name\":\"Productos\",\"item\":\"https:\/\/hgabodegas.com\/pagina-de-inicio\/\"},{\"@type\":\"ListItem\",\"position\":3,\"name\":\"PONTELL\u00d3N\"}]},{\"@type\":\"WebSite\",\"@id\":\"https:\/\/hgabodegas.com\/#website\",\"url\":\"https:\/\/hgabodegas.com\/\",\"name\":\"Tienda de vinos HGA Bodegas\",\"description\":\"Descubre la gran variedad de vinos de nuestras bodegas\",\"potentialAction\":[{\"@type\":\"SearchAction\",\"target\":{\"@type\":\"EntryPoint\",\"urlTemplate\":\"https:\/\/hgabodegas.com\/?s={search_term_string}\"},\"query-input\":{\"@type\":\"PropertyValueSpecification\",\"valueRequired\":true,\"valueName\":\"search_term_string\"}}],\"inLanguage\":\"en-US\"}]}<\/script>\n<!-- \/ Yoast SEO plugin. -->","yoast_head_json":{"title":"PONTELL\u00d3N - Tienda de vinos HGA Bodegas","description":"Pontell\u00f3n es un vino blanco de la D.O. R\u00edas Baixas elaborado con uva albari\u00f1o 100% por Adegas Tollodouro, ubicada en la subzona de O Rosal.","robots":{"index":"index","follow":"follow","max-snippet":"max-snippet:-1","max-image-preview":"max-image-preview:large","max-video-preview":"max-video-preview:-1"},"canonical":"https:\/\/hgabodegas.com\/producto\/pontellon\/","og_locale":"en_US","og_type":"article","og_title":"PONTELL\u00d3N - Tienda de vinos HGA Bodegas","og_description":"Pontell\u00f3n es un vino blanco de la D.O. R\u00edas Baixas elaborado con uva albari\u00f1o 100% por Adegas Tollodouro, ubicada en la subzona de O Rosal.","og_url":"https:\/\/hgabodegas.com\/producto\/pontellon\/","og_site_name":"Tienda de vinos HGA Bodegas","article_modified_time":"2025-06-25T12:21:26+00:00","og_image":[{"width":481,"height":480,"url":"https:\/\/hgabodegas.com\/wp-content\/uploads\/2020\/11\/V_PONTELLON.jpg","type":"image\/jpeg"}],"twitter_card":"summary_large_image","twitter_misc":{"Est. reading time":"1 minute"},"schema":{"@context":"https:\/\/schema.org","@graph":[{"@type":"WebPage","@id":"https:\/\/hgabodegas.com\/producto\/pontellon\/","url":"https:\/\/hgabodegas.com\/producto\/pontellon\/","name":"PONTELL\u00d3N - Tienda de vinos HGA Bodegas","isPartOf":{"@id":"https:\/\/hgabodegas.com\/#website"},"primaryImageOfPage":{"@id":"https:\/\/hgabodegas.com\/producto\/pontellon\/#primaryimage"},"image":{"@id":"https:\/\/hgabodegas.com\/producto\/pontellon\/#primaryimage"},"thumbnailUrl":"https:\/\/hgabodegas.com\/wp-content\/uploads\/2020\/11\/V_PONTELLON.jpg","datePublished":"2020-11-10T09:27:19+00:00","dateModified":"2025-06-25T12:21:26+00:00","description":"Pontell\u00f3n es un vino blanco de la D.O. R\u00edas Baixas elaborado con uva albari\u00f1o 100% por Adegas Tollodouro, ubicada en la subzona de O Rosal.","breadcrumb":{"@id":"https:\/\/hgabodegas.com\/producto\/pontellon\/#breadcrumb"},"inLanguage":"en-US","potentialAction":[{"@type":"ReadAction","target":["https:\/\/hgabodegas.com\/producto\/pontellon\/"]}]},{"@type":"ImageObject","inLanguage":"en-US","@id":"https:\/\/hgabodegas.com\/producto\/pontellon\/#primaryimage","url":"https:\/\/hgabodegas.com\/wp-content\/uploads\/2020\/11\/V_PONTELLON.jpg","contentUrl":"https:\/\/hgabodegas.com\/wp-content\/uploads\/2020\/11\/V_PONTELLON.jpg","width":481,"height":480,"caption":"Pontell\u00f3n"},{"@type":"BreadcrumbList","@id":"https:\/\/hgabodegas.com\/producto\/pontellon\/#breadcrumb","itemListElement":[{"@type":"ListItem","position":1,"name":"Portada","item":"https:\/\/hgabodegas.com\/en\/inicio\/"},{"@type":"ListItem","position":2,"name":"Productos","item":"https:\/\/hgabodegas.com\/pagina-de-inicio\/"},{"@type":"ListItem","position":3,"name":"PONTELL\u00d3N"}]},{"@type":"WebSite","@id":"https:\/\/hgabodegas.com\/#website","url":"https:\/\/hgabodegas.com\/","name":"Tienda de vinos HGA Bodegas","description":"Descubre la gran variedad de vinos de nuestras bodegas","potentialAction":[{"@type":"SearchAction","target":{"@type":"EntryPoint","urlTemplate":"https:\/\/hgabodegas.com\/?s={search_term_string}"},"query-input":{"@type":"PropertyValueSpecification","valueRequired":true,"valueName":"search_term_string"}}],"inLanguage":"en-US"}]}},"_links":{"self":[{"href":"https:\/\/hgabodegas.com\/en\/wp-json\/wp\/v2\/product\/40"}],"collection":[{"href":"https:\/\/hgabodegas.com\/en\/wp-json\/wp\/v2\/product"}],"about":[{"href":"https:\/\/hgabodegas.com\/en\/wp-json\/wp\/v2\/types\/product"}],"wp:featuredmedia":[{"embeddable":true,"href":"https:\/\/hgabodegas.com\/en\/wp-json\/wp\/v2\/media\/1758"}],"wp:attachment":[{"href":"https:\/\/hgabodegas.com\/en\/wp-json\/wp\/v2\/media?parent=40"}],"wp:term":[{"taxonomy":"product_cat","embeddable":true,"href":"https:\/\/hgabodegas.com\/en\/wp-json\/wp\/v2\/product_cat?post=40"},{"taxonomy":"product_tag","embeddable":true,"href":"https:\/\/hgabodegas.com\/en\/wp-json\/wp\/v2\/product_tag?post=40"}],"curies":[{"name":"wp","href":"https:\/\/api.w.org\/{rel}","templated":true}]}}