{"id":46,"date":"2020-11-10T09:27:19","date_gmt":"2020-11-10T09:27:19","guid":{"rendered":"https:\/\/ywz.es\/?product=import-placeholder-for-2056"},"modified":"2026-04-01T10:10:11","modified_gmt":"2026-04-01T10:10:11","slug":"regina-viarum-mencia","status":"publish","type":"product","link":"https:\/\/hgabodegas.com\/en\/producto\/regina-viarum-mencia\/","title":{"rendered":"REGINA VIARUM MENC\u00cdA"},"content":{"rendered":"<p><strong>VISTA:<\/strong> Cereza picota con reflejos viol\u00e1ceos, de intensidad media a profunda.<\/p>\n<p><strong>NARIZ:<\/strong> Frutas rojas maduras como cereza y ciruela, notas bals\u00e1micas y recuerdo mineral de los suelos de pizarra.<\/p>\n<p><strong>BOCA:<\/strong> Fresco y sedoso en la boca, acidez equilibrada, tanino elegante y pulido, con agradable y prolongado final afrutado.<\/p>\n<p><strong>GASTRONOM\u00cdA:<\/strong> Cocido gallego, guisos de carne, at\u00fan rojo, quesos semicurados.<\/p>\n<p><a href=\"https:\/\/hgabodegas.com\/PDF\/ficha_tecnica\/Regina_Viarum_Mencia_ES_b.pdf\" target=\"_blank\" rel=\"noopener noreferrer\">DESCARGAR FICHA DE CATA<\/a><\/p>\n","protected":false},"excerpt":{"rendered":"<p><span style=\"font-size: 16px;\"><strong>D.O.:<\/strong> Ribeira Sacra<\/span><br \/>\n<span style=\"font-size: 16px;\"><strong>BODEGA:<\/strong> Regina Viarum<\/span><br \/>\n<span style=\"font-size: 16px;\"><strong>VARIEDADES:\u00a0<\/strong>Menc\u00eda<\/span><\/p>\n<p><span style=\"font-size: 16px;\">6 meses sobre l\u00edas en dep\u00f3sito de acero inoxidable, sin barrica para preservar su car\u00e1cter frutal.<\/span><\/p>\n<p><span style=\"font-size: 14px; color: #bfa356;\"><strong>CONCURSO INTERNACIONAL BACCHUS 2026. <\/strong>Medalla de ORO<strong><br \/>\nTIM ATKIN 2025. <\/strong>90 Ptos.<\/span><span style=\"font-size: 14px; color: #bfa356;\"><strong><br \/>\nJAMES SUCKLING 2023<\/strong> &#8211; 91 Ptos.<br \/>\n<\/span><\/p>\n","protected":false},"featured_media":1765,"template":"","meta":[],"product_cat":[143,140,141,137,155,26,25],"product_tag":[],"yoast_head":"<!-- This site is optimized with the Yoast SEO plugin v23.4 - https:\/\/yoast.com\/wordpress\/plugins\/seo\/ -->\n<title>REGINA VIARUM MENC\u00cdA - Tienda de vinos HGA Bodegas<\/title>\n<meta name=\"description\" content=\"Regina Viarum Menc\u00eda es un vino tinto elaborado por Bodegas Regina Viarum en pleno coraz\u00f3n de la Ribeira Sacra. Viticultura Heroica.\" \/>\n<meta name=\"robots\" content=\"index, follow, max-snippet:-1, max-image-preview:large, max-video-preview:-1\" \/>\n<link rel=\"canonical\" href=\"https:\/\/hgabodegas.com\/producto\/regina-viarum-mencia\/\" \/>\n<meta property=\"og:locale\" content=\"en_US\" \/>\n<meta property=\"og:type\" content=\"article\" \/>\n<meta property=\"og:title\" content=\"REGINA VIARUM MENC\u00cdA - Tienda de vinos HGA Bodegas\" \/>\n<meta property=\"og:description\" content=\"Regina Viarum Menc\u00eda es un vino tinto elaborado por Bodegas Regina Viarum en pleno coraz\u00f3n de la Ribeira Sacra. Viticultura Heroica.\" \/>\n<meta property=\"og:url\" content=\"https:\/\/hgabodegas.com\/producto\/regina-viarum-mencia\/\" \/>\n<meta property=\"og:site_name\" content=\"Tienda de vinos HGA Bodegas\" \/>\n<meta property=\"article:modified_time\" content=\"2026-04-01T10:10:11+00:00\" \/>\n<meta property=\"og:image\" content=\"https:\/\/hgabodegas.com\/wp-content\/uploads\/2020\/11\/V_REGINA_VIARUM_MENCIA_2.jpg\" \/>\n\t<meta property=\"og:image:width\" content=\"481\" \/>\n\t<meta property=\"og:image:height\" content=\"480\" \/>\n\t<meta property=\"og:image:type\" content=\"image\/jpeg\" \/>\n<meta name=\"twitter:card\" content=\"summary_large_image\" \/>\n<meta name=\"twitter:label1\" content=\"Est. reading time\" \/>\n\t<meta name=\"twitter:data1\" content=\"1 minute\" \/>\n<script type=\"application\/ld+json\" class=\"yoast-schema-graph\">{\"@context\":\"https:\/\/schema.org\",\"@graph\":[{\"@type\":\"WebPage\",\"@id\":\"https:\/\/hgabodegas.com\/producto\/regina-viarum-mencia\/\",\"url\":\"https:\/\/hgabodegas.com\/producto\/regina-viarum-mencia\/\",\"name\":\"REGINA VIARUM MENC\u00cdA - Tienda de vinos HGA Bodegas\",\"isPartOf\":{\"@id\":\"https:\/\/hgabodegas.com\/#website\"},\"primaryImageOfPage\":{\"@id\":\"https:\/\/hgabodegas.com\/producto\/regina-viarum-mencia\/#primaryimage\"},\"image\":{\"@id\":\"https:\/\/hgabodegas.com\/producto\/regina-viarum-mencia\/#primaryimage\"},\"thumbnailUrl\":\"https:\/\/hgabodegas.com\/wp-content\/uploads\/2020\/11\/V_REGINA_VIARUM_MENCIA_2.jpg\",\"datePublished\":\"2020-11-10T09:27:19+00:00\",\"dateModified\":\"2026-04-01T10:10:11+00:00\",\"description\":\"Regina Viarum Menc\u00eda es un vino tinto elaborado por Bodegas Regina Viarum en pleno coraz\u00f3n de la Ribeira Sacra. Viticultura Heroica.\",\"breadcrumb\":{\"@id\":\"https:\/\/hgabodegas.com\/producto\/regina-viarum-mencia\/#breadcrumb\"},\"inLanguage\":\"en-US\",\"potentialAction\":[{\"@type\":\"ReadAction\",\"target\":[\"https:\/\/hgabodegas.com\/producto\/regina-viarum-mencia\/\"]}]},{\"@type\":\"ImageObject\",\"inLanguage\":\"en-US\",\"@id\":\"https:\/\/hgabodegas.com\/producto\/regina-viarum-mencia\/#primaryimage\",\"url\":\"https:\/\/hgabodegas.com\/wp-content\/uploads\/2020\/11\/V_REGINA_VIARUM_MENCIA_2.jpg\",\"contentUrl\":\"https:\/\/hgabodegas.com\/wp-content\/uploads\/2020\/11\/V_REGINA_VIARUM_MENCIA_2.jpg\",\"width\":481,\"height\":480,\"caption\":\"Regina Viarum Menc\u00eda\"},{\"@type\":\"BreadcrumbList\",\"@id\":\"https:\/\/hgabodegas.com\/producto\/regina-viarum-mencia\/#breadcrumb\",\"itemListElement\":[{\"@type\":\"ListItem\",\"position\":1,\"name\":\"Portada\",\"item\":\"https:\/\/hgabodegas.com\/en\/inicio\/\"},{\"@type\":\"ListItem\",\"position\":2,\"name\":\"Productos\",\"item\":\"https:\/\/hgabodegas.com\/pagina-de-inicio\/\"},{\"@type\":\"ListItem\",\"position\":3,\"name\":\"REGINA VIARUM MENC\u00cdA\"}]},{\"@type\":\"WebSite\",\"@id\":\"https:\/\/hgabodegas.com\/#website\",\"url\":\"https:\/\/hgabodegas.com\/\",\"name\":\"Tienda de vinos HGA Bodegas\",\"description\":\"Descubre la gran variedad de vinos de nuestras bodegas\",\"potentialAction\":[{\"@type\":\"SearchAction\",\"target\":{\"@type\":\"EntryPoint\",\"urlTemplate\":\"https:\/\/hgabodegas.com\/?s={search_term_string}\"},\"query-input\":{\"@type\":\"PropertyValueSpecification\",\"valueRequired\":true,\"valueName\":\"search_term_string\"}}],\"inLanguage\":\"en-US\"}]}<\/script>\n<!-- \/ Yoast SEO plugin. -->","yoast_head_json":{"title":"REGINA VIARUM MENC\u00cdA - Tienda de vinos HGA Bodegas","description":"Regina Viarum Menc\u00eda es un vino tinto elaborado por Bodegas Regina Viarum en pleno coraz\u00f3n de la Ribeira Sacra. Viticultura Heroica.","robots":{"index":"index","follow":"follow","max-snippet":"max-snippet:-1","max-image-preview":"max-image-preview:large","max-video-preview":"max-video-preview:-1"},"canonical":"https:\/\/hgabodegas.com\/producto\/regina-viarum-mencia\/","og_locale":"en_US","og_type":"article","og_title":"REGINA VIARUM MENC\u00cdA - Tienda de vinos HGA Bodegas","og_description":"Regina Viarum Menc\u00eda es un vino tinto elaborado por Bodegas Regina Viarum en pleno coraz\u00f3n de la Ribeira Sacra. Viticultura Heroica.","og_url":"https:\/\/hgabodegas.com\/producto\/regina-viarum-mencia\/","og_site_name":"Tienda de vinos HGA Bodegas","article_modified_time":"2026-04-01T10:10:11+00:00","og_image":[{"width":481,"height":480,"url":"https:\/\/hgabodegas.com\/wp-content\/uploads\/2020\/11\/V_REGINA_VIARUM_MENCIA_2.jpg","type":"image\/jpeg"}],"twitter_card":"summary_large_image","twitter_misc":{"Est. reading time":"1 minute"},"schema":{"@context":"https:\/\/schema.org","@graph":[{"@type":"WebPage","@id":"https:\/\/hgabodegas.com\/producto\/regina-viarum-mencia\/","url":"https:\/\/hgabodegas.com\/producto\/regina-viarum-mencia\/","name":"REGINA VIARUM MENC\u00cdA - Tienda de vinos HGA Bodegas","isPartOf":{"@id":"https:\/\/hgabodegas.com\/#website"},"primaryImageOfPage":{"@id":"https:\/\/hgabodegas.com\/producto\/regina-viarum-mencia\/#primaryimage"},"image":{"@id":"https:\/\/hgabodegas.com\/producto\/regina-viarum-mencia\/#primaryimage"},"thumbnailUrl":"https:\/\/hgabodegas.com\/wp-content\/uploads\/2020\/11\/V_REGINA_VIARUM_MENCIA_2.jpg","datePublished":"2020-11-10T09:27:19+00:00","dateModified":"2026-04-01T10:10:11+00:00","description":"Regina Viarum Menc\u00eda es un vino tinto elaborado por Bodegas Regina Viarum en pleno coraz\u00f3n de la Ribeira Sacra. Viticultura Heroica.","breadcrumb":{"@id":"https:\/\/hgabodegas.com\/producto\/regina-viarum-mencia\/#breadcrumb"},"inLanguage":"en-US","potentialAction":[{"@type":"ReadAction","target":["https:\/\/hgabodegas.com\/producto\/regina-viarum-mencia\/"]}]},{"@type":"ImageObject","inLanguage":"en-US","@id":"https:\/\/hgabodegas.com\/producto\/regina-viarum-mencia\/#primaryimage","url":"https:\/\/hgabodegas.com\/wp-content\/uploads\/2020\/11\/V_REGINA_VIARUM_MENCIA_2.jpg","contentUrl":"https:\/\/hgabodegas.com\/wp-content\/uploads\/2020\/11\/V_REGINA_VIARUM_MENCIA_2.jpg","width":481,"height":480,"caption":"Regina Viarum Menc\u00eda"},{"@type":"BreadcrumbList","@id":"https:\/\/hgabodegas.com\/producto\/regina-viarum-mencia\/#breadcrumb","itemListElement":[{"@type":"ListItem","position":1,"name":"Portada","item":"https:\/\/hgabodegas.com\/en\/inicio\/"},{"@type":"ListItem","position":2,"name":"Productos","item":"https:\/\/hgabodegas.com\/pagina-de-inicio\/"},{"@type":"ListItem","position":3,"name":"REGINA VIARUM MENC\u00cdA"}]},{"@type":"WebSite","@id":"https:\/\/hgabodegas.com\/#website","url":"https:\/\/hgabodegas.com\/","name":"Tienda de vinos HGA Bodegas","description":"Descubre la gran variedad de vinos de nuestras bodegas","potentialAction":[{"@type":"SearchAction","target":{"@type":"EntryPoint","urlTemplate":"https:\/\/hgabodegas.com\/?s={search_term_string}"},"query-input":{"@type":"PropertyValueSpecification","valueRequired":true,"valueName":"search_term_string"}}],"inLanguage":"en-US"}]}},"_links":{"self":[{"href":"https:\/\/hgabodegas.com\/en\/wp-json\/wp\/v2\/product\/46"}],"collection":[{"href":"https:\/\/hgabodegas.com\/en\/wp-json\/wp\/v2\/product"}],"about":[{"href":"https:\/\/hgabodegas.com\/en\/wp-json\/wp\/v2\/types\/product"}],"wp:featuredmedia":[{"embeddable":true,"href":"https:\/\/hgabodegas.com\/en\/wp-json\/wp\/v2\/media\/1765"}],"wp:attachment":[{"href":"https:\/\/hgabodegas.com\/en\/wp-json\/wp\/v2\/media?parent=46"}],"wp:term":[{"taxonomy":"product_cat","embeddable":true,"href":"https:\/\/hgabodegas.com\/en\/wp-json\/wp\/v2\/product_cat?post=46"},{"taxonomy":"product_tag","embeddable":true,"href":"https:\/\/hgabodegas.com\/en\/wp-json\/wp\/v2\/product_tag?post=46"}],"curies":[{"name":"wp","href":"https:\/\/api.w.org\/{rel}","templated":true}]}}