{"id":4641,"date":"2021-09-21T15:33:21","date_gmt":"2021-09-21T15:33:21","guid":{"rendered":"https:\/\/tienda.hgabodegas.com\/?post_type=product&#038;p=4641"},"modified":"2024-11-26T16:12:27","modified_gmt":"2024-11-26T16:12:27","slug":"rippa-avie","status":"publish","type":"product","link":"https:\/\/hgabodegas.com\/en\/producto\/rippa-avie\/","title":{"rendered":"RIPPA AVIE"},"content":{"rendered":"<p class=\"p1\"><span class=\"s1\"><strong>VISTA: <\/strong>Dorado, limpio y brillante. <\/span><\/p>\n<p class=\"p1\"><span class=\"s1\"><strong>NARIZ: <\/strong>De intensidad media \u2013 alta, fino y elegante, con notas de fruta tropical y hierba fresca.<span class=\"Apple-converted-space\">\u00a0 \u00a0 \u00a0<\/span><\/span><\/p>\n<p class=\"p1\"><span class=\"s1\"><strong>BOCA: <\/strong>Equilibrada, fresco y afrutado, tico en matices varietales.<\/span><\/p>\n<p class=\"p1\"><span class=\"s1\"><strong>GASTRONOM\u00cdA: <\/strong>Mariscos, pescados, aves, arroz,<span class=\"Apple-converted-space\">\u00a0 <\/span>queso fresco. <\/span><\/p>\n<p class=\"p1\"><span class=\"s1\"><a href=\"https:\/\/hgabodegas.com\/PDF\/ficha_tecnica\/Rippa_Avie_ES_b.pdf\" target=\"_blank\" rel=\"noopener noreferrer\">DESCARGAR FICHA DE CATA<\/a><\/span><\/p>\n","protected":false},"excerpt":{"rendered":"<p><strong>D.O.:<\/strong> Ribeiro<br \/>\n<strong>BODEGA:\u00a0<\/strong>HGA Bodegas<br \/>\n<strong>VARIEDADES: <\/strong>Treixadura, Torront\u00e9s y Godello<\/p>\n<p class=\"p1\">Fermentaci\u00f3n tradicional en dep\u00f3sito de acero inoxidable a temperatura controlada. Las distintas variedades se fermentan por separado para resaltar todo su potencial, dando lugar a un vino equilibrado, con matices de las variedades de uvas de las que procede.<\/p>\n","protected":false},"featured_media":1771,"template":"","meta":[],"product_cat":[140,19,132,27,169,135,129],"product_tag":[],"yoast_head":"<!-- This site is optimized with the Yoast SEO plugin v23.4 - https:\/\/yoast.com\/wordpress\/plugins\/seo\/ -->\n<title>RIPPA AVIE - Tienda de vinos HGA Bodegas<\/title>\n<meta name=\"robots\" content=\"index, follow, max-snippet:-1, max-image-preview:large, max-video-preview:-1\" \/>\n<link rel=\"canonical\" href=\"https:\/\/hgabodegas.com\/producto\/rippa-avie\/\" \/>\n<meta property=\"og:locale\" content=\"en_US\" \/>\n<meta property=\"og:type\" content=\"article\" \/>\n<meta property=\"og:title\" content=\"RIPPA AVIE - Tienda de vinos HGA Bodegas\" \/>\n<meta property=\"og:description\" content=\"D.O.: Ribeiro BODEGA:\u00a0HGA Bodegas VARIEDADES: Treixadura, Torront\u00e9s y Godello Fermentaci\u00f3n tradicional en dep\u00f3sito de acero inoxidable a temperatura controlada. Las distintas variedades se fermentan por separado para resaltar todo su potencial, dando lugar a un vino equilibrado, con matices de las variedades de uvas de las que procede.\" \/>\n<meta property=\"og:url\" content=\"https:\/\/hgabodegas.com\/producto\/rippa-avie\/\" \/>\n<meta property=\"og:site_name\" content=\"Tienda de vinos HGA Bodegas\" \/>\n<meta property=\"article:modified_time\" content=\"2024-11-26T16:12:27+00:00\" \/>\n<meta property=\"og:image\" content=\"https:\/\/hgabodegas.com\/wp-content\/uploads\/2020\/11\/V_RIPPA_AVIE.jpg\" \/>\n\t<meta property=\"og:image:width\" content=\"481\" \/>\n\t<meta property=\"og:image:height\" content=\"480\" \/>\n\t<meta property=\"og:image:type\" content=\"image\/jpeg\" \/>\n<meta name=\"twitter:card\" content=\"summary_large_image\" \/>\n<meta name=\"twitter:label1\" content=\"Est. reading time\" \/>\n\t<meta name=\"twitter:data1\" content=\"1 minute\" \/>\n<script type=\"application\/ld+json\" class=\"yoast-schema-graph\">{\"@context\":\"https:\/\/schema.org\",\"@graph\":[{\"@type\":\"WebPage\",\"@id\":\"https:\/\/hgabodegas.com\/producto\/rippa-avie\/\",\"url\":\"https:\/\/hgabodegas.com\/producto\/rippa-avie\/\",\"name\":\"RIPPA AVIE - Tienda de vinos HGA Bodegas\",\"isPartOf\":{\"@id\":\"https:\/\/hgabodegas.com\/#website\"},\"primaryImageOfPage\":{\"@id\":\"https:\/\/hgabodegas.com\/producto\/rippa-avie\/#primaryimage\"},\"image\":{\"@id\":\"https:\/\/hgabodegas.com\/producto\/rippa-avie\/#primaryimage\"},\"thumbnailUrl\":\"https:\/\/hgabodegas.com\/wp-content\/uploads\/2020\/11\/V_RIPPA_AVIE.jpg\",\"datePublished\":\"2021-09-21T15:33:21+00:00\",\"dateModified\":\"2024-11-26T16:12:27+00:00\",\"breadcrumb\":{\"@id\":\"https:\/\/hgabodegas.com\/producto\/rippa-avie\/#breadcrumb\"},\"inLanguage\":\"en-US\",\"potentialAction\":[{\"@type\":\"ReadAction\",\"target\":[\"https:\/\/hgabodegas.com\/producto\/rippa-avie\/\"]}]},{\"@type\":\"ImageObject\",\"inLanguage\":\"en-US\",\"@id\":\"https:\/\/hgabodegas.com\/producto\/rippa-avie\/#primaryimage\",\"url\":\"https:\/\/hgabodegas.com\/wp-content\/uploads\/2020\/11\/V_RIPPA_AVIE.jpg\",\"contentUrl\":\"https:\/\/hgabodegas.com\/wp-content\/uploads\/2020\/11\/V_RIPPA_AVIE.jpg\",\"width\":481,\"height\":480,\"caption\":\"Rippa Avie\"},{\"@type\":\"BreadcrumbList\",\"@id\":\"https:\/\/hgabodegas.com\/producto\/rippa-avie\/#breadcrumb\",\"itemListElement\":[{\"@type\":\"ListItem\",\"position\":1,\"name\":\"Portada\",\"item\":\"https:\/\/hgabodegas.com\/en\/inicio\/\"},{\"@type\":\"ListItem\",\"position\":2,\"name\":\"Productos\",\"item\":\"https:\/\/hgabodegas.com\/pagina-de-inicio\/\"},{\"@type\":\"ListItem\",\"position\":3,\"name\":\"RIPPA AVIE\"}]},{\"@type\":\"WebSite\",\"@id\":\"https:\/\/hgabodegas.com\/#website\",\"url\":\"https:\/\/hgabodegas.com\/\",\"name\":\"Tienda de vinos HGA Bodegas\",\"description\":\"Descubre la gran variedad de vinos de nuestras bodegas\",\"potentialAction\":[{\"@type\":\"SearchAction\",\"target\":{\"@type\":\"EntryPoint\",\"urlTemplate\":\"https:\/\/hgabodegas.com\/?s={search_term_string}\"},\"query-input\":{\"@type\":\"PropertyValueSpecification\",\"valueRequired\":true,\"valueName\":\"search_term_string\"}}],\"inLanguage\":\"en-US\"}]}<\/script>\n<!-- \/ Yoast SEO plugin. -->","yoast_head_json":{"title":"RIPPA AVIE - Tienda de vinos HGA Bodegas","robots":{"index":"index","follow":"follow","max-snippet":"max-snippet:-1","max-image-preview":"max-image-preview:large","max-video-preview":"max-video-preview:-1"},"canonical":"https:\/\/hgabodegas.com\/producto\/rippa-avie\/","og_locale":"en_US","og_type":"article","og_title":"RIPPA AVIE - Tienda de vinos HGA Bodegas","og_description":"D.O.: Ribeiro BODEGA:\u00a0HGA Bodegas VARIEDADES: Treixadura, Torront\u00e9s y Godello Fermentaci\u00f3n tradicional en dep\u00f3sito de acero inoxidable a temperatura controlada. Las distintas variedades se fermentan por separado para resaltar todo su potencial, dando lugar a un vino equilibrado, con matices de las variedades de uvas de las que procede.","og_url":"https:\/\/hgabodegas.com\/producto\/rippa-avie\/","og_site_name":"Tienda de vinos HGA Bodegas","article_modified_time":"2024-11-26T16:12:27+00:00","og_image":[{"width":481,"height":480,"url":"https:\/\/hgabodegas.com\/wp-content\/uploads\/2020\/11\/V_RIPPA_AVIE.jpg","type":"image\/jpeg"}],"twitter_card":"summary_large_image","twitter_misc":{"Est. reading time":"1 minute"},"schema":{"@context":"https:\/\/schema.org","@graph":[{"@type":"WebPage","@id":"https:\/\/hgabodegas.com\/producto\/rippa-avie\/","url":"https:\/\/hgabodegas.com\/producto\/rippa-avie\/","name":"RIPPA AVIE - Tienda de vinos HGA Bodegas","isPartOf":{"@id":"https:\/\/hgabodegas.com\/#website"},"primaryImageOfPage":{"@id":"https:\/\/hgabodegas.com\/producto\/rippa-avie\/#primaryimage"},"image":{"@id":"https:\/\/hgabodegas.com\/producto\/rippa-avie\/#primaryimage"},"thumbnailUrl":"https:\/\/hgabodegas.com\/wp-content\/uploads\/2020\/11\/V_RIPPA_AVIE.jpg","datePublished":"2021-09-21T15:33:21+00:00","dateModified":"2024-11-26T16:12:27+00:00","breadcrumb":{"@id":"https:\/\/hgabodegas.com\/producto\/rippa-avie\/#breadcrumb"},"inLanguage":"en-US","potentialAction":[{"@type":"ReadAction","target":["https:\/\/hgabodegas.com\/producto\/rippa-avie\/"]}]},{"@type":"ImageObject","inLanguage":"en-US","@id":"https:\/\/hgabodegas.com\/producto\/rippa-avie\/#primaryimage","url":"https:\/\/hgabodegas.com\/wp-content\/uploads\/2020\/11\/V_RIPPA_AVIE.jpg","contentUrl":"https:\/\/hgabodegas.com\/wp-content\/uploads\/2020\/11\/V_RIPPA_AVIE.jpg","width":481,"height":480,"caption":"Rippa Avie"},{"@type":"BreadcrumbList","@id":"https:\/\/hgabodegas.com\/producto\/rippa-avie\/#breadcrumb","itemListElement":[{"@type":"ListItem","position":1,"name":"Portada","item":"https:\/\/hgabodegas.com\/en\/inicio\/"},{"@type":"ListItem","position":2,"name":"Productos","item":"https:\/\/hgabodegas.com\/pagina-de-inicio\/"},{"@type":"ListItem","position":3,"name":"RIPPA AVIE"}]},{"@type":"WebSite","@id":"https:\/\/hgabodegas.com\/#website","url":"https:\/\/hgabodegas.com\/","name":"Tienda de vinos HGA Bodegas","description":"Descubre la gran variedad de vinos de nuestras bodegas","potentialAction":[{"@type":"SearchAction","target":{"@type":"EntryPoint","urlTemplate":"https:\/\/hgabodegas.com\/?s={search_term_string}"},"query-input":{"@type":"PropertyValueSpecification","valueRequired":true,"valueName":"search_term_string"}}],"inLanguage":"en-US"}]}},"_links":{"self":[{"href":"https:\/\/hgabodegas.com\/en\/wp-json\/wp\/v2\/product\/4641"}],"collection":[{"href":"https:\/\/hgabodegas.com\/en\/wp-json\/wp\/v2\/product"}],"about":[{"href":"https:\/\/hgabodegas.com\/en\/wp-json\/wp\/v2\/types\/product"}],"wp:featuredmedia":[{"embeddable":true,"href":"https:\/\/hgabodegas.com\/en\/wp-json\/wp\/v2\/media\/1771"}],"wp:attachment":[{"href":"https:\/\/hgabodegas.com\/en\/wp-json\/wp\/v2\/media?parent=4641"}],"wp:term":[{"taxonomy":"product_cat","embeddable":true,"href":"https:\/\/hgabodegas.com\/en\/wp-json\/wp\/v2\/product_cat?post=4641"},{"taxonomy":"product_tag","embeddable":true,"href":"https:\/\/hgabodegas.com\/en\/wp-json\/wp\/v2\/product_tag?post=4641"}],"curies":[{"name":"wp","href":"https:\/\/api.w.org\/{rel}","templated":true}]}}