{"id":5381,"date":"2022-04-22T10:00:59","date_gmt":"2022-04-22T10:00:59","guid":{"rendered":"https:\/\/tienda.hgabodegas.com\/?post_type=product&#038;p=5381"},"modified":"2025-09-26T12:20:46","modified_gmt":"2025-09-26T12:20:46","slug":"origen","status":"publish","type":"product","link":"https:\/\/hgabodegas.com\/en\/producto\/origen\/","title":{"rendered":"ORIGEN II"},"content":{"rendered":"<p><strong>Vista:<\/strong> Rojo picota.<\/p>\n<p><strong>Nariz: <\/strong><span id=\"undefined\" class=\"markedContent\"><span dir=\"ltr\" role=\"presentation\">Recuerdos florales y de regaliz<\/span><\/span>.<\/p>\n<p><strong>Boca:<\/strong> <span id=\"undefined\" class=\"markedContent\"><span dir=\"ltr\" role=\"presentation\">Expresivo, con intensidad mineral. Recuerdos <\/span><span dir=\"ltr\" role=\"presentation\">de<\/span> <span dir=\"ltr\" role=\"presentation\">mora,<\/span> <span dir=\"ltr\" role=\"presentation\">casis,<\/span> <span dir=\"ltr\" role=\"presentation\">guinda<\/span> <span dir=\"ltr\" role=\"presentation\">y<\/span> <span dir=\"ltr\" role=\"presentation\">fresa.<\/span> <span dir=\"ltr\" role=\"presentation\">Notas <\/span><span dir=\"ltr\" role=\"presentation\">especiadas<\/span> <span dir=\"ltr\" role=\"presentation\">y<\/span> <span dir=\"ltr\" role=\"presentation\">de<\/span> <span dir=\"ltr\" role=\"presentation\">humo.<\/span> <span dir=\"ltr\" role=\"presentation\">Posgusto<\/span> <span dir=\"ltr\" role=\"presentation\">largo y <\/span><span dir=\"ltr\" role=\"presentation\">prolongado.<\/span><\/span><\/p>\n<p><strong>Gastronom\u00eda:<\/strong> <span id=\"undefined\" class=\"markedContent\"><span dir=\"ltr\" role=\"presentation\">Cocido gallego y estofado tradicional.<\/span><\/span><\/p>\n<p><a href=\"https:\/\/hgabodegas.com\/PDF\/ficha_tecnica\/Origen_ES_b.pdf\" target=\"_blank\" rel=\"noopener noreferrer\">DESCARGAR FICHA DE CATA<\/a><\/p>\n","protected":false},"excerpt":{"rendered":"<p><span style=\"color: #000000;\">75 cl<\/span><strong><br \/>\nD.O.:<\/strong> Ribeira Sacra<br \/>\n<strong>BODEGA:<\/strong> Regina Viarum<br \/>\n<strong>VARIEDADES:\u00a0<\/strong>Sous\u00f3n y <span id=\"undefined\" class=\"markedContent\"><span dir=\"ltr\" role=\"presentation\">Menc\u00eda<\/span><\/span><\/p>\n<p><span id=\"undefined\" class=\"markedContent\"><span dir=\"ltr\" role=\"presentation\">Selecci\u00f3n<\/span> <span dir=\"ltr\" role=\"presentation\">rigurosa<\/span> <span dir=\"ltr\" role=\"presentation\">de<\/span> <span dir=\"ltr\" role=\"presentation\">las<\/span> <span dir=\"ltr\" role=\"presentation\">mejores<\/span> <span dir=\"ltr\" role=\"presentation\">uvas<\/span> <span dir=\"ltr\" role=\"presentation\">de <\/span><span dir=\"ltr\" role=\"presentation\">nuestras fincas, con vendimia manual, mesa de <\/span><span dir=\"ltr\" role=\"presentation\">selecci\u00f3n y fermentaci\u00f3n de las variedades por <\/span><span dir=\"ltr\" role=\"presentation\">separado en barrica de 500l. Posterior crianza <\/span><span dir=\"ltr\" role=\"presentation\">en barrica de roble franc\u00e9s.<\/span><\/span><\/p>\n<p><span style=\"font-size: 14px; color: #bfa356;\"><strong>TIM ATKIN 2025: <\/strong>91 Puntos.<br \/>\n<strong>MONDIAL DES VINS EXTR\u00caMES CERVIM 2024:<\/strong> Medalla de ORO<br \/>\n<\/span><\/p>\n","protected":false},"featured_media":7805,"template":"","meta":[],"product_cat":[140,142,137,155,26,168,25,129],"product_tag":[],"yoast_head":"<!-- This site is optimized with the Yoast SEO plugin v23.4 - https:\/\/yoast.com\/wordpress\/plugins\/seo\/ -->\n<title>ORIGEN II - Tienda de vinos HGA Bodegas<\/title>\n<meta name=\"description\" content=\"Origen es un vino tinto elaborado con una cuidada selecci\u00f3n de uvas Sous\u00f3n y Menc\u00eda. Producido por Bodegas Regina Viarum en la Ribeira Sacra.\" \/>\n<meta name=\"robots\" content=\"index, follow, max-snippet:-1, max-image-preview:large, max-video-preview:-1\" \/>\n<link rel=\"canonical\" href=\"https:\/\/hgabodegas.com\/producto\/origen\/\" \/>\n<meta property=\"og:locale\" content=\"en_US\" \/>\n<meta property=\"og:type\" content=\"article\" \/>\n<meta property=\"og:title\" content=\"ORIGEN II - Tienda de vinos HGA Bodegas\" \/>\n<meta property=\"og:description\" content=\"Origen es un vino tinto elaborado con una cuidada selecci\u00f3n de uvas Sous\u00f3n y Menc\u00eda. Producido por Bodegas Regina Viarum en la Ribeira Sacra.\" \/>\n<meta property=\"og:url\" content=\"https:\/\/hgabodegas.com\/producto\/origen\/\" \/>\n<meta property=\"og:site_name\" content=\"Tienda de vinos HGA Bodegas\" \/>\n<meta property=\"article:modified_time\" content=\"2025-09-26T12:20:46+00:00\" \/>\n<meta property=\"og:image\" content=\"https:\/\/hgabodegas.com\/wp-content\/uploads\/2022\/04\/V_Origen-1-scaled.jpg\" \/>\n\t<meta property=\"og:image:width\" content=\"2560\" \/>\n\t<meta property=\"og:image:height\" content=\"2560\" \/>\n\t<meta property=\"og:image:type\" content=\"image\/jpeg\" \/>\n<meta name=\"twitter:card\" content=\"summary_large_image\" \/>\n<meta name=\"twitter:label1\" content=\"Est. reading time\" \/>\n\t<meta name=\"twitter:data1\" content=\"1 minute\" \/>\n<script type=\"application\/ld+json\" class=\"yoast-schema-graph\">{\"@context\":\"https:\/\/schema.org\",\"@graph\":[{\"@type\":\"WebPage\",\"@id\":\"https:\/\/hgabodegas.com\/producto\/origen\/\",\"url\":\"https:\/\/hgabodegas.com\/producto\/origen\/\",\"name\":\"ORIGEN II - Tienda de vinos HGA Bodegas\",\"isPartOf\":{\"@id\":\"https:\/\/hgabodegas.com\/#website\"},\"primaryImageOfPage\":{\"@id\":\"https:\/\/hgabodegas.com\/producto\/origen\/#primaryimage\"},\"image\":{\"@id\":\"https:\/\/hgabodegas.com\/producto\/origen\/#primaryimage\"},\"thumbnailUrl\":\"https:\/\/hgabodegas.com\/wp-content\/uploads\/2022\/04\/V_Origen-1-scaled.jpg\",\"datePublished\":\"2022-04-22T10:00:59+00:00\",\"dateModified\":\"2025-09-26T12:20:46+00:00\",\"description\":\"Origen es un vino tinto elaborado con una cuidada selecci\u00f3n de uvas Sous\u00f3n y Menc\u00eda. Producido por Bodegas Regina Viarum en la Ribeira Sacra.\",\"breadcrumb\":{\"@id\":\"https:\/\/hgabodegas.com\/producto\/origen\/#breadcrumb\"},\"inLanguage\":\"en-US\",\"potentialAction\":[{\"@type\":\"ReadAction\",\"target\":[\"https:\/\/hgabodegas.com\/producto\/origen\/\"]}]},{\"@type\":\"ImageObject\",\"inLanguage\":\"en-US\",\"@id\":\"https:\/\/hgabodegas.com\/producto\/origen\/#primaryimage\",\"url\":\"https:\/\/hgabodegas.com\/wp-content\/uploads\/2022\/04\/V_Origen-1-scaled.jpg\",\"contentUrl\":\"https:\/\/hgabodegas.com\/wp-content\/uploads\/2022\/04\/V_Origen-1-scaled.jpg\",\"width\":2560,\"height\":2560,\"caption\":\"Origen Sous\u00f3n y Menc\u00eda\"},{\"@type\":\"BreadcrumbList\",\"@id\":\"https:\/\/hgabodegas.com\/producto\/origen\/#breadcrumb\",\"itemListElement\":[{\"@type\":\"ListItem\",\"position\":1,\"name\":\"Portada\",\"item\":\"https:\/\/hgabodegas.com\/en\/inicio\/\"},{\"@type\":\"ListItem\",\"position\":2,\"name\":\"Productos\",\"item\":\"https:\/\/hgabodegas.com\/pagina-de-inicio\/\"},{\"@type\":\"ListItem\",\"position\":3,\"name\":\"ORIGEN II\"}]},{\"@type\":\"WebSite\",\"@id\":\"https:\/\/hgabodegas.com\/#website\",\"url\":\"https:\/\/hgabodegas.com\/\",\"name\":\"Tienda de vinos HGA Bodegas\",\"description\":\"Descubre la gran variedad de vinos de nuestras bodegas\",\"potentialAction\":[{\"@type\":\"SearchAction\",\"target\":{\"@type\":\"EntryPoint\",\"urlTemplate\":\"https:\/\/hgabodegas.com\/?s={search_term_string}\"},\"query-input\":{\"@type\":\"PropertyValueSpecification\",\"valueRequired\":true,\"valueName\":\"search_term_string\"}}],\"inLanguage\":\"en-US\"}]}<\/script>\n<!-- \/ Yoast SEO plugin. -->","yoast_head_json":{"title":"ORIGEN II - Tienda de vinos HGA Bodegas","description":"Origen es un vino tinto elaborado con una cuidada selecci\u00f3n de uvas Sous\u00f3n y Menc\u00eda. Producido por Bodegas Regina Viarum en la Ribeira Sacra.","robots":{"index":"index","follow":"follow","max-snippet":"max-snippet:-1","max-image-preview":"max-image-preview:large","max-video-preview":"max-video-preview:-1"},"canonical":"https:\/\/hgabodegas.com\/producto\/origen\/","og_locale":"en_US","og_type":"article","og_title":"ORIGEN II - Tienda de vinos HGA Bodegas","og_description":"Origen es un vino tinto elaborado con una cuidada selecci\u00f3n de uvas Sous\u00f3n y Menc\u00eda. Producido por Bodegas Regina Viarum en la Ribeira Sacra.","og_url":"https:\/\/hgabodegas.com\/producto\/origen\/","og_site_name":"Tienda de vinos HGA Bodegas","article_modified_time":"2025-09-26T12:20:46+00:00","og_image":[{"width":2560,"height":2560,"url":"https:\/\/hgabodegas.com\/wp-content\/uploads\/2022\/04\/V_Origen-1-scaled.jpg","type":"image\/jpeg"}],"twitter_card":"summary_large_image","twitter_misc":{"Est. reading time":"1 minute"},"schema":{"@context":"https:\/\/schema.org","@graph":[{"@type":"WebPage","@id":"https:\/\/hgabodegas.com\/producto\/origen\/","url":"https:\/\/hgabodegas.com\/producto\/origen\/","name":"ORIGEN II - Tienda de vinos HGA Bodegas","isPartOf":{"@id":"https:\/\/hgabodegas.com\/#website"},"primaryImageOfPage":{"@id":"https:\/\/hgabodegas.com\/producto\/origen\/#primaryimage"},"image":{"@id":"https:\/\/hgabodegas.com\/producto\/origen\/#primaryimage"},"thumbnailUrl":"https:\/\/hgabodegas.com\/wp-content\/uploads\/2022\/04\/V_Origen-1-scaled.jpg","datePublished":"2022-04-22T10:00:59+00:00","dateModified":"2025-09-26T12:20:46+00:00","description":"Origen es un vino tinto elaborado con una cuidada selecci\u00f3n de uvas Sous\u00f3n y Menc\u00eda. Producido por Bodegas Regina Viarum en la Ribeira Sacra.","breadcrumb":{"@id":"https:\/\/hgabodegas.com\/producto\/origen\/#breadcrumb"},"inLanguage":"en-US","potentialAction":[{"@type":"ReadAction","target":["https:\/\/hgabodegas.com\/producto\/origen\/"]}]},{"@type":"ImageObject","inLanguage":"en-US","@id":"https:\/\/hgabodegas.com\/producto\/origen\/#primaryimage","url":"https:\/\/hgabodegas.com\/wp-content\/uploads\/2022\/04\/V_Origen-1-scaled.jpg","contentUrl":"https:\/\/hgabodegas.com\/wp-content\/uploads\/2022\/04\/V_Origen-1-scaled.jpg","width":2560,"height":2560,"caption":"Origen Sous\u00f3n y Menc\u00eda"},{"@type":"BreadcrumbList","@id":"https:\/\/hgabodegas.com\/producto\/origen\/#breadcrumb","itemListElement":[{"@type":"ListItem","position":1,"name":"Portada","item":"https:\/\/hgabodegas.com\/en\/inicio\/"},{"@type":"ListItem","position":2,"name":"Productos","item":"https:\/\/hgabodegas.com\/pagina-de-inicio\/"},{"@type":"ListItem","position":3,"name":"ORIGEN II"}]},{"@type":"WebSite","@id":"https:\/\/hgabodegas.com\/#website","url":"https:\/\/hgabodegas.com\/","name":"Tienda de vinos HGA Bodegas","description":"Descubre la gran variedad de vinos de nuestras bodegas","potentialAction":[{"@type":"SearchAction","target":{"@type":"EntryPoint","urlTemplate":"https:\/\/hgabodegas.com\/?s={search_term_string}"},"query-input":{"@type":"PropertyValueSpecification","valueRequired":true,"valueName":"search_term_string"}}],"inLanguage":"en-US"}]}},"_links":{"self":[{"href":"https:\/\/hgabodegas.com\/en\/wp-json\/wp\/v2\/product\/5381"}],"collection":[{"href":"https:\/\/hgabodegas.com\/en\/wp-json\/wp\/v2\/product"}],"about":[{"href":"https:\/\/hgabodegas.com\/en\/wp-json\/wp\/v2\/types\/product"}],"wp:featuredmedia":[{"embeddable":true,"href":"https:\/\/hgabodegas.com\/en\/wp-json\/wp\/v2\/media\/7805"}],"wp:attachment":[{"href":"https:\/\/hgabodegas.com\/en\/wp-json\/wp\/v2\/media?parent=5381"}],"wp:term":[{"taxonomy":"product_cat","embeddable":true,"href":"https:\/\/hgabodegas.com\/en\/wp-json\/wp\/v2\/product_cat?post=5381"},{"taxonomy":"product_tag","embeddable":true,"href":"https:\/\/hgabodegas.com\/en\/wp-json\/wp\/v2\/product_tag?post=5381"}],"curies":[{"name":"wp","href":"https:\/\/api.w.org\/{rel}","templated":true}]}}