{"id":5914,"date":"2022-09-07T15:57:26","date_gmt":"2022-09-07T15:57:26","guid":{"rendered":"https:\/\/hgabodegas.com\/?post_type=product&#038;p=5914"},"modified":"2025-04-30T13:27:45","modified_gmt":"2025-04-30T13:27:45","slug":"sacrima-barrica","status":"publish","type":"product","link":"https:\/\/hgabodegas.com\/en\/producto\/sacrima-barrica\/","title":{"rendered":"S\u00c1CRIMA BARRICA"},"content":{"rendered":"<p><strong>Vista: <\/strong>Rojo intenso y brillante, con ribetes rub\u00edes.<\/p>\n<p><strong>Nariz: <\/strong>Intenso con recuerdos a fruta madura: roja y negra.<\/p>\n<p><strong>Boca: <\/strong>Fresca y envolvente. Con buena estructura. Notas de regaliz y tostados. Final largo y persistente.<\/p>\n<p><strong>Gastronom\u00eda: <\/strong>Todo tipo de carnes, guisos, a la brasa y quesos.<\/p>\n<p><a href=\"https:\/\/hgabodegas.com\/PDF\/ficha_tecnica\/Sacrima_barrica_ES_b.pdf\" target=\"_blank\" rel=\"noopener noreferrer\">DESCARGAR FICHA DE CATA<\/a><\/p>\n","protected":false},"excerpt":{"rendered":"<p><span style=\"color: #000000;\">75 cl<\/span><strong><br \/>\nD.O.:<\/strong> Ribeira Sacra<br \/>\n<strong>BODEGA:<\/strong> Regina Viarum<br \/>\n<strong>VARIEDADES:<\/strong> Menc\u00eda<\/p>\n<p class=\"p1\">Maceraci\u00f3n pre-fermentativa durante 72 horas para lograr potenciar los aromas primarios. Fermentado a temperatura controlada, con \u2018d\u00e9lestage\u2019 y remontados diarios.<\/p>\n","protected":false},"featured_media":5915,"template":"","meta":[],"product_cat":[140,137,155,26,25,129],"product_tag":[],"yoast_head":"<!-- This site is optimized with the Yoast SEO plugin v23.4 - https:\/\/yoast.com\/wordpress\/plugins\/seo\/ -->\n<title>S\u00c1CRIMA BARRICA - Tienda de vinos HGA Bodegas<\/title>\n<meta name=\"description\" content=\"S\u00e1crima Barrica es un vino tinto de la variedad de uva menc\u00eda con crianza de 10 meses. elaborado por Bodegas Regina Viarum bajo la denominaci\u00f3n de origen de la Ribeira Sacra, subzona de Amandi.\" \/>\n<meta name=\"robots\" content=\"index, follow, max-snippet:-1, max-image-preview:large, max-video-preview:-1\" \/>\n<link rel=\"canonical\" href=\"https:\/\/hgabodegas.com\/producto\/sacrima-barrica\/\" \/>\n<meta property=\"og:locale\" content=\"en_US\" \/>\n<meta property=\"og:type\" content=\"article\" \/>\n<meta property=\"og:title\" content=\"S\u00c1CRIMA BARRICA - Tienda de vinos HGA Bodegas\" \/>\n<meta property=\"og:description\" content=\"S\u00e1crima Barrica es un vino tinto de la variedad de uva menc\u00eda con crianza de 10 meses. elaborado por Bodegas Regina Viarum bajo la denominaci\u00f3n de origen de la Ribeira Sacra, subzona de Amandi.\" \/>\n<meta property=\"og:url\" content=\"https:\/\/hgabodegas.com\/producto\/sacrima-barrica\/\" \/>\n<meta property=\"og:site_name\" content=\"Tienda de vinos HGA Bodegas\" \/>\n<meta property=\"article:modified_time\" content=\"2025-04-30T13:27:45+00:00\" \/>\n<meta property=\"og:image\" content=\"https:\/\/hgabodegas.com\/wp-content\/uploads\/2022\/09\/V_SACRIMA_BARRICA.jpg\" \/>\n\t<meta property=\"og:image:width\" content=\"481\" \/>\n\t<meta property=\"og:image:height\" content=\"480\" \/>\n\t<meta property=\"og:image:type\" content=\"image\/jpeg\" \/>\n<meta name=\"twitter:card\" content=\"summary_large_image\" \/>\n<meta name=\"twitter:label1\" content=\"Est. reading time\" \/>\n\t<meta name=\"twitter:data1\" content=\"1 minute\" \/>\n<script type=\"application\/ld+json\" class=\"yoast-schema-graph\">{\"@context\":\"https:\/\/schema.org\",\"@graph\":[{\"@type\":\"WebPage\",\"@id\":\"https:\/\/hgabodegas.com\/producto\/sacrima-barrica\/\",\"url\":\"https:\/\/hgabodegas.com\/producto\/sacrima-barrica\/\",\"name\":\"S\u00c1CRIMA BARRICA - Tienda de vinos HGA Bodegas\",\"isPartOf\":{\"@id\":\"https:\/\/hgabodegas.com\/#website\"},\"primaryImageOfPage\":{\"@id\":\"https:\/\/hgabodegas.com\/producto\/sacrima-barrica\/#primaryimage\"},\"image\":{\"@id\":\"https:\/\/hgabodegas.com\/producto\/sacrima-barrica\/#primaryimage\"},\"thumbnailUrl\":\"https:\/\/hgabodegas.com\/wp-content\/uploads\/2022\/09\/V_SACRIMA_BARRICA.jpg\",\"datePublished\":\"2022-09-07T15:57:26+00:00\",\"dateModified\":\"2025-04-30T13:27:45+00:00\",\"description\":\"S\u00e1crima Barrica es un vino tinto de la variedad de uva menc\u00eda con crianza de 10 meses. elaborado por Bodegas Regina Viarum bajo la denominaci\u00f3n de origen de la Ribeira Sacra, subzona de Amandi.\",\"breadcrumb\":{\"@id\":\"https:\/\/hgabodegas.com\/producto\/sacrima-barrica\/#breadcrumb\"},\"inLanguage\":\"en-US\",\"potentialAction\":[{\"@type\":\"ReadAction\",\"target\":[\"https:\/\/hgabodegas.com\/producto\/sacrima-barrica\/\"]}]},{\"@type\":\"ImageObject\",\"inLanguage\":\"en-US\",\"@id\":\"https:\/\/hgabodegas.com\/producto\/sacrima-barrica\/#primaryimage\",\"url\":\"https:\/\/hgabodegas.com\/wp-content\/uploads\/2022\/09\/V_SACRIMA_BARRICA.jpg\",\"contentUrl\":\"https:\/\/hgabodegas.com\/wp-content\/uploads\/2022\/09\/V_SACRIMA_BARRICA.jpg\",\"width\":481,\"height\":480,\"caption\":\"Sacrima Barrica. D.O. Ribeira Sacra\"},{\"@type\":\"BreadcrumbList\",\"@id\":\"https:\/\/hgabodegas.com\/producto\/sacrima-barrica\/#breadcrumb\",\"itemListElement\":[{\"@type\":\"ListItem\",\"position\":1,\"name\":\"Portada\",\"item\":\"https:\/\/hgabodegas.com\/en\/inicio\/\"},{\"@type\":\"ListItem\",\"position\":2,\"name\":\"Productos\",\"item\":\"https:\/\/hgabodegas.com\/pagina-de-inicio\/\"},{\"@type\":\"ListItem\",\"position\":3,\"name\":\"S\u00c1CRIMA BARRICA\"}]},{\"@type\":\"WebSite\",\"@id\":\"https:\/\/hgabodegas.com\/#website\",\"url\":\"https:\/\/hgabodegas.com\/\",\"name\":\"Tienda de vinos HGA Bodegas\",\"description\":\"Descubre la gran variedad de vinos de nuestras bodegas\",\"potentialAction\":[{\"@type\":\"SearchAction\",\"target\":{\"@type\":\"EntryPoint\",\"urlTemplate\":\"https:\/\/hgabodegas.com\/?s={search_term_string}\"},\"query-input\":{\"@type\":\"PropertyValueSpecification\",\"valueRequired\":true,\"valueName\":\"search_term_string\"}}],\"inLanguage\":\"en-US\"}]}<\/script>\n<!-- \/ Yoast SEO plugin. -->","yoast_head_json":{"title":"S\u00c1CRIMA BARRICA - Tienda de vinos HGA Bodegas","description":"S\u00e1crima Barrica es un vino tinto de la variedad de uva menc\u00eda con crianza de 10 meses. elaborado por Bodegas Regina Viarum bajo la denominaci\u00f3n de origen de la Ribeira Sacra, subzona de Amandi.","robots":{"index":"index","follow":"follow","max-snippet":"max-snippet:-1","max-image-preview":"max-image-preview:large","max-video-preview":"max-video-preview:-1"},"canonical":"https:\/\/hgabodegas.com\/producto\/sacrima-barrica\/","og_locale":"en_US","og_type":"article","og_title":"S\u00c1CRIMA BARRICA - Tienda de vinos HGA Bodegas","og_description":"S\u00e1crima Barrica es un vino tinto de la variedad de uva menc\u00eda con crianza de 10 meses. elaborado por Bodegas Regina Viarum bajo la denominaci\u00f3n de origen de la Ribeira Sacra, subzona de Amandi.","og_url":"https:\/\/hgabodegas.com\/producto\/sacrima-barrica\/","og_site_name":"Tienda de vinos HGA Bodegas","article_modified_time":"2025-04-30T13:27:45+00:00","og_image":[{"width":481,"height":480,"url":"https:\/\/hgabodegas.com\/wp-content\/uploads\/2022\/09\/V_SACRIMA_BARRICA.jpg","type":"image\/jpeg"}],"twitter_card":"summary_large_image","twitter_misc":{"Est. reading time":"1 minute"},"schema":{"@context":"https:\/\/schema.org","@graph":[{"@type":"WebPage","@id":"https:\/\/hgabodegas.com\/producto\/sacrima-barrica\/","url":"https:\/\/hgabodegas.com\/producto\/sacrima-barrica\/","name":"S\u00c1CRIMA BARRICA - Tienda de vinos HGA Bodegas","isPartOf":{"@id":"https:\/\/hgabodegas.com\/#website"},"primaryImageOfPage":{"@id":"https:\/\/hgabodegas.com\/producto\/sacrima-barrica\/#primaryimage"},"image":{"@id":"https:\/\/hgabodegas.com\/producto\/sacrima-barrica\/#primaryimage"},"thumbnailUrl":"https:\/\/hgabodegas.com\/wp-content\/uploads\/2022\/09\/V_SACRIMA_BARRICA.jpg","datePublished":"2022-09-07T15:57:26+00:00","dateModified":"2025-04-30T13:27:45+00:00","description":"S\u00e1crima Barrica es un vino tinto de la variedad de uva menc\u00eda con crianza de 10 meses. elaborado por Bodegas Regina Viarum bajo la denominaci\u00f3n de origen de la Ribeira Sacra, subzona de Amandi.","breadcrumb":{"@id":"https:\/\/hgabodegas.com\/producto\/sacrima-barrica\/#breadcrumb"},"inLanguage":"en-US","potentialAction":[{"@type":"ReadAction","target":["https:\/\/hgabodegas.com\/producto\/sacrima-barrica\/"]}]},{"@type":"ImageObject","inLanguage":"en-US","@id":"https:\/\/hgabodegas.com\/producto\/sacrima-barrica\/#primaryimage","url":"https:\/\/hgabodegas.com\/wp-content\/uploads\/2022\/09\/V_SACRIMA_BARRICA.jpg","contentUrl":"https:\/\/hgabodegas.com\/wp-content\/uploads\/2022\/09\/V_SACRIMA_BARRICA.jpg","width":481,"height":480,"caption":"Sacrima Barrica. D.O. Ribeira Sacra"},{"@type":"BreadcrumbList","@id":"https:\/\/hgabodegas.com\/producto\/sacrima-barrica\/#breadcrumb","itemListElement":[{"@type":"ListItem","position":1,"name":"Portada","item":"https:\/\/hgabodegas.com\/en\/inicio\/"},{"@type":"ListItem","position":2,"name":"Productos","item":"https:\/\/hgabodegas.com\/pagina-de-inicio\/"},{"@type":"ListItem","position":3,"name":"S\u00c1CRIMA BARRICA"}]},{"@type":"WebSite","@id":"https:\/\/hgabodegas.com\/#website","url":"https:\/\/hgabodegas.com\/","name":"Tienda de vinos HGA Bodegas","description":"Descubre la gran variedad de vinos de nuestras bodegas","potentialAction":[{"@type":"SearchAction","target":{"@type":"EntryPoint","urlTemplate":"https:\/\/hgabodegas.com\/?s={search_term_string}"},"query-input":{"@type":"PropertyValueSpecification","valueRequired":true,"valueName":"search_term_string"}}],"inLanguage":"en-US"}]}},"_links":{"self":[{"href":"https:\/\/hgabodegas.com\/en\/wp-json\/wp\/v2\/product\/5914"}],"collection":[{"href":"https:\/\/hgabodegas.com\/en\/wp-json\/wp\/v2\/product"}],"about":[{"href":"https:\/\/hgabodegas.com\/en\/wp-json\/wp\/v2\/types\/product"}],"wp:featuredmedia":[{"embeddable":true,"href":"https:\/\/hgabodegas.com\/en\/wp-json\/wp\/v2\/media\/5915"}],"wp:attachment":[{"href":"https:\/\/hgabodegas.com\/en\/wp-json\/wp\/v2\/media?parent=5914"}],"wp:term":[{"taxonomy":"product_cat","embeddable":true,"href":"https:\/\/hgabodegas.com\/en\/wp-json\/wp\/v2\/product_cat?post=5914"},{"taxonomy":"product_tag","embeddable":true,"href":"https:\/\/hgabodegas.com\/en\/wp-json\/wp\/v2\/product_tag?post=5914"}],"curies":[{"name":"wp","href":"https:\/\/api.w.org\/{rel}","templated":true}]}}