{"id":6279,"date":"2022-11-28T11:03:09","date_gmt":"2022-11-28T11:03:09","guid":{"rendered":"https:\/\/hgabodegas.com\/?post_type=product&#038;p=6279"},"modified":"2025-03-12T16:34:50","modified_gmt":"2025-03-12T16:34:50","slug":"estuche-madera-flores-de-greta-dia-de-la-madre","status":"publish","type":"product","link":"https:\/\/hgabodegas.com\/en\/producto\/estuche-madera-flores-de-greta-dia-de-la-madre\/","title":{"rendered":"ESTUCHE MADERA FLORES DE GRETA"},"content":{"rendered":"<p><strong>Altos de Torona Rosal<\/strong> es un vino blanco de la D.O. R\u00edas Baixas elaborado con las variedades de uva <span class=\"s1\">Albari\u00f1o, Cai\u00f1o y Loureira.<\/span><\/p>\n<p>En <strong>Las flores de Greta<\/strong> hemos practicado una recolecta amable y consciente de algunas de las especies que enriquecen la biodiversidad de este vi\u00f1edo para traspasarlos a una prenda de seda que hace que cada pieza sea \u00fanica y que junto con Altos de Torona Rosal constituyen un pack perfecto para regalar o regalarte, a trav\u00e9s del cual nos gustar\u00eda haceros llegar todo el sabor y el color de la naturaleza de Altos de Torona.<\/p>\n","protected":false},"excerpt":{"rendered":"<p class=\"p4\"><span style=\"color: #000000;\">El estuche de madera contiene:<\/span><br \/>\n&#8211; Altos de Torona Rosal. D.O. R\u00edas Baixas<br \/>\n&#8211; Pa\u00f1uelo de seda Las Flores de Greta<\/p>\n<p>De la uni\u00f3n entre Altos de Torona y Las flores de Greta nace este producto colaborativo compuesto por Altos de Torona Rosal y un pa\u00f1uelo de seda 100% de 55&#215;55 cm estampado con los pigmentos contenidos en las hojas y flores del ecosistema \u00fanico que acoge a los vi\u00f1edos de Altos de Torona.<\/p>\n","protected":false},"featured_media":6284,"template":"","meta":[],"product_cat":[35],"product_tag":[],"yoast_head":"<!-- This site is optimized with the Yoast SEO plugin v23.4 - https:\/\/yoast.com\/wordpress\/plugins\/seo\/ -->\n<title>Estuche Las Flores de Greta ESTUCHE MADERA FLORES DE GRETA - Tienda de vinos HGA Bodegas<\/title>\n<meta name=\"description\" content=\"Estuche compuesto por una botellas de Altos de Torona Rosal -uvas Albari\u00f1o, Cai\u00f1o y Loureira- y una pa\u00f1oleta de seda de Las flores de Greta.\" \/>\n<meta name=\"robots\" content=\"index, follow, max-snippet:-1, max-image-preview:large, max-video-preview:-1\" \/>\n<link rel=\"canonical\" href=\"https:\/\/hgabodegas.com\/producto\/estuche-madera-flores-de-greta-dia-de-la-madre\/\" \/>\n<meta property=\"og:locale\" content=\"en_US\" \/>\n<meta property=\"og:type\" content=\"article\" \/>\n<meta property=\"og:title\" content=\"Estuche Las Flores de Greta ESTUCHE MADERA FLORES DE GRETA - Tienda de vinos HGA Bodegas\" \/>\n<meta property=\"og:description\" content=\"Estuche compuesto por una botellas de Altos de Torona Rosal -uvas Albari\u00f1o, Cai\u00f1o y Loureira- y una pa\u00f1oleta de seda de Las flores de Greta.\" \/>\n<meta property=\"og:url\" content=\"https:\/\/hgabodegas.com\/producto\/estuche-madera-flores-de-greta-dia-de-la-madre\/\" \/>\n<meta property=\"og:site_name\" content=\"Tienda de vinos HGA Bodegas\" \/>\n<meta property=\"article:modified_time\" content=\"2025-03-12T16:34:50+00:00\" \/>\n<meta property=\"og:image\" content=\"https:\/\/hgabodegas.com\/wp-content\/uploads\/2022\/11\/Estuche-ATRosal-flores-Greta3.jpg\" \/>\n\t<meta property=\"og:image:width\" content=\"480\" \/>\n\t<meta property=\"og:image:height\" content=\"480\" \/>\n\t<meta property=\"og:image:type\" content=\"image\/jpeg\" \/>\n<meta name=\"twitter:card\" content=\"summary_large_image\" \/>\n<meta name=\"twitter:label1\" content=\"Est. reading time\" \/>\n\t<meta name=\"twitter:data1\" content=\"1 minute\" \/>\n<script type=\"application\/ld+json\" class=\"yoast-schema-graph\">{\"@context\":\"https:\/\/schema.org\",\"@graph\":[{\"@type\":\"WebPage\",\"@id\":\"https:\/\/hgabodegas.com\/producto\/estuche-madera-flores-de-greta-dia-de-la-madre\/\",\"url\":\"https:\/\/hgabodegas.com\/producto\/estuche-madera-flores-de-greta-dia-de-la-madre\/\",\"name\":\"Estuche Las Flores de Greta ESTUCHE MADERA FLORES DE GRETA - Tienda de vinos HGA Bodegas\",\"isPartOf\":{\"@id\":\"https:\/\/hgabodegas.com\/#website\"},\"primaryImageOfPage\":{\"@id\":\"https:\/\/hgabodegas.com\/producto\/estuche-madera-flores-de-greta-dia-de-la-madre\/#primaryimage\"},\"image\":{\"@id\":\"https:\/\/hgabodegas.com\/producto\/estuche-madera-flores-de-greta-dia-de-la-madre\/#primaryimage\"},\"thumbnailUrl\":\"https:\/\/hgabodegas.com\/wp-content\/uploads\/2022\/11\/Estuche-ATRosal-flores-Greta3.jpg\",\"datePublished\":\"2022-11-28T11:03:09+00:00\",\"dateModified\":\"2025-03-12T16:34:50+00:00\",\"description\":\"Estuche compuesto por una botellas de Altos de Torona Rosal -uvas Albari\u00f1o, Cai\u00f1o y Loureira- y una pa\u00f1oleta de seda de Las flores de Greta.\",\"breadcrumb\":{\"@id\":\"https:\/\/hgabodegas.com\/producto\/estuche-madera-flores-de-greta-dia-de-la-madre\/#breadcrumb\"},\"inLanguage\":\"en-US\",\"potentialAction\":[{\"@type\":\"ReadAction\",\"target\":[\"https:\/\/hgabodegas.com\/producto\/estuche-madera-flores-de-greta-dia-de-la-madre\/\"]}]},{\"@type\":\"ImageObject\",\"inLanguage\":\"en-US\",\"@id\":\"https:\/\/hgabodegas.com\/producto\/estuche-madera-flores-de-greta-dia-de-la-madre\/#primaryimage\",\"url\":\"https:\/\/hgabodegas.com\/wp-content\/uploads\/2022\/11\/Estuche-ATRosal-flores-Greta3.jpg\",\"contentUrl\":\"https:\/\/hgabodegas.com\/wp-content\/uploads\/2022\/11\/Estuche-ATRosal-flores-Greta3.jpg\",\"width\":480,\"height\":480,\"caption\":\"Estuche de madera con Altos de Torona Rosal y pa\u00f1uelo de Las Flores de Greta\"},{\"@type\":\"BreadcrumbList\",\"@id\":\"https:\/\/hgabodegas.com\/producto\/estuche-madera-flores-de-greta-dia-de-la-madre\/#breadcrumb\",\"itemListElement\":[{\"@type\":\"ListItem\",\"position\":1,\"name\":\"Portada\",\"item\":\"https:\/\/hgabodegas.com\/en\/inicio\/\"},{\"@type\":\"ListItem\",\"position\":2,\"name\":\"Productos\",\"item\":\"https:\/\/hgabodegas.com\/pagina-de-inicio\/\"},{\"@type\":\"ListItem\",\"position\":3,\"name\":\"ESTUCHE MADERA FLORES DE GRETA\"}]},{\"@type\":\"WebSite\",\"@id\":\"https:\/\/hgabodegas.com\/#website\",\"url\":\"https:\/\/hgabodegas.com\/\",\"name\":\"Tienda de vinos HGA Bodegas\",\"description\":\"Descubre la gran variedad de vinos de nuestras bodegas\",\"potentialAction\":[{\"@type\":\"SearchAction\",\"target\":{\"@type\":\"EntryPoint\",\"urlTemplate\":\"https:\/\/hgabodegas.com\/?s={search_term_string}\"},\"query-input\":{\"@type\":\"PropertyValueSpecification\",\"valueRequired\":true,\"valueName\":\"search_term_string\"}}],\"inLanguage\":\"en-US\"}]}<\/script>\n<!-- \/ Yoast SEO plugin. -->","yoast_head_json":{"title":"Estuche Las Flores de Greta ESTUCHE MADERA FLORES DE GRETA - Tienda de vinos HGA Bodegas","description":"Estuche compuesto por una botellas de Altos de Torona Rosal -uvas Albari\u00f1o, Cai\u00f1o y Loureira- y una pa\u00f1oleta de seda de Las flores de Greta.","robots":{"index":"index","follow":"follow","max-snippet":"max-snippet:-1","max-image-preview":"max-image-preview:large","max-video-preview":"max-video-preview:-1"},"canonical":"https:\/\/hgabodegas.com\/producto\/estuche-madera-flores-de-greta-dia-de-la-madre\/","og_locale":"en_US","og_type":"article","og_title":"Estuche Las Flores de Greta ESTUCHE MADERA FLORES DE GRETA - Tienda de vinos HGA Bodegas","og_description":"Estuche compuesto por una botellas de Altos de Torona Rosal -uvas Albari\u00f1o, Cai\u00f1o y Loureira- y una pa\u00f1oleta de seda de Las flores de Greta.","og_url":"https:\/\/hgabodegas.com\/producto\/estuche-madera-flores-de-greta-dia-de-la-madre\/","og_site_name":"Tienda de vinos HGA Bodegas","article_modified_time":"2025-03-12T16:34:50+00:00","og_image":[{"width":480,"height":480,"url":"https:\/\/hgabodegas.com\/wp-content\/uploads\/2022\/11\/Estuche-ATRosal-flores-Greta3.jpg","type":"image\/jpeg"}],"twitter_card":"summary_large_image","twitter_misc":{"Est. reading time":"1 minute"},"schema":{"@context":"https:\/\/schema.org","@graph":[{"@type":"WebPage","@id":"https:\/\/hgabodegas.com\/producto\/estuche-madera-flores-de-greta-dia-de-la-madre\/","url":"https:\/\/hgabodegas.com\/producto\/estuche-madera-flores-de-greta-dia-de-la-madre\/","name":"Estuche Las Flores de Greta ESTUCHE MADERA FLORES DE GRETA - Tienda de vinos HGA Bodegas","isPartOf":{"@id":"https:\/\/hgabodegas.com\/#website"},"primaryImageOfPage":{"@id":"https:\/\/hgabodegas.com\/producto\/estuche-madera-flores-de-greta-dia-de-la-madre\/#primaryimage"},"image":{"@id":"https:\/\/hgabodegas.com\/producto\/estuche-madera-flores-de-greta-dia-de-la-madre\/#primaryimage"},"thumbnailUrl":"https:\/\/hgabodegas.com\/wp-content\/uploads\/2022\/11\/Estuche-ATRosal-flores-Greta3.jpg","datePublished":"2022-11-28T11:03:09+00:00","dateModified":"2025-03-12T16:34:50+00:00","description":"Estuche compuesto por una botellas de Altos de Torona Rosal -uvas Albari\u00f1o, Cai\u00f1o y Loureira- y una pa\u00f1oleta de seda de Las flores de Greta.","breadcrumb":{"@id":"https:\/\/hgabodegas.com\/producto\/estuche-madera-flores-de-greta-dia-de-la-madre\/#breadcrumb"},"inLanguage":"en-US","potentialAction":[{"@type":"ReadAction","target":["https:\/\/hgabodegas.com\/producto\/estuche-madera-flores-de-greta-dia-de-la-madre\/"]}]},{"@type":"ImageObject","inLanguage":"en-US","@id":"https:\/\/hgabodegas.com\/producto\/estuche-madera-flores-de-greta-dia-de-la-madre\/#primaryimage","url":"https:\/\/hgabodegas.com\/wp-content\/uploads\/2022\/11\/Estuche-ATRosal-flores-Greta3.jpg","contentUrl":"https:\/\/hgabodegas.com\/wp-content\/uploads\/2022\/11\/Estuche-ATRosal-flores-Greta3.jpg","width":480,"height":480,"caption":"Estuche de madera con Altos de Torona Rosal y pa\u00f1uelo de Las Flores de Greta"},{"@type":"BreadcrumbList","@id":"https:\/\/hgabodegas.com\/producto\/estuche-madera-flores-de-greta-dia-de-la-madre\/#breadcrumb","itemListElement":[{"@type":"ListItem","position":1,"name":"Portada","item":"https:\/\/hgabodegas.com\/en\/inicio\/"},{"@type":"ListItem","position":2,"name":"Productos","item":"https:\/\/hgabodegas.com\/pagina-de-inicio\/"},{"@type":"ListItem","position":3,"name":"ESTUCHE MADERA FLORES DE GRETA"}]},{"@type":"WebSite","@id":"https:\/\/hgabodegas.com\/#website","url":"https:\/\/hgabodegas.com\/","name":"Tienda de vinos HGA Bodegas","description":"Descubre la gran variedad de vinos de nuestras bodegas","potentialAction":[{"@type":"SearchAction","target":{"@type":"EntryPoint","urlTemplate":"https:\/\/hgabodegas.com\/?s={search_term_string}"},"query-input":{"@type":"PropertyValueSpecification","valueRequired":true,"valueName":"search_term_string"}}],"inLanguage":"en-US"}]}},"_links":{"self":[{"href":"https:\/\/hgabodegas.com\/en\/wp-json\/wp\/v2\/product\/6279"}],"collection":[{"href":"https:\/\/hgabodegas.com\/en\/wp-json\/wp\/v2\/product"}],"about":[{"href":"https:\/\/hgabodegas.com\/en\/wp-json\/wp\/v2\/types\/product"}],"wp:featuredmedia":[{"embeddable":true,"href":"https:\/\/hgabodegas.com\/en\/wp-json\/wp\/v2\/media\/6284"}],"wp:attachment":[{"href":"https:\/\/hgabodegas.com\/en\/wp-json\/wp\/v2\/media?parent=6279"}],"wp:term":[{"taxonomy":"product_cat","embeddable":true,"href":"https:\/\/hgabodegas.com\/en\/wp-json\/wp\/v2\/product_cat?post=6279"},{"taxonomy":"product_tag","embeddable":true,"href":"https:\/\/hgabodegas.com\/en\/wp-json\/wp\/v2\/product_tag?post=6279"}],"curies":[{"name":"wp","href":"https:\/\/api.w.org\/{rel}","templated":true}]}}