{"id":6344,"date":"2022-12-21T17:23:39","date_gmt":"2022-12-21T17:23:39","guid":{"rendered":"https:\/\/hgabodegas.com\/?post_type=product&#038;p=6344"},"modified":"2025-05-23T13:03:07","modified_gmt":"2025-05-23T13:03:07","slug":"calcetines-regina-viarum","status":"publish","type":"product","link":"https:\/\/hgabodegas.com\/en\/producto\/calcetines-regina-viarum\/","title":{"rendered":"Calcetines Regina Viarum"},"content":{"rendered":"","protected":false},"excerpt":{"rendered":"<p>Los calcetines Regina Viarum son el perfecto regalo para todo winelover. Confeccionados en colaboraci\u00f3n con la marca gallega SomosOc\u00e9ano, han sido elaborados en suave algod\u00f3n peinado, sin costuras en la puntera. Con un elegante dise\u00f1o con fondo color azul marino salpicado por nuestras botellas y copas con vino.<br \/>\nDisponibles en dos tallas: 36-39 y 41-45.<\/p>\n","protected":false},"featured_media":6345,"template":"","meta":[],"product_cat":[114],"product_tag":[],"yoast_head":"<!-- This site is optimized with the Yoast SEO plugin v23.4 - https:\/\/yoast.com\/wordpress\/plugins\/seo\/ -->\n<title>Calcetines Regina ViarumCalcetines Regina Viarum - Tienda de vinos HGA Bodegas<\/title>\n<meta name=\"description\" content=\"Los calcetines Regina Viarum han sido confeccionados, en colaboraci\u00f3n con la marca gallega SomosOc\u00e9ano, en suave algod\u00f3n peinado sin costuras en la puntera.\" \/>\n<meta name=\"robots\" content=\"index, follow, max-snippet:-1, max-image-preview:large, max-video-preview:-1\" \/>\n<link rel=\"canonical\" href=\"https:\/\/hgabodegas.com\/producto\/calcetines-regina-viarum\/\" \/>\n<meta property=\"og:locale\" content=\"en_US\" \/>\n<meta property=\"og:type\" content=\"article\" \/>\n<meta property=\"og:title\" content=\"Calcetines Regina ViarumCalcetines Regina Viarum - Tienda de vinos HGA Bodegas\" \/>\n<meta property=\"og:description\" content=\"Los calcetines Regina Viarum han sido confeccionados, en colaboraci\u00f3n con la marca gallega SomosOc\u00e9ano, en suave algod\u00f3n peinado sin costuras en la puntera.\" \/>\n<meta property=\"og:url\" content=\"https:\/\/hgabodegas.com\/producto\/calcetines-regina-viarum\/\" \/>\n<meta property=\"og:site_name\" content=\"Tienda de vinos HGA Bodegas\" \/>\n<meta property=\"article:modified_time\" content=\"2025-05-23T13:03:07+00:00\" \/>\n<meta property=\"og:image\" content=\"https:\/\/hgabodegas.com\/wp-content\/uploads\/2022\/12\/Calcetines-RV.jpg\" \/>\n\t<meta property=\"og:image:width\" content=\"480\" \/>\n\t<meta property=\"og:image:height\" content=\"480\" \/>\n\t<meta property=\"og:image:type\" content=\"image\/jpeg\" \/>\n<meta name=\"twitter:card\" content=\"summary_large_image\" \/>\n<meta name=\"twitter:label1\" content=\"Est. reading time\" \/>\n\t<meta name=\"twitter:data1\" content=\"1 minute\" \/>\n<script type=\"application\/ld+json\" class=\"yoast-schema-graph\">{\"@context\":\"https:\/\/schema.org\",\"@graph\":[{\"@type\":\"WebPage\",\"@id\":\"https:\/\/hgabodegas.com\/producto\/calcetines-regina-viarum\/\",\"url\":\"https:\/\/hgabodegas.com\/producto\/calcetines-regina-viarum\/\",\"name\":\"Calcetines Regina ViarumCalcetines Regina Viarum - Tienda de vinos HGA Bodegas\",\"isPartOf\":{\"@id\":\"https:\/\/hgabodegas.com\/#website\"},\"primaryImageOfPage\":{\"@id\":\"https:\/\/hgabodegas.com\/producto\/calcetines-regina-viarum\/#primaryimage\"},\"image\":{\"@id\":\"https:\/\/hgabodegas.com\/producto\/calcetines-regina-viarum\/#primaryimage\"},\"thumbnailUrl\":\"https:\/\/hgabodegas.com\/wp-content\/uploads\/2022\/12\/Calcetines-RV.jpg\",\"datePublished\":\"2022-12-21T17:23:39+00:00\",\"dateModified\":\"2025-05-23T13:03:07+00:00\",\"description\":\"Los calcetines Regina Viarum han sido confeccionados, en colaboraci\u00f3n con la marca gallega SomosOc\u00e9ano, en suave algod\u00f3n peinado sin costuras en la puntera.\",\"breadcrumb\":{\"@id\":\"https:\/\/hgabodegas.com\/producto\/calcetines-regina-viarum\/#breadcrumb\"},\"inLanguage\":\"en-US\",\"potentialAction\":[{\"@type\":\"ReadAction\",\"target\":[\"https:\/\/hgabodegas.com\/producto\/calcetines-regina-viarum\/\"]}]},{\"@type\":\"ImageObject\",\"inLanguage\":\"en-US\",\"@id\":\"https:\/\/hgabodegas.com\/producto\/calcetines-regina-viarum\/#primaryimage\",\"url\":\"https:\/\/hgabodegas.com\/wp-content\/uploads\/2022\/12\/Calcetines-RV.jpg\",\"contentUrl\":\"https:\/\/hgabodegas.com\/wp-content\/uploads\/2022\/12\/Calcetines-RV.jpg\",\"width\":480,\"height\":480,\"caption\":\"Calcetines Regina Viarum\"},{\"@type\":\"BreadcrumbList\",\"@id\":\"https:\/\/hgabodegas.com\/producto\/calcetines-regina-viarum\/#breadcrumb\",\"itemListElement\":[{\"@type\":\"ListItem\",\"position\":1,\"name\":\"Portada\",\"item\":\"https:\/\/hgabodegas.com\/en\/inicio\/\"},{\"@type\":\"ListItem\",\"position\":2,\"name\":\"Productos\",\"item\":\"https:\/\/hgabodegas.com\/pagina-de-inicio\/\"},{\"@type\":\"ListItem\",\"position\":3,\"name\":\"Calcetines Regina Viarum\"}]},{\"@type\":\"WebSite\",\"@id\":\"https:\/\/hgabodegas.com\/#website\",\"url\":\"https:\/\/hgabodegas.com\/\",\"name\":\"Tienda de vinos HGA Bodegas\",\"description\":\"Descubre la gran variedad de vinos de nuestras bodegas\",\"potentialAction\":[{\"@type\":\"SearchAction\",\"target\":{\"@type\":\"EntryPoint\",\"urlTemplate\":\"https:\/\/hgabodegas.com\/?s={search_term_string}\"},\"query-input\":{\"@type\":\"PropertyValueSpecification\",\"valueRequired\":true,\"valueName\":\"search_term_string\"}}],\"inLanguage\":\"en-US\"}]}<\/script>\n<!-- \/ Yoast SEO plugin. -->","yoast_head_json":{"title":"Calcetines Regina ViarumCalcetines Regina Viarum - Tienda de vinos HGA Bodegas","description":"Los calcetines Regina Viarum han sido confeccionados, en colaboraci\u00f3n con la marca gallega SomosOc\u00e9ano, en suave algod\u00f3n peinado sin costuras en la puntera.","robots":{"index":"index","follow":"follow","max-snippet":"max-snippet:-1","max-image-preview":"max-image-preview:large","max-video-preview":"max-video-preview:-1"},"canonical":"https:\/\/hgabodegas.com\/producto\/calcetines-regina-viarum\/","og_locale":"en_US","og_type":"article","og_title":"Calcetines Regina ViarumCalcetines Regina Viarum - Tienda de vinos HGA Bodegas","og_description":"Los calcetines Regina Viarum han sido confeccionados, en colaboraci\u00f3n con la marca gallega SomosOc\u00e9ano, en suave algod\u00f3n peinado sin costuras en la puntera.","og_url":"https:\/\/hgabodegas.com\/producto\/calcetines-regina-viarum\/","og_site_name":"Tienda de vinos HGA Bodegas","article_modified_time":"2025-05-23T13:03:07+00:00","og_image":[{"width":480,"height":480,"url":"https:\/\/hgabodegas.com\/wp-content\/uploads\/2022\/12\/Calcetines-RV.jpg","type":"image\/jpeg"}],"twitter_card":"summary_large_image","twitter_misc":{"Est. reading time":"1 minute"},"schema":{"@context":"https:\/\/schema.org","@graph":[{"@type":"WebPage","@id":"https:\/\/hgabodegas.com\/producto\/calcetines-regina-viarum\/","url":"https:\/\/hgabodegas.com\/producto\/calcetines-regina-viarum\/","name":"Calcetines Regina ViarumCalcetines Regina Viarum - Tienda de vinos HGA Bodegas","isPartOf":{"@id":"https:\/\/hgabodegas.com\/#website"},"primaryImageOfPage":{"@id":"https:\/\/hgabodegas.com\/producto\/calcetines-regina-viarum\/#primaryimage"},"image":{"@id":"https:\/\/hgabodegas.com\/producto\/calcetines-regina-viarum\/#primaryimage"},"thumbnailUrl":"https:\/\/hgabodegas.com\/wp-content\/uploads\/2022\/12\/Calcetines-RV.jpg","datePublished":"2022-12-21T17:23:39+00:00","dateModified":"2025-05-23T13:03:07+00:00","description":"Los calcetines Regina Viarum han sido confeccionados, en colaboraci\u00f3n con la marca gallega SomosOc\u00e9ano, en suave algod\u00f3n peinado sin costuras en la puntera.","breadcrumb":{"@id":"https:\/\/hgabodegas.com\/producto\/calcetines-regina-viarum\/#breadcrumb"},"inLanguage":"en-US","potentialAction":[{"@type":"ReadAction","target":["https:\/\/hgabodegas.com\/producto\/calcetines-regina-viarum\/"]}]},{"@type":"ImageObject","inLanguage":"en-US","@id":"https:\/\/hgabodegas.com\/producto\/calcetines-regina-viarum\/#primaryimage","url":"https:\/\/hgabodegas.com\/wp-content\/uploads\/2022\/12\/Calcetines-RV.jpg","contentUrl":"https:\/\/hgabodegas.com\/wp-content\/uploads\/2022\/12\/Calcetines-RV.jpg","width":480,"height":480,"caption":"Calcetines Regina Viarum"},{"@type":"BreadcrumbList","@id":"https:\/\/hgabodegas.com\/producto\/calcetines-regina-viarum\/#breadcrumb","itemListElement":[{"@type":"ListItem","position":1,"name":"Portada","item":"https:\/\/hgabodegas.com\/en\/inicio\/"},{"@type":"ListItem","position":2,"name":"Productos","item":"https:\/\/hgabodegas.com\/pagina-de-inicio\/"},{"@type":"ListItem","position":3,"name":"Calcetines Regina Viarum"}]},{"@type":"WebSite","@id":"https:\/\/hgabodegas.com\/#website","url":"https:\/\/hgabodegas.com\/","name":"Tienda de vinos HGA Bodegas","description":"Descubre la gran variedad de vinos de nuestras bodegas","potentialAction":[{"@type":"SearchAction","target":{"@type":"EntryPoint","urlTemplate":"https:\/\/hgabodegas.com\/?s={search_term_string}"},"query-input":{"@type":"PropertyValueSpecification","valueRequired":true,"valueName":"search_term_string"}}],"inLanguage":"en-US"}]}},"_links":{"self":[{"href":"https:\/\/hgabodegas.com\/en\/wp-json\/wp\/v2\/product\/6344"}],"collection":[{"href":"https:\/\/hgabodegas.com\/en\/wp-json\/wp\/v2\/product"}],"about":[{"href":"https:\/\/hgabodegas.com\/en\/wp-json\/wp\/v2\/types\/product"}],"wp:featuredmedia":[{"embeddable":true,"href":"https:\/\/hgabodegas.com\/en\/wp-json\/wp\/v2\/media\/6345"}],"wp:attachment":[{"href":"https:\/\/hgabodegas.com\/en\/wp-json\/wp\/v2\/media?parent=6344"}],"wp:term":[{"taxonomy":"product_cat","embeddable":true,"href":"https:\/\/hgabodegas.com\/en\/wp-json\/wp\/v2\/product_cat?post=6344"},{"taxonomy":"product_tag","embeddable":true,"href":"https:\/\/hgabodegas.com\/en\/wp-json\/wp\/v2\/product_tag?post=6344"}],"curies":[{"name":"wp","href":"https:\/\/api.w.org\/{rel}","templated":true}]}}