{"id":6566,"date":"2023-04-21T15:58:07","date_gmt":"2023-04-21T15:58:07","guid":{"rendered":"https:\/\/hgabodegas.com\/?post_type=product&#038;p=6566"},"modified":"2025-11-04T10:57:13","modified_gmt":"2025-11-04T10:57:13","slug":"regina-dona","status":"publish","type":"product","link":"https:\/\/hgabodegas.com\/en\/producto\/regina-dona\/","title":{"rendered":"REGINA DONA"},"content":{"rendered":"<p><strong>Vista: <\/strong>Amarillo pajizo con reflejos dorados y l\u00e1grima fluida.<\/p>\n<p><strong>Nariz: <\/strong>Elegante y rico en aromas como manzana verde, hierba fresca, panader\u00eda y un ligero tostado sutil e integrado.<\/p>\n<p><strong>Boca: <\/strong>Vino con volumen y frescura de final largo y agradable.<\/p>\n<p><strong>Gastronom\u00eda: <\/strong>Quesos ahumados, todo tipo de pescado al horno o a la parrilla y arroces con aves o carnes blancas.<\/p>\n<p><a href=\"https:\/\/hgabodegas.com\/PDF\/ficha_tecnica\/Regina_Dona_ES_b.pdf\" target=\"_blank\" rel=\"noopener noreferrer\">DESCARGAR FICHA DE CATA<\/a><\/p>\n","protected":false},"excerpt":{"rendered":"<p><span style=\"color: #000000;\">75 cl<\/span><strong><br \/>\nD.O.:<\/strong> Ribeira Sacra<br \/>\n<strong>BODEGA:<\/strong> Regina Viarum<br \/>\n<strong>VARIEDADES:<\/strong> Godello<\/p>\n<p class=\"p1\">Fermentado en troncoc\u00f3nicos de roble franc\u00e9s de 5000 l, para su posterior crianza de 6 meses sobre l\u00edas en barricas de 500 l.<\/p>\n<p><span style=\"font-size: 14px; color: #bfa356;\"><strong>TIM ATKIM 2025:<\/strong> 93 Puntos<br \/>\n<strong>MONDIAL DES VINS EXTR\u00caMES CERVIM 2023:<\/strong>\u00a0Medalla de ORO<\/span><\/p>\n","protected":false},"featured_media":6634,"template":"","meta":[],"product_cat":[140,19,132,155,26,129],"product_tag":[],"yoast_head":"<!-- This site is optimized with the Yoast SEO plugin v23.4 - https:\/\/yoast.com\/wordpress\/plugins\/seo\/ -->\n<title>REGINA DONA - Tienda de vinos HGA Bodegas<\/title>\n<meta name=\"description\" content=\"Regina Dona es un vino blanco de uva godello con 6 meses de barrica elaborado por Bodegas Regina Viarum dentro de la D.O. Ribeira Sacra\" \/>\n<meta name=\"robots\" content=\"index, follow, max-snippet:-1, max-image-preview:large, max-video-preview:-1\" \/>\n<link rel=\"canonical\" href=\"https:\/\/hgabodegas.com\/producto\/regina-dona\/\" \/>\n<meta property=\"og:locale\" content=\"en_US\" \/>\n<meta property=\"og:type\" content=\"article\" \/>\n<meta property=\"og:title\" content=\"REGINA DONA - Tienda de vinos HGA Bodegas\" \/>\n<meta property=\"og:description\" content=\"Regina Dona es un vino blanco de uva godello con 6 meses de barrica elaborado por Bodegas Regina Viarum dentro de la D.O. Ribeira Sacra\" \/>\n<meta property=\"og:url\" content=\"https:\/\/hgabodegas.com\/producto\/regina-dona\/\" \/>\n<meta property=\"og:site_name\" content=\"Tienda de vinos HGA Bodegas\" \/>\n<meta property=\"article:modified_time\" content=\"2025-11-04T10:57:13+00:00\" \/>\n<meta property=\"og:image\" content=\"https:\/\/hgabodegas.com\/wp-content\/uploads\/2023\/04\/V_REGINA_DONA.jpg\" \/>\n\t<meta property=\"og:image:width\" content=\"480\" \/>\n\t<meta property=\"og:image:height\" content=\"480\" \/>\n\t<meta property=\"og:image:type\" content=\"image\/jpeg\" \/>\n<meta name=\"twitter:card\" content=\"summary_large_image\" \/>\n<meta name=\"twitter:label1\" content=\"Est. reading time\" \/>\n\t<meta name=\"twitter:data1\" content=\"1 minute\" \/>\n<script type=\"application\/ld+json\" class=\"yoast-schema-graph\">{\"@context\":\"https:\/\/schema.org\",\"@graph\":[{\"@type\":\"WebPage\",\"@id\":\"https:\/\/hgabodegas.com\/producto\/regina-dona\/\",\"url\":\"https:\/\/hgabodegas.com\/producto\/regina-dona\/\",\"name\":\"REGINA DONA - Tienda de vinos HGA Bodegas\",\"isPartOf\":{\"@id\":\"https:\/\/hgabodegas.com\/#website\"},\"primaryImageOfPage\":{\"@id\":\"https:\/\/hgabodegas.com\/producto\/regina-dona\/#primaryimage\"},\"image\":{\"@id\":\"https:\/\/hgabodegas.com\/producto\/regina-dona\/#primaryimage\"},\"thumbnailUrl\":\"https:\/\/hgabodegas.com\/wp-content\/uploads\/2023\/04\/V_REGINA_DONA.jpg\",\"datePublished\":\"2023-04-21T15:58:07+00:00\",\"dateModified\":\"2025-11-04T10:57:13+00:00\",\"description\":\"Regina Dona es un vino blanco de uva godello con 6 meses de barrica elaborado por Bodegas Regina Viarum dentro de la D.O. Ribeira Sacra\",\"breadcrumb\":{\"@id\":\"https:\/\/hgabodegas.com\/producto\/regina-dona\/#breadcrumb\"},\"inLanguage\":\"en-US\",\"potentialAction\":[{\"@type\":\"ReadAction\",\"target\":[\"https:\/\/hgabodegas.com\/producto\/regina-dona\/\"]}]},{\"@type\":\"ImageObject\",\"inLanguage\":\"en-US\",\"@id\":\"https:\/\/hgabodegas.com\/producto\/regina-dona\/#primaryimage\",\"url\":\"https:\/\/hgabodegas.com\/wp-content\/uploads\/2023\/04\/V_REGINA_DONA.jpg\",\"contentUrl\":\"https:\/\/hgabodegas.com\/wp-content\/uploads\/2023\/04\/V_REGINA_DONA.jpg\",\"width\":480,\"height\":480,\"caption\":\"Regina Dona Godello\"},{\"@type\":\"BreadcrumbList\",\"@id\":\"https:\/\/hgabodegas.com\/producto\/regina-dona\/#breadcrumb\",\"itemListElement\":[{\"@type\":\"ListItem\",\"position\":1,\"name\":\"Portada\",\"item\":\"https:\/\/hgabodegas.com\/en\/inicio\/\"},{\"@type\":\"ListItem\",\"position\":2,\"name\":\"Productos\",\"item\":\"https:\/\/hgabodegas.com\/pagina-de-inicio\/\"},{\"@type\":\"ListItem\",\"position\":3,\"name\":\"REGINA DONA\"}]},{\"@type\":\"WebSite\",\"@id\":\"https:\/\/hgabodegas.com\/#website\",\"url\":\"https:\/\/hgabodegas.com\/\",\"name\":\"Tienda de vinos HGA Bodegas\",\"description\":\"Descubre la gran variedad de vinos de nuestras bodegas\",\"potentialAction\":[{\"@type\":\"SearchAction\",\"target\":{\"@type\":\"EntryPoint\",\"urlTemplate\":\"https:\/\/hgabodegas.com\/?s={search_term_string}\"},\"query-input\":{\"@type\":\"PropertyValueSpecification\",\"valueRequired\":true,\"valueName\":\"search_term_string\"}}],\"inLanguage\":\"en-US\"}]}<\/script>\n<!-- \/ Yoast SEO plugin. -->","yoast_head_json":{"title":"REGINA DONA - Tienda de vinos HGA Bodegas","description":"Regina Dona es un vino blanco de uva godello con 6 meses de barrica elaborado por Bodegas Regina Viarum dentro de la D.O. Ribeira Sacra","robots":{"index":"index","follow":"follow","max-snippet":"max-snippet:-1","max-image-preview":"max-image-preview:large","max-video-preview":"max-video-preview:-1"},"canonical":"https:\/\/hgabodegas.com\/producto\/regina-dona\/","og_locale":"en_US","og_type":"article","og_title":"REGINA DONA - Tienda de vinos HGA Bodegas","og_description":"Regina Dona es un vino blanco de uva godello con 6 meses de barrica elaborado por Bodegas Regina Viarum dentro de la D.O. Ribeira Sacra","og_url":"https:\/\/hgabodegas.com\/producto\/regina-dona\/","og_site_name":"Tienda de vinos HGA Bodegas","article_modified_time":"2025-11-04T10:57:13+00:00","og_image":[{"width":480,"height":480,"url":"https:\/\/hgabodegas.com\/wp-content\/uploads\/2023\/04\/V_REGINA_DONA.jpg","type":"image\/jpeg"}],"twitter_card":"summary_large_image","twitter_misc":{"Est. reading time":"1 minute"},"schema":{"@context":"https:\/\/schema.org","@graph":[{"@type":"WebPage","@id":"https:\/\/hgabodegas.com\/producto\/regina-dona\/","url":"https:\/\/hgabodegas.com\/producto\/regina-dona\/","name":"REGINA DONA - Tienda de vinos HGA Bodegas","isPartOf":{"@id":"https:\/\/hgabodegas.com\/#website"},"primaryImageOfPage":{"@id":"https:\/\/hgabodegas.com\/producto\/regina-dona\/#primaryimage"},"image":{"@id":"https:\/\/hgabodegas.com\/producto\/regina-dona\/#primaryimage"},"thumbnailUrl":"https:\/\/hgabodegas.com\/wp-content\/uploads\/2023\/04\/V_REGINA_DONA.jpg","datePublished":"2023-04-21T15:58:07+00:00","dateModified":"2025-11-04T10:57:13+00:00","description":"Regina Dona es un vino blanco de uva godello con 6 meses de barrica elaborado por Bodegas Regina Viarum dentro de la D.O. Ribeira Sacra","breadcrumb":{"@id":"https:\/\/hgabodegas.com\/producto\/regina-dona\/#breadcrumb"},"inLanguage":"en-US","potentialAction":[{"@type":"ReadAction","target":["https:\/\/hgabodegas.com\/producto\/regina-dona\/"]}]},{"@type":"ImageObject","inLanguage":"en-US","@id":"https:\/\/hgabodegas.com\/producto\/regina-dona\/#primaryimage","url":"https:\/\/hgabodegas.com\/wp-content\/uploads\/2023\/04\/V_REGINA_DONA.jpg","contentUrl":"https:\/\/hgabodegas.com\/wp-content\/uploads\/2023\/04\/V_REGINA_DONA.jpg","width":480,"height":480,"caption":"Regina Dona Godello"},{"@type":"BreadcrumbList","@id":"https:\/\/hgabodegas.com\/producto\/regina-dona\/#breadcrumb","itemListElement":[{"@type":"ListItem","position":1,"name":"Portada","item":"https:\/\/hgabodegas.com\/en\/inicio\/"},{"@type":"ListItem","position":2,"name":"Productos","item":"https:\/\/hgabodegas.com\/pagina-de-inicio\/"},{"@type":"ListItem","position":3,"name":"REGINA DONA"}]},{"@type":"WebSite","@id":"https:\/\/hgabodegas.com\/#website","url":"https:\/\/hgabodegas.com\/","name":"Tienda de vinos HGA Bodegas","description":"Descubre la gran variedad de vinos de nuestras bodegas","potentialAction":[{"@type":"SearchAction","target":{"@type":"EntryPoint","urlTemplate":"https:\/\/hgabodegas.com\/?s={search_term_string}"},"query-input":{"@type":"PropertyValueSpecification","valueRequired":true,"valueName":"search_term_string"}}],"inLanguage":"en-US"}]}},"_links":{"self":[{"href":"https:\/\/hgabodegas.com\/en\/wp-json\/wp\/v2\/product\/6566"}],"collection":[{"href":"https:\/\/hgabodegas.com\/en\/wp-json\/wp\/v2\/product"}],"about":[{"href":"https:\/\/hgabodegas.com\/en\/wp-json\/wp\/v2\/types\/product"}],"wp:featuredmedia":[{"embeddable":true,"href":"https:\/\/hgabodegas.com\/en\/wp-json\/wp\/v2\/media\/6634"}],"wp:attachment":[{"href":"https:\/\/hgabodegas.com\/en\/wp-json\/wp\/v2\/media?parent=6566"}],"wp:term":[{"taxonomy":"product_cat","embeddable":true,"href":"https:\/\/hgabodegas.com\/en\/wp-json\/wp\/v2\/product_cat?post=6566"},{"taxonomy":"product_tag","embeddable":true,"href":"https:\/\/hgabodegas.com\/en\/wp-json\/wp\/v2\/product_tag?post=6566"}],"curies":[{"name":"wp","href":"https:\/\/api.w.org\/{rel}","templated":true}]}}