{"id":6722,"date":"2023-06-08T15:41:00","date_gmt":"2023-06-08T15:41:00","guid":{"rendered":"https:\/\/hgabodegas.com\/?post_type=product&#038;p=6722"},"modified":"2026-02-17T08:55:16","modified_gmt":"2026-02-17T08:55:16","slug":"el-confidente","status":"publish","type":"product","link":"https:\/\/hgabodegas.com\/en\/producto\/el-confidente\/","title":{"rendered":"EL CONFIDENTE"},"content":{"rendered":"<p><strong>VISTA:<\/strong> Limpio y brillante, con color amarillo pajizo con destellos verdosos.<\/p>\n<p><strong>NARIZ: <\/strong>Aroma intenso a frutas de hueso destacando el albaricoque, delicado final de flores blancas.<\/p>\n<p><strong>BOCA: <\/strong>Untuoso, persistente y fresco con recuerdos a frutas de hueso como el melocot\u00f3n.<\/p>\n<p><strong>GASTRONOM\u00cdA: <\/strong>Ensalada de pera y queso Savel. Arroz con bogavante. Carnes blancas guisadas.<\/p>\n<p class=\"p1\"><span class=\"s1\"><a href=\"https:\/\/hgabodegas.com\/PDF\/ficha_tecnica\/El_Confidente_ES_b.pdf\" target=\"_blank\" rel=\"noopener noreferrer\">DESCARGAR FICHA DE CATA<\/a><\/span><\/p>\n<p><span style=\"font-size: 14px; color: #bfa356;\"><strong>PREMIOS BACO 2025 &#8211; <\/strong>Baco de ORO<br \/>\n<\/span><span style=\"font-size: 14px; color: #bfa356;\"><strong>BERLINER WINE TROPHY 2024 &#8211; <\/strong>Baco de ORO<br \/>\n<strong>JAMES SUCKLING 2024<\/strong> &#8211; 90 Ptos.<\/span><\/p>\n","protected":false},"excerpt":{"rendered":"<p><span style=\"color: #000000;\">75 cl<\/span><strong><br \/>\n<\/strong><strong>D.O.: <\/strong>Valdeorras<br \/>\n<strong>BODEGA:\u00a0<\/strong>HGA Bodegas<strong><br \/>\n<\/strong><strong>VARIEDADES:<\/strong>\u00a0<span class=\"s1\">Godello<br \/>\n<\/span><\/p>\n<p>Maceraci\u00f3n prefermentativa en fr\u00edo de las uvas durante de 2 a 4 horas, para favorecer la extracci\u00f3n del potencial monovarietal al m\u00e1ximo.<br \/>\nCrianza sobre l\u00edas durante 6 meses en dep\u00f3sitos de inox.<\/p>\n<p><span style=\"font-size: 14px; color: #bfa356;\"><strong>PREMIOS BACO 2025 <\/strong>&#8211; Medalla de ORO<br \/>\n<\/span><span style=\"font-size: 14px; color: #bfa356;\"><strong>BERLINER WINE TROPHY 2024 <\/strong>&#8211; Medalla de ORO<br \/>\n<strong>JAMES SUCKLING 2024 <\/strong>&#8211; 90 Ptos.<br \/>\n<\/span><\/p>\n","protected":false},"featured_media":7654,"template":"","meta":[],"product_cat":[140,19,132,305,129],"product_tag":[],"yoast_head":"<!-- This site is optimized with the Yoast SEO plugin v23.4 - https:\/\/yoast.com\/wordpress\/plugins\/seo\/ -->\n<title>El ConfidenteEL CONFIDENTE - Tienda de vinos HGA Bodegas<\/title>\n<meta name=\"description\" content=\"El Confidente es un vino blanco de Galicia elaborado 100% con la variedad de uva Godello bajo la Denominaci\u00f3n de Origen Valdeorras.\" \/>\n<meta name=\"robots\" content=\"index, follow, max-snippet:-1, max-image-preview:large, max-video-preview:-1\" \/>\n<link rel=\"canonical\" href=\"https:\/\/hgabodegas.com\/producto\/el-confidente\/\" \/>\n<meta property=\"og:locale\" content=\"en_US\" \/>\n<meta property=\"og:type\" content=\"article\" \/>\n<meta property=\"og:title\" content=\"El ConfidenteEL CONFIDENTE - Tienda de vinos HGA Bodegas\" \/>\n<meta property=\"og:description\" content=\"El Confidente es un vino blanco de Galicia elaborado 100% con la variedad de uva Godello bajo la Denominaci\u00f3n de Origen Valdeorras.\" \/>\n<meta property=\"og:url\" content=\"https:\/\/hgabodegas.com\/producto\/el-confidente\/\" \/>\n<meta property=\"og:site_name\" content=\"Tienda de vinos HGA Bodegas\" \/>\n<meta property=\"article:modified_time\" content=\"2026-02-17T08:55:16+00:00\" \/>\n<meta property=\"og:image\" content=\"https:\/\/hgabodegas.com\/wp-content\/uploads\/2023\/06\/V_EL_CONFIDENTE-1.jpg\" \/>\n\t<meta property=\"og:image:width\" content=\"480\" \/>\n\t<meta property=\"og:image:height\" content=\"480\" \/>\n\t<meta property=\"og:image:type\" content=\"image\/jpeg\" \/>\n<meta name=\"twitter:card\" content=\"summary_large_image\" \/>\n<meta name=\"twitter:label1\" content=\"Est. reading time\" \/>\n\t<meta name=\"twitter:data1\" content=\"1 minute\" \/>\n<script type=\"application\/ld+json\" class=\"yoast-schema-graph\">{\"@context\":\"https:\/\/schema.org\",\"@graph\":[{\"@type\":\"WebPage\",\"@id\":\"https:\/\/hgabodegas.com\/producto\/el-confidente\/\",\"url\":\"https:\/\/hgabodegas.com\/producto\/el-confidente\/\",\"name\":\"El ConfidenteEL CONFIDENTE - Tienda de vinos HGA Bodegas\",\"isPartOf\":{\"@id\":\"https:\/\/hgabodegas.com\/#website\"},\"primaryImageOfPage\":{\"@id\":\"https:\/\/hgabodegas.com\/producto\/el-confidente\/#primaryimage\"},\"image\":{\"@id\":\"https:\/\/hgabodegas.com\/producto\/el-confidente\/#primaryimage\"},\"thumbnailUrl\":\"https:\/\/hgabodegas.com\/wp-content\/uploads\/2023\/06\/V_EL_CONFIDENTE-1.jpg\",\"datePublished\":\"2023-06-08T15:41:00+00:00\",\"dateModified\":\"2026-02-17T08:55:16+00:00\",\"description\":\"El Confidente es un vino blanco de Galicia elaborado 100% con la variedad de uva Godello bajo la Denominaci\u00f3n de Origen Valdeorras.\",\"breadcrumb\":{\"@id\":\"https:\/\/hgabodegas.com\/producto\/el-confidente\/#breadcrumb\"},\"inLanguage\":\"en-US\",\"potentialAction\":[{\"@type\":\"ReadAction\",\"target\":[\"https:\/\/hgabodegas.com\/producto\/el-confidente\/\"]}]},{\"@type\":\"ImageObject\",\"inLanguage\":\"en-US\",\"@id\":\"https:\/\/hgabodegas.com\/producto\/el-confidente\/#primaryimage\",\"url\":\"https:\/\/hgabodegas.com\/wp-content\/uploads\/2023\/06\/V_EL_CONFIDENTE-1.jpg\",\"contentUrl\":\"https:\/\/hgabodegas.com\/wp-content\/uploads\/2023\/06\/V_EL_CONFIDENTE-1.jpg\",\"width\":480,\"height\":480},{\"@type\":\"BreadcrumbList\",\"@id\":\"https:\/\/hgabodegas.com\/producto\/el-confidente\/#breadcrumb\",\"itemListElement\":[{\"@type\":\"ListItem\",\"position\":1,\"name\":\"Portada\",\"item\":\"https:\/\/hgabodegas.com\/en\/inicio\/\"},{\"@type\":\"ListItem\",\"position\":2,\"name\":\"Productos\",\"item\":\"https:\/\/hgabodegas.com\/pagina-de-inicio\/\"},{\"@type\":\"ListItem\",\"position\":3,\"name\":\"EL CONFIDENTE\"}]},{\"@type\":\"WebSite\",\"@id\":\"https:\/\/hgabodegas.com\/#website\",\"url\":\"https:\/\/hgabodegas.com\/\",\"name\":\"Tienda de vinos HGA Bodegas\",\"description\":\"Descubre la gran variedad de vinos de nuestras bodegas\",\"potentialAction\":[{\"@type\":\"SearchAction\",\"target\":{\"@type\":\"EntryPoint\",\"urlTemplate\":\"https:\/\/hgabodegas.com\/?s={search_term_string}\"},\"query-input\":{\"@type\":\"PropertyValueSpecification\",\"valueRequired\":true,\"valueName\":\"search_term_string\"}}],\"inLanguage\":\"en-US\"}]}<\/script>\n<!-- \/ Yoast SEO plugin. -->","yoast_head_json":{"title":"El ConfidenteEL CONFIDENTE - Tienda de vinos HGA Bodegas","description":"El Confidente es un vino blanco de Galicia elaborado 100% con la variedad de uva Godello bajo la Denominaci\u00f3n de Origen Valdeorras.","robots":{"index":"index","follow":"follow","max-snippet":"max-snippet:-1","max-image-preview":"max-image-preview:large","max-video-preview":"max-video-preview:-1"},"canonical":"https:\/\/hgabodegas.com\/producto\/el-confidente\/","og_locale":"en_US","og_type":"article","og_title":"El ConfidenteEL CONFIDENTE - Tienda de vinos HGA Bodegas","og_description":"El Confidente es un vino blanco de Galicia elaborado 100% con la variedad de uva Godello bajo la Denominaci\u00f3n de Origen Valdeorras.","og_url":"https:\/\/hgabodegas.com\/producto\/el-confidente\/","og_site_name":"Tienda de vinos HGA Bodegas","article_modified_time":"2026-02-17T08:55:16+00:00","og_image":[{"width":480,"height":480,"url":"https:\/\/hgabodegas.com\/wp-content\/uploads\/2023\/06\/V_EL_CONFIDENTE-1.jpg","type":"image\/jpeg"}],"twitter_card":"summary_large_image","twitter_misc":{"Est. reading time":"1 minute"},"schema":{"@context":"https:\/\/schema.org","@graph":[{"@type":"WebPage","@id":"https:\/\/hgabodegas.com\/producto\/el-confidente\/","url":"https:\/\/hgabodegas.com\/producto\/el-confidente\/","name":"El ConfidenteEL CONFIDENTE - Tienda de vinos HGA Bodegas","isPartOf":{"@id":"https:\/\/hgabodegas.com\/#website"},"primaryImageOfPage":{"@id":"https:\/\/hgabodegas.com\/producto\/el-confidente\/#primaryimage"},"image":{"@id":"https:\/\/hgabodegas.com\/producto\/el-confidente\/#primaryimage"},"thumbnailUrl":"https:\/\/hgabodegas.com\/wp-content\/uploads\/2023\/06\/V_EL_CONFIDENTE-1.jpg","datePublished":"2023-06-08T15:41:00+00:00","dateModified":"2026-02-17T08:55:16+00:00","description":"El Confidente es un vino blanco de Galicia elaborado 100% con la variedad de uva Godello bajo la Denominaci\u00f3n de Origen Valdeorras.","breadcrumb":{"@id":"https:\/\/hgabodegas.com\/producto\/el-confidente\/#breadcrumb"},"inLanguage":"en-US","potentialAction":[{"@type":"ReadAction","target":["https:\/\/hgabodegas.com\/producto\/el-confidente\/"]}]},{"@type":"ImageObject","inLanguage":"en-US","@id":"https:\/\/hgabodegas.com\/producto\/el-confidente\/#primaryimage","url":"https:\/\/hgabodegas.com\/wp-content\/uploads\/2023\/06\/V_EL_CONFIDENTE-1.jpg","contentUrl":"https:\/\/hgabodegas.com\/wp-content\/uploads\/2023\/06\/V_EL_CONFIDENTE-1.jpg","width":480,"height":480},{"@type":"BreadcrumbList","@id":"https:\/\/hgabodegas.com\/producto\/el-confidente\/#breadcrumb","itemListElement":[{"@type":"ListItem","position":1,"name":"Portada","item":"https:\/\/hgabodegas.com\/en\/inicio\/"},{"@type":"ListItem","position":2,"name":"Productos","item":"https:\/\/hgabodegas.com\/pagina-de-inicio\/"},{"@type":"ListItem","position":3,"name":"EL CONFIDENTE"}]},{"@type":"WebSite","@id":"https:\/\/hgabodegas.com\/#website","url":"https:\/\/hgabodegas.com\/","name":"Tienda de vinos HGA Bodegas","description":"Descubre la gran variedad de vinos de nuestras bodegas","potentialAction":[{"@type":"SearchAction","target":{"@type":"EntryPoint","urlTemplate":"https:\/\/hgabodegas.com\/?s={search_term_string}"},"query-input":{"@type":"PropertyValueSpecification","valueRequired":true,"valueName":"search_term_string"}}],"inLanguage":"en-US"}]}},"_links":{"self":[{"href":"https:\/\/hgabodegas.com\/en\/wp-json\/wp\/v2\/product\/6722"}],"collection":[{"href":"https:\/\/hgabodegas.com\/en\/wp-json\/wp\/v2\/product"}],"about":[{"href":"https:\/\/hgabodegas.com\/en\/wp-json\/wp\/v2\/types\/product"}],"wp:featuredmedia":[{"embeddable":true,"href":"https:\/\/hgabodegas.com\/en\/wp-json\/wp\/v2\/media\/7654"}],"wp:attachment":[{"href":"https:\/\/hgabodegas.com\/en\/wp-json\/wp\/v2\/media?parent=6722"}],"wp:term":[{"taxonomy":"product_cat","embeddable":true,"href":"https:\/\/hgabodegas.com\/en\/wp-json\/wp\/v2\/product_cat?post=6722"},{"taxonomy":"product_tag","embeddable":true,"href":"https:\/\/hgabodegas.com\/en\/wp-json\/wp\/v2\/product_tag?post=6722"}],"curies":[{"name":"wp","href":"https:\/\/api.w.org\/{rel}","templated":true}]}}