{"id":7436,"date":"2024-04-29T16:40:34","date_gmt":"2024-04-29T16:40:34","guid":{"rendered":"https:\/\/hgabodegas.com\/?post_type=product&#038;p=7436"},"modified":"2024-09-03T15:58:20","modified_gmt":"2024-09-03T15:58:20","slug":"pazo-de-villarei-godello","status":"publish","type":"product","link":"https:\/\/hgabodegas.com\/en\/producto\/pazo-de-villarei-godello\/","title":{"rendered":"PAZO DE VILLAREI GODELLO"},"content":{"rendered":"<p><strong>VISTA: <\/strong>Amarillo pajizo con reflejos verdosos.<\/p>\n<p><strong>NARIZ: <\/strong>Destaca la fruta como maracuy\u00e1 o pera. Notas florales como gardenia.<\/p>\n<p><strong>BOCA: <\/strong>Su acidez moderada le aporta una estructura que imprime car\u00e1cter, con sabores de manzana. Delicados toques de frutos secos y retrogusto con matices salinos.<\/p>\n<p><strong>GASTRONOM\u00cdA: <\/strong>Sushi, tataki, berenjenas, esp\u00e1rragos.<\/p>\n<p><a href=\"https:\/\/hgabodegas.com\/PDF\/ficha_tecnica\/Pazo_de_Villarei_Godello_ES_b.pdf\" target=\"_blank\" rel=\"noopener noreferrer\">DESCARGAR FICHA DE CATA<\/a><\/p>\n","protected":false},"excerpt":{"rendered":"<p><span style=\"color: #000000;\">75 cl<\/span><strong><br \/>\nD.O.:<\/strong> R\u00edas Baixas<br \/>\n<strong>BODEGA:<\/strong> Pazo de Villarei<br \/>\n<strong>VARIEDADES:<\/strong> Godello<\/p>\n<p class=\"p1\">Fermentaci\u00f3n de larga duraci\u00f3n en tanques de acero inoxidable a muy baja temperatura para preservar todo el potencial arom\u00e1tico de la variedad. Crianza de 4 meses sobre l\u00edas.<\/p>\n","protected":false},"featured_media":7434,"template":"","meta":[],"product_cat":[140,131,19,156,21],"product_tag":[],"yoast_head":"<!-- This site is optimized with the Yoast SEO plugin v23.4 - https:\/\/yoast.com\/wordpress\/plugins\/seo\/ -->\n<title>PAZO DE VILLAREI GODELLO - Tienda de vinos HGA Bodegas<\/title>\n<meta name=\"description\" content=\"Pazo de Villarei es un vino blanco de la D.O. R\u00edas Baixas elaborado con uva godello 100%. Esta bodega se encuentra ubicada en el Val do Saln\u00e9s.\" \/>\n<meta name=\"robots\" content=\"index, follow, max-snippet:-1, max-image-preview:large, max-video-preview:-1\" \/>\n<link rel=\"canonical\" href=\"https:\/\/hgabodegas.com\/producto\/pazo-de-villarei-godello\/\" \/>\n<meta property=\"og:locale\" content=\"en_US\" \/>\n<meta property=\"og:type\" content=\"article\" \/>\n<meta property=\"og:title\" content=\"PAZO DE VILLAREI GODELLO - Tienda de vinos HGA Bodegas\" \/>\n<meta property=\"og:description\" content=\"Pazo de Villarei es un vino blanco de la D.O. R\u00edas Baixas elaborado con uva godello 100%. Esta bodega se encuentra ubicada en el Val do Saln\u00e9s.\" \/>\n<meta property=\"og:url\" content=\"https:\/\/hgabodegas.com\/producto\/pazo-de-villarei-godello\/\" \/>\n<meta property=\"og:site_name\" content=\"Tienda de vinos HGA Bodegas\" \/>\n<meta property=\"article:modified_time\" content=\"2024-09-03T15:58:20+00:00\" \/>\n<meta property=\"og:image\" content=\"https:\/\/hgabodegas.com\/wp-content\/uploads\/2024\/04\/V_Pazo_de_Villarei_Godello.jpg\" \/>\n\t<meta property=\"og:image:width\" content=\"480\" \/>\n\t<meta property=\"og:image:height\" content=\"480\" \/>\n\t<meta property=\"og:image:type\" content=\"image\/jpeg\" \/>\n<meta name=\"twitter:card\" content=\"summary_large_image\" \/>\n<meta name=\"twitter:label1\" content=\"Est. reading time\" \/>\n\t<meta name=\"twitter:data1\" content=\"1 minute\" \/>\n<script type=\"application\/ld+json\" class=\"yoast-schema-graph\">{\"@context\":\"https:\/\/schema.org\",\"@graph\":[{\"@type\":\"WebPage\",\"@id\":\"https:\/\/hgabodegas.com\/producto\/pazo-de-villarei-godello\/\",\"url\":\"https:\/\/hgabodegas.com\/producto\/pazo-de-villarei-godello\/\",\"name\":\"PAZO DE VILLAREI GODELLO - Tienda de vinos HGA Bodegas\",\"isPartOf\":{\"@id\":\"https:\/\/hgabodegas.com\/#website\"},\"primaryImageOfPage\":{\"@id\":\"https:\/\/hgabodegas.com\/producto\/pazo-de-villarei-godello\/#primaryimage\"},\"image\":{\"@id\":\"https:\/\/hgabodegas.com\/producto\/pazo-de-villarei-godello\/#primaryimage\"},\"thumbnailUrl\":\"https:\/\/hgabodegas.com\/wp-content\/uploads\/2024\/04\/V_Pazo_de_Villarei_Godello.jpg\",\"datePublished\":\"2024-04-29T16:40:34+00:00\",\"dateModified\":\"2024-09-03T15:58:20+00:00\",\"description\":\"Pazo de Villarei es un vino blanco de la D.O. R\u00edas Baixas elaborado con uva godello 100%. Esta bodega se encuentra ubicada en el Val do Saln\u00e9s.\",\"breadcrumb\":{\"@id\":\"https:\/\/hgabodegas.com\/producto\/pazo-de-villarei-godello\/#breadcrumb\"},\"inLanguage\":\"en-US\",\"potentialAction\":[{\"@type\":\"ReadAction\",\"target\":[\"https:\/\/hgabodegas.com\/producto\/pazo-de-villarei-godello\/\"]}]},{\"@type\":\"ImageObject\",\"inLanguage\":\"en-US\",\"@id\":\"https:\/\/hgabodegas.com\/producto\/pazo-de-villarei-godello\/#primaryimage\",\"url\":\"https:\/\/hgabodegas.com\/wp-content\/uploads\/2024\/04\/V_Pazo_de_Villarei_Godello.jpg\",\"contentUrl\":\"https:\/\/hgabodegas.com\/wp-content\/uploads\/2024\/04\/V_Pazo_de_Villarei_Godello.jpg\",\"width\":480,\"height\":480,\"caption\":\"Vino R\u00edas Baixas Pazo de Villarei Godello\"},{\"@type\":\"BreadcrumbList\",\"@id\":\"https:\/\/hgabodegas.com\/producto\/pazo-de-villarei-godello\/#breadcrumb\",\"itemListElement\":[{\"@type\":\"ListItem\",\"position\":1,\"name\":\"Portada\",\"item\":\"https:\/\/hgabodegas.com\/en\/inicio\/\"},{\"@type\":\"ListItem\",\"position\":2,\"name\":\"Productos\",\"item\":\"https:\/\/hgabodegas.com\/pagina-de-inicio\/\"},{\"@type\":\"ListItem\",\"position\":3,\"name\":\"PAZO DE VILLAREI GODELLO\"}]},{\"@type\":\"WebSite\",\"@id\":\"https:\/\/hgabodegas.com\/#website\",\"url\":\"https:\/\/hgabodegas.com\/\",\"name\":\"Tienda de vinos HGA Bodegas\",\"description\":\"Descubre la gran variedad de vinos de nuestras bodegas\",\"potentialAction\":[{\"@type\":\"SearchAction\",\"target\":{\"@type\":\"EntryPoint\",\"urlTemplate\":\"https:\/\/hgabodegas.com\/?s={search_term_string}\"},\"query-input\":{\"@type\":\"PropertyValueSpecification\",\"valueRequired\":true,\"valueName\":\"search_term_string\"}}],\"inLanguage\":\"en-US\"}]}<\/script>\n<!-- \/ Yoast SEO plugin. -->","yoast_head_json":{"title":"PAZO DE VILLAREI GODELLO - Tienda de vinos HGA Bodegas","description":"Pazo de Villarei es un vino blanco de la D.O. R\u00edas Baixas elaborado con uva godello 100%. Esta bodega se encuentra ubicada en el Val do Saln\u00e9s.","robots":{"index":"index","follow":"follow","max-snippet":"max-snippet:-1","max-image-preview":"max-image-preview:large","max-video-preview":"max-video-preview:-1"},"canonical":"https:\/\/hgabodegas.com\/producto\/pazo-de-villarei-godello\/","og_locale":"en_US","og_type":"article","og_title":"PAZO DE VILLAREI GODELLO - Tienda de vinos HGA Bodegas","og_description":"Pazo de Villarei es un vino blanco de la D.O. R\u00edas Baixas elaborado con uva godello 100%. Esta bodega se encuentra ubicada en el Val do Saln\u00e9s.","og_url":"https:\/\/hgabodegas.com\/producto\/pazo-de-villarei-godello\/","og_site_name":"Tienda de vinos HGA Bodegas","article_modified_time":"2024-09-03T15:58:20+00:00","og_image":[{"width":480,"height":480,"url":"https:\/\/hgabodegas.com\/wp-content\/uploads\/2024\/04\/V_Pazo_de_Villarei_Godello.jpg","type":"image\/jpeg"}],"twitter_card":"summary_large_image","twitter_misc":{"Est. reading time":"1 minute"},"schema":{"@context":"https:\/\/schema.org","@graph":[{"@type":"WebPage","@id":"https:\/\/hgabodegas.com\/producto\/pazo-de-villarei-godello\/","url":"https:\/\/hgabodegas.com\/producto\/pazo-de-villarei-godello\/","name":"PAZO DE VILLAREI GODELLO - Tienda de vinos HGA Bodegas","isPartOf":{"@id":"https:\/\/hgabodegas.com\/#website"},"primaryImageOfPage":{"@id":"https:\/\/hgabodegas.com\/producto\/pazo-de-villarei-godello\/#primaryimage"},"image":{"@id":"https:\/\/hgabodegas.com\/producto\/pazo-de-villarei-godello\/#primaryimage"},"thumbnailUrl":"https:\/\/hgabodegas.com\/wp-content\/uploads\/2024\/04\/V_Pazo_de_Villarei_Godello.jpg","datePublished":"2024-04-29T16:40:34+00:00","dateModified":"2024-09-03T15:58:20+00:00","description":"Pazo de Villarei es un vino blanco de la D.O. R\u00edas Baixas elaborado con uva godello 100%. Esta bodega se encuentra ubicada en el Val do Saln\u00e9s.","breadcrumb":{"@id":"https:\/\/hgabodegas.com\/producto\/pazo-de-villarei-godello\/#breadcrumb"},"inLanguage":"en-US","potentialAction":[{"@type":"ReadAction","target":["https:\/\/hgabodegas.com\/producto\/pazo-de-villarei-godello\/"]}]},{"@type":"ImageObject","inLanguage":"en-US","@id":"https:\/\/hgabodegas.com\/producto\/pazo-de-villarei-godello\/#primaryimage","url":"https:\/\/hgabodegas.com\/wp-content\/uploads\/2024\/04\/V_Pazo_de_Villarei_Godello.jpg","contentUrl":"https:\/\/hgabodegas.com\/wp-content\/uploads\/2024\/04\/V_Pazo_de_Villarei_Godello.jpg","width":480,"height":480,"caption":"Vino R\u00edas Baixas Pazo de Villarei Godello"},{"@type":"BreadcrumbList","@id":"https:\/\/hgabodegas.com\/producto\/pazo-de-villarei-godello\/#breadcrumb","itemListElement":[{"@type":"ListItem","position":1,"name":"Portada","item":"https:\/\/hgabodegas.com\/en\/inicio\/"},{"@type":"ListItem","position":2,"name":"Productos","item":"https:\/\/hgabodegas.com\/pagina-de-inicio\/"},{"@type":"ListItem","position":3,"name":"PAZO DE VILLAREI GODELLO"}]},{"@type":"WebSite","@id":"https:\/\/hgabodegas.com\/#website","url":"https:\/\/hgabodegas.com\/","name":"Tienda de vinos HGA Bodegas","description":"Descubre la gran variedad de vinos de nuestras bodegas","potentialAction":[{"@type":"SearchAction","target":{"@type":"EntryPoint","urlTemplate":"https:\/\/hgabodegas.com\/?s={search_term_string}"},"query-input":{"@type":"PropertyValueSpecification","valueRequired":true,"valueName":"search_term_string"}}],"inLanguage":"en-US"}]}},"_links":{"self":[{"href":"https:\/\/hgabodegas.com\/en\/wp-json\/wp\/v2\/product\/7436"}],"collection":[{"href":"https:\/\/hgabodegas.com\/en\/wp-json\/wp\/v2\/product"}],"about":[{"href":"https:\/\/hgabodegas.com\/en\/wp-json\/wp\/v2\/types\/product"}],"wp:featuredmedia":[{"embeddable":true,"href":"https:\/\/hgabodegas.com\/en\/wp-json\/wp\/v2\/media\/7434"}],"wp:attachment":[{"href":"https:\/\/hgabodegas.com\/en\/wp-json\/wp\/v2\/media?parent=7436"}],"wp:term":[{"taxonomy":"product_cat","embeddable":true,"href":"https:\/\/hgabodegas.com\/en\/wp-json\/wp\/v2\/product_cat?post=7436"},{"taxonomy":"product_tag","embeddable":true,"href":"https:\/\/hgabodegas.com\/en\/wp-json\/wp\/v2\/product_tag?post=7436"}],"curies":[{"name":"wp","href":"https:\/\/api.w.org\/{rel}","templated":true}]}}