{"id":7479,"date":"2024-05-23T08:11:13","date_gmt":"2024-05-23T08:11:13","guid":{"rendered":"https:\/\/hgabodegas.com\/?post_type=product&#038;p=7479"},"modified":"2024-11-13T16:37:22","modified_gmt":"2024-11-13T16:37:22","slug":"la-imprenta","status":"publish","type":"product","link":"https:\/\/hgabodegas.com\/en\/producto\/la-imprenta\/","title":{"rendered":"LA IMPRENTA"},"content":{"rendered":"<div class=\"wpb-content-wrapper\"><p>[vc_row][vc_column][vc_column_text]<\/p>\n<p class=\"p1\"><span class=\"s1\"><strong>VISTA: <\/strong>Vino blanco, amarillo pajizo con reflejos verdosos, con capa media baja y lagrima fluida. <\/span><\/p>\n<p class=\"p1\"><span class=\"s1\"><strong>NARIZ: <\/strong>Austero y elegante, apareciendo de forma precisa aromas de melocot\u00f3n y algo de c\u00edtricos.<span class=\"Apple-converted-space\">\u00a0 \u00a0 \u00a0<\/span><\/span><\/p>\n<p class=\"p1\"><span class=\"s1\"><strong>BOCA: <\/strong>Redondo, amable, con buena acidez y bastante salinidad que hace que la sapidez sea elevada..<\/span><\/p>\n<p class=\"p1\"><span class=\"s1\"><strong>GASTRONOM\u00cdA: <\/strong>La armon\u00eda puede ser desde un plato de jam\u00f3n, pescaditos de aperitivo por la salinidad. Hasta un guiso o un plato de puchero. Tiene muy buena salinidad tambi\u00e9n para combinar con algunos quesos suaves.<span class=\"Apple-converted-space\">\u00a0 \u00a0 \u00a0<\/span><\/span><\/p>\n<p class=\"p1\"><span class=\"s1\"><a href=\"https:\/\/hgabodegas.com\/PDF\/ficha_tecnica\/La_Imprenta_ES_b.pdf\" target=\"_blank\" rel=\"noopener noreferrer\">DESCARGAR FICHA DE CATA<\/a><\/span><\/p>\n<p>[\/vc_column_text][\/vc_column][\/vc_row]<\/p>\n<\/div>","protected":false},"excerpt":{"rendered":"<p><strong>D.O.:<\/strong> Ribeiro<br \/>\n<strong>BODEGA:\u00a0<\/strong>HGA Bodegas<br \/>\n<strong>VARIEDADES: <\/strong>Treixadura<br \/>\n<strong>A\u00d1ADA:<\/strong> 2023<\/p>\n<p class=\"p1\">Selecci\u00f3n de uva en mesa vibratoria, prensado neum\u00e1tico en fr\u00edo con separaci\u00f3n de mostos, desfangado est\u00e1tico, fermentado en dep\u00f3sitos de acero inoxidable a temperatura controlada 18\u00b0C. Trasiegos de limpieza, estabilizaci\u00f3n por fr\u00edo, filtrado y a continuaci\u00f3n se embotella.<\/p>\n","protected":false},"featured_media":7508,"template":"","meta":[],"product_cat":[140,19,27,135,129],"product_tag":[],"yoast_head":"<!-- This site is optimized with the Yoast SEO plugin v23.4 - https:\/\/yoast.com\/wordpress\/plugins\/seo\/ -->\n<title>LA IMPRENTA - Tienda de vinos HGA Bodegas<\/title>\n<meta name=\"robots\" content=\"index, follow, max-snippet:-1, max-image-preview:large, max-video-preview:-1\" \/>\n<link rel=\"canonical\" href=\"https:\/\/hgabodegas.com\/producto\/la-imprenta\/\" \/>\n<meta property=\"og:locale\" content=\"en_US\" \/>\n<meta property=\"og:type\" content=\"article\" \/>\n<meta property=\"og:title\" content=\"LA IMPRENTA - Tienda de vinos HGA Bodegas\" \/>\n<meta property=\"og:description\" content=\"D.O.: Ribeiro BODEGA:\u00a0HGA Bodegas VARIEDADES: Treixadura A\u00d1ADA: 2023 Selecci\u00f3n de uva en mesa vibratoria, prensado neum\u00e1tico en fr\u00edo con separaci\u00f3n de mostos, desfangado est\u00e1tico, fermentado en dep\u00f3sitos de acero inoxidable a temperatura controlada 18\u00b0C. Trasiegos de limpieza, estabilizaci\u00f3n por fr\u00edo, filtrado y a continuaci\u00f3n se embotella.\" \/>\n<meta property=\"og:url\" content=\"https:\/\/hgabodegas.com\/producto\/la-imprenta\/\" \/>\n<meta property=\"og:site_name\" content=\"Tienda de vinos HGA Bodegas\" \/>\n<meta property=\"article:modified_time\" content=\"2024-11-13T16:37:22+00:00\" \/>\n<meta property=\"og:image\" content=\"https:\/\/hgabodegas.com\/wp-content\/uploads\/2024\/05\/La_Imprenta.jpg\" \/>\n\t<meta property=\"og:image:width\" content=\"600\" \/>\n\t<meta property=\"og:image:height\" content=\"600\" \/>\n\t<meta property=\"og:image:type\" content=\"image\/jpeg\" \/>\n<meta name=\"twitter:card\" content=\"summary_large_image\" \/>\n<meta name=\"twitter:label1\" content=\"Est. reading time\" \/>\n\t<meta name=\"twitter:data1\" content=\"1 minute\" \/>\n<script type=\"application\/ld+json\" class=\"yoast-schema-graph\">{\"@context\":\"https:\/\/schema.org\",\"@graph\":[{\"@type\":\"WebPage\",\"@id\":\"https:\/\/hgabodegas.com\/producto\/la-imprenta\/\",\"url\":\"https:\/\/hgabodegas.com\/producto\/la-imprenta\/\",\"name\":\"LA IMPRENTA - Tienda de vinos HGA Bodegas\",\"isPartOf\":{\"@id\":\"https:\/\/hgabodegas.com\/#website\"},\"primaryImageOfPage\":{\"@id\":\"https:\/\/hgabodegas.com\/producto\/la-imprenta\/#primaryimage\"},\"image\":{\"@id\":\"https:\/\/hgabodegas.com\/producto\/la-imprenta\/#primaryimage\"},\"thumbnailUrl\":\"https:\/\/hgabodegas.com\/wp-content\/uploads\/2024\/05\/La_Imprenta.jpg\",\"datePublished\":\"2024-05-23T08:11:13+00:00\",\"dateModified\":\"2024-11-13T16:37:22+00:00\",\"breadcrumb\":{\"@id\":\"https:\/\/hgabodegas.com\/producto\/la-imprenta\/#breadcrumb\"},\"inLanguage\":\"en-US\",\"potentialAction\":[{\"@type\":\"ReadAction\",\"target\":[\"https:\/\/hgabodegas.com\/producto\/la-imprenta\/\"]}]},{\"@type\":\"ImageObject\",\"inLanguage\":\"en-US\",\"@id\":\"https:\/\/hgabodegas.com\/producto\/la-imprenta\/#primaryimage\",\"url\":\"https:\/\/hgabodegas.com\/wp-content\/uploads\/2024\/05\/La_Imprenta.jpg\",\"contentUrl\":\"https:\/\/hgabodegas.com\/wp-content\/uploads\/2024\/05\/La_Imprenta.jpg\",\"width\":600,\"height\":600,\"caption\":\"Botella de vino Ribeiro La Imprenta\"},{\"@type\":\"BreadcrumbList\",\"@id\":\"https:\/\/hgabodegas.com\/producto\/la-imprenta\/#breadcrumb\",\"itemListElement\":[{\"@type\":\"ListItem\",\"position\":1,\"name\":\"Portada\",\"item\":\"https:\/\/hgabodegas.com\/en\/inicio\/\"},{\"@type\":\"ListItem\",\"position\":2,\"name\":\"Productos\",\"item\":\"https:\/\/hgabodegas.com\/pagina-de-inicio\/\"},{\"@type\":\"ListItem\",\"position\":3,\"name\":\"LA IMPRENTA\"}]},{\"@type\":\"WebSite\",\"@id\":\"https:\/\/hgabodegas.com\/#website\",\"url\":\"https:\/\/hgabodegas.com\/\",\"name\":\"Tienda de vinos HGA Bodegas\",\"description\":\"Descubre la gran variedad de vinos de nuestras bodegas\",\"potentialAction\":[{\"@type\":\"SearchAction\",\"target\":{\"@type\":\"EntryPoint\",\"urlTemplate\":\"https:\/\/hgabodegas.com\/?s={search_term_string}\"},\"query-input\":{\"@type\":\"PropertyValueSpecification\",\"valueRequired\":true,\"valueName\":\"search_term_string\"}}],\"inLanguage\":\"en-US\"}]}<\/script>\n<!-- \/ Yoast SEO plugin. -->","yoast_head_json":{"title":"LA IMPRENTA - Tienda de vinos HGA Bodegas","robots":{"index":"index","follow":"follow","max-snippet":"max-snippet:-1","max-image-preview":"max-image-preview:large","max-video-preview":"max-video-preview:-1"},"canonical":"https:\/\/hgabodegas.com\/producto\/la-imprenta\/","og_locale":"en_US","og_type":"article","og_title":"LA IMPRENTA - Tienda de vinos HGA Bodegas","og_description":"D.O.: Ribeiro BODEGA:\u00a0HGA Bodegas VARIEDADES: Treixadura A\u00d1ADA: 2023 Selecci\u00f3n de uva en mesa vibratoria, prensado neum\u00e1tico en fr\u00edo con separaci\u00f3n de mostos, desfangado est\u00e1tico, fermentado en dep\u00f3sitos de acero inoxidable a temperatura controlada 18\u00b0C. Trasiegos de limpieza, estabilizaci\u00f3n por fr\u00edo, filtrado y a continuaci\u00f3n se embotella.","og_url":"https:\/\/hgabodegas.com\/producto\/la-imprenta\/","og_site_name":"Tienda de vinos HGA Bodegas","article_modified_time":"2024-11-13T16:37:22+00:00","og_image":[{"width":600,"height":600,"url":"https:\/\/hgabodegas.com\/wp-content\/uploads\/2024\/05\/La_Imprenta.jpg","type":"image\/jpeg"}],"twitter_card":"summary_large_image","twitter_misc":{"Est. reading time":"1 minute"},"schema":{"@context":"https:\/\/schema.org","@graph":[{"@type":"WebPage","@id":"https:\/\/hgabodegas.com\/producto\/la-imprenta\/","url":"https:\/\/hgabodegas.com\/producto\/la-imprenta\/","name":"LA IMPRENTA - Tienda de vinos HGA Bodegas","isPartOf":{"@id":"https:\/\/hgabodegas.com\/#website"},"primaryImageOfPage":{"@id":"https:\/\/hgabodegas.com\/producto\/la-imprenta\/#primaryimage"},"image":{"@id":"https:\/\/hgabodegas.com\/producto\/la-imprenta\/#primaryimage"},"thumbnailUrl":"https:\/\/hgabodegas.com\/wp-content\/uploads\/2024\/05\/La_Imprenta.jpg","datePublished":"2024-05-23T08:11:13+00:00","dateModified":"2024-11-13T16:37:22+00:00","breadcrumb":{"@id":"https:\/\/hgabodegas.com\/producto\/la-imprenta\/#breadcrumb"},"inLanguage":"en-US","potentialAction":[{"@type":"ReadAction","target":["https:\/\/hgabodegas.com\/producto\/la-imprenta\/"]}]},{"@type":"ImageObject","inLanguage":"en-US","@id":"https:\/\/hgabodegas.com\/producto\/la-imprenta\/#primaryimage","url":"https:\/\/hgabodegas.com\/wp-content\/uploads\/2024\/05\/La_Imprenta.jpg","contentUrl":"https:\/\/hgabodegas.com\/wp-content\/uploads\/2024\/05\/La_Imprenta.jpg","width":600,"height":600,"caption":"Botella de vino Ribeiro La Imprenta"},{"@type":"BreadcrumbList","@id":"https:\/\/hgabodegas.com\/producto\/la-imprenta\/#breadcrumb","itemListElement":[{"@type":"ListItem","position":1,"name":"Portada","item":"https:\/\/hgabodegas.com\/en\/inicio\/"},{"@type":"ListItem","position":2,"name":"Productos","item":"https:\/\/hgabodegas.com\/pagina-de-inicio\/"},{"@type":"ListItem","position":3,"name":"LA IMPRENTA"}]},{"@type":"WebSite","@id":"https:\/\/hgabodegas.com\/#website","url":"https:\/\/hgabodegas.com\/","name":"Tienda de vinos HGA Bodegas","description":"Descubre la gran variedad de vinos de nuestras bodegas","potentialAction":[{"@type":"SearchAction","target":{"@type":"EntryPoint","urlTemplate":"https:\/\/hgabodegas.com\/?s={search_term_string}"},"query-input":{"@type":"PropertyValueSpecification","valueRequired":true,"valueName":"search_term_string"}}],"inLanguage":"en-US"}]}},"_links":{"self":[{"href":"https:\/\/hgabodegas.com\/en\/wp-json\/wp\/v2\/product\/7479"}],"collection":[{"href":"https:\/\/hgabodegas.com\/en\/wp-json\/wp\/v2\/product"}],"about":[{"href":"https:\/\/hgabodegas.com\/en\/wp-json\/wp\/v2\/types\/product"}],"wp:featuredmedia":[{"embeddable":true,"href":"https:\/\/hgabodegas.com\/en\/wp-json\/wp\/v2\/media\/7508"}],"wp:attachment":[{"href":"https:\/\/hgabodegas.com\/en\/wp-json\/wp\/v2\/media?parent=7479"}],"wp:term":[{"taxonomy":"product_cat","embeddable":true,"href":"https:\/\/hgabodegas.com\/en\/wp-json\/wp\/v2\/product_cat?post=7479"},{"taxonomy":"product_tag","embeddable":true,"href":"https:\/\/hgabodegas.com\/en\/wp-json\/wp\/v2\/product_tag?post=7479"}],"curies":[{"name":"wp","href":"https:\/\/api.w.org\/{rel}","templated":true}]}}