{"id":81,"date":"2020-11-10T09:27:34","date_gmt":"2020-11-10T09:27:34","guid":{"rendered":"https:\/\/ywz.es\/?product=import-placeholder-for-2063"},"modified":"2025-06-25T14:01:32","modified_gmt":"2025-06-25T14:01:32","slug":"finca-la-capitana","status":"publish","type":"product","link":"https:\/\/hgabodegas.com\/en\/producto\/finca-la-capitana\/","title":{"rendered":"FINCA LA CAPITANA"},"content":{"rendered":"<p><strong>Vista:<\/strong> Rub\u00ed con tonos granate e intensidad media.<\/p>\n<p><strong>Nar\u00edz:<\/strong> Frutas rojas maduras y negras, frambuesa y grosella, especias dulces como regaliz, acompa\u00f1adas de notas tostadas por la crianza en roble.<\/p>\n<p><strong>Boca:<\/strong> Paso equilibrado y terso, con cuerpo medio y taninos pulidos y muy elegantes. Final muy prolongado y agradable con recuerdos a frutas frescas.<\/p>\n<p><strong>Gastronom\u00eda:<\/strong> Carnes rojas a la brasa, guisos de caza, quesos curados.<\/p>\n<p><a href=\"https:\/\/hgabodegas.com\/PDF\/ficha_tecnica\/Finca_la_Capitana_ES_b.pdf\" target=\"_blank\" rel=\"noopener noreferrer\">DESCARGAR FICHA DE CATA<\/a><\/p>\n","protected":false},"excerpt":{"rendered":"<p><span style=\"color: #000000;\">75 cl<\/span><strong><br \/>\nD.O.:<\/strong> Ribeira Sacra<br \/>\n<strong>BODEGA:<\/strong> Regina Viarum<br \/>\n<strong>VARIEDADES:\u00a0<\/strong>70% mencia 30 % tempranillo<\/p>\n<p>Selecci\u00f3n manual de las uvas menc\u00eda y tempranillo en Finca la Capitana. Fermentaci\u00f3n en dep\u00f3sitos troncoc\u00f3nicos. Crianza 18 meses en barrica de roble franc\u00e9s y 18 meses en botella.<\/p>\n<p><span style=\"font-size: 14px; color: #bfa356;\"><strong>TIM ATKIN 2025<\/strong>: 92 Puntos.<br \/>\n<strong>MONDIAL DES VINS EXTR\u00caMES CERVIM 2023:<\/strong> Medalla de ORO<br \/>\n<strong>PE\u00d1\u00cdN 2022: <\/strong>91 Ptos.<br \/>\n<\/span><\/p>\n","protected":false},"featured_media":1763,"template":"","meta":[],"product_cat":[140,142,155,26,138,25],"product_tag":[],"yoast_head":"<!-- This site is optimized with the Yoast SEO plugin v23.4 - https:\/\/yoast.com\/wordpress\/plugins\/seo\/ -->\n<title>FINCA LA CAPITANA - Tienda de vinos HGA Bodegas<\/title>\n<meta name=\"description\" content=\"Finca La Capitana es un vino tinto elaborado con la variedad de uva tempranillo. Producido por Bodegas Regina Viarum en la Ribeira Sacra.\" \/>\n<meta name=\"robots\" content=\"index, follow, max-snippet:-1, max-image-preview:large, max-video-preview:-1\" \/>\n<link rel=\"canonical\" href=\"https:\/\/hgabodegas.com\/producto\/finca-la-capitana\/\" \/>\n<meta property=\"og:locale\" content=\"en_US\" \/>\n<meta property=\"og:type\" content=\"article\" \/>\n<meta property=\"og:title\" content=\"FINCA LA CAPITANA - Tienda de vinos HGA Bodegas\" \/>\n<meta property=\"og:description\" content=\"Finca La Capitana es un vino tinto elaborado con la variedad de uva tempranillo. Producido por Bodegas Regina Viarum en la Ribeira Sacra.\" \/>\n<meta property=\"og:url\" content=\"https:\/\/hgabodegas.com\/producto\/finca-la-capitana\/\" \/>\n<meta property=\"og:site_name\" content=\"Tienda de vinos HGA Bodegas\" \/>\n<meta property=\"article:modified_time\" content=\"2025-06-25T14:01:32+00:00\" \/>\n<meta property=\"og:image\" content=\"https:\/\/hgabodegas.com\/wp-content\/uploads\/2020\/11\/V_REGINA_VIARUM_FINCA_LA_CAPITANA.jpg\" \/>\n\t<meta property=\"og:image:width\" content=\"481\" \/>\n\t<meta property=\"og:image:height\" content=\"480\" \/>\n\t<meta property=\"og:image:type\" content=\"image\/jpeg\" \/>\n<meta name=\"twitter:card\" content=\"summary_large_image\" \/>\n<meta name=\"twitter:label1\" content=\"Est. reading time\" \/>\n\t<meta name=\"twitter:data1\" content=\"1 minute\" \/>\n<script type=\"application\/ld+json\" class=\"yoast-schema-graph\">{\"@context\":\"https:\/\/schema.org\",\"@graph\":[{\"@type\":\"WebPage\",\"@id\":\"https:\/\/hgabodegas.com\/producto\/finca-la-capitana\/\",\"url\":\"https:\/\/hgabodegas.com\/producto\/finca-la-capitana\/\",\"name\":\"FINCA LA CAPITANA - Tienda de vinos HGA Bodegas\",\"isPartOf\":{\"@id\":\"https:\/\/hgabodegas.com\/#website\"},\"primaryImageOfPage\":{\"@id\":\"https:\/\/hgabodegas.com\/producto\/finca-la-capitana\/#primaryimage\"},\"image\":{\"@id\":\"https:\/\/hgabodegas.com\/producto\/finca-la-capitana\/#primaryimage\"},\"thumbnailUrl\":\"https:\/\/hgabodegas.com\/wp-content\/uploads\/2020\/11\/V_REGINA_VIARUM_FINCA_LA_CAPITANA.jpg\",\"datePublished\":\"2020-11-10T09:27:34+00:00\",\"dateModified\":\"2025-06-25T14:01:32+00:00\",\"description\":\"Finca La Capitana es un vino tinto elaborado con la variedad de uva tempranillo. Producido por Bodegas Regina Viarum en la Ribeira Sacra.\",\"breadcrumb\":{\"@id\":\"https:\/\/hgabodegas.com\/producto\/finca-la-capitana\/#breadcrumb\"},\"inLanguage\":\"en-US\",\"potentialAction\":[{\"@type\":\"ReadAction\",\"target\":[\"https:\/\/hgabodegas.com\/producto\/finca-la-capitana\/\"]}]},{\"@type\":\"ImageObject\",\"inLanguage\":\"en-US\",\"@id\":\"https:\/\/hgabodegas.com\/producto\/finca-la-capitana\/#primaryimage\",\"url\":\"https:\/\/hgabodegas.com\/wp-content\/uploads\/2020\/11\/V_REGINA_VIARUM_FINCA_LA_CAPITANA.jpg\",\"contentUrl\":\"https:\/\/hgabodegas.com\/wp-content\/uploads\/2020\/11\/V_REGINA_VIARUM_FINCA_LA_CAPITANA.jpg\",\"width\":481,\"height\":480,\"caption\":\"Finca la Capitana\"},{\"@type\":\"BreadcrumbList\",\"@id\":\"https:\/\/hgabodegas.com\/producto\/finca-la-capitana\/#breadcrumb\",\"itemListElement\":[{\"@type\":\"ListItem\",\"position\":1,\"name\":\"Portada\",\"item\":\"https:\/\/hgabodegas.com\/en\/inicio\/\"},{\"@type\":\"ListItem\",\"position\":2,\"name\":\"Productos\",\"item\":\"https:\/\/hgabodegas.com\/pagina-de-inicio\/\"},{\"@type\":\"ListItem\",\"position\":3,\"name\":\"FINCA LA CAPITANA\"}]},{\"@type\":\"WebSite\",\"@id\":\"https:\/\/hgabodegas.com\/#website\",\"url\":\"https:\/\/hgabodegas.com\/\",\"name\":\"Tienda de vinos HGA Bodegas\",\"description\":\"Descubre la gran variedad de vinos de nuestras bodegas\",\"potentialAction\":[{\"@type\":\"SearchAction\",\"target\":{\"@type\":\"EntryPoint\",\"urlTemplate\":\"https:\/\/hgabodegas.com\/?s={search_term_string}\"},\"query-input\":{\"@type\":\"PropertyValueSpecification\",\"valueRequired\":true,\"valueName\":\"search_term_string\"}}],\"inLanguage\":\"en-US\"}]}<\/script>\n<!-- \/ Yoast SEO plugin. -->","yoast_head_json":{"title":"FINCA LA CAPITANA - Tienda de vinos HGA Bodegas","description":"Finca La Capitana es un vino tinto elaborado con la variedad de uva tempranillo. Producido por Bodegas Regina Viarum en la Ribeira Sacra.","robots":{"index":"index","follow":"follow","max-snippet":"max-snippet:-1","max-image-preview":"max-image-preview:large","max-video-preview":"max-video-preview:-1"},"canonical":"https:\/\/hgabodegas.com\/producto\/finca-la-capitana\/","og_locale":"en_US","og_type":"article","og_title":"FINCA LA CAPITANA - Tienda de vinos HGA Bodegas","og_description":"Finca La Capitana es un vino tinto elaborado con la variedad de uva tempranillo. Producido por Bodegas Regina Viarum en la Ribeira Sacra.","og_url":"https:\/\/hgabodegas.com\/producto\/finca-la-capitana\/","og_site_name":"Tienda de vinos HGA Bodegas","article_modified_time":"2025-06-25T14:01:32+00:00","og_image":[{"width":481,"height":480,"url":"https:\/\/hgabodegas.com\/wp-content\/uploads\/2020\/11\/V_REGINA_VIARUM_FINCA_LA_CAPITANA.jpg","type":"image\/jpeg"}],"twitter_card":"summary_large_image","twitter_misc":{"Est. reading time":"1 minute"},"schema":{"@context":"https:\/\/schema.org","@graph":[{"@type":"WebPage","@id":"https:\/\/hgabodegas.com\/producto\/finca-la-capitana\/","url":"https:\/\/hgabodegas.com\/producto\/finca-la-capitana\/","name":"FINCA LA CAPITANA - Tienda de vinos HGA Bodegas","isPartOf":{"@id":"https:\/\/hgabodegas.com\/#website"},"primaryImageOfPage":{"@id":"https:\/\/hgabodegas.com\/producto\/finca-la-capitana\/#primaryimage"},"image":{"@id":"https:\/\/hgabodegas.com\/producto\/finca-la-capitana\/#primaryimage"},"thumbnailUrl":"https:\/\/hgabodegas.com\/wp-content\/uploads\/2020\/11\/V_REGINA_VIARUM_FINCA_LA_CAPITANA.jpg","datePublished":"2020-11-10T09:27:34+00:00","dateModified":"2025-06-25T14:01:32+00:00","description":"Finca La Capitana es un vino tinto elaborado con la variedad de uva tempranillo. Producido por Bodegas Regina Viarum en la Ribeira Sacra.","breadcrumb":{"@id":"https:\/\/hgabodegas.com\/producto\/finca-la-capitana\/#breadcrumb"},"inLanguage":"en-US","potentialAction":[{"@type":"ReadAction","target":["https:\/\/hgabodegas.com\/producto\/finca-la-capitana\/"]}]},{"@type":"ImageObject","inLanguage":"en-US","@id":"https:\/\/hgabodegas.com\/producto\/finca-la-capitana\/#primaryimage","url":"https:\/\/hgabodegas.com\/wp-content\/uploads\/2020\/11\/V_REGINA_VIARUM_FINCA_LA_CAPITANA.jpg","contentUrl":"https:\/\/hgabodegas.com\/wp-content\/uploads\/2020\/11\/V_REGINA_VIARUM_FINCA_LA_CAPITANA.jpg","width":481,"height":480,"caption":"Finca la Capitana"},{"@type":"BreadcrumbList","@id":"https:\/\/hgabodegas.com\/producto\/finca-la-capitana\/#breadcrumb","itemListElement":[{"@type":"ListItem","position":1,"name":"Portada","item":"https:\/\/hgabodegas.com\/en\/inicio\/"},{"@type":"ListItem","position":2,"name":"Productos","item":"https:\/\/hgabodegas.com\/pagina-de-inicio\/"},{"@type":"ListItem","position":3,"name":"FINCA LA CAPITANA"}]},{"@type":"WebSite","@id":"https:\/\/hgabodegas.com\/#website","url":"https:\/\/hgabodegas.com\/","name":"Tienda de vinos HGA Bodegas","description":"Descubre la gran variedad de vinos de nuestras bodegas","potentialAction":[{"@type":"SearchAction","target":{"@type":"EntryPoint","urlTemplate":"https:\/\/hgabodegas.com\/?s={search_term_string}"},"query-input":{"@type":"PropertyValueSpecification","valueRequired":true,"valueName":"search_term_string"}}],"inLanguage":"en-US"}]}},"_links":{"self":[{"href":"https:\/\/hgabodegas.com\/en\/wp-json\/wp\/v2\/product\/81"}],"collection":[{"href":"https:\/\/hgabodegas.com\/en\/wp-json\/wp\/v2\/product"}],"about":[{"href":"https:\/\/hgabodegas.com\/en\/wp-json\/wp\/v2\/types\/product"}],"wp:featuredmedia":[{"embeddable":true,"href":"https:\/\/hgabodegas.com\/en\/wp-json\/wp\/v2\/media\/1763"}],"wp:attachment":[{"href":"https:\/\/hgabodegas.com\/en\/wp-json\/wp\/v2\/media?parent=81"}],"wp:term":[{"taxonomy":"product_cat","embeddable":true,"href":"https:\/\/hgabodegas.com\/en\/wp-json\/wp\/v2\/product_cat?post=81"},{"taxonomy":"product_tag","embeddable":true,"href":"https:\/\/hgabodegas.com\/en\/wp-json\/wp\/v2\/product_tag?post=81"}],"curies":[{"name":"wp","href":"https:\/\/api.w.org\/{rel}","templated":true}]}}