{"id":8200,"date":"2025-03-07T11:43:15","date_gmt":"2025-03-07T11:43:15","guid":{"rendered":"https:\/\/hgabodegas.com\/?post_type=product&#038;p=8200"},"modified":"2026-01-16T13:16:12","modified_gmt":"2026-01-16T13:16:12","slug":"pontellon-godello","status":"publish","type":"product","link":"https:\/\/hgabodegas.com\/en\/producto\/pontellon-godello\/","title":{"rendered":"PONTELL\u00d3N GODELLO"},"content":{"rendered":"<p><strong>VISTA:<\/strong> Amarillo pajizo con reflejos verdosos.<\/p>\n<p><strong>NARIZ:<\/strong> Aromas intensos de fruta blanca madura, como nectarina y pera, con delicados toques tropicales de maracuy\u00e1. Notas florales envolventes que recuerdan a jazm\u00edn.<\/p>\n<p><strong>BOCA:<\/strong> Entrada sedosa, acompa\u00f1ada de una acidez bien integrada que aporta un equilibrio perfecto y frescura. Se aprecian sabores c\u00edtricos y de<br \/>\nmanzana verde que se entrelazan con sutiles notas de frutos secos. Su final es largo y persistente, marcado por una elegante salinidad.<\/p>\n<p><strong>GASTRONOM\u00cdA:<\/strong> Ceviche, ensaladas con frutos secos, raviolis<br \/>\nrellenos de queso ricotta y espinacas, risotto de setas.<\/p>\n<p class=\"p1\"><span class=\"s1\"><a href=\"https:\/\/hgabodegas.com\/PDF\/ficha_tecnica\/Pontellon_Godello_ES_b.pdf\" target=\"_blank\" rel=\"noopener noreferrer\">DESCARGAR FICHA DE CATA<\/a><\/span><\/p>\n","protected":false},"excerpt":{"rendered":"<p class=\"p1\"><span style=\"color: #000000;\">75 cl<\/span><strong><br \/>\nD.O.:<\/strong> R\u00edas Baixas<br \/>\n<strong>BODEGA:<\/strong> Tollodouro<br \/>\n<strong>VARIEDADES:\u00a0<\/strong><span class=\"s1\">Godello<\/span><\/p>\n<p>Fermentaci\u00f3n en dep\u00f3sitos de acero inoxidable, crianza 4 meses sobre l\u00edas.<span style=\"font-size: 14px; color: #bfa356;\"><br \/>\n<\/span><\/p>\n","protected":false},"featured_media":8267,"template":"","meta":[],"product_cat":[140,157,19,132,21,129],"product_tag":[],"yoast_head":"<!-- This site is optimized with the Yoast SEO plugin v23.4 - https:\/\/yoast.com\/wordpress\/plugins\/seo\/ -->\n<title>PONTELL\u00d3N GODELLO - Tienda de vinos HGA Bodegas<\/title>\n<meta name=\"description\" content=\"Pontell\u00f3n Godello es un vino blanco de la D.O. R\u00edas Baixas elaborado por Adegas Tollodouro, ubicada en la subzona de O Rosal.\" \/>\n<meta name=\"robots\" content=\"index, follow, max-snippet:-1, max-image-preview:large, max-video-preview:-1\" \/>\n<link rel=\"canonical\" href=\"https:\/\/hgabodegas.com\/producto\/pontellon-godello\/\" \/>\n<meta property=\"og:locale\" content=\"en_US\" \/>\n<meta property=\"og:type\" content=\"article\" \/>\n<meta property=\"og:title\" content=\"PONTELL\u00d3N GODELLO - Tienda de vinos HGA Bodegas\" \/>\n<meta property=\"og:description\" content=\"Pontell\u00f3n Godello es un vino blanco de la D.O. R\u00edas Baixas elaborado por Adegas Tollodouro, ubicada en la subzona de O Rosal.\" \/>\n<meta property=\"og:url\" content=\"https:\/\/hgabodegas.com\/producto\/pontellon-godello\/\" \/>\n<meta property=\"og:site_name\" content=\"Tienda de vinos HGA Bodegas\" \/>\n<meta property=\"article:modified_time\" content=\"2026-01-16T13:16:12+00:00\" \/>\n<meta property=\"og:image\" content=\"https:\/\/hgabodegas.com\/wp-content\/uploads\/2025\/03\/V_Pontellon_Godello-2-1.jpg\" \/>\n\t<meta property=\"og:image:width\" content=\"480\" \/>\n\t<meta property=\"og:image:height\" content=\"480\" \/>\n\t<meta property=\"og:image:type\" content=\"image\/jpeg\" \/>\n<meta name=\"twitter:card\" content=\"summary_large_image\" \/>\n<meta name=\"twitter:label1\" content=\"Est. reading time\" \/>\n\t<meta name=\"twitter:data1\" content=\"1 minute\" \/>\n<script type=\"application\/ld+json\" class=\"yoast-schema-graph\">{\"@context\":\"https:\/\/schema.org\",\"@graph\":[{\"@type\":\"WebPage\",\"@id\":\"https:\/\/hgabodegas.com\/producto\/pontellon-godello\/\",\"url\":\"https:\/\/hgabodegas.com\/producto\/pontellon-godello\/\",\"name\":\"PONTELL\u00d3N GODELLO - Tienda de vinos HGA Bodegas\",\"isPartOf\":{\"@id\":\"https:\/\/hgabodegas.com\/#website\"},\"primaryImageOfPage\":{\"@id\":\"https:\/\/hgabodegas.com\/producto\/pontellon-godello\/#primaryimage\"},\"image\":{\"@id\":\"https:\/\/hgabodegas.com\/producto\/pontellon-godello\/#primaryimage\"},\"thumbnailUrl\":\"https:\/\/hgabodegas.com\/wp-content\/uploads\/2025\/03\/V_Pontellon_Godello-2-1.jpg\",\"datePublished\":\"2025-03-07T11:43:15+00:00\",\"dateModified\":\"2026-01-16T13:16:12+00:00\",\"description\":\"Pontell\u00f3n Godello es un vino blanco de la D.O. R\u00edas Baixas elaborado por Adegas Tollodouro, ubicada en la subzona de O Rosal.\",\"breadcrumb\":{\"@id\":\"https:\/\/hgabodegas.com\/producto\/pontellon-godello\/#breadcrumb\"},\"inLanguage\":\"en-US\",\"potentialAction\":[{\"@type\":\"ReadAction\",\"target\":[\"https:\/\/hgabodegas.com\/producto\/pontellon-godello\/\"]}]},{\"@type\":\"ImageObject\",\"inLanguage\":\"en-US\",\"@id\":\"https:\/\/hgabodegas.com\/producto\/pontellon-godello\/#primaryimage\",\"url\":\"https:\/\/hgabodegas.com\/wp-content\/uploads\/2025\/03\/V_Pontellon_Godello-2-1.jpg\",\"contentUrl\":\"https:\/\/hgabodegas.com\/wp-content\/uploads\/2025\/03\/V_Pontellon_Godello-2-1.jpg\",\"width\":480,\"height\":480,\"caption\":\"Botella de Pontell\u00f3n Godello\"},{\"@type\":\"BreadcrumbList\",\"@id\":\"https:\/\/hgabodegas.com\/producto\/pontellon-godello\/#breadcrumb\",\"itemListElement\":[{\"@type\":\"ListItem\",\"position\":1,\"name\":\"Portada\",\"item\":\"https:\/\/hgabodegas.com\/en\/inicio\/\"},{\"@type\":\"ListItem\",\"position\":2,\"name\":\"Productos\",\"item\":\"https:\/\/hgabodegas.com\/pagina-de-inicio\/\"},{\"@type\":\"ListItem\",\"position\":3,\"name\":\"PONTELL\u00d3N GODELLO\"}]},{\"@type\":\"WebSite\",\"@id\":\"https:\/\/hgabodegas.com\/#website\",\"url\":\"https:\/\/hgabodegas.com\/\",\"name\":\"Tienda de vinos HGA Bodegas\",\"description\":\"Descubre la gran variedad de vinos de nuestras bodegas\",\"potentialAction\":[{\"@type\":\"SearchAction\",\"target\":{\"@type\":\"EntryPoint\",\"urlTemplate\":\"https:\/\/hgabodegas.com\/?s={search_term_string}\"},\"query-input\":{\"@type\":\"PropertyValueSpecification\",\"valueRequired\":true,\"valueName\":\"search_term_string\"}}],\"inLanguage\":\"en-US\"}]}<\/script>\n<!-- \/ Yoast SEO plugin. -->","yoast_head_json":{"title":"PONTELL\u00d3N GODELLO - Tienda de vinos HGA Bodegas","description":"Pontell\u00f3n Godello es un vino blanco de la D.O. R\u00edas Baixas elaborado por Adegas Tollodouro, ubicada en la subzona de O Rosal.","robots":{"index":"index","follow":"follow","max-snippet":"max-snippet:-1","max-image-preview":"max-image-preview:large","max-video-preview":"max-video-preview:-1"},"canonical":"https:\/\/hgabodegas.com\/producto\/pontellon-godello\/","og_locale":"en_US","og_type":"article","og_title":"PONTELL\u00d3N GODELLO - Tienda de vinos HGA Bodegas","og_description":"Pontell\u00f3n Godello es un vino blanco de la D.O. R\u00edas Baixas elaborado por Adegas Tollodouro, ubicada en la subzona de O Rosal.","og_url":"https:\/\/hgabodegas.com\/producto\/pontellon-godello\/","og_site_name":"Tienda de vinos HGA Bodegas","article_modified_time":"2026-01-16T13:16:12+00:00","og_image":[{"width":480,"height":480,"url":"https:\/\/hgabodegas.com\/wp-content\/uploads\/2025\/03\/V_Pontellon_Godello-2-1.jpg","type":"image\/jpeg"}],"twitter_card":"summary_large_image","twitter_misc":{"Est. reading time":"1 minute"},"schema":{"@context":"https:\/\/schema.org","@graph":[{"@type":"WebPage","@id":"https:\/\/hgabodegas.com\/producto\/pontellon-godello\/","url":"https:\/\/hgabodegas.com\/producto\/pontellon-godello\/","name":"PONTELL\u00d3N GODELLO - Tienda de vinos HGA Bodegas","isPartOf":{"@id":"https:\/\/hgabodegas.com\/#website"},"primaryImageOfPage":{"@id":"https:\/\/hgabodegas.com\/producto\/pontellon-godello\/#primaryimage"},"image":{"@id":"https:\/\/hgabodegas.com\/producto\/pontellon-godello\/#primaryimage"},"thumbnailUrl":"https:\/\/hgabodegas.com\/wp-content\/uploads\/2025\/03\/V_Pontellon_Godello-2-1.jpg","datePublished":"2025-03-07T11:43:15+00:00","dateModified":"2026-01-16T13:16:12+00:00","description":"Pontell\u00f3n Godello es un vino blanco de la D.O. R\u00edas Baixas elaborado por Adegas Tollodouro, ubicada en la subzona de O Rosal.","breadcrumb":{"@id":"https:\/\/hgabodegas.com\/producto\/pontellon-godello\/#breadcrumb"},"inLanguage":"en-US","potentialAction":[{"@type":"ReadAction","target":["https:\/\/hgabodegas.com\/producto\/pontellon-godello\/"]}]},{"@type":"ImageObject","inLanguage":"en-US","@id":"https:\/\/hgabodegas.com\/producto\/pontellon-godello\/#primaryimage","url":"https:\/\/hgabodegas.com\/wp-content\/uploads\/2025\/03\/V_Pontellon_Godello-2-1.jpg","contentUrl":"https:\/\/hgabodegas.com\/wp-content\/uploads\/2025\/03\/V_Pontellon_Godello-2-1.jpg","width":480,"height":480,"caption":"Botella de Pontell\u00f3n Godello"},{"@type":"BreadcrumbList","@id":"https:\/\/hgabodegas.com\/producto\/pontellon-godello\/#breadcrumb","itemListElement":[{"@type":"ListItem","position":1,"name":"Portada","item":"https:\/\/hgabodegas.com\/en\/inicio\/"},{"@type":"ListItem","position":2,"name":"Productos","item":"https:\/\/hgabodegas.com\/pagina-de-inicio\/"},{"@type":"ListItem","position":3,"name":"PONTELL\u00d3N GODELLO"}]},{"@type":"WebSite","@id":"https:\/\/hgabodegas.com\/#website","url":"https:\/\/hgabodegas.com\/","name":"Tienda de vinos HGA Bodegas","description":"Descubre la gran variedad de vinos de nuestras bodegas","potentialAction":[{"@type":"SearchAction","target":{"@type":"EntryPoint","urlTemplate":"https:\/\/hgabodegas.com\/?s={search_term_string}"},"query-input":{"@type":"PropertyValueSpecification","valueRequired":true,"valueName":"search_term_string"}}],"inLanguage":"en-US"}]}},"_links":{"self":[{"href":"https:\/\/hgabodegas.com\/en\/wp-json\/wp\/v2\/product\/8200"}],"collection":[{"href":"https:\/\/hgabodegas.com\/en\/wp-json\/wp\/v2\/product"}],"about":[{"href":"https:\/\/hgabodegas.com\/en\/wp-json\/wp\/v2\/types\/product"}],"wp:featuredmedia":[{"embeddable":true,"href":"https:\/\/hgabodegas.com\/en\/wp-json\/wp\/v2\/media\/8267"}],"wp:attachment":[{"href":"https:\/\/hgabodegas.com\/en\/wp-json\/wp\/v2\/media?parent=8200"}],"wp:term":[{"taxonomy":"product_cat","embeddable":true,"href":"https:\/\/hgabodegas.com\/en\/wp-json\/wp\/v2\/product_cat?post=8200"},{"taxonomy":"product_tag","embeddable":true,"href":"https:\/\/hgabodegas.com\/en\/wp-json\/wp\/v2\/product_tag?post=8200"}],"curies":[{"name":"wp","href":"https:\/\/api.w.org\/{rel}","templated":true}]}}