{"id":87,"date":"2020-11-10T09:27:34","date_gmt":"2020-11-10T09:27:34","guid":{"rendered":"https:\/\/ywz.es\/?product=import-placeholder-for-2072"},"modified":"2025-06-25T09:26:09","modified_gmt":"2025-06-25T09:26:09","slug":"el-ilusionista-rueda","status":"publish","type":"product","link":"https:\/\/hgabodegas.com\/en\/producto\/el-ilusionista-rueda\/","title":{"rendered":"EL ILUSIONISTA RUEDA"},"content":{"rendered":"<p><strong>VISTA: <\/strong>Color cereza cubierta, limpio y brillante.<\/p>\n<p><strong>NARIZ:<\/strong> Muy intenso. Recuerdos de frutas tropicales (mel\u00f3n, maracuy\u00e1, ..),manzana verde. Notas florales como el jazm\u00edn y flores blancas en general.<\/p>\n<p><strong>BOCA:<\/strong> En boca se presenta amplio y elegante, con notas que recuerdan las l\u00edas finas. Acidez equilibrada y pos-gusto prolongado.<\/p>\n<p><strong>GASTRONOM\u00cdA:<\/strong> Sushi, mariscos, tartar de pescados, carnes blancas y quesos.<\/p>\n<p><span class=\"s1\"><a href=\"https:\/\/hgabodegas.com\/PDF\/ficha_tecnica\/El_Ilusionista_Verdejo_ES_b.pdf\" target=\"_blank\" rel=\"noopener noreferrer\">DESCARGAR FICHA DE CATA<\/a><\/span><\/p>\n","protected":false},"excerpt":{"rendered":"<p><span style=\"color: #000000;\">75 cl<\/span><strong><br \/>\nD.O.:<\/strong> Rueda<br \/>\n<strong>BODEGA:<\/strong> El Ilusionista<br \/>\n<strong>VARIEDADES:\u00a0<\/strong>Verdejo<\/p>\n<p>Despu\u00e9s de una selecci\u00f3n manual seguida de una fermentaci\u00f3n a baja temperatura, el vino se mantuvo en contacto con sus finas l\u00edas durante al menos 4 meses con battonage semanal.<\/p>\n<p><span style=\"font-size: 14px; color: #bfa356;\"><strong>BERLINER WINE TROPHY 2024 <\/strong>&#8211; Medalla de ORO<br \/>\n<strong>JAMES SUCKLING 2024<\/strong> &#8211; 90 Ptos.<br \/>\n<strong>DECANTER WORLD WINE AWARDS 2023<\/strong> &#8211; Medalla de PLATA. 90 Ptos.<br \/>\n<strong>WINE ENTHUSIAST MAGAZINE 2023 <\/strong>&#8211; 92 Ptos.<br \/>\n<\/span><\/p>\n","protected":false},"featured_media":1812,"template":"","meta":[],"product_cat":[140,19,160,33,136,129],"product_tag":[],"yoast_head":"<!-- This site is optimized with the Yoast SEO plugin v23.4 - https:\/\/yoast.com\/wordpress\/plugins\/seo\/ -->\n<title>EL ILUSIONISTA RUEDA - Tienda de vinos HGA Bodegas<\/title>\n<meta name=\"description\" content=\"El Illusionista Rueda es un vino blanco monovarietal de uva verdejo, elaborado por Bodegas El Ilusionista al amparo de la D.O. Rueda.\" \/>\n<meta name=\"robots\" content=\"index, follow, max-snippet:-1, max-image-preview:large, max-video-preview:-1\" \/>\n<link rel=\"canonical\" href=\"https:\/\/hgabodegas.com\/producto\/el-ilusionista-rueda\/\" \/>\n<meta property=\"og:locale\" content=\"en_US\" \/>\n<meta property=\"og:type\" content=\"article\" \/>\n<meta property=\"og:title\" content=\"EL ILUSIONISTA RUEDA - Tienda de vinos HGA Bodegas\" \/>\n<meta property=\"og:description\" content=\"El Illusionista Rueda es un vino blanco monovarietal de uva verdejo, elaborado por Bodegas El Ilusionista al amparo de la D.O. Rueda.\" \/>\n<meta property=\"og:url\" content=\"https:\/\/hgabodegas.com\/producto\/el-ilusionista-rueda\/\" \/>\n<meta property=\"og:site_name\" content=\"Tienda de vinos HGA Bodegas\" \/>\n<meta property=\"article:modified_time\" content=\"2025-06-25T09:26:09+00:00\" \/>\n<meta property=\"og:image\" content=\"https:\/\/hgabodegas.com\/wp-content\/uploads\/2020\/11\/V_EL_ILUSIONISTA_RUEDA.jpg\" \/>\n\t<meta property=\"og:image:width\" content=\"480\" \/>\n\t<meta property=\"og:image:height\" content=\"480\" \/>\n\t<meta property=\"og:image:type\" content=\"image\/jpeg\" \/>\n<meta name=\"twitter:card\" content=\"summary_large_image\" \/>\n<meta name=\"twitter:label1\" content=\"Est. reading time\" \/>\n\t<meta name=\"twitter:data1\" content=\"1 minute\" \/>\n<script type=\"application\/ld+json\" class=\"yoast-schema-graph\">{\"@context\":\"https:\/\/schema.org\",\"@graph\":[{\"@type\":\"WebPage\",\"@id\":\"https:\/\/hgabodegas.com\/producto\/el-ilusionista-rueda\/\",\"url\":\"https:\/\/hgabodegas.com\/producto\/el-ilusionista-rueda\/\",\"name\":\"EL ILUSIONISTA RUEDA - Tienda de vinos HGA Bodegas\",\"isPartOf\":{\"@id\":\"https:\/\/hgabodegas.com\/#website\"},\"primaryImageOfPage\":{\"@id\":\"https:\/\/hgabodegas.com\/producto\/el-ilusionista-rueda\/#primaryimage\"},\"image\":{\"@id\":\"https:\/\/hgabodegas.com\/producto\/el-ilusionista-rueda\/#primaryimage\"},\"thumbnailUrl\":\"https:\/\/hgabodegas.com\/wp-content\/uploads\/2020\/11\/V_EL_ILUSIONISTA_RUEDA.jpg\",\"datePublished\":\"2020-11-10T09:27:34+00:00\",\"dateModified\":\"2025-06-25T09:26:09+00:00\",\"description\":\"El Illusionista Rueda es un vino blanco monovarietal de uva verdejo, elaborado por Bodegas El Ilusionista al amparo de la D.O. Rueda.\",\"breadcrumb\":{\"@id\":\"https:\/\/hgabodegas.com\/producto\/el-ilusionista-rueda\/#breadcrumb\"},\"inLanguage\":\"en-US\",\"potentialAction\":[{\"@type\":\"ReadAction\",\"target\":[\"https:\/\/hgabodegas.com\/producto\/el-ilusionista-rueda\/\"]}]},{\"@type\":\"ImageObject\",\"inLanguage\":\"en-US\",\"@id\":\"https:\/\/hgabodegas.com\/producto\/el-ilusionista-rueda\/#primaryimage\",\"url\":\"https:\/\/hgabodegas.com\/wp-content\/uploads\/2020\/11\/V_EL_ILUSIONISTA_RUEDA.jpg\",\"contentUrl\":\"https:\/\/hgabodegas.com\/wp-content\/uploads\/2020\/11\/V_EL_ILUSIONISTA_RUEDA.jpg\",\"width\":480,\"height\":480,\"caption\":\"El Ilusionista Rueda\"},{\"@type\":\"BreadcrumbList\",\"@id\":\"https:\/\/hgabodegas.com\/producto\/el-ilusionista-rueda\/#breadcrumb\",\"itemListElement\":[{\"@type\":\"ListItem\",\"position\":1,\"name\":\"Portada\",\"item\":\"https:\/\/hgabodegas.com\/en\/inicio\/\"},{\"@type\":\"ListItem\",\"position\":2,\"name\":\"Productos\",\"item\":\"https:\/\/hgabodegas.com\/pagina-de-inicio\/\"},{\"@type\":\"ListItem\",\"position\":3,\"name\":\"EL ILUSIONISTA RUEDA\"}]},{\"@type\":\"WebSite\",\"@id\":\"https:\/\/hgabodegas.com\/#website\",\"url\":\"https:\/\/hgabodegas.com\/\",\"name\":\"Tienda de vinos HGA Bodegas\",\"description\":\"Descubre la gran variedad de vinos de nuestras bodegas\",\"potentialAction\":[{\"@type\":\"SearchAction\",\"target\":{\"@type\":\"EntryPoint\",\"urlTemplate\":\"https:\/\/hgabodegas.com\/?s={search_term_string}\"},\"query-input\":{\"@type\":\"PropertyValueSpecification\",\"valueRequired\":true,\"valueName\":\"search_term_string\"}}],\"inLanguage\":\"en-US\"}]}<\/script>\n<!-- \/ Yoast SEO plugin. -->","yoast_head_json":{"title":"EL ILUSIONISTA RUEDA - Tienda de vinos HGA Bodegas","description":"El Illusionista Rueda es un vino blanco monovarietal de uva verdejo, elaborado por Bodegas El Ilusionista al amparo de la D.O. Rueda.","robots":{"index":"index","follow":"follow","max-snippet":"max-snippet:-1","max-image-preview":"max-image-preview:large","max-video-preview":"max-video-preview:-1"},"canonical":"https:\/\/hgabodegas.com\/producto\/el-ilusionista-rueda\/","og_locale":"en_US","og_type":"article","og_title":"EL ILUSIONISTA RUEDA - Tienda de vinos HGA Bodegas","og_description":"El Illusionista Rueda es un vino blanco monovarietal de uva verdejo, elaborado por Bodegas El Ilusionista al amparo de la D.O. Rueda.","og_url":"https:\/\/hgabodegas.com\/producto\/el-ilusionista-rueda\/","og_site_name":"Tienda de vinos HGA Bodegas","article_modified_time":"2025-06-25T09:26:09+00:00","og_image":[{"width":480,"height":480,"url":"https:\/\/hgabodegas.com\/wp-content\/uploads\/2020\/11\/V_EL_ILUSIONISTA_RUEDA.jpg","type":"image\/jpeg"}],"twitter_card":"summary_large_image","twitter_misc":{"Est. reading time":"1 minute"},"schema":{"@context":"https:\/\/schema.org","@graph":[{"@type":"WebPage","@id":"https:\/\/hgabodegas.com\/producto\/el-ilusionista-rueda\/","url":"https:\/\/hgabodegas.com\/producto\/el-ilusionista-rueda\/","name":"EL ILUSIONISTA RUEDA - Tienda de vinos HGA Bodegas","isPartOf":{"@id":"https:\/\/hgabodegas.com\/#website"},"primaryImageOfPage":{"@id":"https:\/\/hgabodegas.com\/producto\/el-ilusionista-rueda\/#primaryimage"},"image":{"@id":"https:\/\/hgabodegas.com\/producto\/el-ilusionista-rueda\/#primaryimage"},"thumbnailUrl":"https:\/\/hgabodegas.com\/wp-content\/uploads\/2020\/11\/V_EL_ILUSIONISTA_RUEDA.jpg","datePublished":"2020-11-10T09:27:34+00:00","dateModified":"2025-06-25T09:26:09+00:00","description":"El Illusionista Rueda es un vino blanco monovarietal de uva verdejo, elaborado por Bodegas El Ilusionista al amparo de la D.O. Rueda.","breadcrumb":{"@id":"https:\/\/hgabodegas.com\/producto\/el-ilusionista-rueda\/#breadcrumb"},"inLanguage":"en-US","potentialAction":[{"@type":"ReadAction","target":["https:\/\/hgabodegas.com\/producto\/el-ilusionista-rueda\/"]}]},{"@type":"ImageObject","inLanguage":"en-US","@id":"https:\/\/hgabodegas.com\/producto\/el-ilusionista-rueda\/#primaryimage","url":"https:\/\/hgabodegas.com\/wp-content\/uploads\/2020\/11\/V_EL_ILUSIONISTA_RUEDA.jpg","contentUrl":"https:\/\/hgabodegas.com\/wp-content\/uploads\/2020\/11\/V_EL_ILUSIONISTA_RUEDA.jpg","width":480,"height":480,"caption":"El Ilusionista Rueda"},{"@type":"BreadcrumbList","@id":"https:\/\/hgabodegas.com\/producto\/el-ilusionista-rueda\/#breadcrumb","itemListElement":[{"@type":"ListItem","position":1,"name":"Portada","item":"https:\/\/hgabodegas.com\/en\/inicio\/"},{"@type":"ListItem","position":2,"name":"Productos","item":"https:\/\/hgabodegas.com\/pagina-de-inicio\/"},{"@type":"ListItem","position":3,"name":"EL ILUSIONISTA RUEDA"}]},{"@type":"WebSite","@id":"https:\/\/hgabodegas.com\/#website","url":"https:\/\/hgabodegas.com\/","name":"Tienda de vinos HGA Bodegas","description":"Descubre la gran variedad de vinos de nuestras bodegas","potentialAction":[{"@type":"SearchAction","target":{"@type":"EntryPoint","urlTemplate":"https:\/\/hgabodegas.com\/?s={search_term_string}"},"query-input":{"@type":"PropertyValueSpecification","valueRequired":true,"valueName":"search_term_string"}}],"inLanguage":"en-US"}]}},"_links":{"self":[{"href":"https:\/\/hgabodegas.com\/en\/wp-json\/wp\/v2\/product\/87"}],"collection":[{"href":"https:\/\/hgabodegas.com\/en\/wp-json\/wp\/v2\/product"}],"about":[{"href":"https:\/\/hgabodegas.com\/en\/wp-json\/wp\/v2\/types\/product"}],"wp:featuredmedia":[{"embeddable":true,"href":"https:\/\/hgabodegas.com\/en\/wp-json\/wp\/v2\/media\/1812"}],"wp:attachment":[{"href":"https:\/\/hgabodegas.com\/en\/wp-json\/wp\/v2\/media?parent=87"}],"wp:term":[{"taxonomy":"product_cat","embeddable":true,"href":"https:\/\/hgabodegas.com\/en\/wp-json\/wp\/v2\/product_cat?post=87"},{"taxonomy":"product_tag","embeddable":true,"href":"https:\/\/hgabodegas.com\/en\/wp-json\/wp\/v2\/product_tag?post=87"}],"curies":[{"name":"wp","href":"https:\/\/api.w.org\/{rel}","templated":true}]}}