{"id":93,"date":"2020-11-10T09:27:35","date_gmt":"2020-11-10T09:27:35","guid":{"rendered":"https:\/\/ywz.es\/?product=import-placeholder-for-2079"},"modified":"2023-01-02T09:51:31","modified_gmt":"2023-01-02T09:51:31","slug":"ron-number-zero","status":"publish","type":"product","link":"https:\/\/hgabodegas.com\/en\/producto\/ron-number-zero\/","title":{"rendered":"RON NUMBER ZERO"},"content":{"rendered":"<p><strong>VISTA:<\/strong> Frescura extrema, aromas a ca\u00f1a de az\u00facar, mieles, (denota 1\u00aa prensada de Guarapo), vainillas, toff\u00e9s, ligero cacao, az\u00facar tostado (denota barrica roble americano que ha contenido Bourbon). Fondo dulce, goloso; aromas a caf\u00e9 natural.<\/p>\n<p><strong>NARIZ: <\/strong>Equilibrado con notas dulces caracter\u00edsticas del Ron Guatemala y notas avainilladas procedentes de la madera.<\/p>\n<p><strong>BOCA: <\/strong>Buen paso de boca, agradable, goloso, largo, acidez plena, c\u00c1lido.<\/p>\n<p><a href=\"http:\/\/hgabodegas.com\/PDF\/ficha_tecnica\/Ron_N0_ES-EN_b.pdf\" target=\"_blank\" rel=\"noopener noreferrer\">DESCARGAR NOTAS DE CATA<\/a><\/p>\n","protected":false},"excerpt":{"rendered":"<p><strong>Ron A\u00f1ejo Guatemala<\/strong><\/p>\n<p>Ron Guatemala y destilado de ca\u00f1a envejecidos en barricas de roble americano y franc\u00e9s, envinadas en bourbon. Rebaje del grado alcoh\u00f3lico con agua desmineralizada por \u00f3smosis inversa para llegar al grado de consumo y posterior filtraci\u00f3n para llegar a la transparencia y la brillantez final.<\/p>\n","protected":false},"featured_media":1891,"template":"","meta":[],"product_cat":[24,178],"product_tag":[],"yoast_head":"<!-- This site is optimized with the Yoast SEO plugin v23.4 - https:\/\/yoast.com\/wordpress\/plugins\/seo\/ -->\n<title>RON NUMBER ZERO - Tienda de vinos HGA Bodegas<\/title>\n<meta name=\"description\" content=\"El Ron A\u00f1ejo de Guatemala elaborado por Number Zero. Destilado de ca\u00f1a, envejecidos en barricas de roble americanoy franc\u00e9s, envinadas en bourbon.\" \/>\n<meta name=\"robots\" content=\"index, follow, max-snippet:-1, max-image-preview:large, max-video-preview:-1\" \/>\n<link rel=\"canonical\" href=\"https:\/\/hgabodegas.com\/producto\/ron-number-zero\/\" \/>\n<meta property=\"og:locale\" content=\"en_US\" \/>\n<meta property=\"og:type\" content=\"article\" \/>\n<meta property=\"og:title\" content=\"RON NUMBER ZERO - Tienda de vinos HGA Bodegas\" \/>\n<meta property=\"og:description\" content=\"El Ron A\u00f1ejo de Guatemala elaborado por Number Zero. Destilado de ca\u00f1a, envejecidos en barricas de roble americanoy franc\u00e9s, envinadas en bourbon.\" \/>\n<meta property=\"og:url\" content=\"https:\/\/hgabodegas.com\/producto\/ron-number-zero\/\" \/>\n<meta property=\"og:site_name\" content=\"Tienda de vinos HGA Bodegas\" \/>\n<meta property=\"article:modified_time\" content=\"2023-01-02T09:51:31+00:00\" \/>\n<meta property=\"og:image\" content=\"https:\/\/hgabodegas.com\/wp-content\/uploads\/2020\/11\/V_Ron_N0_3-1.jpg\" \/>\n\t<meta property=\"og:image:width\" content=\"481\" \/>\n\t<meta property=\"og:image:height\" content=\"480\" \/>\n\t<meta property=\"og:image:type\" content=\"image\/jpeg\" \/>\n<meta name=\"twitter:card\" content=\"summary_large_image\" \/>\n<meta name=\"twitter:label1\" content=\"Est. reading time\" \/>\n\t<meta name=\"twitter:data1\" content=\"1 minute\" \/>\n<script type=\"application\/ld+json\" class=\"yoast-schema-graph\">{\"@context\":\"https:\/\/schema.org\",\"@graph\":[{\"@type\":\"WebPage\",\"@id\":\"https:\/\/hgabodegas.com\/producto\/ron-number-zero\/\",\"url\":\"https:\/\/hgabodegas.com\/producto\/ron-number-zero\/\",\"name\":\"RON NUMBER ZERO - Tienda de vinos HGA Bodegas\",\"isPartOf\":{\"@id\":\"https:\/\/hgabodegas.com\/#website\"},\"primaryImageOfPage\":{\"@id\":\"https:\/\/hgabodegas.com\/producto\/ron-number-zero\/#primaryimage\"},\"image\":{\"@id\":\"https:\/\/hgabodegas.com\/producto\/ron-number-zero\/#primaryimage\"},\"thumbnailUrl\":\"https:\/\/hgabodegas.com\/wp-content\/uploads\/2020\/11\/V_Ron_N0_3-1.jpg\",\"datePublished\":\"2020-11-10T09:27:35+00:00\",\"dateModified\":\"2023-01-02T09:51:31+00:00\",\"description\":\"El Ron A\u00f1ejo de Guatemala elaborado por Number Zero. Destilado de ca\u00f1a, envejecidos en barricas de roble americanoy franc\u00e9s, envinadas en bourbon.\",\"breadcrumb\":{\"@id\":\"https:\/\/hgabodegas.com\/producto\/ron-number-zero\/#breadcrumb\"},\"inLanguage\":\"en-US\",\"potentialAction\":[{\"@type\":\"ReadAction\",\"target\":[\"https:\/\/hgabodegas.com\/producto\/ron-number-zero\/\"]}]},{\"@type\":\"ImageObject\",\"inLanguage\":\"en-US\",\"@id\":\"https:\/\/hgabodegas.com\/producto\/ron-number-zero\/#primaryimage\",\"url\":\"https:\/\/hgabodegas.com\/wp-content\/uploads\/2020\/11\/V_Ron_N0_3-1.jpg\",\"contentUrl\":\"https:\/\/hgabodegas.com\/wp-content\/uploads\/2020\/11\/V_Ron_N0_3-1.jpg\",\"width\":481,\"height\":480,\"caption\":\"Ron Number Zero\"},{\"@type\":\"BreadcrumbList\",\"@id\":\"https:\/\/hgabodegas.com\/producto\/ron-number-zero\/#breadcrumb\",\"itemListElement\":[{\"@type\":\"ListItem\",\"position\":1,\"name\":\"Portada\",\"item\":\"https:\/\/hgabodegas.com\/en\/inicio\/\"},{\"@type\":\"ListItem\",\"position\":2,\"name\":\"Productos\",\"item\":\"https:\/\/hgabodegas.com\/pagina-de-inicio\/\"},{\"@type\":\"ListItem\",\"position\":3,\"name\":\"RON NUMBER ZERO\"}]},{\"@type\":\"WebSite\",\"@id\":\"https:\/\/hgabodegas.com\/#website\",\"url\":\"https:\/\/hgabodegas.com\/\",\"name\":\"Tienda de vinos HGA Bodegas\",\"description\":\"Descubre la gran variedad de vinos de nuestras bodegas\",\"potentialAction\":[{\"@type\":\"SearchAction\",\"target\":{\"@type\":\"EntryPoint\",\"urlTemplate\":\"https:\/\/hgabodegas.com\/?s={search_term_string}\"},\"query-input\":{\"@type\":\"PropertyValueSpecification\",\"valueRequired\":true,\"valueName\":\"search_term_string\"}}],\"inLanguage\":\"en-US\"}]}<\/script>\n<!-- \/ Yoast SEO plugin. -->","yoast_head_json":{"title":"RON NUMBER ZERO - Tienda de vinos HGA Bodegas","description":"El Ron A\u00f1ejo de Guatemala elaborado por Number Zero. Destilado de ca\u00f1a, envejecidos en barricas de roble americanoy franc\u00e9s, envinadas en bourbon.","robots":{"index":"index","follow":"follow","max-snippet":"max-snippet:-1","max-image-preview":"max-image-preview:large","max-video-preview":"max-video-preview:-1"},"canonical":"https:\/\/hgabodegas.com\/producto\/ron-number-zero\/","og_locale":"en_US","og_type":"article","og_title":"RON NUMBER ZERO - Tienda de vinos HGA Bodegas","og_description":"El Ron A\u00f1ejo de Guatemala elaborado por Number Zero. Destilado de ca\u00f1a, envejecidos en barricas de roble americanoy franc\u00e9s, envinadas en bourbon.","og_url":"https:\/\/hgabodegas.com\/producto\/ron-number-zero\/","og_site_name":"Tienda de vinos HGA Bodegas","article_modified_time":"2023-01-02T09:51:31+00:00","og_image":[{"width":481,"height":480,"url":"https:\/\/hgabodegas.com\/wp-content\/uploads\/2020\/11\/V_Ron_N0_3-1.jpg","type":"image\/jpeg"}],"twitter_card":"summary_large_image","twitter_misc":{"Est. reading time":"1 minute"},"schema":{"@context":"https:\/\/schema.org","@graph":[{"@type":"WebPage","@id":"https:\/\/hgabodegas.com\/producto\/ron-number-zero\/","url":"https:\/\/hgabodegas.com\/producto\/ron-number-zero\/","name":"RON NUMBER ZERO - Tienda de vinos HGA Bodegas","isPartOf":{"@id":"https:\/\/hgabodegas.com\/#website"},"primaryImageOfPage":{"@id":"https:\/\/hgabodegas.com\/producto\/ron-number-zero\/#primaryimage"},"image":{"@id":"https:\/\/hgabodegas.com\/producto\/ron-number-zero\/#primaryimage"},"thumbnailUrl":"https:\/\/hgabodegas.com\/wp-content\/uploads\/2020\/11\/V_Ron_N0_3-1.jpg","datePublished":"2020-11-10T09:27:35+00:00","dateModified":"2023-01-02T09:51:31+00:00","description":"El Ron A\u00f1ejo de Guatemala elaborado por Number Zero. Destilado de ca\u00f1a, envejecidos en barricas de roble americanoy franc\u00e9s, envinadas en bourbon.","breadcrumb":{"@id":"https:\/\/hgabodegas.com\/producto\/ron-number-zero\/#breadcrumb"},"inLanguage":"en-US","potentialAction":[{"@type":"ReadAction","target":["https:\/\/hgabodegas.com\/producto\/ron-number-zero\/"]}]},{"@type":"ImageObject","inLanguage":"en-US","@id":"https:\/\/hgabodegas.com\/producto\/ron-number-zero\/#primaryimage","url":"https:\/\/hgabodegas.com\/wp-content\/uploads\/2020\/11\/V_Ron_N0_3-1.jpg","contentUrl":"https:\/\/hgabodegas.com\/wp-content\/uploads\/2020\/11\/V_Ron_N0_3-1.jpg","width":481,"height":480,"caption":"Ron Number Zero"},{"@type":"BreadcrumbList","@id":"https:\/\/hgabodegas.com\/producto\/ron-number-zero\/#breadcrumb","itemListElement":[{"@type":"ListItem","position":1,"name":"Portada","item":"https:\/\/hgabodegas.com\/en\/inicio\/"},{"@type":"ListItem","position":2,"name":"Productos","item":"https:\/\/hgabodegas.com\/pagina-de-inicio\/"},{"@type":"ListItem","position":3,"name":"RON NUMBER ZERO"}]},{"@type":"WebSite","@id":"https:\/\/hgabodegas.com\/#website","url":"https:\/\/hgabodegas.com\/","name":"Tienda de vinos HGA Bodegas","description":"Descubre la gran variedad de vinos de nuestras bodegas","potentialAction":[{"@type":"SearchAction","target":{"@type":"EntryPoint","urlTemplate":"https:\/\/hgabodegas.com\/?s={search_term_string}"},"query-input":{"@type":"PropertyValueSpecification","valueRequired":true,"valueName":"search_term_string"}}],"inLanguage":"en-US"}]}},"_links":{"self":[{"href":"https:\/\/hgabodegas.com\/en\/wp-json\/wp\/v2\/product\/93"}],"collection":[{"href":"https:\/\/hgabodegas.com\/en\/wp-json\/wp\/v2\/product"}],"about":[{"href":"https:\/\/hgabodegas.com\/en\/wp-json\/wp\/v2\/types\/product"}],"wp:featuredmedia":[{"embeddable":true,"href":"https:\/\/hgabodegas.com\/en\/wp-json\/wp\/v2\/media\/1891"}],"wp:attachment":[{"href":"https:\/\/hgabodegas.com\/en\/wp-json\/wp\/v2\/media?parent=93"}],"wp:term":[{"taxonomy":"product_cat","embeddable":true,"href":"https:\/\/hgabodegas.com\/en\/wp-json\/wp\/v2\/product_cat?post=93"},{"taxonomy":"product_tag","embeddable":true,"href":"https:\/\/hgabodegas.com\/en\/wp-json\/wp\/v2\/product_tag?post=93"}],"curies":[{"name":"wp","href":"https:\/\/api.w.org\/{rel}","templated":true}]}}