{"id":94,"date":"2020-11-10T09:27:35","date_gmt":"2020-11-10T09:27:35","guid":{"rendered":"https:\/\/ywz.es\/?product=import-placeholder-for-2080"},"modified":"2023-01-02T09:52:11","modified_gmt":"2023-01-02T09:52:11","slug":"vodka-number-zero","status":"publish","type":"product","link":"https:\/\/hgabodegas.com\/en\/producto\/vodka-number-zero\/","title":{"rendered":"VODKA NUMBER ZERO"},"content":{"rendered":"<p><strong>VISTA:<\/strong> Transparente y elegante.<\/p>\n<p><strong>NARIZ:<\/strong> Aroma neutral, puro y franco.<\/p>\n<p><strong>BOCA:<\/strong> C\u00e1lido y suave en el paladar. Con dulzura natural y sin az\u00facares a\u00f1adidos. De cuerpo, fresco y c\u00edtrico.<\/p>\n<p><a href=\"http:\/\/hgabodegas.com\/PDF\/ficha_tecnica\/Vodka_N0_ES-EN_b.pdf\" target=\"_blank\" rel=\"noopener noreferrer\">DESCARGAR NOTAS DE CATA<\/a><\/p>\n","protected":false},"excerpt":{"rendered":"<p><strong>French Vodka<\/strong><\/p>\n<p>Vodka franc\u00e9s de 5 destilaciones que preserva el car\u00e1cter tradicional neutro de los vodkas franceses. \u201cSeg\u00fan la opini\u00f3n de los m\u00e1s prestigiosos maestros destiladores, la zona de Cognac es donde se produce el mejor vodka del mundo\u201d.<\/p>\n","protected":false},"featured_media":1786,"template":"","meta":[],"product_cat":[24,178],"product_tag":[],"yoast_head":"<!-- This site is optimized with the Yoast SEO plugin v23.4 - https:\/\/yoast.com\/wordpress\/plugins\/seo\/ -->\n<title>VODKA NUMBER ZERO - Tienda de vinos HGA Bodegas<\/title>\n<meta name=\"description\" content=\"Vodka Number Zero es un vodka franc\u00e9s -zona de Cognac- de 5 destilaciones.\" \/>\n<meta name=\"robots\" content=\"index, follow, max-snippet:-1, max-image-preview:large, max-video-preview:-1\" \/>\n<link rel=\"canonical\" href=\"https:\/\/hgabodegas.com\/producto\/vodka-number-zero\/\" \/>\n<meta property=\"og:locale\" content=\"en_US\" \/>\n<meta property=\"og:type\" content=\"article\" \/>\n<meta property=\"og:title\" content=\"VODKA NUMBER ZERO - Tienda de vinos HGA Bodegas\" \/>\n<meta property=\"og:description\" content=\"Vodka Number Zero es un vodka franc\u00e9s -zona de Cognac- de 5 destilaciones.\" \/>\n<meta property=\"og:url\" content=\"https:\/\/hgabodegas.com\/producto\/vodka-number-zero\/\" \/>\n<meta property=\"og:site_name\" content=\"Tienda de vinos HGA Bodegas\" \/>\n<meta property=\"article:modified_time\" content=\"2023-01-02T09:52:11+00:00\" \/>\n<meta property=\"og:image\" content=\"https:\/\/hgabodegas.com\/wp-content\/uploads\/2020\/11\/V_Vodka_N0_2.jpg\" \/>\n\t<meta property=\"og:image:width\" content=\"481\" \/>\n\t<meta property=\"og:image:height\" content=\"480\" \/>\n\t<meta property=\"og:image:type\" content=\"image\/jpeg\" \/>\n<meta name=\"twitter:card\" content=\"summary_large_image\" \/>\n<meta name=\"twitter:label1\" content=\"Est. reading time\" \/>\n\t<meta name=\"twitter:data1\" content=\"1 minute\" \/>\n<script type=\"application\/ld+json\" class=\"yoast-schema-graph\">{\"@context\":\"https:\/\/schema.org\",\"@graph\":[{\"@type\":\"WebPage\",\"@id\":\"https:\/\/hgabodegas.com\/producto\/vodka-number-zero\/\",\"url\":\"https:\/\/hgabodegas.com\/producto\/vodka-number-zero\/\",\"name\":\"VODKA NUMBER ZERO - Tienda de vinos HGA Bodegas\",\"isPartOf\":{\"@id\":\"https:\/\/hgabodegas.com\/#website\"},\"primaryImageOfPage\":{\"@id\":\"https:\/\/hgabodegas.com\/producto\/vodka-number-zero\/#primaryimage\"},\"image\":{\"@id\":\"https:\/\/hgabodegas.com\/producto\/vodka-number-zero\/#primaryimage\"},\"thumbnailUrl\":\"https:\/\/hgabodegas.com\/wp-content\/uploads\/2020\/11\/V_Vodka_N0_2.jpg\",\"datePublished\":\"2020-11-10T09:27:35+00:00\",\"dateModified\":\"2023-01-02T09:52:11+00:00\",\"description\":\"Vodka Number Zero es un vodka franc\u00e9s -zona de Cognac- de 5 destilaciones.\",\"breadcrumb\":{\"@id\":\"https:\/\/hgabodegas.com\/producto\/vodka-number-zero\/#breadcrumb\"},\"inLanguage\":\"en-US\",\"potentialAction\":[{\"@type\":\"ReadAction\",\"target\":[\"https:\/\/hgabodegas.com\/producto\/vodka-number-zero\/\"]}]},{\"@type\":\"ImageObject\",\"inLanguage\":\"en-US\",\"@id\":\"https:\/\/hgabodegas.com\/producto\/vodka-number-zero\/#primaryimage\",\"url\":\"https:\/\/hgabodegas.com\/wp-content\/uploads\/2020\/11\/V_Vodka_N0_2.jpg\",\"contentUrl\":\"https:\/\/hgabodegas.com\/wp-content\/uploads\/2020\/11\/V_Vodka_N0_2.jpg\",\"width\":481,\"height\":480,\"caption\":\"Vodka Number Zero\"},{\"@type\":\"BreadcrumbList\",\"@id\":\"https:\/\/hgabodegas.com\/producto\/vodka-number-zero\/#breadcrumb\",\"itemListElement\":[{\"@type\":\"ListItem\",\"position\":1,\"name\":\"Portada\",\"item\":\"https:\/\/hgabodegas.com\/en\/inicio\/\"},{\"@type\":\"ListItem\",\"position\":2,\"name\":\"Productos\",\"item\":\"https:\/\/hgabodegas.com\/pagina-de-inicio\/\"},{\"@type\":\"ListItem\",\"position\":3,\"name\":\"VODKA NUMBER ZERO\"}]},{\"@type\":\"WebSite\",\"@id\":\"https:\/\/hgabodegas.com\/#website\",\"url\":\"https:\/\/hgabodegas.com\/\",\"name\":\"Tienda de vinos HGA Bodegas\",\"description\":\"Descubre la gran variedad de vinos de nuestras bodegas\",\"potentialAction\":[{\"@type\":\"SearchAction\",\"target\":{\"@type\":\"EntryPoint\",\"urlTemplate\":\"https:\/\/hgabodegas.com\/?s={search_term_string}\"},\"query-input\":{\"@type\":\"PropertyValueSpecification\",\"valueRequired\":true,\"valueName\":\"search_term_string\"}}],\"inLanguage\":\"en-US\"}]}<\/script>\n<!-- \/ Yoast SEO plugin. -->","yoast_head_json":{"title":"VODKA NUMBER ZERO - Tienda de vinos HGA Bodegas","description":"Vodka Number Zero es un vodka franc\u00e9s -zona de Cognac- de 5 destilaciones.","robots":{"index":"index","follow":"follow","max-snippet":"max-snippet:-1","max-image-preview":"max-image-preview:large","max-video-preview":"max-video-preview:-1"},"canonical":"https:\/\/hgabodegas.com\/producto\/vodka-number-zero\/","og_locale":"en_US","og_type":"article","og_title":"VODKA NUMBER ZERO - Tienda de vinos HGA Bodegas","og_description":"Vodka Number Zero es un vodka franc\u00e9s -zona de Cognac- de 5 destilaciones.","og_url":"https:\/\/hgabodegas.com\/producto\/vodka-number-zero\/","og_site_name":"Tienda de vinos HGA Bodegas","article_modified_time":"2023-01-02T09:52:11+00:00","og_image":[{"width":481,"height":480,"url":"https:\/\/hgabodegas.com\/wp-content\/uploads\/2020\/11\/V_Vodka_N0_2.jpg","type":"image\/jpeg"}],"twitter_card":"summary_large_image","twitter_misc":{"Est. reading time":"1 minute"},"schema":{"@context":"https:\/\/schema.org","@graph":[{"@type":"WebPage","@id":"https:\/\/hgabodegas.com\/producto\/vodka-number-zero\/","url":"https:\/\/hgabodegas.com\/producto\/vodka-number-zero\/","name":"VODKA NUMBER ZERO - Tienda de vinos HGA Bodegas","isPartOf":{"@id":"https:\/\/hgabodegas.com\/#website"},"primaryImageOfPage":{"@id":"https:\/\/hgabodegas.com\/producto\/vodka-number-zero\/#primaryimage"},"image":{"@id":"https:\/\/hgabodegas.com\/producto\/vodka-number-zero\/#primaryimage"},"thumbnailUrl":"https:\/\/hgabodegas.com\/wp-content\/uploads\/2020\/11\/V_Vodka_N0_2.jpg","datePublished":"2020-11-10T09:27:35+00:00","dateModified":"2023-01-02T09:52:11+00:00","description":"Vodka Number Zero es un vodka franc\u00e9s -zona de Cognac- de 5 destilaciones.","breadcrumb":{"@id":"https:\/\/hgabodegas.com\/producto\/vodka-number-zero\/#breadcrumb"},"inLanguage":"en-US","potentialAction":[{"@type":"ReadAction","target":["https:\/\/hgabodegas.com\/producto\/vodka-number-zero\/"]}]},{"@type":"ImageObject","inLanguage":"en-US","@id":"https:\/\/hgabodegas.com\/producto\/vodka-number-zero\/#primaryimage","url":"https:\/\/hgabodegas.com\/wp-content\/uploads\/2020\/11\/V_Vodka_N0_2.jpg","contentUrl":"https:\/\/hgabodegas.com\/wp-content\/uploads\/2020\/11\/V_Vodka_N0_2.jpg","width":481,"height":480,"caption":"Vodka Number Zero"},{"@type":"BreadcrumbList","@id":"https:\/\/hgabodegas.com\/producto\/vodka-number-zero\/#breadcrumb","itemListElement":[{"@type":"ListItem","position":1,"name":"Portada","item":"https:\/\/hgabodegas.com\/en\/inicio\/"},{"@type":"ListItem","position":2,"name":"Productos","item":"https:\/\/hgabodegas.com\/pagina-de-inicio\/"},{"@type":"ListItem","position":3,"name":"VODKA NUMBER ZERO"}]},{"@type":"WebSite","@id":"https:\/\/hgabodegas.com\/#website","url":"https:\/\/hgabodegas.com\/","name":"Tienda de vinos HGA Bodegas","description":"Descubre la gran variedad de vinos de nuestras bodegas","potentialAction":[{"@type":"SearchAction","target":{"@type":"EntryPoint","urlTemplate":"https:\/\/hgabodegas.com\/?s={search_term_string}"},"query-input":{"@type":"PropertyValueSpecification","valueRequired":true,"valueName":"search_term_string"}}],"inLanguage":"en-US"}]}},"_links":{"self":[{"href":"https:\/\/hgabodegas.com\/en\/wp-json\/wp\/v2\/product\/94"}],"collection":[{"href":"https:\/\/hgabodegas.com\/en\/wp-json\/wp\/v2\/product"}],"about":[{"href":"https:\/\/hgabodegas.com\/en\/wp-json\/wp\/v2\/types\/product"}],"wp:featuredmedia":[{"embeddable":true,"href":"https:\/\/hgabodegas.com\/en\/wp-json\/wp\/v2\/media\/1786"}],"wp:attachment":[{"href":"https:\/\/hgabodegas.com\/en\/wp-json\/wp\/v2\/media?parent=94"}],"wp:term":[{"taxonomy":"product_cat","embeddable":true,"href":"https:\/\/hgabodegas.com\/en\/wp-json\/wp\/v2\/product_cat?post=94"},{"taxonomy":"product_tag","embeddable":true,"href":"https:\/\/hgabodegas.com\/en\/wp-json\/wp\/v2\/product_tag?post=94"}],"curies":[{"name":"wp","href":"https:\/\/api.w.org\/{rel}","templated":true}]}}